{"id":20743,"date":"2016-02-11T20:39:07","date_gmt":"2016-02-11T20:39:07","guid":{"rendered":"https:\/\/www.solargard.com\/esp\/?page_id=20743"},"modified":"2017-02-07T19:25:38","modified_gmt":"2017-02-07T19:25:38","slug":"recursos-arquitectonicos","status":"publish","type":"page","link":"https:\/\/www.solargard.com\/es-la\/recursos-arquitectonicos\/","title":{"rendered":"Recursos Arquitect\u00f3nicos"},"content":{"rendered":"<div class=\"wpb-content-wrapper\"><p>[vc_row top_margin=&#8221;2x&#8221; bottom_margin=&#8221;none&#8221; gmbt_prlx_bg_type=&#8221;parallax&#8221; gmbt_prlx_break_parents=&#8221;0&#8243; gmbt_prlx_enable_mobile=&#8221;&#8221; gmbt_prlx_opacity=&#8221;100&#8243; gmbt_prlx_parallax=&#8221;none&#8221; gmbt_prlx_smooth_scrolling=&#8221;&#8221; gmbt_prlx_speed=&#8221;0.3&#8243; gmbt_prlx_video_aspect_ratio=&#8221;16:9&#8243; gmbt_prlx_video_force_hd=&#8221;&#8221; gmbt_prlx_video_mute=&#8221;&#8221;][vc_column]<div class=\"section-title sg-section-title text-center\"><div class=\"copy-content\"><h4 class=\" normal-title\">Lo que m\u00e1s te importa,<\/h4><p class=\"lead x2 x2\">We're On It!<\/p><\/div><div class=\"border-bg\"><\/div><\/div>[\/vc_column][\/vc_row][vc_row top_margin=&#8221;none&#8221; bottom_margin=&#8221;2x&#8221; gmbt_background_position=&#8221;&#8221; gmbt_background_repeat=&#8221;&#8221; gmbt_prlx_bg_type=&#8221;parallax&#8221; gmbt_prlx_break_parents=&#8221;0&#8243; gmbt_prlx_enable_mobile=&#8221;&#8221; gmbt_prlx_opacity=&#8221;100&#8243; gmbt_prlx_parallax=&#8221;none&#8221; gmbt_prlx_smooth_scrolling=&#8221;&#8221; gmbt_prlx_speed=&#8221;0.3&#8243; gmbt_prlx_video=&#8221;&#8221; gmbt_prlx_video_aspect_ratio=&#8221;16:9&#8243; gmbt_prlx_video_force_hd=&#8221;&#8221; gmbt_prlx_video_mute=&#8221;&#8221;][vc_column width=&#8221;1\/4&#8243;]<div class=\"icon-box icon-horizontal icon-lg sep-top-2x icon-gradient\"><a class=\"vc_icon_element-link\" href=\"http:\/\/www.solargard.com\/es-la\/recursos\/\" title=\"\" target=\"_self\"><div style=\"background-color:#fdb824;\" class=\"icon-content img-circle wow bounceInUp\" data-wow-delay=\"0.25s\"><i class=\"fa fa-archive\"><\/i><\/div><div class=\"icon-box-content\"><h5 style=\"color:#fdb824;\" class=\"upper\">Recursos Comerciales<\/h5><p>Encuentre recursos y especificaciones para arquitectos, ingenieros y grupo especificador de requisitos.<\/p><\/div><\/div><\/a>[\/vc_column][vc_column width=&#8221;1\/4&#8243;]<div class=\"icon-box icon-horizontal icon-lg sep-top-2x icon-gradient\"><a class=\"vc_icon_element-link\" href=\"http:\/\/www.solargard.com\/es-la\/eficiencia-energetica-y-sustentabilidad\/\" title=\"\" target=\"_self\"><div style=\"background-color:#fdb824;\" class=\"icon-content img-circle wow bounceInUp\" data-wow-delay=\"0.5s\"><i class=\"fa fa-sun-o\"><\/i><\/div><div class=\"icon-box-content\"><h5 style=\"color:#fdb824;\" class=\"upper\">Eficiencia energ\u00e9tica y sustentabilidad<\/h5><p>La pel\u00edcula para ventanas Solar Gard es una soluci\u00f3n sostenible para mejorar la eficiencia energ\u00e9tica. <\/p><\/div><\/div><\/a>[\/vc_column][vc_column width=&#8221;1\/4&#8243;]<div class=\"icon-box icon-horizontal icon-lg sep-top-2x icon-gradient\"><a class=\"vc_icon_element-link\" href=\"http:\/\/www.solargard.com\/es-la\/galeria-de-proyectos\/\" title=\"\" target=\"_self\"><div style=\"background-color:#fdb824;\" class=\"icon-content img-circle wow bounceInUp\" data-wow-delay=\"0.75s\"><i class=\"fa fa-building\"><\/i><\/div><div class=\"icon-box-content\"><h5 style=\"color:#fdb824;\" class=\"upper\">Pel\u00edculas para ventanas Solar Gard en el trabajo<\/h5><p>Vea c\u00f3mo puede mejorar su siguiente proyecto la pel\u00edcula para ventanas Solar Gard.<\/p><\/div><\/div><\/a>[\/vc_column][vc_column width=&#8221;1\/4&#8243;]<div class=\"icon-box icon-horizontal icon-lg sep-top-2x icon-gradient\"><a class=\"vc_icon_element-link\" href=\"http:\/\/www.solargard.com\/es-la\/recursos\/certificaciones-de-seguridad-y-proteccion\/\" title=\"\" target=\"_self\"><div style=\"background-color:#fdb824;\" class=\"icon-content img-circle wow bounceInUp\" data-wow-delay=\"1s\"><i class=\"fa fa-exclamation-triangle\"><\/i><\/div><div class=\"icon-box-content\"><h5 style=\"color:#fdb824;\" class=\"upper\">Certificaciones de seguridad y protecci\u00f3n<\/h5><p>Glaseados de seguridad, atenuaci\u00f3n contra golpes, incendios, intrusi\u00f3n y cat\u00e1strofes naturales.<\/p><\/div><\/div><\/a>[\/vc_column][\/vc_row][vc_row full_width=&#8221;stretch_row&#8221; top_margin=&#8221;2x&#8221; bottom_margin=&#8221;2x&#8221; css=&#8221;.vc_custom_1452202011090{background-color: #e5f5fc !important;}&#8221; el_class=&#8221;calculator-row&#8221; gmbt_background_position=&#8221;&#8221; gmbt_background_repeat=&#8221;&#8221; gmbt_prlx_bg_type=&#8221;parallax&#8221; gmbt_prlx_break_parents=&#8221;0&#8243; gmbt_prlx_enable_mobile=&#8221;&#8221; gmbt_prlx_opacity=&#8221;100&#8243; gmbt_prlx_parallax=&#8221;none&#8221; gmbt_prlx_smooth_scrolling=&#8221;&#8221; gmbt_prlx_speed=&#8221;0.3&#8243; gmbt_prlx_video=&#8221;&#8221; gmbt_prlx_video_aspect_ratio=&#8221;16:9&#8243; gmbt_prlx_video_force_hd=&#8221;&#8221; gmbt_prlx_video_mute=&#8221;&#8221;][vc_column width=&#8221;1\/2&#8243; el_class=&#8221;calculator-left&#8221;][vc_column_text]<\/p>\n<h2>CALCULA TUS AHORROS ENERG\u00c9TICOS ANUALES<\/h2>\n<p>con la calculadora de ahorro energ\u00e9tico Solar Gard[\/vc_column_text][vc_single_image image=&#8221;3284&#8243; img_size=&#8221;full&#8221; css_animation=&#8221;left-to-right&#8221;][\/vc_column][vc_column width=&#8221;1\/2&#8243; el_class=&#8221;calculator-right&#8221;][vc_row_inner el_class=&#8221;sep-bottom-md same-height-row&#8221;][vc_column_inner el_class=&#8221;white-col same-height-col&#8221; width=&#8221;1\/2&#8243;][vc_column_text]<\/p>\n<h3 style=\"text-align: center;\">$600<\/h3>\n<p style=\"text-align: center;\">promedio anual<\/p>\n<p style=\"text-align: center;\">ahorro en costos de consumo energ\u00e9tico<\/p>\n<p>[\/vc_column_text][\/vc_column_inner][vc_column_inner el_class=&#8221;white-col same-height-col&#8221; width=&#8221;1\/2&#8243;][vc_column_text]<\/p>\n<h3 style=\"text-align: center;\">60 %<\/h3>\n<p style=\"text-align: center;\">promedio en reducci\u00f3n<\/p>\n<p style=\"text-align: center;\">de la descoloraci\u00f3n<\/p>\n<p>[\/vc_column_text][\/vc_column_inner][\/vc_row_inner][vc_row_inner el_class=&#8221;sep-bottom-md same-height-row&#8221;][vc_column_inner el_class=&#8221;white-col same-height-col&#8221; width=&#8221;1\/2&#8243;][vc_column_text]<\/p>\n<h3 style=\"text-align: center;\">900<\/h3>\n<p style=\"text-align: center;\">promedio de horas por debajo de<\/p>\n<p style=\"text-align: center;\">75 \u00b0F (24 \u00b0C)<\/p>\n<p>[\/vc_column_text][\/vc_column_inner][vc_column_inner el_class=&#8221;white-col same-height-col&#8221; width=&#8221;1\/2&#8243;][vc_column_text]<\/p>\n<h3 style=\"text-align: center;\">10,000<\/h3>\n<p style=\"text-align: center;\">promedio anual en reducci\u00f3n de<\/p>\n<p style=\"text-align: center;\">emisiones de carbono<\/p>\n<p>[\/vc_column_text][\/vc_column_inner][\/vc_row_inner][vc_row_inner][vc_column_inner][vc_btn title=&#8221;CALCULA&#8221; style=&#8221;flat&#8221; shape=&#8221;square&#8221; color=&#8221;primary&#8221; size=&#8221;lg&#8221; align=&#8221;center&#8221; link=&#8221;url:http%3A%2F%2Fwww.solargard.com%2Fes-la%2Fcomodidad-solar%2F||&#8221;][\/vc_column_inner][\/vc_row_inner][\/vc_column][\/vc_row][vc_row top_margin=&#8221;2x&#8221; bottom_margin=&#8221;2x&#8221; gmbt_background_position=&#8221;&#8221; gmbt_background_repeat=&#8221;&#8221; gmbt_prlx_bg_type=&#8221;parallax&#8221; gmbt_prlx_break_parents=&#8221;0&#8243; gmbt_prlx_enable_mobile=&#8221;&#8221; gmbt_prlx_opacity=&#8221;100&#8243; gmbt_prlx_parallax=&#8221;none&#8221; gmbt_prlx_smooth_scrolling=&#8221;&#8221; gmbt_prlx_speed=&#8221;0.3&#8243; gmbt_prlx_video=&#8221;&#8221; gmbt_prlx_video_aspect_ratio=&#8221;16:9&#8243; gmbt_prlx_video_force_hd=&#8221;&#8221; gmbt_prlx_video_mute=&#8221;&#8221;][vc_column]<div class=\"section-title sep-bottom-md text-center wow bounceInRight\" data-wow-delay=\"0.5s\"><h3 class=\"upper normal-title\">Distribuidores<\/h3><\/div>[vc_row_inner][vc_column_inner width=&#8221;1\/6&#8243;][\/vc_column_inner][vc_column_inner width=&#8221;1\/3&#8243;]<a href=\"#dc.solargard.com\" class=\"content-link text-left\" ><div class=\"content-link-image \" style=\"background-image: url(https:\/\/www.solargard.com\/wp-content\/uploads\/2016\/02\/Screen-Shot-2016-02-04-at-5.48.56-PM-e1454704182125-1024x611.png)\" ><\/div><h4>NUEVO PORTAL PARA DISTRIBUIDORES<\/h4><h5><\/h5><p>\u00bfEst\u00e1 buscando documentaci\u00f3n y entrenamiento sobre la instalaci\u00f3n? Dir\u00edjase al nuevo Portal para distribuidores de Solar Gard.<br \/>\n<\/p><\/a>[\/vc_column_inner][vc_column_inner width=&#8221;1\/3&#8243;]<a href=\"#\" class=\"content-link text-left\" ><div class=\"content-link-image \" style=\"background-image: url(https:\/\/www.solargard.com\/wp-content\/uploads\/2016\/02\/e-warranty_tout-1024x611.jpg)\" ><\/div><h4>GARANT\u00cdA DIGITAL<\/h4><h5><\/h5><p>Utilice el proceso de garant\u00eda-e de Solar Gard para acelerar el registro de la garant\u00eda.<br \/>\n<\/p><\/a>[\/vc_column_inner][vc_column_inner width=&#8221;1\/6&#8243;][\/vc_column_inner][\/vc_row_inner][\/vc_column][\/vc_row][vc_row full_width=&#8221;stretch_row&#8221; top_margin=&#8221;2x&#8221; css=&#8221;.vc_custom_1453158514974{background-color: #e5f5fc !important;}&#8221; gmbt_prlx_bg_type=&#8221;parallax&#8221; gmbt_prlx_break_parents=&#8221;0&#8243; gmbt_prlx_enable_mobile=&#8221;&#8221; gmbt_prlx_image=&#8221;2254&#8243; gmbt_prlx_opacity=&#8221;100&#8243; gmbt_prlx_parallax=&#8221;none&#8221; gmbt_prlx_smooth_scrolling=&#8221;&#8221; gmbt_prlx_speed=&#8221;0.3&#8243; gmbt_prlx_video_aspect_ratio=&#8221;16:9&#8243; gmbt_prlx_video_force_hd=&#8221;&#8221; gmbt_prlx_video_mute=&#8221;&#8221;][vc_column]<div class=\"section-title sep-bottom-sm text-center wow fadeInUp\" data-wow-delay=\"0.25s\"><h3 class=\"upper normal-title\">PRODUCTOS DESTACADOS<\/h3><\/div>[vc_row_inner][vc_column_inner el_class=&#8221;bordered&#8221; width=&#8221;1\/3&#8243;]<a href=\"\/es-la\/product\/sentinel\/\" class=\"content-link text-left\" ><div class=\"content-link-image \" style=\"background-image: url(https:\/\/www.solargard.com\/wp-content\/uploads\/2016\/03\/shutterstock_188551379_warm.jpg)\" ><\/div><h4>PRODUCTO DESTACADO<\/h4><h5><\/h5><\/a>[\/vc_column_inner][vc_column_inner el_class=&#8221;bordered&#8221; width=&#8221;1\/3&#8243;]<div class=\"content-link text-left\"><div class=\"content-link-image \" style=\"background-image: url(https:\/\/www.solargard.com\/wp-content\/uploads\/2011\/05\/Ecolux_feature-1024x768.jpg)\" ><\/div><h4>ECOLUX LOW-E<\/h4><h5><\/h5><\/div>[\/vc_column_inner][vc_column_inner width=&#8221;1\/3&#8243;]<a href=\"\/es-la\/product\/stainless-steel\/\" class=\"content-link text-left\" ><div class=\"content-link-image \" style=\"background-image: url(https:\/\/www.solargard.com\/wp-content\/uploads\/2016\/05\/StainlessSteel-1024x683.jpg)\" ><\/div><h4>PRODUCTO DESTACADO<\/h4><h5><\/h5><\/a>[\/vc_column_inner][\/vc_row_inner][\/vc_column][\/vc_row][vc_row gmbt_background_position=&#8221;&#8221; gmbt_background_repeat=&#8221;&#8221; gmbt_prlx_bg_type=&#8221;parallax&#8221; gmbt_prlx_break_parents=&#8221;0&#8243; gmbt_prlx_enable_mobile=&#8221;&#8221; gmbt_prlx_opacity=&#8221;100&#8243; gmbt_prlx_parallax=&#8221;none&#8221; gmbt_prlx_smooth_scrolling=&#8221;&#8221; gmbt_prlx_speed=&#8221;0.3&#8243; gmbt_prlx_video=&#8221;&#8221; gmbt_prlx_video_aspect_ratio=&#8221;16:9&#8243; gmbt_prlx_video_force_hd=&#8221;&#8221; gmbt_prlx_video_mute=&#8221;&#8221;][vc_column]<div class=\"section-title sep-bottom-lg text-center wow fadeInUp\" data-wow-delay=\"0.25s\"><h3 class=\"upper normal-title\">Asociaciones<\/h3><\/div>    <div class=\"\">\n      <div dir=\"ltr\" data-auto-play=\"3000\" data-items=\"8\" data-auto-height=\"false\" class=\"client-list owl-carousel owl-theme\">\n        <div class=\"item\"> <a href=\"http:\/\/www.aimcal.org\/\" target=\"_blank\" rel=\"noopener\"><img decoding=\"async\" class=\"img-responsive\" alt=\"AIMCAL\" src=\"https:\/\/www.solargard.com\/wp-content\/uploads\/2016\/03\/0009_bwlogo_aimcal.jpg\"><\/a> <\/div><div class=\"item\"> <a href=\"http:\/\/www.thenbs.com\/PublicationIndex\/documents?Pub=AIS\" target=\"_blank\" rel=\"noopener\"><img decoding=\"async\" class=\"img-responsive\" alt=\"AIS\" src=\"https:\/\/www.solargard.com\/wp-content\/uploads\/2016\/03\/ais.jpg\"><\/a> <\/div><div class=\"item\"> <a href=\"http:\/\/www.asid.org\" target=\"_blank\" rel=\"noopener\"><img decoding=\"async\" class=\"img-responsive\" alt=\"ASID\" src=\"https:\/\/www.solargard.com\/wp-content\/uploads\/2016\/03\/0008_bwlogo_asid.jpg\"><\/a> <\/div><div class=\"item\"> <a href=\"http:\/\/www.boma.org\" target=\"_blank\" rel=\"noopener\"><img decoding=\"async\" class=\"img-responsive\" alt=\"BOMA\" src=\"https:\/\/www.solargard.com\/wp-content\/uploads\/2016\/03\/0007_bwlogo_boma.jpg\"><\/a> <\/div><div class=\"item\"> <a href=\"https:\/\/www.energystar.gov\/\" target=\"_blank\" rel=\"noopener\"><img decoding=\"async\" class=\"img-responsive\" alt=\"Energy Star\" src=\"https:\/\/www.solargard.com\/wp-content\/uploads\/2016\/03\/0005_bwlogo_energystar.jpg\"><\/a> <\/div><div class=\"item\"> <a href=\"http:\/\/www.ggf.org.uk\" target=\"_blank\" rel=\"noopener\"><img decoding=\"async\" class=\"img-responsive\" alt=\"GGF\" src=\"https:\/\/www.solargard.com\/wp-content\/uploads\/2016\/03\/ggf.jpg\"><\/a> <\/div><div class=\"item\"> <a href=\"http:\/\/www.iwfa.com\" target=\"_blank\" rel=\"noopener\"><img decoding=\"async\" class=\"img-responsive\" alt=\"IWFA\" src=\"https:\/\/www.solargard.com\/wp-content\/uploads\/2016\/03\/iwfa.jpg\"><\/a> <\/div><div class=\"item\"> <a href=\"http:\/\/www.glass.org\" target=\"_blank\" rel=\"noopener\"><img decoding=\"async\" class=\"img-responsive\" alt=\"NGA\" src=\"https:\/\/www.solargard.com\/wp-content\/uploads\/2016\/03\/0002_bwlogo_nga.jpg\"><\/a> <\/div><div class=\"item\"> <a href=\"http:\/\/protectiveglazing.com\/\" target=\"_blank\" rel=\"noopener\"><img decoding=\"async\" class=\"img-responsive\" alt=\"PGC\" src=\"https:\/\/www.solargard.com\/wp-content\/uploads\/2016\/03\/0001_bwlogo_pgc.jpg\"><\/a> <\/div><div class=\"item\"> <a href=\"http:\/\/www.usgbc.org\/\" target=\"_blank\" rel=\"noopener\"><img decoding=\"async\" class=\"img-responsive\" alt=\"USGBC\" src=\"https:\/\/www.solargard.com\/wp-content\/uploads\/2016\/03\/0000_leaves-e1455834545243.jpg\"><\/a> <\/div><div class=\"item\"> <a href=\"http:\/\/www.wers.net\/wers-home\" target=\"_blank\" rel=\"noopener\"><img decoding=\"async\" class=\"img-responsive\" alt=\"Window Energy Rating Scheme\" src=\"https:\/\/www.solargard.com\/wp-content\/uploads\/2016\/06\/WER.png\"><\/a> <\/div><div class=\"item\"> <a href=\"http:\/\/www.wfaanz.org.au\/\" target=\"_blank\" rel=\"noopener\"><img decoding=\"async\" class=\"img-responsive\" alt=\"Window Film Association of Australia and New Zealand\" src=\"https:\/\/www.solargard.com\/wp-content\/uploads\/2016\/06\/WFAANZ-2.png\"><\/a> <\/div>\n      <\/div>\n    <\/div>[\/vc_column][\/vc_row][vc_row full_width=&#8221;stretch_row&#8221; top_margin=&#8221;md&#8221; bottom_margin=&#8221;md&#8221; css=&#8221;.vc_custom_1452203051488{background-color: #e5f5fc !important;}&#8221; gmbt_prlx_bg_type=&#8221;parallax&#8221; gmbt_prlx_break_parents=&#8221;0&#8243; gmbt_prlx_enable_mobile=&#8221;&#8221; gmbt_prlx_opacity=&#8221;100&#8243; gmbt_prlx_parallax=&#8221;none&#8221; gmbt_prlx_smooth_scrolling=&#8221;&#8221; gmbt_prlx_speed=&#8221;0.3&#8243; gmbt_prlx_video_aspect_ratio=&#8221;16:9&#8243; gmbt_prlx_video_force_hd=&#8221;&#8221; gmbt_prlx_video_mute=&#8221;&#8221;][vc_column width=&#8221;2\/12&#8243;][\/vc_column][vc_column width=&#8221;4\/12&#8243;]<div class=\"section-title text-left\"><h3 class=\"upper normal-title\">\u00bfNECESITAS AYUDA?<\/h3><\/div>[\/vc_column][vc_column width=&#8221;4\/12&#8243;][vc_btn title=&#8221;CONT\u00c1CTANOS&#8221; style=&#8221;flat&#8221; shape=&#8221;square&#8221; color=&#8221;primary&#8221; link=&#8221;url:http%3A%2F%2Fwww.solargard.com%2Fes-la%2Finformacion-de-contacto%2F||&#8221;][\/vc_column][vc_column width=&#8221;2\/12&#8243;][\/vc_column][\/vc_row]<\/p>\n<\/div>","protected":false},"excerpt":{"rendered":"<p>[vc_row top_margin=&#8221;2x&#8221; bottom_margin=&#8221;none&#8221; gmbt_prlx_bg_type=&#8221;parallax&#8221; gmbt_prlx_break_parents=&#8221;0&#8243; gmbt_prlx_enable_mobile=&#8221;&#8221; gmbt_prlx_opacity=&#8221;100&#8243; gmbt_prlx_parallax=&#8221;none&#8221; gmbt_prlx_smooth_scrolling=&#8221;&#8221; gmbt_prlx_speed=&#8221;0.3&#8243; gmbt_prlx_video_aspect_ratio=&#8221;16:9&#8243; gmbt_prlx_video_force_hd=&#8221;&#8221; gmbt_prlx_video_mute=&#8221;&#8221;][vc_column][\/vc_column][\/vc_row][vc_row top_margin=&#8221;none&#8221; bottom_margin=&#8221;2x&#8221; gmbt_background_position=&#8221;&#8221; gmbt_background_repeat=&#8221;&#8221; gmbt_prlx_bg_type=&#8221;parallax&#8221; gmbt_prlx_break_parents=&#8221;0&#8243; gmbt_prlx_enable_mobile=&#8221;&#8221; gmbt_prlx_opacity=&#8221;100&#8243; gmbt_prlx_parallax=&#8221;none&#8221; gmbt_prlx_smooth_scrolling=&#8221;&#8221; gmbt_prlx_speed=&#8221;0.3&#8243; gmbt_prlx_video=&#8221;&#8221; gmbt_prlx_video_aspect_ratio=&#8221;16:9&#8243; gmbt_prlx_video_force_hd=&#8221;&#8221; gmbt_prlx_video_mute=&#8221;&#8221;][vc_column width=&#8221;1\/4&#8243;][\/vc_column][vc_column width=&#8221;1\/4&#8243;][\/vc_column][vc_column width=&#8221;1\/4&#8243;][\/vc_column][vc_column width=&#8221;1\/4&#8243;][\/vc_column][\/vc_row][vc_row full_width=&#8221;stretch_row&#8221; top_margin=&#8221;2x&#8221; bottom_margin=&#8221;2x&#8221; css=&#8221;.vc_custom_1452202011090{background-color: #e5f5fc !important;}&#8221; el_class=&#8221;calculator-row&#8221; gmbt_background_position=&#8221;&#8221; gmbt_background_repeat=&#8221;&#8221; gmbt_prlx_bg_type=&#8221;parallax&#8221; gmbt_prlx_break_parents=&#8221;0&#8243; gmbt_prlx_enable_mobile=&#8221;&#8221; gmbt_prlx_opacity=&#8221;100&#8243; gmbt_prlx_parallax=&#8221;none&#8221; gmbt_prlx_smooth_scrolling=&#8221;&#8221; gmbt_prlx_speed=&#8221;0.3&#8243; gmbt_prlx_video=&#8221;&#8221; gmbt_prlx_video_aspect_ratio=&#8221;16:9&#8243; gmbt_prlx_video_force_hd=&#8221;&#8221; gmbt_prlx_video_mute=&#8221;&#8221;][vc_column width=&#8221;1\/2&#8243; el_class=&#8221;calculator-left&#8221;][vc_column_text] CALCULA &hellip; <a href=\"https:\/\/www.solargard.com\/es-la\/client\/window-film-association-australia-new-zealand-2\/\">Continued<\/a><\/p>\n","protected":false},"author":1,"featured_media":0,"parent":0,"menu_order":0,"comment_status":"closed","ping_status":"closed","template":"","meta":{"_acf_changed":false,"footnotes":""},"class_list":["post-20743","page","type-page","status-publish","hentry"],"acf":[],"_links":{"self":[{"href":"https:\/\/www.solargard.com\/es-la\/wp-json\/wp\/v2\/pages\/20743","targetHints":{"allow":["GET"]}}],"collection":[{"href":"https:\/\/www.solargard.com\/es-la\/wp-json\/wp\/v2\/pages"}],"about":[{"href":"https:\/\/www.solargard.com\/es-la\/wp-json\/wp\/v2\/types\/page"}],"author":[{"embeddable":true,"href":"https:\/\/www.solargard.com\/es-la\/wp-json\/wp\/v2\/users\/1"}],"replies":[{"embeddable":true,"href":"https:\/\/www.solargard.com\/es-la\/wp-json\/wp\/v2\/comments?post=20743"}],"version-history":[{"count":0,"href":"https:\/\/www.solargard.com\/es-la\/wp-json\/wp\/v2\/pages\/20743\/revisions"}],"wp:attachment":[{"href":"https:\/\/www.solargard.com\/es-la\/wp-json\/wp\/v2\/media?parent=20743"}],"curies":[{"name":"wp","href":"https:\/\/api.w.org\/{rel}","templated":true}]}}