{"id":20791,"date":"2016-02-11T20:51:07","date_gmt":"2016-02-11T20:51:07","guid":{"rendered":"https:\/\/www.solargard.com\/esp\/?page_id=20791"},"modified":"2023-10-25T05:48:14","modified_gmt":"2023-10-25T13:48:14","slug":"recursos","status":"publish","type":"page","link":"https:\/\/www.solargard.com\/es-la\/recursos\/","title":{"rendered":"Recursos"},"content":{"rendered":"<div class=\"wpb-content-wrapper\"><p>[vc_row bottom_margin=&#8221;2x&#8221; gmbt_prlx_bg_type=&#8221;parallax&#8221; gmbt_prlx_break_parents=&#8221;0&#8243; gmbt_prlx_enable_mobile=&#8221;&#8221; gmbt_prlx_opacity=&#8221;100&#8243; gmbt_prlx_parallax=&#8221;none&#8221; gmbt_prlx_smooth_scrolling=&#8221;&#8221; gmbt_prlx_speed=&#8221;0.3&#8243; gmbt_prlx_video_aspect_ratio=&#8221;16:9&#8243; gmbt_prlx_video_force_hd=&#8221;&#8221; gmbt_prlx_video_mute=&#8221;&#8221; top_margin=&#8221;none&#8221;][vc_column]<div class=\"section-title sep-bottom-sm text-left wow bounceInRight\" data-wow-delay=\"0.25s\"><h3 class=\"upper normal-title\">Desempe\u00f1o del Producto y Recursos para Especificaciones <\/h3><\/div>[vc_column_text css=&#8221;.vc_custom_1455205386760{border-bottom-width: 20px !important;padding-bottom: 20px !important;}&#8221;]El dise\u00f1o con eficiencia energ\u00e9tica en edificios y estructuras es la tendencia con mayor crecimiento en la industria de la construcci\u00f3n. Solar Gard ofrece una amplia gama de pel\u00edculas para ventanas para resolver los problemas m\u00e1s comunes del envolvente de los edificios, incluyendo: zonas calientes, deslumbramiento, descoloramiento de interiores y seguridad. Adicionalmente, las pel\u00edculas de protecci\u00f3n solar Solar Gard ahorran hasta un 30 % en costos de energ\u00eda, lo cual contribuye a la reducci\u00f3n de la huella de carbono de muchos edificios.<\/p>\n<p>Las pel\u00edculas de seguridad est\u00e1n dise\u00f1adas para retener los fragmentos de vidrio cuando se quiebra. Ofrecemos una amplia gama de pel\u00edculas de seguridad para resolver diferentes necesidades, desde protecci\u00f3n en caso de accidentes, intrusos, tormentas e incluso explosiones causadas por una bomba.<\/p>\n<p>Solar Gard ayuda a mejorar cualquier sistema de cristales para proteger interiores, ocupantes y a los propietarios de los costos excesivos de energ\u00eda, calor, reflejo, accidentes y desastres.<\/p>\n<p>A continuaci\u00f3n, est\u00e1n las hojas de especificaci\u00f3n que est\u00e1n dise\u00f1adas para que sea m\u00e1s f\u00e1cil especificar nuestros productos. Si tienes alguna duda, cont\u00e1ctanos.[\/vc_column_text][vc_tta_accordion style=&#8221;flat&#8221; shape=&#8221;square&#8221; color=&#8221;white&#8221; active_section=&#8221;false&#8221; collapsible_all=&#8221;true&#8221;][vc_tta_section title=&#8221;Solar Control Films 08 87 13&#8243; tab_id=&#8221;1455206102323-c718c925-3110&#8243;]    <div class=\"download-list \">\n        <a href=\"https:\/\/www.solargard.com\/wp-content\/uploads\/2022\/09\/0425_SGSG-Ecolux-Solar-Control-Films-CSI_088713.docx\" class=\"download-link\" target=\"_self\">CSI 088713 Solar Control Films &#8211; Ecolux<\/a><a href=\"https:\/\/www.solargard.com\/wp-content\/uploads\/2022\/09\/0425_SGSG-GreySilverGrey-Solar-Control-Films-CSI_088713.docx\" class=\"download-link\" target=\"_self\">CSI 088713 Solar Control Films &#8211; Grey Silver Grey<\/a><a href=\"https:\/\/www.solargard.com\/wp-content\/uploads\/2022\/09\/0425_SGSG-PureVue-Solar-Control-Films-CSI_088713.docx\" class=\"download-link\" target=\"_self\">CSI 088713 Solar Control Films &#8211; PureVue<\/a><a href=\"https:\/\/www.solargard.com\/wp-content\/uploads\/2022\/09\/0425_SGSG-Sentinel-Plus-Exterior-DX-Solar-Control-Films-CSI_088713.docx\" class=\"download-link\" target=\"_self\">CSI 088713 Solar Control Films &#8211; Sentinel Plus Exterior DX<\/a><a href=\"https:\/\/www.solargard.com\/wp-content\/uploads\/2022\/09\/0425_SGSG-Sentinel-Plus-Exterior-Silver-Solar-Control-Films-CSI_088713.docx\" class=\"download-link\" target=\"_self\">CSI 088713 Solar Control Films &#8211; Sentinel Plus Exterior Silver<\/a><a href=\"https:\/\/www.solargard.com\/wp-content\/uploads\/2022\/09\/0425_SGSG-Sentinel-Plus-Exterior-Stainless-Steel-Solar-Control-Films-CSI_088713.docx\" class=\"download-link\" target=\"_self\">CSI 088713 Solar Control Films &#8211; Sentinel Plus Exterior Stainless Steel<\/a><a href=\"https:\/\/www.solargard.com\/wp-content\/uploads\/2022\/09\/0425_SGSG-Sentinel-Plus-Exterior-SX-Solar-Control-Films-CSI_088713.docx\" class=\"download-link\" target=\"_self\">CSI 088713 Solar Control Films &#8211; Sentinel Plus Exterior SX<\/a><a href=\"https:\/\/www.solargard.com\/wp-content\/uploads\/2022\/09\/0425_SGSG-Silver-Solar-Control-Films-CSI_088713.docx\" class=\"download-link\" target=\"_self\">CSI 088713 Solar Control Films &#8211; Silver<\/a><a href=\"https:\/\/www.solargard.com\/wp-content\/uploads\/2022\/09\/0425_SGSG-Solar-Bronze-Solar-Control-Films-CSI_088713.docx\" class=\"download-link\" target=\"_self\">CSI 088713 Solar Control Films &#8211; Solar Bronze<\/a><a href=\"https:\/\/www.solargard.com\/wp-content\/uploads\/2022\/09\/0425_SGSG-Stainless-Steel-Solar-Control-Films-CSI_088713.docx\" class=\"download-link\" target=\"_self\">CSI 088713 Solar Control Films &#8211; Stainless Steel<\/a><a href=\"https:\/\/www.solargard.com\/wp-content\/uploads\/2022\/09\/0425_SGSG-TrueVue-Solar-Control-Films-CSI_088713.docx\" class=\"download-link\" target=\"_self\">CSI 088713 Solar Control Films &#8211; TrueVue<\/a>\n    <\/div>[\/vc_tta_section][vc_tta_section title=&#8221;Safety and Security Films 08 87 23&#8243; tab_id=&#8221;1455206102158-83575a86-5684&#8243;]    <div class=\"download-list \">\n        <a href=\"https:\/\/www.solargard.com\/wp-content\/uploads\/2022\/09\/0425_SGSG-4-mil-Safety-Security-Films-CSI_088723.docx\" class=\"download-link\" target=\"_self\">CSI 088723 4mil Safety &#038; Security Films<\/a><a href=\"https:\/\/www.solargard.com\/wp-content\/uploads\/2022\/09\/0425_SGSG-8-mil-Safety-Security-Films-CSI_088723.docx\" class=\"download-link\" target=\"_self\">CSI 088723 8mil Safety &#038; Security Films<\/a><a href=\"https:\/\/www.solargard.com\/wp-content\/uploads\/2022\/09\/0425_SGSG-Clear-Safety-Security-Films-CSI_088723.docx\" class=\"download-link\" target=\"_self\">CSI 088723 Clear Safety &#038; Security Films<\/a>\n    <\/div>[\/vc_tta_section][vc_tta_section title=&#8221;Decorative Films 08 87 33&#8243; tab_id=&#8221;1460041367289-1cb1d7e2-a07e&#8221;]    <div class=\"download-list \">\n        <a href=\"https:\/\/www.solargard.com\/wp-content\/uploads\/2022\/09\/0425_SGSG-ByDesign-Decorative-CSI_088733.docx\" class=\"download-link\" target=\"_self\">CSI 088733 Decorative Films &#8211; byDesign Decorative<\/a>\n    <\/div>[\/vc_tta_section][vc_tta_section title=&#8221;Bird Control Film 08 87 26&#8243; tab_id=&#8221;1663694534570-631af1e8-1155&#8243;]    <div class=\"download-list \">\n        <a href=\"\" class=\"download-link\" target=\"_self\">CSI 088726 Bird Control Film &#8211; byDesign Bird Control<\/a>\n    <\/div>[\/vc_tta_section][vc_tta_section title=&#8221;Glazing Surface Films 08 87 00&#8243; tab_id=&#8221;1500456345097-816ddcab-e91a&#8221;]    <div class=\"download-list \">\n        <a href=\"\" class=\"download-link\" target=\"_self\">CSI 088700 Glazing Surface Films &#8211; Graffitigard<\/a>\n    <\/div>[\/vc_tta_section][\/vc_tta_accordion]<div class=\"section-title sep-top-2x text-left\"><h4 class=\"upper normal-title\">\u00bfNO ENCONTRASTE LO QUE BUSCABAS? PRUEBA UNO DE ESTOS.<\/h4><\/div>[vc_row_inner][vc_column_inner width=&#8221;1\/3&#8243;]<div class=\"icon-box icon-horizontal icon-md sep-top-md icon-gradient\"><div style=\"background-color:#fdb824;\" class=\"icon-content img-circle wow bounceInUp\" data-wow-delay=\"0.25s\"><i class=\"fa fa-magic\"><\/i><\/div><div class=\"icon-box-content\"><h5 style=\"color:#fdb824;\" class=\"upper\">ASISTENTE PARA ESPECIFICADORES<\/h5><p>Visita nuestro asistente para especificadores:<br \/>\nwww.ARCAT.com<\/p><\/div><\/div>[\/vc_column_inner][vc_column_inner width=&#8221;1\/3&#8243;]<div class=\"icon-box icon-horizontal icon-md sep-top-md icon-gradient\"><div style=\"background-color:#fdb824;\" class=\"icon-content img-circle wow bounceInUp\" data-wow-delay=\"0.5s\"><i class=\"fa fa-phone\"><\/i><\/div><div class=\"icon-box-content\"><h5 style=\"color:#fdb824;\" class=\"upper\">LL\u00c1MANOS<\/h5><p>Habla con un experto:<br \/>\n+1 877-273-4364<\/p><\/div><\/div>[\/vc_column_inner][vc_column_inner width=&#8221;1\/3&#8243;]<div class=\"icon-box icon-horizontal icon-md sep-top-md icon-gradient\"><div style=\"background-color:#fdb824;\" class=\"icon-content img-circle wow bounceInUp\" data-wow-delay=\"0.75s\"><i class=\"fa fa-envelope\"><\/i><\/div><div class=\"icon-box-content\"><h5 style=\"color:#fdb824;\" class=\"upper\">CORREO ELECTR\u00d3NICO<\/h5><p>Env\u00edanos tu consulta a:<br \/>\ninfo@solargard.com<\/p><\/div><\/div>[\/vc_column_inner][\/vc_row_inner][\/vc_column][\/vc_row]<\/p>\n<\/div>","protected":false},"excerpt":{"rendered":"<p>[vc_row bottom_margin=&#8221;2x&#8221; gmbt_prlx_bg_type=&#8221;parallax&#8221; gmbt_prlx_break_parents=&#8221;0&#8243; gmbt_prlx_enable_mobile=&#8221;&#8221; gmbt_prlx_opacity=&#8221;100&#8243; gmbt_prlx_parallax=&#8221;none&#8221; gmbt_prlx_smooth_scrolling=&#8221;&#8221; gmbt_prlx_speed=&#8221;0.3&#8243; gmbt_prlx_video_aspect_ratio=&#8221;16:9&#8243; gmbt_prlx_video_force_hd=&#8221;&#8221; gmbt_prlx_video_mute=&#8221;&#8221; top_margin=&#8221;none&#8221;][vc_column][vc_column_text css=&#8221;.vc_custom_1455205386760{border-bottom-width: 20px !important;padding-bottom: 20px !important;}&#8221;]El dise\u00f1o con eficiencia energ\u00e9tica en edificios y estructuras es la tendencia con mayor crecimiento en la industria de la construcci\u00f3n. Solar Gard ofrece una amplia gama de pel\u00edculas para ventanas para resolver los problemas m\u00e1s comunes del &hellip; <a href=\"https:\/\/www.solargard.com\/es-la\/download\/csi-088700-glazing-surface-films-graffitigard\/\">Continued<\/a><\/p>\n","protected":false},"author":1,"featured_media":15454,"parent":0,"menu_order":0,"comment_status":"closed","ping_status":"closed","template":"templates\/resources.php","meta":{"_acf_changed":false,"footnotes":""},"class_list":["post-20791","page","type-page","status-publish","has-post-thumbnail","hentry"],"acf":[],"_links":{"self":[{"href":"https:\/\/www.solargard.com\/es-la\/wp-json\/wp\/v2\/pages\/20791","targetHints":{"allow":["GET"]}}],"collection":[{"href":"https:\/\/www.solargard.com\/es-la\/wp-json\/wp\/v2\/pages"}],"about":[{"href":"https:\/\/www.solargard.com\/es-la\/wp-json\/wp\/v2\/types\/page"}],"author":[{"embeddable":true,"href":"https:\/\/www.solargard.com\/es-la\/wp-json\/wp\/v2\/users\/1"}],"replies":[{"embeddable":true,"href":"https:\/\/www.solargard.com\/es-la\/wp-json\/wp\/v2\/comments?post=20791"}],"version-history":[{"count":0,"href":"https:\/\/www.solargard.com\/es-la\/wp-json\/wp\/v2\/pages\/20791\/revisions"}],"wp:featuredmedia":[{"embeddable":true,"href":"https:\/\/www.solargard.com\/es-la\/wp-json\/wp\/v2\/media\/15454"}],"wp:attachment":[{"href":"https:\/\/www.solargard.com\/es-la\/wp-json\/wp\/v2\/media?parent=20791"}],"curies":[{"name":"wp","href":"https:\/\/api.w.org\/{rel}","templated":true}]}}