{"id":28214,"date":"2016-03-29T22:05:33","date_gmt":"2016-03-29T22:05:33","guid":{"rendered":"https:\/\/www.solargard.com\/es-la\/automotriz\/"},"modified":"2017-09-25T20:31:18","modified_gmt":"2017-09-25T20:31:18","slug":"automotriz","status":"publish","type":"page","link":"https:\/\/www.solargard.com\/es-la\/peliculas-automotriz\/automotriz\/","title":{"rendered":"Autom\u00f3vil"},"content":{"rendered":"<div class=\"wpb-content-wrapper\"><p>[vc_row top_margin=&#8221;2x&#8221; bottom_margin=&#8221;md&#8221;][vc_column]<div class=\"section-title sg-section-title text-center\"><div class=\"copy-content\"><h4 class=\" normal-title\">Explora nuestros productos<\/h4><\/div><div class=\"border-bg\"><\/div><\/div>[\/vc_column][\/vc_row][vc_row top_margin=&#8221;xs&#8221; bottom_margin=&#8221;md&#8221;][vc_column width=&#8221;1\/2&#8243; el_class=&#8221;left-gray-title&#8221; offset=&#8221;vc_col-xs-6&#8243;]<a href=\"https:\/\/www.solargard.com\/es-la\/product-category\/automotor\/no-reflectiva\/\" class=\"product-category-link\">\n    <div class=\"content-link-image\" style=\"background-image:url('https:\/\/www.solargard.com\/wp-content\/uploads\/2016\/05\/NR-cat-1024x504.jpg')\">\n      <div class=\"overlay vertical-center-row d-flex justify-content-center align-items-center\">\n      <div class=\"review-content\">\n        <div class=\"rating\">\n          <div><h5>Comfort<\/h5><span class=\"rating-2\"><\/span><\/div><br \/><div><h5>Signal Friendly<\/h5><span class=\"rating-5\"><\/span><\/div><br \/><div><h5>UV Protection<\/h5><span class=\"rating-5\"><\/span><\/div>\n        <\/div>\n      <\/div>\n    <\/div>\n    <\/div>\n    <h4>\n      No Reflectiva (NR)\n    <\/h4>\n    <p>\n      Utilizando la tecnolog\u00eda de pel\u00edcula entintada, las pel\u00edculas no reflectivas ofrecen los beneficios de privacidad, protecci\u00f3n UV, y control moderado del calor.\n    <\/p>\n  <\/a>[\/vc_column][vc_column width=&#8221;1\/2&#8243; offset=&#8221;vc_col-xs-6&#8243;]<a href=\"https:\/\/www.solargard.com\/es-la\/product-category\/automotor\/alto-desempeno-hp\/\" class=\"product-category-link\">\n    <div class=\"content-link-image\" style=\"background-image:url('https:\/\/www.solargard.com\/wp-content\/uploads\/2016\/05\/AUTO_HighPerformance.jpg')\">\n      <div class=\"overlay vertical-center-row d-flex justify-content-center align-items-center\">\n      <div class=\"review-content\">\n        <div class=\"rating\">\n          <div><h5>Comfort<\/h5><span class=\"rating-4\"><\/span><\/div><br \/><div><h5>Signal Friendly<\/h5><span class=\"rating-3\"><\/span><\/div><br \/><div><h5>UV Protection<\/h5><span class=\"rating-5\"><\/span><\/div>\n        <\/div>\n      <\/div>\n    <\/div>\n    <\/div>\n    <h4>\n      Alto desempe\u00f1o (HP)\n    <\/h4>\n    <p>\n      Estas aprovechan la tecnolog\u00eda metalizada para rechazar el calor solar.  Las pel\u00edculas de alto desempe\u00f1o ofrecen todos los beneficios de las no reflectivas con un control superior del calor.\n    <\/p>\n  <\/a>[\/vc_column][\/vc_row][vc_row top_margin=&#8221;xs&#8221; bottom_margin=&#8221;md&#8221;][vc_column width=&#8221;1\/4&#8243; el_class=&#8221;left-gray-title&#8221; offset=&#8221;vc_col-xs-6&#8243;][\/vc_column][vc_column width=&#8221;1\/2&#8243;]<a href=\"https:\/\/www.solargard.com\/es-la\/product-category\/automotor\/ultra-performance-automotor\/\" class=\"product-category-link\">\n    <div class=\"content-link-image\" style=\"background-image:url('https:\/\/www.solargard.com\/wp-content\/uploads\/2016\/05\/UP-PLus-1024x683.jpg')\">\n      <div class=\"overlay vertical-center-row d-flex justify-content-center align-items-center\">\n      <div class=\"review-content\">\n        <div class=\"rating\">\n          <div><h5>Comfort<\/h5><span class=\"rating-4\"><\/span><\/div><br \/><div><h5>Signal Friendly<\/h5><span class=\"rating-5\"><\/span><\/div><br \/><div><h5>UV Protection<\/h5><span class=\"rating-4\"><\/span><\/div>\n        <\/div>\n      <\/div>\n    <\/div>\n    <\/div>\n    <h4>\n      Ultra Performance\n    <\/h4>\n    <p>\n      La tecnolog\u00eda nanocer\u00e1mica ofrece una experiencia m\u00e1s agradable y c\u00f3moda mientras conduces tu auto con una apariencia neutra.\n    <\/p>\n  <\/a>[\/vc_column][vc_column width=&#8221;1\/4&#8243;][\/vc_column][\/vc_row][vc_row top_margin=&#8221;md&#8221; bottom_margin=&#8221;md&#8221;][vc_column]<div class=\"section-title sg-section-title sep-top-sm text-center\"><div class=\"copy-content\"><h4 class=\" normal-title\">M\u00e1s para tu auto <\/h4><\/div><div class=\"border-bg\"><\/div><\/div>[\/vc_column][\/vc_row][vc_row top_margin=&#8221;xs&#8221; bottom_margin=&#8221;md&#8221;][vc_column width=&#8221;1\/4&#8243; el_class=&#8221;left-gray-title&#8221; offset=&#8221;vc_col-xs-6&#8243;][\/vc_column][vc_column width=&#8221;1\/2&#8243;]<a href=\"https:\/\/www.solargard.com\/es-la\/product-category\/proteccion-para-la-pintura\/\" class=\"product-category-link\">\n    <div class=\"content-link-image\" style=\"background-image:url('https:\/\/www.solargard.com\/wp-content\/uploads\/2016\/05\/PaintProtection-1024x685.jpg')\">\n      \n    <\/div>\n    <h4>\n      Protecci\u00f3n para la pintura\n    <\/h4>\n    <p>\n      La mejor protecci\u00f3n que jam\u00e1s ver\u00e1s.  Una capa invisible dise\u00f1ada para proteger la superficie de tu veh\u00edculo de las piedras de la calle, v\u00e1ndalos y da\u00f1os en los estacionamientos.\n    <\/p>\n  <\/a>[\/vc_column][vc_column width=&#8221;1\/4&#8243;][\/vc_column][\/vc_row][vc_row full_width=&#8221;stretch_row&#8221; top_margin=&#8221;2x&#8221; el_class=&#8221;light-blue-row&#8221;][vc_column el_class=&#8221;gray-title&#8221;]<div class=\"section-title sep-bottom-lg text-center\"><h3 class=\" normal-title\">PRODUCTOS DESTACADOS<\/h3><\/div>[vc_row_inner][vc_column_inner width=&#8221;1\/12&#8243;][\/vc_column_inner][vc_column_inner el_class=&#8221;bordered&#8221; width=&#8221;5\/12&#8243;]<a href=\"\/product\/clearshield-pro\" class=\"content-link text-left\" ><div class=\"content-link-image \" style=\"background-image: url(https:\/\/www.solargard.com\/wp-content\/uploads\/2016\/05\/NR-5.jpg)\" ><\/div><h4>GALAXIE<\/h4><h5><\/h5><p>Calidad superior y desempe\u00f1o excepcional que mejorar\u00e1 su experiencia de manejo y le protejer\u00e1 del calor solar y de los da\u00f1inos rayos ultravioleta. La claridad l\u00edder en la industria, para una visi\u00f3n sin alteraciones y seguridad de manejo hacen que Galaxie sea la pel\u00edcula para ventana ideal para verse y mantenerse fresco.<br \/>\n<\/p><\/a>[\/vc_column_inner][vc_column_inner el_class=&#8221;bordered&#8221; width=&#8221;5\/12&#8243;]<a href=\"https:\/\/www.solargard.com\/es-la\/product\/ultra-performance-plus\/\" class=\"content-link text-left\" ><div class=\"content-link-image \" style=\"background-image: url(https:\/\/www.solargard.com\/wp-content\/uploads\/2016\/01\/shutterstock_178882499-e1455223103616.jpg)\" ><\/div><h4>Ultra Performance Plus<\/h4><h5><\/h5><p>Al instalar la pel\u00edcula para ventanas Ultra Performance Plus se bloquea un 99 % de los da\u00f1inos rayos UV-A y UV-B, permitiendo la m\u00e1xima visibilidad durante el d\u00eda o la noche.<\/p><\/a>[\/vc_column_inner][vc_column_inner width=&#8221;1\/12&#8243;][\/vc_column_inner][\/vc_row_inner][\/vc_column][\/vc_row][vc_row top_margin=&#8221;3x&#8221; bottom_margin=&#8221;3x&#8221;][vc_column]<div class=\"section-title sep-bottom-md text-center\"><h3 class=\" normal-title\">RECURSOS<\/h3><\/div>[vc_row_inner el_class=&#8221;same-height-row&#8221;][vc_column_inner width=&#8221;1\/3&#8243;][vc_btn title=&#8221;VER LAS LEYES DE POLARIZADO&#8221; style=&#8221;flat&#8221; shape=&#8221;square&#8221; color=&#8221;primary&#8221; size=&#8221;lg&#8221; align=&#8221;center&#8221; button_block=&#8221;true&#8221; el_class=&#8221;same-height-item&#8221; link=&#8221;url:http%3A%2F%2Fwww.solargard.com%2Ftint-laws%2F||&#8221;][\/vc_column_inner][vc_column_inner width=&#8221;1\/3&#8243;][vc_btn title=&#8221;CUIDADO Y MANTENIMIENTO&#8221; style=&#8221;flat&#8221; shape=&#8221;square&#8221; color=&#8221;primary&#8221; size=&#8221;lg&#8221; align=&#8221;center&#8221; button_block=&#8221;true&#8221; el_class=&#8221;same-height-item&#8221; link=&#8221;url:http%3A%2F%2Fwww.solargard.com%2Fes-la%2Finstrucciones-de-cuidado%2F||target:%20_blank|&#8221;][\/vc_column_inner][vc_column_inner width=&#8221;1\/3&#8243;][vc_btn title=&#8221;GARANT\u00cdAS&#8221; style=&#8221;flat&#8221; shape=&#8221;square&#8221; color=&#8221;primary&#8221; size=&#8221;lg&#8221; align=&#8221;center&#8221; button_block=&#8221;true&#8221; el_class=&#8221;same-height-item&#8221; link=&#8221;url:http%3A%2F%2Fwww.solargard.com%2Fautomotive%2Fautomotive-warranties%2F||&#8221;][\/vc_column_inner][\/vc_row_inner][\/vc_column][\/vc_row][vc_row full_width=&#8221;stretch_row&#8221; bottom_margin=&#8221;xs&#8221; css=&#8221;.vc_custom_1456356435075{background-color: #e5f5fc !important;}&#8221;][vc_column width=&#8221;2\/12&#8243;][\/vc_column][vc_column width=&#8221;4\/12&#8243;]<div class=\"section-title text-center\"><h3 class=\"upper normal-title\">\u00bfLISTO PARA INSTALAR? <\/h3><\/div>[\/vc_column][vc_column width=&#8221;4\/12&#8243;][vc_btn title=&#8221;ENCUENTRA UN DISTRIBUIDOR&#8221; style=&#8221;flat&#8221; shape=&#8221;square&#8221; color=&#8221;primary&#8221; size=&#8221;lg&#8221; align=&#8221;center&#8221; link=&#8221;url:http%3A%2F%2Fwww.solargard.com%2Fes-la%2Fbuscar-distribuidor%2F||&#8221;][\/vc_column][vc_column width=&#8221;2\/12&#8243;][\/vc_column][\/vc_row]<\/p>\n<\/div>","protected":false},"excerpt":{"rendered":"<p>[vc_row top_margin=&#8221;2x&#8221; bottom_margin=&#8221;md&#8221;][vc_column][\/vc_column][\/vc_row][vc_row top_margin=&#8221;xs&#8221; bottom_margin=&#8221;md&#8221;][vc_column width=&#8221;1\/2&#8243; el_class=&#8221;left-gray-title&#8221; offset=&#8221;vc_col-xs-6&#8243;][\/vc_column][vc_column width=&#8221;1\/2&#8243; offset=&#8221;vc_col-xs-6&#8243;][\/vc_column][\/vc_row][vc_row top_margin=&#8221;xs&#8221; bottom_margin=&#8221;md&#8221;][vc_column width=&#8221;1\/4&#8243; el_class=&#8221;left-gray-title&#8221; offset=&#8221;vc_col-xs-6&#8243;][\/vc_column][vc_column width=&#8221;1\/2&#8243;][\/vc_column][vc_column width=&#8221;1\/4&#8243;][\/vc_column][\/vc_row][vc_row top_margin=&#8221;md&#8221; bottom_margin=&#8221;md&#8221;][vc_column][\/vc_column][\/vc_row][vc_row top_margin=&#8221;xs&#8221; bottom_margin=&#8221;md&#8221;][vc_column width=&#8221;1\/4&#8243; el_class=&#8221;left-gray-title&#8221; offset=&#8221;vc_col-xs-6&#8243;][\/vc_column][vc_column width=&#8221;1\/2&#8243;][\/vc_column][vc_column width=&#8221;1\/4&#8243;][\/vc_column][\/vc_row][vc_row full_width=&#8221;stretch_row&#8221; top_margin=&#8221;2x&#8221; el_class=&#8221;light-blue-row&#8221;][vc_column el_class=&#8221;gray-title&#8221;][vc_row_inner][vc_column_inner width=&#8221;1\/12&#8243;][\/vc_column_inner][vc_column_inner el_class=&#8221;bordered&#8221; width=&#8221;5\/12&#8243;][\/vc_column_inner][vc_column_inner el_class=&#8221;bordered&#8221; width=&#8221;5\/12&#8243;][\/vc_column_inner][vc_column_inner width=&#8221;1\/12&#8243;][\/vc_column_inner][\/vc_row_inner][\/vc_column][\/vc_row][vc_row top_margin=&#8221;3x&#8221; bottom_margin=&#8221;3x&#8221;][vc_column][vc_row_inner el_class=&#8221;same-height-row&#8221;][vc_column_inner width=&#8221;1\/3&#8243;][vc_btn title=&#8221;VER LAS LEYES DE POLARIZADO&#8221; style=&#8221;flat&#8221; shape=&#8221;square&#8221; color=&#8221;primary&#8221; size=&#8221;lg&#8221; align=&#8221;center&#8221; button_block=&#8221;true&#8221; el_class=&#8221;same-height-item&#8221; link=&#8221;url:http%3A%2F%2Fwww.solargard.com%2Ftint-laws%2F||&#8221;][\/vc_column_inner][vc_column_inner width=&#8221;1\/3&#8243;][vc_btn title=&#8221;CUIDADO &hellip; <a href=\"https:\/\/www.solargard.com\/es-la\/peliculas-automotriz\/automotriz\/\">Continued<\/a><\/p>\n","protected":false},"author":1,"featured_media":104520,"parent":37362,"menu_order":0,"comment_status":"closed","ping_status":"closed","template":"","meta":{"_acf_changed":false,"footnotes":""},"class_list":["post-28214","page","type-page","status-publish","has-post-thumbnail","hentry"],"acf":[],"_links":{"self":[{"href":"https:\/\/www.solargard.com\/es-la\/wp-json\/wp\/v2\/pages\/28214","targetHints":{"allow":["GET"]}}],"collection":[{"href":"https:\/\/www.solargard.com\/es-la\/wp-json\/wp\/v2\/pages"}],"about":[{"href":"https:\/\/www.solargard.com\/es-la\/wp-json\/wp\/v2\/types\/page"}],"author":[{"embeddable":true,"href":"https:\/\/www.solargard.com\/es-la\/wp-json\/wp\/v2\/users\/1"}],"replies":[{"embeddable":true,"href":"https:\/\/www.solargard.com\/es-la\/wp-json\/wp\/v2\/comments?post=28214"}],"version-history":[{"count":0,"href":"https:\/\/www.solargard.com\/es-la\/wp-json\/wp\/v2\/pages\/28214\/revisions"}],"up":[{"embeddable":true,"href":"https:\/\/www.solargard.com\/es-la\/wp-json\/wp\/v2\/pages\/37362"}],"wp:featuredmedia":[{"embeddable":true,"href":"https:\/\/www.solargard.com\/es-la\/wp-json\/wp\/v2\/media\/104520"}],"wp:attachment":[{"href":"https:\/\/www.solargard.com\/es-la\/wp-json\/wp\/v2\/media?parent=28214"}],"curies":[{"name":"wp","href":"https:\/\/api.w.org\/{rel}","templated":true}]}}