{"id":28223,"date":"2016-03-29T22:05:36","date_gmt":"2016-03-29T22:05:36","guid":{"rendered":"https:\/\/www.solargard.com\/es-la\/resources\/certificaciones-de-seguridad-y-proteccion\/"},"modified":"2018-04-23T21:15:28","modified_gmt":"2018-04-23T21:15:28","slug":"certificaciones-de-seguridad-y-proteccion","status":"publish","type":"page","link":"https:\/\/www.solargard.com\/es-la\/recursos\/certificaciones-de-seguridad-y-proteccion\/","title":{"rendered":"Certificados de seguridad y protecci\u00f3n"},"content":{"rendered":"<div class=\"wpb-content-wrapper\"><p>[vc_row top_margin=&#8221;none&#8221; bottom_margin=&#8221;2x&#8221; gmbt_prlx_bg_type=&#8221;parallax&#8221; gmbt_prlx_break_parents=&#8221;0&#8243; gmbt_prlx_enable_mobile=&#8221;&#8221; gmbt_prlx_opacity=&#8221;100&#8243; gmbt_prlx_parallax=&#8221;none&#8221; gmbt_prlx_smooth_scrolling=&#8221;&#8221; gmbt_prlx_speed=&#8221;0.3&#8243; gmbt_prlx_video_aspect_ratio=&#8221;16:9&#8243; gmbt_prlx_video_force_hd=&#8221;&#8221; gmbt_prlx_video_mute=&#8221;&#8221;][vc_column]<div class=\"section-title sep-bottom-lg text-left wow bounceInRight\" data-wow-delay=\"0.25s\"><h3 class=\"upper normal-title\">CERTIFICACIONES DE SEGURIDAD Y PROTECCI\u00d3N<\/h3><\/div>[vc_tta_accordion style=&#8221;flat&#8221; shape=&#8221;square&#8221; color=&#8221;white&#8221; active_section=&#8221;100&#8243; collapsible_all=&#8221;true&#8221;][vc_tta_section tab_id=&#8221;1455126129251-f9223b91-e2d8&#8243; title=&#8221;ACRISTALAMIENTO DE SEGURIDAD&#8221;][vc_column_text] <span style=\"color: #999999;\">El prop\u00f3sito de estos est\u00e1ndares es determinar las propiedades de desempe\u00f1o de seguridad de los materiales de recubrimiento para vidrio dise\u00f1ados para reducir o minimizar las lesiones por cortadura o perforaci\u00f3n cuando el vidrio se rompe por impacto humano. Las pel\u00edculas de seguridad y protecci\u00f3n de Solar Gard Armorcoat\u00ae se han probado conforme a estos est\u00e1ndares, y han obtenido los mayores niveles de desempe\u00f1o en sus resultados. La aplicaci\u00f3n de las pel\u00edculas de seguridad y protecci\u00f3n de Solar Gard se pueden aplicar sobre vidrios recocidos (flotados) existentes o templados, para cumplir con los est\u00e1ndares de seguridad. Selecciona la combinaci\u00f3n de vidrio y pel\u00edcula que mejor satisfaga tus necesidades.<\/span> [\/vc_column_text]<div class=\"section-title sep-top-xs text-left\"><h4 class=\" normal-title\">Solar Gard Armorcoat\u00ae 4 mil<\/h4><\/div>    <div class=\"download-list \">\n        <a href=\"https:\/\/www.solargard.com\/wp-content\/uploads\/2016\/02\/solar-gard-armorcoat-4-7-8mil-3-6mm_as2208-glazing.pdf\" class=\"download-link\" target=\"_self\">3-6MM_AS2208<\/a><a href=\"https:\/\/www.solargard.com\/wp-content\/uploads\/2016\/02\/solar-gard-armorcoat-4mil-6mm_ansi-cpsc-glazing.pdf\" class=\"download-link\" target=\"_self\">6MM_ANSI-CPSC<\/a><a href=\"https:\/\/www.solargard.com\/wp-content\/uploads\/2016\/02\/solar-gard-armorcoat-4mil-6mm_en-12600-glazing.pdf\" class=\"download-link\" target=\"_self\">6mm_EN-12600<\/a><a href=\"https:\/\/www.solargard.com\/wp-content\/uploads\/2016\/02\/solar-gard-armorcoat-4mil-sterling-60-6mm_en-12600-glazing.pdf\" class=\"download-link\" target=\"_self\">Sterling 60 6mm_EN12600<\/a>\n    <\/div><div class=\"section-title sep-top-xs text-left\"><h4 class=\" normal-title\">Solar Gard Armorcoat\u00ae 8 mil<\/h4><\/div>    <div class=\"download-list \">\n        <a href=\"https:\/\/www.solargard.com\/wp-content\/uploads\/2016\/02\/solar-gard-armorcoat-4-7-8mil-3-6mm_as2208-glazing2.pdf\" class=\"download-link\" target=\"_self\">3-6mm_AS2208<\/a><a href=\"https:\/\/www.solargard.com\/wp-content\/uploads\/2016\/02\/solar-gard-armorcoat-8mil-3mm_ansi-cpsc-glazing-2.pdf\" class=\"download-link\" target=\"_self\">3mm_ANSI-CPSC<\/a><a href=\"https:\/\/www.solargard.com\/wp-content\/uploads\/2016\/02\/solar-gard-armorcoat-8mil-6mm_ansi-cpsc-glazing.pdf\" class=\"download-link\" target=\"_self\">6mm_ANSI-CPSC<\/a><a href=\"https:\/\/www.solargard.com\/wp-content\/uploads\/2016\/02\/solar-gard-armorcoat-8mil-6mm_en-12600-glazing.pdf\" class=\"download-link\" target=\"_self\">6mm_EN-12600<\/a><a href=\"https:\/\/www.solargard.com\/wp-content\/uploads\/2016\/02\/solar-gard-armorcoat-8mil-solar-6mm_en-12600-glazing.pdf\" class=\"download-link\" target=\"_self\">6mm_EN-12600<\/a><a href=\"https:\/\/www.solargard.com\/wp-content\/uploads\/2016\/02\/solar-gard-armorcoat-8mil-lx70-6mm_en-12600-glazing.pdf\" class=\"download-link\" target=\"_self\">LX70 6mm_EN12600<\/a>\n    <\/div><div class=\"section-title sep-top-xs text-left\"><h4 class=\" normal-title\">Solar Gard Armorcoat\u00ae 11 mil<\/h4><\/div>    <div class=\"download-list \">\n        <a href=\"https:\/\/www.solargard.com\/wp-content\/uploads\/2016\/02\/solar-gard-armorcoat-11mil-6mm_en-12600-glazing.pdf\" class=\"download-link\" target=\"_self\">6mm_EN-12600<\/a>\n    <\/div><div class=\"section-title sep-top-xs text-left\"><h4 class=\" normal-title\">Solar Gard Graffitigard\u2122 6 mil<\/h4><\/div>    <div class=\"download-list \">\n        <a href=\"https:\/\/www.solargard.com\/wp-content\/uploads\/2016\/02\/solar-gard-graffitigard-6mil-6mm_ansi-cpsc-glazing.pdf\" class=\"download-link\" target=\"_self\">6mm_ANSI-CPSC<\/a>\n    <\/div><div class=\"section-title sep-top-xs text-left\"><h4 class=\" normal-title\">Durabilidad Solar Gard<\/h4><\/div>    <div class=\"download-list \">\n        <a href=\"https:\/\/www.solargard.com\/wp-content\/uploads\/2016\/02\/solar-gard-weathering_astm-g155-glazing.pdf\" class=\"download-link\" target=\"_self\">ASTM G155<\/a>\n    <\/div>[\/vc_tta_section][vc_tta_section tab_id=&#8221;1455127843732-59713172-fe00&#8243; title=&#8221;MITIGACI\u00d3N DE EXPLOSIONES&#8221;][vc_column_text]El prop\u00f3sito de estos m\u00e9todos de pruebas es asesorar la reacci\u00f3n del vidrio y del sistema de acristalamiento contra cargas de aire a presi\u00f3n. Se reporta un nivel de desempe\u00f1o para describir la reacci\u00f3n\u00a0del sistema de acristalamiento en base al tama\u00f1o y la proximidad de la<\/p>\n<p>explosi\u00f3n. Las pel\u00edculas de seguridad y protecci\u00f3n Solar Gard Armorcoat\u00ae han sido probadas conforme estos est\u00e1ndares, y han demostrado la capacidad de reducir las probabilidades de lesiones producidas por pedazos de vidrio volando y astillas. Selecciona la combinaci\u00f3n de vidrio y pel\u00edcula que mejor satisfaga tus necesidades.[\/vc_column_text]<div class=\"section-title sep-top-xs text-left\"><h4 class=\" normal-title\">Solar Gard Armorcoat\u00ae 4 mil<\/h4><\/div>    <div class=\"download-list \">\n        \n    <\/div><div class=\"section-title sep-top-xs text-left\"><h4 class=\" normal-title\">Solar Gard Armorcoat\u00ae 7 mil<\/h4><\/div>    <div class=\"download-list \">\n        \n    <\/div><div class=\"section-title sep-top-xs text-left\"><h4 class=\" normal-title\">Solar Gard Armorcoat\u00ae 8 mil<\/h4><\/div>    <div class=\"download-list \">\n        <a href=\"https:\/\/www.solargard.com\/wp-content\/uploads\/2016\/02\/solar-gard-armorcoat-8mil_astm-1642-blast-certification.pdf\" class=\"download-link\" target=\"_self\">ASTM 1642<\/a><a href=\"\" class=\"download-link\" target=\"_self\">GSA Test Protocol<\/a><a href=\"https:\/\/www.solargard.com\/wp-content\/uploads\/2016\/02\/solar-gard-armorcoat-8mil_iso-16933-blast-certification.pdf\" class=\"download-link\" target=\"_self\">ISO 16933<\/a>\n    <\/div><div class=\"section-title sep-top-xs text-left\"><h4 class=\" normal-title\">Solar Gard Armorcoat\u00ae 14 mil<\/h4><\/div>    <div class=\"download-list \">\n        \n    <\/div><div class=\"section-title sep-top-xs text-left\"><h4 class=\" normal-title\">Solar Gard Panorama 8 mil<\/h4><\/div>    <div class=\"download-list \">\n        <a href=\"https:\/\/www.solargard.com\/wp-content\/uploads\/2016\/02\/solar-gard-armorcoat-8mil_astm-1642-blast-certification.pdf\" class=\"download-link\" target=\"_self\">ASTM 1642<\/a><a href=\"\" class=\"download-link\" target=\"_self\">GSA Test Protocol<\/a><a href=\"https:\/\/www.solargard.com\/wp-content\/uploads\/2016\/02\/solar-gard-armorcoat-8mil_iso-16933-blast-certification.pdf\" class=\"download-link\" target=\"_self\">ISO 16933<\/a>\n    <\/div>[\/vc_tta_section][vc_tta_section tab_id=&#8221;1455150632508-39af42cb-d6b4&#8243; title=&#8221;INCENDIO&#8221;][vc_column_text]<\/p>\n<p style=\"text-align: left;\">El prop\u00f3sito de la prueba de reacci\u00f3n contra incendio es determinar si un edificio alimenta\u00a0un incendio. Algunos criterios de reacci\u00f3n de un incendio pueden incluir el \u00edndice con el que se propaga un incendio,\u00a0la inflamabilidad cuando se expone al calor, la cantidad de calor, humo, gases t\u00f3xicos,\u00a0y\/o gotas o part\u00edculas flameantes, etc. Los materiales de construcci\u00f3n deben probarse frecuentemente contra\u00a0estos tipos de est\u00e1ndares para evaluar su desempa\u00f1o cuando est\u00e9n\u00a0expuestos al calor y al fuego. Las pel\u00edculas de seguridad y protecci\u00f3n de Solar Gard Armorcoat\u00ae 8 mil\u00a0han sido examinadas conforme estos est\u00e1ndares, y han sido aprobadas como materiales seguros\u00a0para edificios, ya que no contribuyen al fuego. <em>(Nota: estos est\u00e1ndares no son\u00a0<\/em>los mismos que los est\u00e1ndares de resistencia contra incendios, que miden la duraci\u00f3n en tiempo, en la que un producto\u00a0puede resistir el fuego).<\/p>\n<p>[\/vc_column_text]<div class=\"section-title text-left\"><h4 class=\" normal-title\">Solar Gard Armorcoat\u00ae 8 mil<\/h4><\/div>    <div class=\"download-list \">\n        <a href=\"https:\/\/www.solargard.com\/wp-content\/uploads\/2016\/02\/solar-gard-armorcoat-8mil_astm-d-1929-fire-certificate.pdf\" class=\"download-link\" target=\"_blank\">ASTM D-1929<\/a><a href=\"https:\/\/www.solargard.com\/wp-content\/uploads\/2016\/02\/solar-gard-armorcoat-8mil_-astm-e-84-fire-certificate.pdf\" class=\"download-link\" target=\"_blank\">ASTM E-84<\/a>\n    <\/div><div class=\"section-title text-left\"><h4 class=\" normal-title\">Solar Gard Panorama 8 mil<\/h4><\/div>    <div class=\"download-list \">\n        <a href=\"https:\/\/www.solargard.com\/wp-content\/uploads\/2016\/02\/solar-gard-cstb-m1-fire-certificate.pdf\" class=\"download-link\" target=\"_blank\">CSTB M1<\/a><a href=\"https:\/\/www.solargard.com\/wp-content\/uploads\/2016\/02\/solar-gard-f1-100-a\u0300-200\u00b5-fire-certificate.pdf\" class=\"download-link\" target=\"_blank\">F1 100 A 200<\/a>\n    <\/div>[\/vc_tta_section][vc_tta_section tab_id=&#8221;1455151112203-6ba3b958-316c&#8221; title=&#8221;DESASTRES NATURALES&#8221;][vc_column_text]<\/p>\n<p style=\"text-align: left;\"><span>El prop\u00f3sito de esos est\u00e1ndares es evaluar el desempe\u00f1o de materiales resistentes contra impactos cuando son sometidos a impactos de proyectiles peque\u00f1os y grandes, seguido de variaciones en ciclos de presi\u00f3n que simulan vientos fuertes de tormentas clim\u00e1ticas. Estos sistemas de acristalamiento est\u00e1n dise\u00f1ados para proteger contra los da\u00f1os y la intrusi\u00f3n del agua durante tempestades clim\u00e1ticas severas. Un sistema de acristalamiento incluye el cristal, el marco, el sistema anclaje y los sellos, a no ser que el producto probado cubra la apertura completa, como es el caso de las contraventanas para tormentas. Las pel\u00edculas de seguridad y protecci\u00f3n Solar Gard Armorcoat\u00ae 8 mil han sido examinadas conforme a estos est\u00e1ndares sobre un vidrio templado de 4,76 mL (3\/16 pulgadas) con un sistema h\u00famedo de anclaje para acristalamiento sobre un marco de aluminio comercial. <\/span><br \/>\n<em><br \/>\n(Nota: eso no quiere decir que la pel\u00edcula y el sistema de anclaje tengan aprobaci\u00f3n del c\u00f3digo<br \/>\no notificaci\u00f3n de aceptaci\u00f3n). La aprobaci\u00f3n del c\u00f3digo o notificaci\u00f3n de aceptaci\u00f3n solo es otorgada al sistema de acristalamiento completo<br \/>\n, y no solamente a los productos que solo mejoran el desempe\u00f1o<br \/>\ndel vidrio).<\/em><\/p>\n<p>[\/vc_column_text]<div class=\"section-title text-left\"><h4 class=\" normal-title\">Solar Gard Armorcoat\u00ae 8 mil<\/h4><\/div>    <div class=\"download-list \">\n        <a href=\"https:\/\/www.solargard.com\/wp-content\/uploads\/2016\/02\/solar-gard-armorcoat-8-mil_astm-e1886-1996-natural-disaster-certificate.pdf\" class=\"download-link\" target=\"_self\">ASTM E1886-1996<\/a><a href=\"https:\/\/www.solargard.com\/wp-content\/uploads\/2016\/02\/solar-gard-armorcoat-8-mil_astm-e283-330-331-natural-disaster-certificate.pdf\" class=\"download-link\" target=\"_self\">ASTM E283-330-331<\/a>\n    <\/div>[\/vc_tta_section][vc_tta_section tab_id=&#8221;1455151246965-996473d0-8a5c&#8221; title=&#8221;RESISTENCIA CONTRA INTRUSI\u00d3N O ROBO&#8221;][vc_column_text]<\/p>\n<p style=\"text-align: left;\"><span>El prop\u00f3sito de la prueba de resistencia contra robo es determinar la capacidad de resistencia de los materiales del edificio que incluyen acristalamiento. Estos materiales son sometidos a diferentes niveles de resistencia contra varios objetos, desde herramientas peque\u00f1as hasta herramientas el\u00e9ctricas. Estos objetos, el n\u00famero de golpes y el tiempo son utilizados para determinar el nivel de desempe\u00f1o que se da al material que se est\u00e1 probando. Las pel\u00edculas de seguridad y protecci\u00f3n de Solar Gard Armorcoat\u00ae 14 mil han sido examinadas conforme estos est\u00e1ndares y han mostrado tener la habilidad de resistir ciertos niveles de entrada forzada.<\/span><\/p>\n<p>[\/vc_column_text]<div class=\"section-title text-left\"><h4 class=\" normal-title\">Solar Gard Armorcoat\u00ae 14 mil<\/h4><\/div>    <div class=\"download-list \">\n        <a href=\"https:\/\/www.solargard.com\/wp-content\/uploads\/2016\/02\/solar-gard-14mil_6mm-ann-igu_en356-burglary-certificate.pdf\" class=\"download-link\" target=\"_self\">6mm Ann-IGU_EN356<\/a><a href=\"https:\/\/www.solargard.com\/wp-content\/uploads\/2016\/02\/solar-gard-14mil_6mm-ann-igu_en356-burglary-report.pdf\" class=\"download-link\" target=\"_self\">6mm Ann-IGU_EN356<\/a><a href=\"https:\/\/www.solargard.com\/wp-content\/uploads\/2016\/02\/solar-gard-14mil_6mm-temp-igu_en356-burglary-certificate.pdf\" class=\"download-link\" target=\"_self\">6mm Temp-IGU_EN356<\/a><a href=\"https:\/\/www.solargard.com\/wp-content\/uploads\/2016\/02\/solar-gard-14mil_6mm-temp-igu_en356-burglary-report.pdf\" class=\"download-link\" target=\"_self\">6mm Temp-IGU_EN356<\/a>\n    <\/div>[\/vc_tta_section][vc_tta_section tab_id=&#8221;1455151332274-8f08e014-c25b&#8221; title=&#8221;TERREMOTO&#8221;][vc_column_text]<\/p>\n<p style=\"text-align: left;\"><span>En la actualidad, no existen c\u00f3digos que especifiquen el desempe\u00f1o de los sistemas de acristalamiento <\/span><br \/>\n<span>en caso de un sismo. Se han realizado pruebas para <\/span><br \/>\n<span>medir el desempe\u00f1o del acristalamiento durante un sismo, las cuales consisten<\/span><br \/>\n<span>en someterlos a &#8220;vigorosos&#8221; movimientos para despu\u00e9s determinar la ca\u00edda <\/span><br \/>\n<span>del vidrio. Obviamente, la aplicaci\u00f3n de una pel\u00edcula de seguridad y protecci\u00f3n Armorcoat\u00ae <\/span><br \/>\n<span>reduce considerablemente la ca\u00edda del vidrio resultante de una ruptura. <\/span><br \/>\n<span>El siguiente informe detalla un conjunto particular de pruebas y desempe\u00f1o <\/span><br \/>\n<span>de las pel\u00edculas en la p\u00e1gina 72.<\/span><\/p>\n<p>[\/vc_column_text]    <div class=\"download-list \">\n        <a href=\"https:\/\/www.solargard.com\/wp-content\/uploads\/2016\/02\/structural-systems-research-project-earthquake.pdf\" class=\"download-link\" target=\"_blank\">Structural Systems Research Project<\/a>\n    <\/div>[\/vc_tta_section][vc_tta_section tab_id=&#8221;1455151594041-e79d3a80-b9ea&#8221; title=&#8221;OTRAS CERTIFICACIONES&#8221;]    <div class=\"download-list \">\n        <a href=\"https:\/\/www.solargard.com\/wp-content\/uploads\/2016\/02\/glass-retention-test-report-pentagon-flexible.pdf\" class=\"download-link\" target=\"_self\">Glass Retention Test Report-GE SCS2000 SilPruf<\/a><a href=\"https:\/\/www.solargard.com\/wp-content\/uploads\/2016\/02\/glass-retention-test-report-pentagon-flexible.pdf\" class=\"download-link\" target=\"_self\">Glass Retention Test Report-Pentagon Flexible<\/a>\n    <\/div>[\/vc_tta_section][\/vc_tta_accordion][\/vc_column][\/vc_row][vc_row full_width=&#8221;stretch_row&#8221; bottom_margin=&#8221;xs&#8221; css=&#8221;.vc_custom_1464033258924{background-color: #007db1 !important;}&#8221; gmbt_prlx_bg_type=&#8221;parallax&#8221; gmbt_prlx_break_parents=&#8221;0&#8243; gmbt_prlx_enable_mobile=&#8221;&#8221; gmbt_prlx_opacity=&#8221;100&#8243; gmbt_prlx_parallax=&#8221;none&#8221; gmbt_prlx_smooth_scrolling=&#8221;&#8221; gmbt_prlx_speed=&#8221;0.3&#8243; gmbt_prlx_video_aspect_ratio=&#8221;16:9&#8243; gmbt_prlx_video_force_hd=&#8221;&#8221; gmbt_prlx_video_mute=&#8221;&#8221;][vc_column width=&#8221;7\/12&#8243;]<div class=\"section-title sep-top-xs text-left\"><h5 class=\"upper light normal-title\">\u00bfNECESITAS AYUDA? <\/h5><\/div>[\/vc_column][vc_column width=&#8221;5\/12&#8243;][vc_btn title=&#8221;Cont\u00e1ctanos&#8221; style=&#8221;outline&#8221; shape=&#8221;square&#8221; color=&#8221;white&#8221; align=&#8221;center&#8221; button_block=&#8221;true&#8221; link=&#8221;url:http%3A%2F%2Fwww.solargard.com%2Fes-la%2Finformacion-de-contacto%2F||&#8221;][\/vc_column][\/vc_row]<\/p>\n<\/div>","protected":false},"excerpt":{"rendered":"<p>[vc_row top_margin=&#8221;none&#8221; bottom_margin=&#8221;2x&#8221; gmbt_prlx_bg_type=&#8221;parallax&#8221; gmbt_prlx_break_parents=&#8221;0&#8243; gmbt_prlx_enable_mobile=&#8221;&#8221; gmbt_prlx_opacity=&#8221;100&#8243; gmbt_prlx_parallax=&#8221;none&#8221; gmbt_prlx_smooth_scrolling=&#8221;&#8221; gmbt_prlx_speed=&#8221;0.3&#8243; gmbt_prlx_video_aspect_ratio=&#8221;16:9&#8243; gmbt_prlx_video_force_hd=&#8221;&#8221; gmbt_prlx_video_mute=&#8221;&#8221;][vc_column][vc_tta_accordion style=&#8221;flat&#8221; shape=&#8221;square&#8221; color=&#8221;white&#8221; active_section=&#8221;100&#8243; collapsible_all=&#8221;true&#8221;][vc_tta_section tab_id=&#8221;1455126129251-f9223b91-e2d8&#8243; title=&#8221;ACRISTALAMIENTO DE SEGURIDAD&#8221;][vc_column_text] El prop\u00f3sito de estos est\u00e1ndares es determinar las propiedades de desempe\u00f1o de seguridad de los materiales de recubrimiento para vidrio dise\u00f1ados para reducir o minimizar las lesiones por cortadura o perforaci\u00f3n cuando el &hellip; <a href=\"https:\/\/www.solargard.com\/wp-content\/uploads\/2016\/02\/glass-retention-test-report-pentagon-flexible.pdf\">Continued<\/a><\/p>\n","protected":false},"author":1,"featured_media":0,"parent":20791,"menu_order":0,"comment_status":"closed","ping_status":"closed","template":"templates\/resources.php","meta":{"_acf_changed":false,"footnotes":""},"class_list":["post-28223","page","type-page","status-publish","hentry"],"acf":[],"_links":{"self":[{"href":"https:\/\/www.solargard.com\/es-la\/wp-json\/wp\/v2\/pages\/28223","targetHints":{"allow":["GET"]}}],"collection":[{"href":"https:\/\/www.solargard.com\/es-la\/wp-json\/wp\/v2\/pages"}],"about":[{"href":"https:\/\/www.solargard.com\/es-la\/wp-json\/wp\/v2\/types\/page"}],"author":[{"embeddable":true,"href":"https:\/\/www.solargard.com\/es-la\/wp-json\/wp\/v2\/users\/1"}],"replies":[{"embeddable":true,"href":"https:\/\/www.solargard.com\/es-la\/wp-json\/wp\/v2\/comments?post=28223"}],"version-history":[{"count":0,"href":"https:\/\/www.solargard.com\/es-la\/wp-json\/wp\/v2\/pages\/28223\/revisions"}],"up":[{"embeddable":true,"href":"https:\/\/www.solargard.com\/es-la\/wp-json\/wp\/v2\/pages\/20791"}],"wp:attachment":[{"href":"https:\/\/www.solargard.com\/es-la\/wp-json\/wp\/v2\/media?parent=28223"}],"curies":[{"name":"wp","href":"https:\/\/api.w.org\/{rel}","templated":true}]}}