{"id":28226,"date":"2016-03-29T22:05:38","date_gmt":"2016-03-29T22:05:38","guid":{"rendered":"https:\/\/www.solargard.com\/es-la\/energy-efficiency-and-sustainability\/creditos-leed\/"},"modified":"2020-02-24T10:36:36","modified_gmt":"2020-02-24T18:36:36","slug":"creditos-leed","status":"publish","type":"page","link":"https:\/\/www.solargard.com\/es-la\/creditos-leed\/","title":{"rendered":"Cr\u00e9ditos LEED"},"content":{"rendered":"<div class=\"wpb-content-wrapper\"><p>[vc_row css=&#8221;.vc_custom_1455747640582{margin-left: 20px !important;}&#8221;][vc_column css=&#8221;.vc_custom_1455748366949{margin-right: 20px !important;padding-right: 20px !important;padding-left: 20px !important;background-color: #e5f5fc !important;}&#8221; width=&#8221;1\/3&#8243;][vc_column_text]<\/p>\n<h2>C\u00f3mo obtener cr\u00e9ditos LEED<\/h2>\n<p>&nbsp;<\/p>\n<p><span style=\"color: #333333;\">Al obtener tu certificaci\u00f3n LEED a trav\u00e9s del Concejo de Edificios Ecol\u00f3gicos de EE.UU. (U.S. Green Building Council &#8211; USGBC), encontrar\u00e1s muchas opciones para lograr tus metas. Las pel\u00edculas para ventanas Solar Gard son un producto comprobado para el ahorro energ\u00e9tico que puede ayudar a obtener cr\u00e9ditos LEED. A continuaci\u00f3n presentamos seis categor\u00edas dentro de los est\u00e1ndares donde las pel\u00edculas de control solar para ventanas pueden ser utilizadas para cumplir con los criterios necesarios para obtener cr\u00e9ditos LEED.<\/span><\/p>\n<p><span style=\"color: #333333;\">Todos los edificios, tanto nuevos como existentes que soliciten la certificaci\u00f3n LEED, deben poseer por lo menos una calificaci\u00f3n EPA ENERGY STAR<sup>\u00ae<\/sup> de 60 por parte del EPA. La certificaci\u00f3n m\u00ednima para obtener el rendimiento energ\u00e9tico requiere que se proporcionen las facturas, el costo y el consumo el\u00e9ctrico del edificio antes de que se realicen las mejoras, y que se cumplan los objetivos espec\u00edficos de reducci\u00f3n del consumo energ\u00e9tico para un edificio de ese tipo y funci\u00f3n, de acuerdo con las normas de clasificaci\u00f3n del EPA ENERGY STAR.<\/span><\/p>\n<p><span style=\"color: #333333;\">Los beneficios de ahorro energ\u00e9tico de las pel\u00edculas para ventanas pueden ayudar a que los negocios obtengan la clasificaci\u00f3n inicial de 60, y tambi\u00e9n pueden proporcionar cr\u00e9ditos LEED adicionales una vez que se cumplan los lineamientos b\u00e1sicos. Las pel\u00edculas solares para el ahorro energ\u00e9tico est\u00e1n incluidas en la Certificaci\u00f3n de Edificios Existentes de LEED.<\/span><br \/>\n<span style=\"color: #333333;\"> Mayores detalles se pueden encontrar en la &#8220;Gu\u00eda de Referencia para Edificios Existentes&#8221; del USGBC LEED, versi\u00f3n 2.0, disponible en el <a style=\"color: #333333;\" href=\"http:\/\/www.usgbc.org\/Store\/PublicationsList.aspx\" target=\"_blank\" rel=\"noopener noreferrer\">sitio web de USGBC<\/a>.<\/span><\/p>\n<h2><\/h2>\n<p>[\/vc_column_text][vc_separator css=&#8221;.vc_custom_1455748086165{margin-top: 20px !important;margin-bottom: 20px !important;}&#8221;][vc_column_text]<\/p>\n<h2>Optimiza tus cr\u00e9ditos LEED<\/h2>\n<p>&nbsp;<\/p>\n<p><span style=\"color: #333333;\">Existen muchas oportunidades para utilizar las pel\u00edculas para ventanas al aplicar para una certificaci\u00f3n LEED. A pesar de que algunas categor\u00edas parecen contradecirse mutuamente, es importante revisar todas las oportunidades y aplicar para las \u00e1reas que ofrecen mayor impacto en tu negocio. Solar Gard proporciona una amplia gama de pel\u00edculas para ventanas con diferentes propiedades de transmisi\u00f3n de luz y rechazo de calor. Hacer un an\u00e1lisis del edificio y de las necesidades de los ocupantes junto con los requisitos para la certificaci\u00f3n LEED, lo ayudar\u00e1n a seleccionar la o las pel\u00edculas ideales para el edificio.<\/span><\/p>\n<p>&nbsp;<\/p>\n<p>[\/vc_column_text][\/vc_column][vc_column css=&#8221;.vc_custom_1455747773249{margin-left: 20px !important;}&#8221; width=&#8221;7\/12&#8243;][vc_column_text]<\/p>\n<h5><span style=\"color: #999999;\">C\u00d3MO LAS PEL\u00cdCULAS OBTIENEN CR\u00c9DITOS LEED<\/span><\/h5>\n<h3>1. Cr\u00e9ditos de Desempe\u00f1o Energ\u00e9tico<\/h3>\n<p>Los edificios que superen la clasificaci\u00f3n EPA ENERGY STAR de 60 requerida para la certificaci\u00f3n, pueden recibir hasta 10 cr\u00e9ditos LEED a trav\u00e9s de mejoras adicionales de eficiencia energ\u00e9tica (LEED E&amp;A Cr\u00e9dito #1). La tabla a continuaci\u00f3n, muestra los puntos LEED que se pueden obtener para un edificio existente con base en mejoras adicionales de eficiencia energ\u00e9tica. Las pel\u00edculas para ventanas pueden proporcionar entre uno y cuatro puntos LEED en mejoras de eficiencia energ\u00e9tica, dependiendo del medio ambiente y la pel\u00edcula que se haya instalado.<\/p>\n<h3>2. Cr\u00e9dito por Reducci\u00f3n en Contaminaci\u00f3n de la Luz<\/h3>\n<p>La reducci\u00f3n en contaminaci\u00f3n de la luz, tambi\u00e9n conocida como \u201ciluminaci\u00f3n indeseada\u201d, est\u00e1 cubierta en el Cr\u00e9dito #7 bajo el objetivo de \u201cCentros Sustentables\u201d. La \u201ciluminaci\u00f3n indeseada\u201d ocurre cuando la iluminaci\u00f3n que se utiliza dentro del edificio se puede ver en ciertas cantidades desde afuera, alrededor del predio. Para calificar para este cr\u00e9dito LEED, la mayor parte de la iluminaci\u00f3n interior debe enfocarse hacia el interior del edificio. Las medidas de luminosidad se toman en el exterior, con todas las luces apagadas, y despu\u00e9s con todas las luces encendidas. Se obtiene un cr\u00e9dito LEED si el nivel de la iluminaci\u00f3n exterior no aumenta m\u00e1s de un 10% de los niveles con las \u201cluces encendidas.\u201d<\/p>\n<p>La instalaci\u00f3n de pel\u00edculas de control solar para ventanas reducir\u00e1 la cantidad de transmisi\u00f3n de luz visible (con sus siglas en ingl\u00e9s VLT) a trav\u00e9s de las ventanas. Las pel\u00edculas para ventanas ofrecen varios niveles de transmisi\u00f3n de luz visible, y las con menor transmisi\u00f3n de luz reducen la iluminaci\u00f3n indeseada del edificio en gran medida. Cuando selecciona una pel\u00edcula, se puede tomar en cuenta de antemano la cantidad de iluminaci\u00f3n indeseada y seleccionar pel\u00edculas espec\u00edficas teniendo una meta espec\u00edfica en mente. Por ejemplo, la pel\u00edcula Stainless Steel 50 puede reducir a la mitad la iluminaci\u00f3n indeseada de una ventana.<\/p>\n<h3>3. Cr\u00e9dito de Reducci\u00f3n de Deslumbramiento<\/h3>\n<p>Dentro de la categor\u00eda de Calidad del Medio Ambiente (EQ #8.2), se puede obtener un cr\u00e9dito al \u201cproporcionar caracter\u00edsticas de control sobre el deslumbramiento en todas las ventanas donde entre luz solar directa, de forma que pueda interferir con las actividades normales de los ocupantes\u201d. Esta meta funciona junto con el requisito de contaminaci\u00f3n de las luces en el cr\u00e9dito #7 de Centros Sustentables para \u201ciluminaci\u00f3n indeseada\u201d. Este requisito puede cumplirse aplicando pel\u00edculas para ventanas con un VLT lo suficientemente bajo para que cumpla con los requisitos de actividades sin deslumbramiento para los ocupantes. Por ejemplo, la pel\u00edcula Stainless Steel 50, reduce la iluminaci\u00f3n indeseada y puede ofrecer el beneficio adicional de reducci\u00f3n<br \/>\nen deslumbramiento. La aplicaci\u00f3n de esta pel\u00edcula puede eliminar el deslumbramiento indeseado en las pantallas de las computadoras, y mantener un entorno interior sin deslumbramiento, permitiendo que solicites los cr\u00e9ditos de \u201ciluminaci\u00f3n indeseada y reducci\u00f3n en deslumbramiento\u201d en una sola solicitud.<\/p>\n<h3>4. Confort t\u00e9rmico<\/h3>\n<p>Mejorar y mantener el confort t\u00e9rmico para obtener un cr\u00e9dito LEED es una de las opciones conforme la secci\u00f3n EQ 7.1 del programa de certificaci\u00f3n. Las medidas de desempe\u00f1o son las mismas que las de la Sociedad Estadounidense para Ingenieros de Calefacci\u00f3n, Enfriamiento y Aire Acondicionado (American Society of Heating, Refrigerating and Air-Conditioning Engineers &#8211; ASHRAE) Est\u00e1ndar 55-2004. ASHRAE 55-2004 es una norma de confort t\u00e9rmico que establece los requisitos para documentar un espacio como confortable t\u00e9rmicamente para los ocupantes. Se puede obtener el cr\u00e9dito demostrando el cumplimiento del registro de las temperaturas (#7.6.2.2), o por medio de una encuesta, donde por lo menos el 80 % de los ocupantes del edificio consideran que est\u00e1n c\u00f3modos con la temperatura dentro del edificio (#7.6.2.1). Eso incluye la mitigaci\u00f3n de la \u201cfalta de confort localizado\u201d (#5.2.4) y la reducci\u00f3n en variaciones de temperaturas a trav\u00e9s del tiempo (#5.2.5).<\/p>\n<p>El calor solar transmitido a trav\u00e9s de las ventanas sin protecci\u00f3n suele ocasionar falta de confort localizado. Las quejas de los ocupantes sobre el calor excesivo o zonas calientes pueden reducirse dram\u00e1ticamente aplicando pel\u00edculas para ventanas que ofrezcan protecci\u00f3n solar de alto desempe\u00f1o (como las mencionadas en la secci\u00f3n #5.2.4). La pel\u00edcula de control solar sobresalen en moderar las temperaturas a trav\u00e9s del tiempo, mejorando en gran medida el confort t\u00e9rmico (como se menciona en cr\u00e9dito #5.2.5).<\/p>\n<h3>5. Cr\u00e9ditos por innovaci\u00f3n<\/h3>\n<p>Tambi\u00e9n existe una categor\u00eda de innovaci\u00f3n con hasta cuatro cr\u00e9ditos LEED adicionales, se puede aplicar presentando el caso donde el edificio seleccionado con las mejoras, que no est\u00e9n actualmente cubiertas bajo los est\u00e1ndares LEED para edificios existentes, hayan mejorado el ambiente del edificio.<\/p>\n<p>Existen dos maneras para utilizar las pel\u00edculas para ventanas para aplicar para los cr\u00e9ditos de innovaci\u00f3n. Una forma es solicitar un cr\u00e9dito en base a los beneficios ambientales que se obtienen al bloquear la radiaci\u00f3n ultravioleta con el uso de las pel\u00edculas de control solar para ventanas. Las pel\u00edculas para ventanas bloquean 99 % o m\u00e1s de los rayos malignos UVA y UVB, los cuales contribuyen al da\u00f1o de la piel y c\u00e1ncer de piel, y son uno de los factores principales que ocasiona el descoloramiento de interiores. El segundo cr\u00e9dito elegible se podr\u00eda obtener si se logra aplicar una reducci\u00f3n de descoloramiento al reducir el desperdicio del mobiliario o al mejorar el mantenimiento del edificio, seg\u00fan se especifica en la secci\u00f3n Materiales y Recursos de la norma.<\/p>\n<h2><\/h2>\n<p>[\/vc_column_text][\/vc_column][\/vc_row]<\/p>\n<\/div>","protected":false},"excerpt":{"rendered":"<p>[vc_row css=&#8221;.vc_custom_1455747640582{margin-left: 20px !important;}&#8221;][vc_column css=&#8221;.vc_custom_1455748366949{margin-right: 20px !important;padding-right: 20px !important;padding-left: 20px !important;background-color: #e5f5fc !important;}&#8221; width=&#8221;1\/3&#8243;][vc_column_text] C\u00f3mo obtener cr\u00e9ditos LEED &nbsp; Al obtener tu certificaci\u00f3n LEED a trav\u00e9s del Concejo de Edificios Ecol\u00f3gicos de EE.UU. (U.S. Green Building Council &#8211; USGBC), encontrar\u00e1s muchas opciones para lograr tus metas. Las pel\u00edculas para ventanas Solar Gard son un producto &hellip; <a href=\"https:\/\/www.solargard.com\/es-la\/creditos-leed\/\">Continued<\/a><\/p>\n","protected":false},"author":1,"featured_media":0,"parent":0,"menu_order":0,"comment_status":"closed","ping_status":"closed","template":"","meta":{"_acf_changed":false,"footnotes":""},"class_list":["post-28226","page","type-page","status-publish","hentry"],"acf":[],"_links":{"self":[{"href":"https:\/\/www.solargard.com\/es-la\/wp-json\/wp\/v2\/pages\/28226","targetHints":{"allow":["GET"]}}],"collection":[{"href":"https:\/\/www.solargard.com\/es-la\/wp-json\/wp\/v2\/pages"}],"about":[{"href":"https:\/\/www.solargard.com\/es-la\/wp-json\/wp\/v2\/types\/page"}],"author":[{"embeddable":true,"href":"https:\/\/www.solargard.com\/es-la\/wp-json\/wp\/v2\/users\/1"}],"replies":[{"embeddable":true,"href":"https:\/\/www.solargard.com\/es-la\/wp-json\/wp\/v2\/comments?post=28226"}],"version-history":[{"count":0,"href":"https:\/\/www.solargard.com\/es-la\/wp-json\/wp\/v2\/pages\/28226\/revisions"}],"wp:attachment":[{"href":"https:\/\/www.solargard.com\/es-la\/wp-json\/wp\/v2\/media?parent=28226"}],"curies":[{"name":"wp","href":"https:\/\/api.w.org\/{rel}","templated":true}]}}