{"id":28229,"date":"2016-03-29T22:05:39","date_gmt":"2016-03-29T22:05:39","guid":{"rendered":"https:\/\/www.solargard.com\/es-la\/hogar-y-negocio\/control-solar\/"},"modified":"2016-10-03T20:03:04","modified_gmt":"2016-10-03T20:03:04","slug":"control-solar","status":"publish","type":"page","link":"https:\/\/www.solargard.com\/es-la\/hogar-y-negocio\/hogar-y-negocio-productos\/control-solar\/","title":{"rendered":"Control solar"},"content":{"rendered":"<div class=\"wpb-content-wrapper\"><p>[vc_row top_margin=&#8221;md&#8221; bottom_margin=&#8221;xs&#8221;][vc_column]<div class=\"section-title sg-section-title text-center\"><div class=\"copy-content\"><h4 class=\" normal-title\">Explora los productos de control solar<\/h4><\/div><div class=\"border-bg\"><\/div><\/div>[\/vc_column][\/vc_row][vc_row top_margin=&#8221;xs&#8221; bottom_margin=&#8221;md&#8221;][vc_column width=&#8221;1\/12&#8243;][\/vc_column][vc_column width=&#8221;5\/6&#8243;][vc_column_text]<\/p>\n<h4 style=\"text-align: center\"><span>No hay nada que ilumine&nbsp;tu espacio&nbsp;mejor que la luz natural, pero&nbsp;recibir demasiado de algo bueno puede ser un inconveniente. Con la luz natural del sol, tambi\u00e9n viene el calor excesivo y las zonas calientes que pueden comprometer el confort y crear una atm\u00f3sfera menos agradable. Las pel\u00edculas para ventanas Solar Gard rechazan hasta un 79 % de la energ\u00eda solar, proporcionando un mayor control de temperaturas, una reducci\u00f3n del descoloramiento y del molesto deslumbramiento.<\/span>Instaladas profesionalmente, las pel\u00edculas para ventanas de Solar Gard ofrecen una amplia gama de productos adecuados a todas tus necesidades de protecci\u00f3n solar:<\/h4>\n<p>[\/vc_column_text][\/vc_column][vc_column width=&#8221;1\/12&#8243;][\/vc_column][\/vc_row][vc_row top_margin=&#8221;none&#8221; bottom_margin=&#8221;md&#8221;][vc_column]<div class=\"product-list vc_txt_align_center \"><a href=\"https:\/\/www.solargard.com\/es-la\/product\/silver\/\" class=\"product-link text-center\"><div class=\"product-image\" style=\"background-image: url(https:\/\/www.solargard.com\/wp-content\/uploads\/2014\/11\/DOE2-300x272.jpg)\"><\/div><h4>Aluminum<\/h4><\/a><a href=\"https:\/\/www.solargard.com\/es-la\/product\/cx\/\" class=\"product-link text-center\"><div class=\"product-image\" style=\"background-image: url(https:\/\/www.solargard.com\/wp-content\/uploads\/2016\/03\/shutterstock_161986853-300x300.jpg)\"><\/div><h4>CX<\/h4><\/a><a href=\"https:\/\/www.solargard.com\/es-la\/product\/lx\/\" class=\"product-link text-center\"><div class=\"product-image\" style=\"background-image: url(https:\/\/www.solargard.com\/wp-content\/uploads\/2016\/05\/LX-Hilite_alt-300x200.jpg)\"><\/div><h4>LX<\/h4><\/a><a href=\"https:\/\/www.solargard.com\/es-la\/product\/purevue-ceramic\/\" class=\"product-link text-center\"><div class=\"product-image\" style=\"background-image: url(https:\/\/www.solargard.com\/wp-content\/uploads\/2020\/09\/purevue-thm-300x225.jpg)\"><\/div><h4>PureVue&#x2122; Ceramic<\/h4><\/a><a href=\"https:\/\/www.solargard.com\/es-la\/product\/quantum\/\" class=\"product-link text-center\"><div class=\"product-image\" style=\"background-image: url(https:\/\/www.solargard.com\/wp-content\/uploads\/2014\/11\/shutterstock_379409725_warm-300x300.jpg)\"><\/div><h4>Quantum<\/h4><\/a><a href=\"https:\/\/www.solargard.com\/es-la\/product\/sentinel-plus\/\" class=\"product-link text-center\"><div class=\"product-image\" style=\"background-image: url(https:\/\/www.solargard.com\/wp-content\/uploads\/2016\/03\/solargard-sentinel-windowfilm-300x200.jpg)\"><\/div><h4>Sentinel Plus<\/h4><\/a><a href=\"https:\/\/www.solargard.com\/es-la\/product\/slate\/\" class=\"product-link text-center\"><div class=\"product-image\" style=\"background-image: url(https:\/\/www.solargard.com\/wp-content\/uploads\/2014\/11\/Slate-300x300.jpg)\"><\/div><h4>Slate<\/h4><\/a><a href=\"https:\/\/www.solargard.com\/es-la\/product\/solar-bronze\/\" class=\"product-link text-center\"><div class=\"product-image\" style=\"background-image: url(https:\/\/www.solargard.com\/wp-content\/uploads\/2014\/11\/Nat_GEO-300x222.jpg)\"><\/div><h4>Solar Bronze<\/h4><\/a><a href=\"https:\/\/www.solargard.com\/es-la\/product\/stainless-steel\/\" class=\"product-link text-center\"><div class=\"product-image\" style=\"background-image: url(https:\/\/www.solargard.com\/wp-content\/uploads\/2016\/05\/StainlessSteel-300x200.jpg)\"><\/div><h4>Stainless Steel<\/h4><\/a><a href=\"https:\/\/www.solargard.com\/es-la\/product\/sterling\/\" class=\"product-link text-center\"><div class=\"product-image\" style=\"background-image: url(https:\/\/www.solargard.com\/wp-content\/uploads\/2016\/03\/AyersPhoto-300x225.jpg)\"><\/div><h4>Sterling<\/h4><\/a><a href=\"https:\/\/www.solargard.com\/es-la\/product\/truevue\/\" class=\"product-link text-center\"><div class=\"product-image\" style=\"background-image: url(https:\/\/www.solargard.com\/wp-content\/uploads\/2016\/03\/shutterstock_270840203_edited_warm-300x200.jpg)\"><\/div><h4>TrueVue&#x2122;<\/h4><\/a><\/div>[\/vc_column][\/vc_row][vc_row full_width=&#8221;stretch_row&#8221; el_class=&#8221;light-blue-row&#8221;][vc_column el_class=&#8221;gray-title&#8221;]<div class=\"section-title sep-bottom-md text-center\"><h3 class=\" normal-title\">PRODUCTOS DESTACADOS<\/h3><\/div>[vc_row_inner][vc_column_inner el_class=&#8221;bordered&#8221; width=&#8221;1\/3&#8243;]<div class=\"content-link text-left\"><div class=\"content-link-image \" style=\"background-image: url()\" ><\/div><h4>Ecolux\u2122 Low-e<\/h4><h5>Confort todo el a\u00f1o<\/h5><p>La pel\u00edcula ideal cuando necesite de todo. Ecolux\u2122 Low-e lo mantiene m\u00e1s fresco en el verano y con mayor calor en el invierno.<\/p><\/div>[\/vc_column_inner][vc_column_inner el_class=&#8221;bordered&#8221; width=&#8221;1\/3&#8243;]<a href=\"https:\/\/www.solargard.com\/es-la\/product\/truevue\/\" class=\"content-link \"><div class=\"content-link-image\" style=\"background-image: url(https:\/\/www.solargard.com\/wp-content\/uploads\/2016\/03\/shutterstock_270840203_edited_warm-300x200.jpg)\"><\/div><h4>TrueVue&#x2122;<\/h4><h5>OPTIMUM CLARITY<\/h5><p>La pel\u00edcula para ventana Solar Gard TrueVue proporciona una claridad \u00f3ptima para inmejorables vistas exteriores de d\u00eda y de noche. TrueVue le ofrece: Protecci\u00f3n contra los da\u00f1inos rayos ultravioleta Rechaza hasta el 82% del total del calor solar para aumentar su comodidad Reduce tanto el costo del aire acondicionado como su huella de carbono Controla &hellip; <a href=\"https:\/\/www.solargard.com\/es-la\/product\/truevue\/\">Continued<\/a><\/p><\/a>[\/vc_column_inner][vc_column_inner el_class=&#8221;bordered&#8221; width=&#8221;1\/3&#8243;]<a href=\"https:\/\/www.solargard.com\/es-la\/product\/ultra-performance-plus\/\" class=\"content-link \"><div class=\"content-link-image\" style=\"background-image: url(https:\/\/www.solargard.com\/wp-content\/uploads\/2016\/05\/UP-1-300x300.jpg)\"><\/div><h4>Ultra Performance Plus<\/h4><h5><\/h5><p>Ultra Performance Plus 80 advanced nano-ceramic technology produces a cooler and more comfortable driving environment. Ultra Performance Plus 80 virtually invisible look, maintains the natural view through your vehicle\u2019s windows. &nbsp; Key Benefits Nano-ceramic technology High infrared and heat rejection can reduce your vehicle\u2019s interior surface temperature by up to 39\u00b0F (22\u00b0C) Virtually invisible for &hellip; <a href=\"https:\/\/www.solargard.com\/es-la\/product\/ultra-performance-plus\/\">Continued<\/a><\/p><\/a>[\/vc_column_inner][\/vc_row_inner][\/vc_column][\/vc_row][vc_row top_margin=&#8221;3x&#8221; bottom_margin=&#8221;3x&#8221;][vc_column]<div class=\"section-title sep-bottom-md text-center\"><h3 class=\" normal-title\">RECURSOS<\/h3><\/div>[vc_row_inner el_class=&#8221;same-height-row&#8221;][vc_column_inner width=&#8221;1\/3&#8243;][vc_btn title=&#8221;CALCULA TUS AHORROS ENERG\u00c9TICOS&#8221; style=&#8221;flat&#8221; shape=&#8221;square&#8221; color=&#8221;primary&#8221; size=&#8221;lg&#8221; align=&#8221;center&#8221; button_block=&#8221;true&#8221; el_class=&#8221;same-height-item&#8221;][\/vc_column_inner][vc_column_inner width=&#8221;1\/3&#8243;][vc_btn title=&#8221;VIDEOS&#8221; style=&#8221;flat&#8221; shape=&#8221;square&#8221; color=&#8221;primary&#8221; size=&#8221;lg&#8221; align=&#8221;center&#8221; button_block=&#8221;true&#8221; el_class=&#8221;same-height-item&#8221;][\/vc_column_inner][vc_column_inner width=&#8221;1\/3&#8243;][vc_btn title=&#8221;FOLLETOS&#8221; style=&#8221;flat&#8221; shape=&#8221;square&#8221; color=&#8221;primary&#8221; size=&#8221;lg&#8221; align=&#8221;center&#8221; button_block=&#8221;true&#8221; el_class=&#8221;same-height-item&#8221;][\/vc_column_inner][\/vc_row_inner][\/vc_column][\/vc_row][vc_row full_width=&#8221;stretch_row&#8221; bottom_margin=&#8221;xs&#8221; css=&#8221;.vc_custom_1456356765110{background-color: #e5f5fc !important;}&#8221;][vc_column width=&#8221;2\/12&#8243;][\/vc_column][vc_column width=&#8221;4\/12&#8243;]<div class=\"section-title text-center\"><h3 class=\"upper normal-title\">\u00bfListo para instalar? <\/h3><\/div>[\/vc_column][vc_column width=&#8221;4\/12&#8243;][vc_btn title=&#8221;ENCUENTRA UN DISTRIBUIDOR&#8221; style=&#8221;flat&#8221; shape=&#8221;square&#8221; color=&#8221;primary&#8221;][\/vc_column][vc_column width=&#8221;2\/12&#8243;][\/vc_column][\/vc_row]<\/p>\n<\/div>","protected":false},"excerpt":{"rendered":"<p>[vc_row top_margin=&#8221;md&#8221; bottom_margin=&#8221;xs&#8221;][vc_column][\/vc_column][\/vc_row][vc_row top_margin=&#8221;xs&#8221; bottom_margin=&#8221;md&#8221;][vc_column width=&#8221;1\/12&#8243;][\/vc_column][vc_column width=&#8221;5\/6&#8243;][vc_column_text] No hay nada que ilumine&nbsp;tu espacio&nbsp;mejor que la luz natural, pero&nbsp;recibir demasiado de algo bueno puede ser un inconveniente. Con la luz natural del sol, tambi\u00e9n viene el calor excesivo y las zonas calientes que pueden comprometer el confort y crear una atm\u00f3sfera menos agradable. Las pel\u00edculas para &hellip; <a href=\"https:\/\/www.solargard.com\/es-la\/product\/ultra-performance-plus\/\">Continued<\/a><\/p>\n","protected":false},"author":1,"featured_media":0,"parent":28213,"menu_order":0,"comment_status":"closed","ping_status":"closed","template":"","meta":{"_acf_changed":false,"footnotes":""},"class_list":["post-28229","page","type-page","status-publish","hentry"],"acf":[],"_links":{"self":[{"href":"https:\/\/www.solargard.com\/es-la\/wp-json\/wp\/v2\/pages\/28229","targetHints":{"allow":["GET"]}}],"collection":[{"href":"https:\/\/www.solargard.com\/es-la\/wp-json\/wp\/v2\/pages"}],"about":[{"href":"https:\/\/www.solargard.com\/es-la\/wp-json\/wp\/v2\/types\/page"}],"author":[{"embeddable":true,"href":"https:\/\/www.solargard.com\/es-la\/wp-json\/wp\/v2\/users\/1"}],"replies":[{"embeddable":true,"href":"https:\/\/www.solargard.com\/es-la\/wp-json\/wp\/v2\/comments?post=28229"}],"version-history":[{"count":0,"href":"https:\/\/www.solargard.com\/es-la\/wp-json\/wp\/v2\/pages\/28229\/revisions"}],"up":[{"embeddable":true,"href":"https:\/\/www.solargard.com\/es-la\/wp-json\/wp\/v2\/pages\/28213"}],"wp:attachment":[{"href":"https:\/\/www.solargard.com\/es-la\/wp-json\/wp\/v2\/media?parent=28229"}],"curies":[{"name":"wp","href":"https:\/\/api.w.org\/{rel}","templated":true}]}}