{"id":28233,"date":"2016-03-29T22:05:42","date_gmt":"2016-03-29T22:05:42","guid":{"rendered":"https:\/\/www.solargard.com\/es-la\/instrucciones-de-cuidado\/"},"modified":"2016-09-21T22:45:22","modified_gmt":"2016-09-21T22:45:22","slug":"instrucciones-de-cuidado","status":"publish","type":"page","link":"https:\/\/www.solargard.com\/es-la\/instrucciones-de-cuidado\/","title":{"rendered":"Cuidado y mantenimiento"},"content":{"rendered":"<div class=\"wpb-content-wrapper\"><p>[vc_row bottom_margin=&#8221;sm&#8221; top_margin=&#8221;md&#8221;][vc_column]<div class=\"section-title sg-section-title text-center\"><div class=\"copy-content\"><h4 class=\" normal-title\">Cuidado y mantenimiento<\/h4><\/div><div class=\"border-bg\"><\/div><\/div>[\/vc_column][vc_column css=&#8221;.vc_custom_1457739255357{margin-top: 20px !important;}&#8221; width=&#8221;1\/2&#8243;][vc_column_text]<\/p>\n<h3><\/h3>\n<h3><strong>Tiempo de secado de la pel\u00edcula:<\/strong><\/h3>\n<p><strong><br \/>\n<\/strong>La soluci\u00f3n que se utiliza durante la instalaci\u00f3n de las pel\u00edculas para ventanas Solar Gard<br \/>\npuede requerir tiempo para secarse. Las condiciones de fr\u00edo o sin sol pueden<br \/>\nextender el tiempo de secado, mientras que el clima caliente y la exposici\u00f3n directa a la luz del sol<br \/>\nreducir\u00e1n el tiempo de secado. Pueden aparecer gotas peque\u00f1as de agua o una apariencia un poco nublada<br \/>\ndurante el tiempo de secado. Si el secado es demasiado lento, no<br \/>\nte alarmes. La pel\u00edcula se va a secar.<\/p>\n<h5><strong>NO LIMPIES LA PEL\u00cdCULA DURANTE 30 D\u00cdAS DESPU\u00c9S DE LA INSTALACI\u00d3N.<\/strong><\/h5>\n<h4><\/h4>\n<h3><strong>Instrucciones de limpieza:<\/strong><\/h3>\n<p>Para maximizar la vida \u00fatil de la pel\u00edcula, sigue estas instrucciones<br \/>\npara el cuidado y mantenimiento adecuado.<\/p>\n<ul>\n<li>Siempre usar materiales limpios y suaves para lavar y secar las superficies de la pel\u00edcula.<\/li>\n<\/ul>\n<p>&nbsp;<\/p>\n<ul>\n<li>La mayor\u00eda de los productos para limpiar vidrios funcionan bien, sin embargo se puede hacer una buena soluci\u00f3n para la limpieza mezclando 14.17 gramos (1\/2 onzas) de jab\u00f3n l\u00edquido para vajilla en 1 litro (1 cuarto) de agua.<\/li>\n<\/ul>\n<p>&nbsp;<\/p>\n<ul>\n<li>Se recomienda usar un pa\u00f1o\/trapo suave o una esponja sint\u00e9tica limpia para limpiar la pel\u00edcula para ventanas, seguido de otro pa\u00f1o\/trapo suave o esp\u00e1tula de pl\u00e1stico para secarla.<\/li>\n<\/ul>\n<p>[\/vc_column_text][\/vc_column][vc_column css=&#8221;.vc_custom_1457739267025{margin-top: 50px !important;}&#8221; width=&#8221;1\/2&#8243;][vc_single_image css=&#8221;.vc_custom_1455943185584{border-radius: 20px !important;}&#8221; image=&#8221;15404&#8243; img_size=&#8221;large&#8221;][vc_column_text css=&#8221;.vc_custom_1458059212848{margin-top: 30px !important;}&#8221;]<\/p>\n<ul>\n<li>Para evitar rallar la pel\u00edcula, no utilices cepillos con cerdas, esponjas abrasivas u otros tipos de materiales de limpieza que hayan quedado contaminados con part\u00edculas de suciedad. Evita\u00a0lavar las ventanas interiores y exteriores con los mismos materiales de limpieza.<\/li>\n<\/ul>\n<p>&nbsp;<\/p>\n<ul>\n<li>Algunos tipos de toallas de papel son lo suficientemente \u00e1speras como para rallar la pel\u00edcula, incluso las pel\u00edculas con capas resistentes a las ralladuras. Aunque esas ralladuras sean demasiado peque\u00f1as\u00a0para verse al principio, pueden da\u00f1ar la pel\u00edcula y con el tiempo reducir la apariencia n\u00edtida.<\/li>\n<\/ul>\n<p>[\/vc_column_text][\/vc_column][\/vc_row]<\/p>\n<\/div>","protected":false},"excerpt":{"rendered":"<p>[vc_row bottom_margin=&#8221;sm&#8221; top_margin=&#8221;md&#8221;][vc_column][\/vc_column][vc_column css=&#8221;.vc_custom_1457739255357{margin-top: 20px !important;}&#8221; width=&#8221;1\/2&#8243;][vc_column_text] Tiempo de secado de la pel\u00edcula: La soluci\u00f3n que se utiliza durante la instalaci\u00f3n de las pel\u00edculas para ventanas Solar Gard puede requerir tiempo para secarse. Las condiciones de fr\u00edo o sin sol pueden extender el tiempo de secado, mientras que el clima caliente y la exposici\u00f3n directa &hellip; <a href=\"https:\/\/www.solargard.com\/es-la\/instrucciones-de-cuidado\/\">Continued<\/a><\/p>\n","protected":false},"author":1,"featured_media":0,"parent":0,"menu_order":0,"comment_status":"closed","ping_status":"closed","template":"","meta":{"_acf_changed":false,"footnotes":""},"class_list":["post-28233","page","type-page","status-publish","hentry"],"acf":[],"_links":{"self":[{"href":"https:\/\/www.solargard.com\/es-la\/wp-json\/wp\/v2\/pages\/28233","targetHints":{"allow":["GET"]}}],"collection":[{"href":"https:\/\/www.solargard.com\/es-la\/wp-json\/wp\/v2\/pages"}],"about":[{"href":"https:\/\/www.solargard.com\/es-la\/wp-json\/wp\/v2\/types\/page"}],"author":[{"embeddable":true,"href":"https:\/\/www.solargard.com\/es-la\/wp-json\/wp\/v2\/users\/1"}],"replies":[{"embeddable":true,"href":"https:\/\/www.solargard.com\/es-la\/wp-json\/wp\/v2\/comments?post=28233"}],"version-history":[{"count":0,"href":"https:\/\/www.solargard.com\/es-la\/wp-json\/wp\/v2\/pages\/28233\/revisions"}],"wp:attachment":[{"href":"https:\/\/www.solargard.com\/es-la\/wp-json\/wp\/v2\/media?parent=28233"}],"curies":[{"name":"wp","href":"https:\/\/api.w.org\/{rel}","templated":true}]}}