{"id":28234,"date":"2016-03-29T22:05:42","date_gmt":"2016-03-29T22:05:42","guid":{"rendered":"https:\/\/www.solargard.com\/es-la\/prensa\/"},"modified":"2016-05-20T14:55:28","modified_gmt":"2016-05-20T14:55:28","slug":"prensa","status":"publish","type":"page","link":"https:\/\/www.solargard.com\/es-la\/prensa\/","title":{"rendered":"Prensa"},"content":{"rendered":"<div class=\"wpb-content-wrapper\"><p>[vc_row bottom_margin=&#8221;md&#8221; top_margin=&#8221;sm&#8221;][vc_column]<div class=\"section-title sg-section-title text-center\"><div class=\"copy-content\"><h4 class=\" normal-title\">\u00bfQuieres conocer la historia?<\/h4><p class=\"lead x2 x2\">\u00a1Ah\u00ed estamos!<\/p><\/div><div class=\"border-bg\"><\/div><\/div>[\/vc_column][\/vc_row][vc_row][vc_column el_class=&#8221;sep-bottom-md&#8221; width=&#8221;1\/2&#8243;][vc_column_text]<\/p>\n<h3>Sala de Prensa Solar Gard<\/h3>\n<div id=\"contentArea\">\n<div id=\"Inset\"><\/div>\n<p style=\"text-align: left\">Las pel\u00edculas para ventanas Solar Gard con calidad superior se han&nbsp;utilizado en aplicaciones automotrices, comerciales, gubernamentales y residenciales durante m\u00e1s de 30 a\u00f1os.<\/p>\n<p style=\"text-align: left\">Los productos Solar Gard solo est\u00e1n disponibles a trav\u00e9s de nuestra red global de expertos&nbsp;en pel\u00edculas para ventanas entrenados profesionalmente.<\/p>\n<p style=\"text-align: left\">S\u00edguenos en este espacio para conocer las publicaciones de prensa, art\u00edculos&nbsp;y noticias m\u00e1s recientes sobre nuestros productos Solar Gard.<\/p>\n<hr>\n<h4><\/h4>\n<h4>Contacto de Prensa<\/h4>\n<blockquote><p>Lindsay Valero<br \/>\nTEN<br \/>\n1+954 524 8800954 524 8800 x300<br \/>\n<a href=\"mailto:lindsay@agencyten.com\">lindsay@agencyten.com<\/a><br \/>\n<a href=\"http:\/\/www.agencyten.com\/\" target=\"_blank\" rel=\"noopener\">www.agencyten.com<\/a><\/p><\/blockquote>\n<\/div>\n<p>[\/vc_column_text][\/vc_column][vc_column css=&#8221;.vc_custom_1456244643079{border-top-width: 10px !important;border-right-width: 10px !important;border-bottom-width: 10px !important;border-left-width: 10px !important;border-left-color: #208bc9 !important;border-left-style: solid !important;border-right-color: #208bc9 !important;border-right-style: solid !important;border-top-color: #208bc9 !important;border-top-style: solid !important;border-bottom-color: #208bc9 !important;border-bottom-style: solid !important;}&#8221; width=&#8221;1\/2&#8243;][vc_wp_posts category=&#8221;press-releases&#8221; number=&#8221;5&#8243; title=&#8221;NOTICIAS RECIENTES&#8221;][\/vc_column][\/vc_row]<\/p>\n<\/div>","protected":false},"excerpt":{"rendered":"<p>[vc_row bottom_margin=&#8221;md&#8221; top_margin=&#8221;sm&#8221;][vc_column][\/vc_column][\/vc_row][vc_row][vc_column el_class=&#8221;sep-bottom-md&#8221; width=&#8221;1\/2&#8243;][vc_column_text] Sala de Prensa Solar Gard Las pel\u00edculas para ventanas Solar Gard con calidad superior se han&nbsp;utilizado en aplicaciones automotrices, comerciales, gubernamentales y residenciales durante m\u00e1s de 30 a\u00f1os. Los productos Solar Gard solo est\u00e1n disponibles a trav\u00e9s de nuestra red global de expertos&nbsp;en pel\u00edculas para ventanas entrenados profesionalmente. S\u00edguenos en &hellip; <a href=\"https:\/\/www.solargard.com\/es-la\/prensa\/\">Continued<\/a><\/p>\n","protected":false},"author":1,"featured_media":0,"parent":0,"menu_order":0,"comment_status":"closed","ping_status":"closed","template":"","meta":{"_acf_changed":false,"footnotes":""},"class_list":["post-28234","page","type-page","status-publish","hentry"],"acf":[],"_links":{"self":[{"href":"https:\/\/www.solargard.com\/es-la\/wp-json\/wp\/v2\/pages\/28234","targetHints":{"allow":["GET"]}}],"collection":[{"href":"https:\/\/www.solargard.com\/es-la\/wp-json\/wp\/v2\/pages"}],"about":[{"href":"https:\/\/www.solargard.com\/es-la\/wp-json\/wp\/v2\/types\/page"}],"author":[{"embeddable":true,"href":"https:\/\/www.solargard.com\/es-la\/wp-json\/wp\/v2\/users\/1"}],"replies":[{"embeddable":true,"href":"https:\/\/www.solargard.com\/es-la\/wp-json\/wp\/v2\/comments?post=28234"}],"version-history":[{"count":0,"href":"https:\/\/www.solargard.com\/es-la\/wp-json\/wp\/v2\/pages\/28234\/revisions"}],"wp:attachment":[{"href":"https:\/\/www.solargard.com\/es-la\/wp-json\/wp\/v2\/media?parent=28234"}],"curies":[{"name":"wp","href":"https:\/\/api.w.org\/{rel}","templated":true}]}}