{"id":28994,"date":"2016-03-31T20:58:38","date_gmt":"2016-03-31T20:58:38","guid":{"rendered":"https:\/\/www.solargard.com\/es-la\/?page_id=28994"},"modified":"2016-05-11T16:21:41","modified_gmt":"2016-05-11T16:21:41","slug":"leyes-de-polarizado","status":"publish","type":"page","link":"https:\/\/www.solargard.com\/es-la\/leyes-de-polarizado\/","title":{"rendered":"Leyes de Polarizado"},"content":{"rendered":"<h2>Solamente el tono que usted necesita<\/h2>\n<p>Solar Gard tiene una de las m\u00e1s amplias gamas de pel\u00edculas para autom\u00f3viles en el mercado. Existe la pel\u00edcula perfecta para cada veh\u00edculo. Oscuro, translucido, reflectante o mate, con la amplia variedad de niveles de transmisi\u00f3n de luz visible (VLT \u2013 Visible Light Transmission) y acabados, hace f\u00e1cil seleccionar una pel\u00edcula para las ventanas de su auto. Solar Gard tiene para usted el producto adecuado que satisfaga sus necesidades de desempe\u00f1o y cumpla con las leyes locales de polarizado.<\/p>\n<p>Su distribuidor Solar Gard es un profesional en la industria que cuenta con la experiencia y el conocimiento en quien usted puede confiar. Nuestros distribuidores deciden trabajar con Solar Gard porque conf\u00edan en nuestro excelente desempe\u00f1o de protecci\u00f3n solar, gran cobertura de garant\u00edas y satisfacci\u00f3n superior al consumidor. Su distribuidor local de Solar Gard estar\u00e1 encantado de ayudarlo.<\/p>\n<p>Descubra las opciones legales para su veh\u00edculo mediante la descarga de la documentaci\u00f3n, en formato PDF, de los requisitos locales publicados por la Asociaci\u00f3n Internacional de Pel\u00edculas para Ventanas (International Window Film Association &#8211; por su nombre en ingl\u00e9s) (con permiso de IWFA).<\/p>\n<ul>\n<li>En los EE.UU. las leyes de polarizado var\u00edan ampliamente seg\u00fan el estado. Para encontrar leyes de su estado, descargue la <a title=\"IWFA State Law List \" href=\"https:\/\/www.solargard.com\/es\/peliculas-de-ventana\/automotrices\/124dce67-7498-4ae7-b8de-5538e748ebf8\" target=\"_blank\">lista por estado del IWFA<\/a><\/li>\n<li>En Canad\u00e1, descargue las <a title=\"IWFA Tint Laws for Canada\" href=\"https:\/\/www.solargard.com\/es\/peliculas-de-ventana\/automotrices\/03002762-7268-40a5-9448-ce72ed09b3cd\" target=\"_blank\">leyes del IWFA para Canad\u00e1<\/a><\/li>\n<li>En Europa, encontrar\u00e1 las leyes de su pa\u00eds mediante la descarga de un archivo PDF de la <a title=\"EWFA list\" href=\"https:\/\/www.solargard.com\/es\/peliculas-de-ventana\/automotrices\/16e0877e-c63c-4d4a-b1c2-452456b0ad2f\" target=\"_blank\">lista del EWFA<\/a><\/li>\n<\/ul>\n","protected":false},"excerpt":{"rendered":"<p>Solamente el tono que usted necesita Solar Gard tiene una de las m\u00e1s amplias gamas de pel\u00edculas para autom\u00f3viles en el mercado. Existe la pel\u00edcula perfecta para cada veh\u00edculo. Oscuro, translucido, reflectante o mate, con la amplia variedad de niveles de transmisi\u00f3n de luz visible (VLT \u2013 Visible Light Transmission) y acabados, hace f\u00e1cil seleccionar &hellip; <a href=\"https:\/\/www.solargard.com\/es-la\/leyes-de-polarizado\/\">Continued<\/a><\/p>\n","protected":false},"author":1,"featured_media":0,"parent":0,"menu_order":0,"comment_status":"closed","ping_status":"closed","template":"","meta":{"_acf_changed":false,"footnotes":""},"class_list":["post-28994","page","type-page","status-publish","hentry"],"acf":[],"_links":{"self":[{"href":"https:\/\/www.solargard.com\/es-la\/wp-json\/wp\/v2\/pages\/28994","targetHints":{"allow":["GET"]}}],"collection":[{"href":"https:\/\/www.solargard.com\/es-la\/wp-json\/wp\/v2\/pages"}],"about":[{"href":"https:\/\/www.solargard.com\/es-la\/wp-json\/wp\/v2\/types\/page"}],"author":[{"embeddable":true,"href":"https:\/\/www.solargard.com\/es-la\/wp-json\/wp\/v2\/users\/1"}],"replies":[{"embeddable":true,"href":"https:\/\/www.solargard.com\/es-la\/wp-json\/wp\/v2\/comments?post=28994"}],"version-history":[{"count":0,"href":"https:\/\/www.solargard.com\/es-la\/wp-json\/wp\/v2\/pages\/28994\/revisions"}],"wp:attachment":[{"href":"https:\/\/www.solargard.com\/es-la\/wp-json\/wp\/v2\/media?parent=28994"}],"curies":[{"name":"wp","href":"https:\/\/api.w.org\/{rel}","templated":true}]}}