{"id":23398,"date":"2014-11-03T19:58:19","date_gmt":"2014-11-03T19:58:19","guid":{"rendered":"https:\/\/www.solargard.com\/esp\/?post_type=product&#038;p=23398"},"modified":"2022-09-22T12:19:50","modified_gmt":"2022-09-22T20:19:50","slug":"solar-bronze","status":"publish","type":"product","link":"https:\/\/www.solargard.com\/es-la\/product\/solar-bronze\/","title":{"rendered":"Solar Bronze"},"content":{"rendered":"<p><span>La serie Solar Bronze de Solar Gard agrega un c\u00e1lido acabado de cobre a las ventanas arquitect\u00f3nicas, armonizando con colores naturales. Estas pel\u00edculas ofrecen rechazo a altas temperaturas y un excelente nivel de privacidad, manteniendo niveles aceptables de luz natural. A\u00f1ada sofisticaci\u00f3n y belleza a su propiedad con Solar Bronze.<\/span><\/p>\n","protected":false},"excerpt":{"rendered":"<p>La serie Solar Bronze de Solar Gard agrega un c\u00e1lido acabado de cobre a las ventanas arquitect\u00f3nicas, armonizando con colores naturales. Estas pel\u00edculas ofrecen rechazo a altas temperaturas y un excelente nivel de privacidad, manteniendo niveles aceptables de luz natural. A\u00f1ada sofisticaci\u00f3n y belleza a su propiedad con Solar Bronze.<\/p>\n","protected":false},"featured_media":28417,"comment_status":"open","ping_status":"closed","template":"","meta":{"_acf_changed":false},"product_brand":[],"product_cat":[762,766,1271],"product_tag":[1446,1476,1491,1521],"class_list":{"0":"post-23398","1":"product","2":"type-product","3":"status-publish","4":"has-post-thumbnail","6":"product_cat-arquitectonico","7":"product_cat-control-solar","8":"product_cat-solar-gard-es-la","9":"product_tag-commercial-es-la","10":"product_tag-heat-es-la","11":"product_tag-privacy-es-la","12":"product_tag-reflective-es-la","14":"first","15":"outofstock","16":"shipping-taxable","17":"product-type-simple"},"acf":[],"_links":{"self":[{"href":"https:\/\/www.solargard.com\/es-la\/wp-json\/wp\/v2\/product\/23398","targetHints":{"allow":["GET"]}}],"collection":[{"href":"https:\/\/www.solargard.com\/es-la\/wp-json\/wp\/v2\/product"}],"about":[{"href":"https:\/\/www.solargard.com\/es-la\/wp-json\/wp\/v2\/types\/product"}],"replies":[{"embeddable":true,"href":"https:\/\/www.solargard.com\/es-la\/wp-json\/wp\/v2\/comments?post=23398"}],"wp:featuredmedia":[{"embeddable":true,"href":"https:\/\/www.solargard.com\/es-la\/wp-json\/wp\/v2\/media\/28417"}],"wp:attachment":[{"href":"https:\/\/www.solargard.com\/es-la\/wp-json\/wp\/v2\/media?parent=23398"}],"wp:term":[{"taxonomy":"product_brand","embeddable":true,"href":"https:\/\/www.solargard.com\/es-la\/wp-json\/wp\/v2\/product_brand?post=23398"},{"taxonomy":"product_cat","embeddable":true,"href":"https:\/\/www.solargard.com\/es-la\/wp-json\/wp\/v2\/product_cat?post=23398"},{"taxonomy":"product_tag","embeddable":true,"href":"https:\/\/www.solargard.com\/es-la\/wp-json\/wp\/v2\/product_tag?post=23398"}],"curies":[{"name":"wp","href":"https:\/\/api.w.org\/{rel}","templated":true}]}}