{"id":23401,"date":"2014-11-03T19:58:27","date_gmt":"2014-11-03T19:58:27","guid":{"rendered":"https:\/\/www.solargard.com\/esp\/?post_type=product&#038;p=23401"},"modified":"2022-09-22T12:19:50","modified_gmt":"2022-09-22T20:19:50","slug":"stainless-steel","status":"publish","type":"product","link":"https:\/\/www.solargard.com\/es-la\/product\/stainless-steel\/","title":{"rendered":"Stainless Steel"},"content":{"rendered":"<p><span>La serie Solar Gard Stainless Steel es ampliamente aceptada como una soluci\u00f3n solar para hogares y edificios en todo el mundo que tambi\u00e9n necesitan la protecci\u00f3n de una pel\u00edcula de seguridad. Estas pel\u00edculas tienen un tono gris con una calidad reflectiva baja que las convierte en un complemento natural para la mayor\u00eda de las combinaciones de colores interiores y exteriores. El metal de acero inoxidable, adhesivos de laminaci\u00f3n y recubrimiento resistente a los rayones utilizados en esta serie de pel\u00edculas, proporcionan un alto rendimiento, durabilidad y longevidad por lo que es la opci\u00f3n preferida de muchos.<\/span><\/p>\n","protected":false},"excerpt":{"rendered":"<p>La serie Solar Gard Stainless Steel es ampliamente aceptada como una soluci\u00f3n solar para hogares y edificios en todo el mundo que tambi\u00e9n necesitan la protecci\u00f3n de una pel\u00edcula de seguridad. Estas pel\u00edculas tienen un tono gris con una calidad reflectiva baja que las convierte en un complemento natural para la mayor\u00eda de las combinaciones &hellip; <a href=\"https:\/\/www.solargard.com\/es-la\/product\/stainless-steel\/\">Continued<\/a><\/p>\n","protected":false},"featured_media":33303,"comment_status":"open","ping_status":"closed","template":"","meta":{"_acf_changed":false},"product_brand":[],"product_cat":[762,766,1271],"product_tag":[1446,1521],"class_list":{"0":"post-23401","1":"product","2":"type-product","3":"status-publish","4":"has-post-thumbnail","6":"product_cat-arquitectonico","7":"product_cat-control-solar","8":"product_cat-solar-gard-es-la","9":"product_tag-commercial-es-la","10":"product_tag-reflective-es-la","12":"first","13":"instock","14":"shipping-taxable","15":"product-type-simple"},"acf":[],"_links":{"self":[{"href":"https:\/\/www.solargard.com\/es-la\/wp-json\/wp\/v2\/product\/23401","targetHints":{"allow":["GET"]}}],"collection":[{"href":"https:\/\/www.solargard.com\/es-la\/wp-json\/wp\/v2\/product"}],"about":[{"href":"https:\/\/www.solargard.com\/es-la\/wp-json\/wp\/v2\/types\/product"}],"replies":[{"embeddable":true,"href":"https:\/\/www.solargard.com\/es-la\/wp-json\/wp\/v2\/comments?post=23401"}],"wp:featuredmedia":[{"embeddable":true,"href":"https:\/\/www.solargard.com\/es-la\/wp-json\/wp\/v2\/media\/33303"}],"wp:attachment":[{"href":"https:\/\/www.solargard.com\/es-la\/wp-json\/wp\/v2\/media?parent=23401"}],"wp:term":[{"taxonomy":"product_brand","embeddable":true,"href":"https:\/\/www.solargard.com\/es-la\/wp-json\/wp\/v2\/product_brand?post=23401"},{"taxonomy":"product_cat","embeddable":true,"href":"https:\/\/www.solargard.com\/es-la\/wp-json\/wp\/v2\/product_cat?post=23401"},{"taxonomy":"product_tag","embeddable":true,"href":"https:\/\/www.solargard.com\/es-la\/wp-json\/wp\/v2\/product_tag?post=23401"}],"curies":[{"name":"wp","href":"https:\/\/api.w.org\/{rel}","templated":true}]}}