{"id":23403,"date":"2014-11-03T19:57:57","date_gmt":"2014-11-03T19:57:57","guid":{"rendered":"https:\/\/www.solargard.com\/esp\/?post_type=product&#038;p=23403"},"modified":"2024-03-18T09:15:41","modified_gmt":"2024-03-18T17:15:41","slug":"quantum","status":"publish","type":"product","link":"https:\/\/www.solargard.com\/es-la\/product\/quantum\/","title":{"rendered":"Quantum"},"content":{"rendered":"<p>Las pel\u00edculas Quantum le ofrecen rechazo de altas temperaturas y deslumbramiento; est\u00e1n disponibles en grosores de pel\u00edculas de seguridad para la protecci\u00f3n contra la rotura accidental o entrada forzada. Las pel\u00edculas Quantum tambi\u00e9n ofrecen baja reflexi\u00f3n para que no tenga que vivir con un aspecto de espejo de d\u00eda ni de noche.<\/p>\n<p>Las pel\u00edculas Quantum le ofrecen rechazo de altas temperaturas y deslumbramiento; est\u00e1n disponibles en grosores de pel\u00edculas de seguridad para la protecci\u00f3n contra la rotura accidental o entrada forzada. Las pel\u00edculas Quantum tambi\u00e9n ofrecen baja reflexi\u00f3n para que no tenga que vivir con un aspecto de espejo de d\u00eda ni de noche.<\/p>\n","protected":false},"excerpt":{"rendered":"<p>Las pel\u00edculas Quantum le ofrecen rechazo de altas temperaturas y deslumbramiento; est\u00e1n disponibles en grosores de pel\u00edculas de seguridad para la protecci\u00f3n contra la rotura accidental o entrada forzada. Las pel\u00edculas Quantum tambi\u00e9n ofrecen baja reflexi\u00f3n para que no tenga que vivir con un aspecto de espejo de d\u00eda ni de noche. Las pel\u00edculas Quantum &hellip; <a href=\"https:\/\/www.solargard.com\/es-la\/product\/quantum\/\">Continued<\/a><\/p>\n","protected":false},"featured_media":29054,"comment_status":"open","ping_status":"closed","template":"","meta":{"_acf_changed":false},"product_brand":[],"product_cat":[762,766,1271],"product_tag":[1565],"class_list":{"0":"post-23403","1":"product","2":"type-product","3":"status-publish","4":"has-post-thumbnail","6":"product_cat-arquitectonico","7":"product_cat-control-solar","8":"product_cat-solar-gard-es-la","9":"product_tag-staying-cool-es-la","11":"first","12":"outofstock","13":"shipping-taxable","14":"product-type-simple"},"acf":[],"_links":{"self":[{"href":"https:\/\/www.solargard.com\/es-la\/wp-json\/wp\/v2\/product\/23403","targetHints":{"allow":["GET"]}}],"collection":[{"href":"https:\/\/www.solargard.com\/es-la\/wp-json\/wp\/v2\/product"}],"about":[{"href":"https:\/\/www.solargard.com\/es-la\/wp-json\/wp\/v2\/types\/product"}],"replies":[{"embeddable":true,"href":"https:\/\/www.solargard.com\/es-la\/wp-json\/wp\/v2\/comments?post=23403"}],"wp:featuredmedia":[{"embeddable":true,"href":"https:\/\/www.solargard.com\/es-la\/wp-json\/wp\/v2\/media\/29054"}],"wp:attachment":[{"href":"https:\/\/www.solargard.com\/es-la\/wp-json\/wp\/v2\/media?parent=23403"}],"wp:term":[{"taxonomy":"product_brand","embeddable":true,"href":"https:\/\/www.solargard.com\/es-la\/wp-json\/wp\/v2\/product_brand?post=23403"},{"taxonomy":"product_cat","embeddable":true,"href":"https:\/\/www.solargard.com\/es-la\/wp-json\/wp\/v2\/product_cat?post=23403"},{"taxonomy":"product_tag","embeddable":true,"href":"https:\/\/www.solargard.com\/es-la\/wp-json\/wp\/v2\/product_tag?post=23403"}],"curies":[{"name":"wp","href":"https:\/\/api.w.org\/{rel}","templated":true}]}}