{"id":23404,"date":"2014-11-03T19:56:23","date_gmt":"2014-11-03T19:56:23","guid":{"rendered":"https:\/\/www.solargard.com\/esp\/?post_type=product&#038;p=23404"},"modified":"2022-09-22T12:19:48","modified_gmt":"2022-09-22T20:19:48","slug":"silver","status":"publish","type":"product","link":"https:\/\/www.solargard.com\/es-la\/product\/silver\/","title":{"rendered":"Aluminum"},"content":{"rendered":"<div class=\"sf_cols\">\n<div class=\"sf_colsOut ContentRightMain clearfix\">\n<div id=\"ContentPlaceHolder2_T12509600004_Col01\" class=\"sf_colsIn sf_2cols_2in_75\">\n<div class=\"sf_cols ContentFeatured\">\n<div class=\"sf_colsOut ContentFeaturedInner\">\n<div id=\"ContentPlaceHolder2_T12509600009_Col00\" class=\"sf_colsIn sf_1col_1in_100\">\n<div class=\"sf_cols\">\n<div class=\"sf_colsOut ContentLandingLeft\">\n<div id=\"ContentPlaceHolder2_T12509600017_Col00\" class=\"sf_colsIn sf_2cols_1in_75\">\n<div class=\"sf_cols IntroText\">\n<div class=\"sf_colsOut \">\n<div id=\"ContentPlaceHolder2_T12509600018_Col00\" class=\"sf_colsIn sf_1col_1in_100\">\n<div class=\"sfContentBlock\">\n<h1>Solar Gard\u00ae Aluminum serie<\/h1>\n<p>La serie Silver de Solar Gard incluye una amplia variedad de pel\u00edculas, hechas de metales escasos y preciosos, como oro, plata y bronce. Esta serie ofrece privacidad \u00f3ptima con un m\u00ednimo de transmisi\u00f3n de calor a su entorno. Una opci\u00f3n popular para las propiedades comerciales la serie Solar Gard Silver mantiene a los ocupantes frescos y c\u00f3modos, reduciendo significativamente el consumo de energ\u00eda. \u00a1Pel\u00edculas serias para resultados serios!<\/p>\n<\/div>\n<\/div>\n<\/div>\n<\/div>\n<\/div>\n<\/div>\n<div class=\"sf_colsOut ContentLandingRight\"><\/div>\n<\/div>\n<\/div>\n<\/div>\n<\/div>\n<\/div>\n<\/div>\n<\/div>\n<div class=\"sf_cols SelectCountryLeft\"><\/div>\n","protected":false},"excerpt":{"rendered":"<p>Solar Gard\u00ae Aluminum serie La serie Silver de Solar Gard incluye una amplia variedad de pel\u00edculas, hechas de metales escasos y preciosos, como oro, plata y bronce. Esta serie ofrece privacidad \u00f3ptima con un m\u00ednimo de transmisi\u00f3n de calor a su entorno. Una opci\u00f3n popular para las propiedades comerciales la serie Solar Gard Silver mantiene &hellip; <a href=\"https:\/\/www.solargard.com\/es-la\/product\/silver\/\">Continued<\/a><\/p>\n","protected":false},"featured_media":28442,"comment_status":"open","ping_status":"closed","template":"","meta":{"_acf_changed":false},"product_brand":[],"product_cat":[762,766,1271],"product_tag":[1446,1476,1491,1521],"class_list":{"0":"post-23404","1":"product","2":"type-product","3":"status-publish","4":"has-post-thumbnail","6":"product_cat-arquitectonico","7":"product_cat-control-solar","8":"product_cat-solar-gard-es-la","9":"product_tag-commercial-es-la","10":"product_tag-heat-es-la","11":"product_tag-privacy-es-la","12":"product_tag-reflective-es-la","14":"first","15":"outofstock","16":"shipping-taxable","17":"product-type-simple"},"acf":[],"_links":{"self":[{"href":"https:\/\/www.solargard.com\/es-la\/wp-json\/wp\/v2\/product\/23404","targetHints":{"allow":["GET"]}}],"collection":[{"href":"https:\/\/www.solargard.com\/es-la\/wp-json\/wp\/v2\/product"}],"about":[{"href":"https:\/\/www.solargard.com\/es-la\/wp-json\/wp\/v2\/types\/product"}],"replies":[{"embeddable":true,"href":"https:\/\/www.solargard.com\/es-la\/wp-json\/wp\/v2\/comments?post=23404"}],"wp:featuredmedia":[{"embeddable":true,"href":"https:\/\/www.solargard.com\/es-la\/wp-json\/wp\/v2\/media\/28442"}],"wp:attachment":[{"href":"https:\/\/www.solargard.com\/es-la\/wp-json\/wp\/v2\/media?parent=23404"}],"wp:term":[{"taxonomy":"product_brand","embeddable":true,"href":"https:\/\/www.solargard.com\/es-la\/wp-json\/wp\/v2\/product_brand?post=23404"},{"taxonomy":"product_cat","embeddable":true,"href":"https:\/\/www.solargard.com\/es-la\/wp-json\/wp\/v2\/product_cat?post=23404"},{"taxonomy":"product_tag","embeddable":true,"href":"https:\/\/www.solargard.com\/es-la\/wp-json\/wp\/v2\/product_tag?post=23404"}],"curies":[{"name":"wp","href":"https:\/\/api.w.org\/{rel}","templated":true}]}}