{"id":23413,"date":"2014-11-03T19:54:45","date_gmt":"2014-11-03T19:54:45","guid":{"rendered":"https:\/\/www.solargard.com\/esp\/?post_type=product&#038;p=23413"},"modified":"2022-09-21T11:01:11","modified_gmt":"2022-09-21T19:01:11","slug":"hp-quantum","status":"publish","type":"product","link":"https:\/\/www.solargard.com\/es-la\/product\/hp-quantum\/","title":{"rendered":"HP Quantum"},"content":{"rendered":"<p>Nuestras pel\u00edculas patentadas para ventanas Quantum de Solar Gard\u00ae, que son totalmente de metal, fueron creadas con una innovadora tecnolog\u00eda. Estas cuentan con metales ex\u00f3ticos y duraderos, creadas mediante el proceso de pulverizaci\u00f3n met\u00e1lica, como el titanio, acero inoxidable, cobre, oro, plata, aluminio y otras aleaciones Le podemos asegurar que nuestra l\u00ednea Quantum le ofrecer\u00e1 tonalidades elegantes que resaltar\u00e1n en cualquier veh\u00edculo. Quantum le ofrece un color estable, un rechazo de calor insuperable y una duraci\u00f3n garantizada durante toda la vida \u00fatil de su veh\u00edculo.<\/p>\n<h2>Caracter\u00edsticas principales<\/h2>\n<ul>\n<li>Gran estabilidad de color<\/li>\n<li>Excelente reducci\u00f3n del deslumbramiento<\/li>\n<li>Rechaza 99% de todos los rayos ultravioleta<\/li>\n<li>Garant\u00eda limitada de por vida<\/li>\n<\/ul>\n","protected":false},"excerpt":{"rendered":"<p>Nuestras pel\u00edculas patentadas para ventanas Quantum de Solar Gard\u00ae, que son totalmente de metal, fueron creadas con una innovadora tecnolog\u00eda. Estas cuentan con metales ex\u00f3ticos y duraderos, creadas mediante el proceso de pulverizaci\u00f3n met\u00e1lica, como el titanio, acero inoxidable, cobre, oro, plata, aluminio y otras aleaciones Le podemos asegurar que nuestra l\u00ednea Quantum le ofrecer\u00e1 &hellip; <a href=\"https:\/\/www.solargard.com\/es-la\/product\/hp-quantum\/\">Continued<\/a><\/p>\n","protected":false},"featured_media":98809,"comment_status":"open","ping_status":"closed","template":"","meta":{"_acf_changed":false},"product_brand":[],"product_cat":[772,768],"product_tag":[1593,1648,1634,1565],"class_list":{"0":"post-23413","1":"product","2":"type-product","3":"status-publish","4":"has-post-thumbnail","6":"product_cat-alto-desempeno-hp","7":"product_cat-automotor","8":"product_tag-color-stability-es-la","9":"product_tag-dark-tint-es-la","10":"product_tag-medium-tint-es-la","11":"product_tag-staying-cool-es-la","13":"first","14":"outofstock","15":"shipping-taxable","16":"product-type-simple"},"acf":[],"_links":{"self":[{"href":"https:\/\/www.solargard.com\/es-la\/wp-json\/wp\/v2\/product\/23413","targetHints":{"allow":["GET"]}}],"collection":[{"href":"https:\/\/www.solargard.com\/es-la\/wp-json\/wp\/v2\/product"}],"about":[{"href":"https:\/\/www.solargard.com\/es-la\/wp-json\/wp\/v2\/types\/product"}],"replies":[{"embeddable":true,"href":"https:\/\/www.solargard.com\/es-la\/wp-json\/wp\/v2\/comments?post=23413"}],"wp:featuredmedia":[{"embeddable":true,"href":"https:\/\/www.solargard.com\/es-la\/wp-json\/wp\/v2\/media\/98809"}],"wp:attachment":[{"href":"https:\/\/www.solargard.com\/es-la\/wp-json\/wp\/v2\/media?parent=23413"}],"wp:term":[{"taxonomy":"product_brand","embeddable":true,"href":"https:\/\/www.solargard.com\/es-la\/wp-json\/wp\/v2\/product_brand?post=23413"},{"taxonomy":"product_cat","embeddable":true,"href":"https:\/\/www.solargard.com\/es-la\/wp-json\/wp\/v2\/product_cat?post=23413"},{"taxonomy":"product_tag","embeddable":true,"href":"https:\/\/www.solargard.com\/es-la\/wp-json\/wp\/v2\/product_tag?post=23413"}],"curies":[{"name":"wp","href":"https:\/\/api.w.org\/{rel}","templated":true}]}}