{"id":23416,"date":"2014-11-03T19:55:01","date_gmt":"2014-11-03T19:55:01","guid":{"rendered":"https:\/\/www.solargard.com\/esp\/?post_type=product&#038;p=23416"},"modified":"2022-09-21T11:01:13","modified_gmt":"2022-09-21T19:01:13","slug":"hp-supreme","status":"publish","type":"product","link":"https:\/\/www.solargard.com\/es-la\/product\/hp-supreme\/","title":{"rendered":"HP Supreme"},"content":{"rendered":"<p>HP Supreme le ofrece una apariencia elegante y una nueva dimensi\u00f3n en protecci\u00f3n solar para mejorar su confort al conducir. La experiencia de manejo con HP Supreme es el resultado de la capacidad de la pel\u00edcula para bloquear hasta el 58% del total de energ\u00eda solar y m\u00e1s del 99% de los rayos ultravioleta. Esto garantiza un control \u00f3ptimo del calor y protecci\u00f3n solar como ning\u00fan otro. HP Supreme ofrece una amplia gama de tonalidades, incluso la pel\u00edcula para ventanas m\u00e1s oscura del mercado con s\u00f3lo el 4% de transmisi\u00f3n de luz visible. Adem\u00e1s, HP Supreme ofrece la claridad de pel\u00edculas l\u00edder en la industria con una visibilidad sin alteraciones para conducir con seguridad.<\/p>\n<h2>Caracter\u00edsticas principales<\/h2>\n<ul>\n<li>Desempe\u00f1o solar excepcional<\/li>\n<li>Baja reflexi\u00f3n de luz<\/li>\n<li>Claridad de la pel\u00edcula sin precedentes<\/li>\n<li>Estabilidad del color l\u00edder en la industria<\/li>\n<li>Tiempos de secado extremadamente r\u00e1pidos<\/li>\n<li>Combinaci\u00f3n perfecta con toda la serie Supreme en todas las tonalidades<\/li>\n<li>Se ajusta perfectamente con el calor<\/li>\n<li>Disponible en siete tonos<\/li>\n<li>Garant\u00eda limitada de por vida<\/li>\n<\/ul>\n","protected":false},"excerpt":{"rendered":"<p>HP Supreme le ofrece una apariencia elegante y una nueva dimensi\u00f3n en protecci\u00f3n solar para mejorar su confort al conducir. La experiencia de manejo con HP Supreme es el resultado de la capacidad de la pel\u00edcula para bloquear hasta el 58% del total de energ\u00eda solar y m\u00e1s del 99% de los rayos ultravioleta. Esto &hellip; <a href=\"https:\/\/www.solargard.com\/es-la\/product\/hp-supreme\/\">Continued<\/a><\/p>\n","protected":false},"featured_media":98829,"comment_status":"open","ping_status":"closed","template":"","meta":{"_acf_changed":false},"product_brand":[],"product_cat":[772,768],"product_tag":[1593,1648,1634,1521,1565],"class_list":{"0":"post-23416","1":"product","2":"type-product","3":"status-publish","4":"has-post-thumbnail","6":"product_cat-alto-desempeno-hp","7":"product_cat-automotor","8":"product_tag-color-stability-es-la","9":"product_tag-dark-tint-es-la","10":"product_tag-medium-tint-es-la","11":"product_tag-reflective-es-la","12":"product_tag-staying-cool-es-la","14":"first","15":"outofstock","16":"shipping-taxable","17":"product-type-simple"},"acf":[],"_links":{"self":[{"href":"https:\/\/www.solargard.com\/es-la\/wp-json\/wp\/v2\/product\/23416","targetHints":{"allow":["GET"]}}],"collection":[{"href":"https:\/\/www.solargard.com\/es-la\/wp-json\/wp\/v2\/product"}],"about":[{"href":"https:\/\/www.solargard.com\/es-la\/wp-json\/wp\/v2\/types\/product"}],"replies":[{"embeddable":true,"href":"https:\/\/www.solargard.com\/es-la\/wp-json\/wp\/v2\/comments?post=23416"}],"wp:featuredmedia":[{"embeddable":true,"href":"https:\/\/www.solargard.com\/es-la\/wp-json\/wp\/v2\/media\/98829"}],"wp:attachment":[{"href":"https:\/\/www.solargard.com\/es-la\/wp-json\/wp\/v2\/media?parent=23416"}],"wp:term":[{"taxonomy":"product_brand","embeddable":true,"href":"https:\/\/www.solargard.com\/es-la\/wp-json\/wp\/v2\/product_brand?post=23416"},{"taxonomy":"product_cat","embeddable":true,"href":"https:\/\/www.solargard.com\/es-la\/wp-json\/wp\/v2\/product_cat?post=23416"},{"taxonomy":"product_tag","embeddable":true,"href":"https:\/\/www.solargard.com\/es-la\/wp-json\/wp\/v2\/product_tag?post=23416"}],"curies":[{"name":"wp","href":"https:\/\/api.w.org\/{rel}","templated":true}]}}