{"id":23417,"date":"2019-01-08T19:54:53","date_gmt":"2016-03-08T16:25:39","guid":{"rendered":"https:\/\/www.solargard.com\/esp\/?post_type=product&#038;p=23417"},"modified":"2019-04-22T15:39:49","modified_gmt":"2019-04-22T22:39:49","slug":"ultra-performance","status":"publish","type":"product","link":"https:\/\/www.solargard.com\/es-la\/product\/ultra-performance\/","title":{"rendered":"Ultra Performance"},"content":{"rendered":"<p>Fabricado con la nanotecnolog\u00eda m\u00e1s avanzada, Ultra Performance pertenece a una clase \u00fanica al tratarse de maximizar su experiencia al conducir y su confort. Gracias a las propiedades avanzadas de Ultra Performance de rechazo de rayos de calor infrarrojos, usted disfrutar\u00e1 de una reducci\u00f3n significativa del total de energ\u00eda t\u00e9rmica solar que entra a trav\u00e9s de sus ventanas en 6 tonos diferentes. Adem\u00e1s, Ultra Performance le ofrece una claridad l\u00edder en la industria de pel\u00edculas solares brind\u00e1ndole una visibilidad sin alteraciones para conducir con seguridad.<\/p>\n<p>Ya que Ultra Performance bloquea m\u00e1s del 99% de los da\u00f1inos rayos ultravioleta, usted est\u00e1 ayudando a proteger el hermoso interior de su autom\u00f3vil de la decoloraci\u00f3n, as\u00ed como a los pasajeros del envejecimiento prematuro de la piel. Aseg\u00farese de obtener una pel\u00edcula transparente, con desempe\u00f1o ultra que durar\u00e1 toda una vida &#8211; \u00a1garantizado!<\/p>\n<p>Los pasajeros y conductores de veh\u00edculos con pel\u00edculas de protecci\u00f3n solar Ultra Performance experimentaran un nivel de confort interior, iluminaci\u00f3n y seguridad inigualables.<\/p>\n<h2>Caracter\u00edsticas y beneficios<\/h2>\n<ul>\n<li>Combinaci\u00f3n inigualable de alto rechazo del calor y transmisi\u00f3n de luz visible<\/li>\n<li>Mantiene la apariencia del vidrio como de f\u00e1brica<\/li>\n<li>Claridad de la pel\u00edcula sin precedentes<\/li>\n<li>Estabilidad del color l\u00edder en la industria<\/li>\n<li>Compatible con se\u00f1ales de radio satelital, navegador satelital (GPS), celulares y sistema de monitoreo de presi\u00f3n de neum\u00e1ticos<\/li>\n<li>Garant\u00eda limitada de por vida<\/li>\n<li>Rechaza 99% de todos los rayos ultravioleta<\/li>\n<\/ul>\n","protected":false},"excerpt":{"rendered":"<p>Fabricado con la nanotecnolog\u00eda m\u00e1s avanzada, Ultra Performance pertenece a una clase \u00fanica al tratarse de maximizar su experiencia al conducir y su confort. Gracias a las propiedades avanzadas de Ultra Performance de rechazo de rayos de calor infrarrojos, usted disfrutar\u00e1 de una reducci\u00f3n significativa del total de energ\u00eda t\u00e9rmica solar que entra a trav\u00e9s &hellip; <a href=\"https:\/\/www.solargard.com\/es-la\/product\/ultra-performance\/\">Continued<\/a><\/p>\n","protected":false},"featured_media":37260,"comment_status":"open","ping_status":"closed","template":"","meta":{"_acf_changed":false},"product_brand":[],"product_cat":[768,1126],"product_tag":[1550,1593,1648,1621,1634,1521,1579,1565],"class_list":{"0":"post-23417","1":"product","2":"type-product","3":"status-publish","4":"has-post-thumbnail","6":"product_cat-automotor","7":"product_cat-ultra-performance-automotor","8":"product_tag-clear-es-la","9":"product_tag-color-stability-es-la","10":"product_tag-dark-tint-es-la","11":"product_tag-light-tint-es-la","12":"product_tag-medium-tint-es-la","13":"product_tag-reflective-es-la","14":"product_tag-signal-friendly-es-la","15":"product_tag-staying-cool-es-la","17":"first","18":"outofstock","19":"shipping-taxable","20":"product-type-simple"},"acf":[],"_links":{"self":[{"href":"https:\/\/www.solargard.com\/es-la\/wp-json\/wp\/v2\/product\/23417","targetHints":{"allow":["GET"]}}],"collection":[{"href":"https:\/\/www.solargard.com\/es-la\/wp-json\/wp\/v2\/product"}],"about":[{"href":"https:\/\/www.solargard.com\/es-la\/wp-json\/wp\/v2\/types\/product"}],"replies":[{"embeddable":true,"href":"https:\/\/www.solargard.com\/es-la\/wp-json\/wp\/v2\/comments?post=23417"}],"wp:featuredmedia":[{"embeddable":true,"href":"https:\/\/www.solargard.com\/es-la\/wp-json\/wp\/v2\/media\/37260"}],"wp:attachment":[{"href":"https:\/\/www.solargard.com\/es-la\/wp-json\/wp\/v2\/media?parent=23417"}],"wp:term":[{"taxonomy":"product_brand","embeddable":true,"href":"https:\/\/www.solargard.com\/es-la\/wp-json\/wp\/v2\/product_brand?post=23417"},{"taxonomy":"product_cat","embeddable":true,"href":"https:\/\/www.solargard.com\/es-la\/wp-json\/wp\/v2\/product_cat?post=23417"},{"taxonomy":"product_tag","embeddable":true,"href":"https:\/\/www.solargard.com\/es-la\/wp-json\/wp\/v2\/product_tag?post=23417"}],"curies":[{"name":"wp","href":"https:\/\/api.w.org\/{rel}","templated":true}]}}