{"id":23418,"date":"2014-11-03T12:55:53","date_gmt":"2016-03-08T16:26:56","guid":{"rendered":"https:\/\/www.solargard.com\/esp\/?post_type=product&#038;p=23418"},"modified":"2019-09-24T11:41:43","modified_gmt":"2019-09-24T18:41:43","slug":"ultragard-uv","status":"publish","type":"product","link":"https:\/\/www.solargard.com\/es-la\/product\/ultragard-uv\/","title":{"rendered":"Ultragard UV"},"content":{"rendered":"<p>Mientras maneja, su piel se expone a los rayos UV-A y UV-B que son la principal causa de c\u00e1ncer de piel, melanoma y el envejecimiento. Con la instalaci\u00f3n de la pel\u00edcula para ventana Ultragard de Solar Gard en las ventanas laterales se bloquea el 99% de los da\u00f1inos rayos UV-A y UV-B, mientras se permite una visibilidad m\u00e1xima de d\u00eda y de noche. Adem\u00e1s, Ultragard puede ayudar a mantener en su lugar el vidrio roto en caso de rompimiento. La claridad superior de esta nueva pel\u00edcula permite una visibilidad ilimitada. Este producto est\u00e1 respaldado por la garant\u00eda l\u00edder de Solar Gard lo que asegura la calidad y durabilidad de esta pel\u00edcula.<\/p>\n<h2>La pel\u00edcula para ventana Ultragard UV es la soluci\u00f3n ideal para:<\/h2>\n<ul>\n<li><span>Ventanas laterales de camiones para proteger a los conductores del envejecimiento prematuro y c\u00e1ncer de piel<\/span><\/li>\n<li><span>Ventanas de autom\u00f3viles para protegerle de los da\u00f1inos rayos UV sin alterar la apariencia del veh\u00edculo<\/span><\/li>\n<li><span>Protege los aparatos electr\u00f3nicos, el tapiz e interior del veh\u00edculo de deste\u00f1ido y descoloraci\u00f3n<\/span><\/li>\n<\/ul>\n<h2>Caracter\u00edsticas y beneficios:<\/h2>\n<ul>\n<li>Bloquea m\u00e1s del 99% de los da\u00f1inos rayos UVA y UVB<\/li>\n<li>Recomendada por la Fundaci\u00f3n de C\u00e1ncer de Piel<\/li>\n<li>L\u00edder de claridad en la industria para una visibilidad sin alteraciones<\/li>\n<li>Excepcional capa resistente a rayaduras para durabilidad del producto<\/li>\n<li>Compatible con radios satelitales, GPS, celulares y sistemas de monitoreo de presi\u00f3n de neum\u00e1ticos<\/li>\n<li>Garant\u00eda contra excesivo e inusual cambio de color<\/li>\n<li><span>Ayuda a mantener intactos en su lugar a los fragmentos de vidrio en caso de que se rompa<\/span><\/li>\n<\/ul>\n","protected":false},"excerpt":{"rendered":"<p>Mientras maneja, su piel se expone a los rayos UV-A y UV-B que son la principal causa de c\u00e1ncer de piel, melanoma y el envejecimiento. Con la instalaci\u00f3n de la pel\u00edcula para ventana Ultragard de Solar Gard en las ventanas laterales se bloquea el 99% de los da\u00f1inos rayos UV-A y UV-B, mientras se permite &hellip; <a href=\"https:\/\/www.solargard.com\/es-la\/product\/ultragard-uv\/\">Continued<\/a><\/p>\n","protected":false},"featured_media":28886,"comment_status":"open","ping_status":"closed","template":"","meta":{"_acf_changed":false},"product_brand":[],"product_cat":[768],"product_tag":[1593,1579],"class_list":{"0":"post-23418","1":"product","2":"type-product","3":"status-publish","4":"has-post-thumbnail","6":"product_cat-automotor","7":"product_tag-color-stability-es-la","8":"product_tag-signal-friendly-es-la","10":"first","11":"outofstock","12":"shipping-taxable","13":"product-type-simple"},"acf":[],"_links":{"self":[{"href":"https:\/\/www.solargard.com\/es-la\/wp-json\/wp\/v2\/product\/23418","targetHints":{"allow":["GET"]}}],"collection":[{"href":"https:\/\/www.solargard.com\/es-la\/wp-json\/wp\/v2\/product"}],"about":[{"href":"https:\/\/www.solargard.com\/es-la\/wp-json\/wp\/v2\/types\/product"}],"replies":[{"embeddable":true,"href":"https:\/\/www.solargard.com\/es-la\/wp-json\/wp\/v2\/comments?post=23418"}],"wp:featuredmedia":[{"embeddable":true,"href":"https:\/\/www.solargard.com\/es-la\/wp-json\/wp\/v2\/media\/28886"}],"wp:attachment":[{"href":"https:\/\/www.solargard.com\/es-la\/wp-json\/wp\/v2\/media?parent=23418"}],"wp:term":[{"taxonomy":"product_brand","embeddable":true,"href":"https:\/\/www.solargard.com\/es-la\/wp-json\/wp\/v2\/product_brand?post=23418"},{"taxonomy":"product_cat","embeddable":true,"href":"https:\/\/www.solargard.com\/es-la\/wp-json\/wp\/v2\/product_cat?post=23418"},{"taxonomy":"product_tag","embeddable":true,"href":"https:\/\/www.solargard.com\/es-la\/wp-json\/wp\/v2\/product_tag?post=23418"}],"curies":[{"name":"wp","href":"https:\/\/api.w.org\/{rel}","templated":true}]}}