{"id":23419,"date":"2014-11-03T19:57:16","date_gmt":"2016-03-08T16:31:59","guid":{"rendered":"https:\/\/www.solargard.com\/esp\/?post_type=product&#038;p=23419"},"modified":"2016-05-25T06:19:24","modified_gmt":"2016-05-25T06:19:24","slug":"peliculas-decorativas-2","status":"publish","type":"product","link":"https:\/\/www.solargard.com\/es-la\/product\/peliculas-decorativas-2\/","title":{"rendered":"Peliculas Decorativas"},"content":{"rendered":"<h2><span>Las pel\u00edculas decorativas Solar Gard aumentan la privacidad y disminuyen el reflejo sin una reducci\u00f3n significativa de luz. Hacen los ambientes m\u00e1s seguros al evitar que los fragmentos de vidrio roto salgan volando y al mejorar la visibilidad de las puertas de vidrio y las divisiones.<\/span><\/h2>\n<p>Las aplicaciones para la pel\u00edcula decorativa Solar Gard s\u00f3lo est\u00e1 limitada por la imaginaci\u00f3n e incluyen:<\/p>\n<ul>\n<li>Salas de conferencias<\/li>\n<li>Vest\u00edbulos<\/li>\n<li>Letreros para tiendas<\/li>\n<li>Interiores residenciales<\/li>\n<li>Privacidad en la oficina<\/li>\n<li>El interior de las ventanas que dan al exterior<\/li>\n<li>Divisiones de vidrio y cub\u00edculos<\/li>\n<li>Verandas y cuartos soleados<\/li>\n<\/ul>\n<p>Las pel\u00edculas decorativas Solar Gard son resistentes al agua, a rayones, f\u00e1ciles de mantener y es sencillo cambiarlas por modelos y dise\u00f1os nuevos. Vienen en dos tipos: vinilo, estrictamente para fines decorativos y en versiones de control solar que tambi\u00e9n protegen la duraci\u00f3n de los muebles y las telas gracias al bloqueo de hasta el 99% de los da\u00f1inos rayos ultravioleta. No importa cual elija, las pel\u00edculas decorativas Solar Gard sacar\u00e1n al dise\u00f1ador que lleva dentro.<\/p>\n<p>Las pel\u00edculas decorativas de vinilo para el interior tienen un grabado profundo (4.5 mil (112 micrones) y son auto-adhesivas con un acabado mate adecuado tanto para aplicaciones h\u00famedas y secas.<\/p>\n<p>Las pel\u00edculas decorativas de control solar para el interior tienen un calibre de 6 mil (150 micrones) y vienen en tonos de negro opaco, blanco opaco y escarcha clara. Estas pel\u00edculas Solar Gard rechazan hasta el 77% de la energ\u00eda solar total lo que proporciona una mayor estabilidad en la temperatura y comodidad, al mismo tiempo que reduce el calor solar y el reflejo molesto. Para instalaciones de alta seguridad, el negro opaco y el blanco opaco impiden la visualizaci\u00f3n del interior y ofrecen una privacidad total.<\/p>\n","protected":false},"excerpt":{"rendered":"<p>Las pel\u00edculas decorativas Solar Gard aumentan la privacidad y disminuyen el reflejo sin una reducci\u00f3n significativa de luz. Hacen los ambientes m\u00e1s seguros al evitar que los fragmentos de vidrio roto salgan volando y al mejorar la visibilidad de las puertas de vidrio y las divisiones. Las aplicaciones para la pel\u00edcula decorativa Solar Gard s\u00f3lo &hellip; <a href=\"https:\/\/www.solargard.com\/es-la\/product\/peliculas-decorativas-2\/\">Continued<\/a><\/p>\n","protected":false},"featured_media":33108,"comment_status":"open","ping_status":"closed","template":"","meta":{"_acf_changed":false},"product_brand":[],"product_cat":[762,1144],"product_tag":[1446],"class_list":{"0":"post-23419","1":"product","2":"type-product","3":"status-publish","4":"has-post-thumbnail","6":"product_cat-arquitectonico","7":"product_cat-decorativas","8":"product_tag-commercial-es-la","10":"first","11":"outofstock","12":"shipping-taxable","13":"product-type-simple"},"acf":[],"_links":{"self":[{"href":"https:\/\/www.solargard.com\/es-la\/wp-json\/wp\/v2\/product\/23419","targetHints":{"allow":["GET"]}}],"collection":[{"href":"https:\/\/www.solargard.com\/es-la\/wp-json\/wp\/v2\/product"}],"about":[{"href":"https:\/\/www.solargard.com\/es-la\/wp-json\/wp\/v2\/types\/product"}],"replies":[{"embeddable":true,"href":"https:\/\/www.solargard.com\/es-la\/wp-json\/wp\/v2\/comments?post=23419"}],"wp:featuredmedia":[{"embeddable":true,"href":"https:\/\/www.solargard.com\/es-la\/wp-json\/wp\/v2\/media\/33108"}],"wp:attachment":[{"href":"https:\/\/www.solargard.com\/es-la\/wp-json\/wp\/v2\/media?parent=23419"}],"wp:term":[{"taxonomy":"product_brand","embeddable":true,"href":"https:\/\/www.solargard.com\/es-la\/wp-json\/wp\/v2\/product_brand?post=23419"},{"taxonomy":"product_cat","embeddable":true,"href":"https:\/\/www.solargard.com\/es-la\/wp-json\/wp\/v2\/product_cat?post=23419"},{"taxonomy":"product_tag","embeddable":true,"href":"https:\/\/www.solargard.com\/es-la\/wp-json\/wp\/v2\/product_tag?post=23419"}],"curies":[{"name":"wp","href":"https:\/\/api.w.org\/{rel}","templated":true}]}}