{"id":23443,"date":"2014-11-03T12:58:12","date_gmt":"2014-11-03T19:58:12","guid":{"rendered":"https:\/\/www.solargard.com\/esp\/?post_type=product&#038;p=23443"},"modified":"2022-09-22T12:19:46","modified_gmt":"2022-09-22T20:19:46","slug":"sentinel-plus","status":"publish","type":"product","link":"https:\/\/www.solargard.com\/es-la\/product\/sentinel-plus\/","title":{"rendered":"Sentinel Plus"},"content":{"rendered":"<p>Solar Gard Sentinel&#x2122; Plus es una gama de pel\u00edculas resistentes a la intemperie (OSW) que son ideales para los edificios que tienen vidrios de baja emisividad, laminados o armados.<\/p>\n<p>La familia Solar Gard Sentinel Plus OSW ofrece los siguientes productos:<\/p>\n<ul>\n<li>Sentinel Plus Silver 20\u00a0y 35 OSW<\/li>\n<li>Sentinel Plus Stainless Steel 15, 25, 40,\u00a0y 45 OSW<\/li>\n<li>Sentinel Plus 4 Mil Clear OSW<\/li>\n<li>Sentinel Plus SX 50 OSW<\/li>\n<\/ul>\n<p>Las pel\u00edculas Sentinel Plus OSW est\u00e1n dise\u00f1adas para ser el guardia externo de los edificios, protegi\u00e9ndolos de los altos niveles de calor, reflejo y los rayos UV. Las pel\u00edculas OSW son la soluci\u00f3n perfecta para situaciones en las que los riesgos de rotura de vidrios y\/o falta del sello son demasiado altos o donde no es posible la accesibilidad al interior. Las pel\u00edculas Solar Gard Plus OSW tienen una garant\u00eda limitada vertical de cinco a\u00f1os y una garant\u00eda horizontal de tres a\u00f1os debido a que, por naturaleza, las aplicaciones externas est\u00e1n sujetas a una variedad de climas y condiciones atmosf\u00e9ricas impredecibles.<\/p>\n","protected":false},"excerpt":{"rendered":"<p>Solar Gard Sentinel&#x2122; Plus es una gama de pel\u00edculas resistentes a la intemperie (OSW) que son ideales para los edificios que tienen vidrios de baja emisividad, laminados o armados. La familia Solar Gard Sentinel Plus OSW ofrece los siguientes productos: Sentinel Plus Silver 20\u00a0y 35 OSW Sentinel Plus Stainless Steel 15, 25, 40,\u00a0y 45 OSW &hellip; <a href=\"https:\/\/www.solargard.com\/es-la\/product\/sentinel-plus\/\">Continued<\/a><\/p>\n","protected":false},"featured_media":55642,"comment_status":"open","ping_status":"closed","template":"","meta":{"_acf_changed":false},"product_brand":[],"product_cat":[762,766,1271],"product_tag":[1550,1446,1460,1476,1662,1521],"class_list":{"0":"post-23443","1":"product","2":"type-product","3":"status-publish","4":"has-post-thumbnail","6":"product_cat-arquitectonico","7":"product_cat-control-solar","8":"product_cat-solar-gard-es-la","9":"product_tag-clear-es-la","10":"product_tag-commercial-es-la","11":"product_tag-glare-es-la","12":"product_tag-heat-es-la","13":"product_tag-neutral-es-la","14":"product_tag-reflective-es-la","16":"first","17":"outofstock","18":"shipping-taxable","19":"product-type-simple"},"acf":[],"_links":{"self":[{"href":"https:\/\/www.solargard.com\/es-la\/wp-json\/wp\/v2\/product\/23443","targetHints":{"allow":["GET"]}}],"collection":[{"href":"https:\/\/www.solargard.com\/es-la\/wp-json\/wp\/v2\/product"}],"about":[{"href":"https:\/\/www.solargard.com\/es-la\/wp-json\/wp\/v2\/types\/product"}],"replies":[{"embeddable":true,"href":"https:\/\/www.solargard.com\/es-la\/wp-json\/wp\/v2\/comments?post=23443"}],"wp:featuredmedia":[{"embeddable":true,"href":"https:\/\/www.solargard.com\/es-la\/wp-json\/wp\/v2\/media\/55642"}],"wp:attachment":[{"href":"https:\/\/www.solargard.com\/es-la\/wp-json\/wp\/v2\/media?parent=23443"}],"wp:term":[{"taxonomy":"product_brand","embeddable":true,"href":"https:\/\/www.solargard.com\/es-la\/wp-json\/wp\/v2\/product_brand?post=23443"},{"taxonomy":"product_cat","embeddable":true,"href":"https:\/\/www.solargard.com\/es-la\/wp-json\/wp\/v2\/product_cat?post=23443"},{"taxonomy":"product_tag","embeddable":true,"href":"https:\/\/www.solargard.com\/es-la\/wp-json\/wp\/v2\/product_tag?post=23443"}],"curies":[{"name":"wp","href":"https:\/\/api.w.org\/{rel}","templated":true}]}}