{"id":103071,"date":"2024-03-05T23:48:47","date_gmt":"2024-03-06T07:48:47","guid":{"rendered":"https:\/\/www.solargard.com\/tack-for-senast-pa-marknadspartners-minimassa\/"},"modified":"2024-05-30T06:14:05","modified_gmt":"2024-05-30T14:14:05","slug":"merci-idees-plus-concept","status":"publish","type":"page","link":"https:\/\/www.solargard.com\/fr\/merci-idees-plus-concept\/","title":{"rendered":"Merci d&rsquo;\u00eatre venus m&rsquo;\u00e9couter \u00e0 la r\u00e9union Id\u00e9es Plus Concept !"},"content":{"rendered":"<div class=\"wpb-content-wrapper\"><p>[vc_row top_margin=\u00a0\u00bbnone\u00a0\u00bb bottom_margin=\u00a0\u00bbnone\u00a0\u00bb][vc_column][vc_column_text]<\/p>\n<p style=\"text-align: center;\"><span><img loading=\"lazy\" decoding=\"async\" class=\"alignnone wp-image-103078 \" src=\"https:\/\/www.solargard.com\/wp-content\/uploads\/2024\/05\/Merci-Email-web-Solar-Gard-2024-CV.png\" alt=\"\" width=\"763\" height=\"587\" srcset=\"https:\/\/www.solargard.com\/wp-content\/uploads\/2024\/05\/Merci-Email-web-Solar-Gard-2024-CV.png 740w, https:\/\/www.solargard.com\/wp-content\/uploads\/2024\/05\/Merci-Email-web-Solar-Gard-2024-CV-300x231.png 300w, https:\/\/www.solargard.com\/wp-content\/uploads\/2024\/05\/Merci-Email-web-Solar-Gard-2024-CV-124x95.png 124w, https:\/\/www.solargard.com\/wp-content\/uploads\/2024\/05\/Merci-Email-web-Solar-Gard-2024-CV-600x461.png 600w\" sizes=\"auto, (max-width: 763px) 100vw, 763px\" \/><br \/>\n<img loading=\"lazy\" decoding=\"async\" class=\"alignnone wp-image-102701\" src=\"https:\/\/www.solargard.com\/wp-content\/uploads\/2024\/03\/separator-line-shadow-300x25.jpg\" alt=\"\" width=\"772\" height=\"64\" srcset=\"https:\/\/www.solargard.com\/wp-content\/uploads\/2024\/03\/separator-line-shadow-300x25.jpg 300w, https:\/\/www.solargard.com\/wp-content\/uploads\/2024\/03\/separator-line-shadow-1024x84.jpg 1024w, https:\/\/www.solargard.com\/wp-content\/uploads\/2024\/03\/separator-line-shadow-768x63.jpg 768w, https:\/\/www.solargard.com\/wp-content\/uploads\/2024\/03\/separator-line-shadow-190x16.jpg 190w, https:\/\/www.solargard.com\/wp-content\/uploads\/2024\/03\/separator-line-shadow-600x50.jpg 600w, https:\/\/www.solargard.com\/wp-content\/uploads\/2024\/03\/separator-line-shadow.jpg 1200w\" sizes=\"auto, (max-width: 772px) 100vw, 772px\" \/><\/span><\/p>\n<p>[\/vc_column_text][vc_row_inner][vc_column_inner][vc_column_text]<\/p>\n<h2 style=\"text-align: center;\"><strong><span style=\"color: #186494;\">N&rsquo;h\u00e9sitez pas \u00e0 nous contacter:<\/span><\/strong><\/h2>\n<p>[\/vc_column_text][\/vc_column_inner][\/vc_row_inner][\/vc_column][\/vc_row][vc_row content_placement=\u00a0\u00bbmiddle\u00a0\u00bb top_margin=\u00a0\u00bbsm\u00a0\u00bb bottom_margin=\u00a0\u00bbmd\u00a0\u00bb css=\u00a0\u00bb.vc_custom_1709720628104{border-radius: 2px !important;}\u00a0\u00bb][vc_column width=\u00a0\u00bb1\/6&Prime;][\/vc_column][vc_column width=\u00a0\u00bb2\/3&Prime; css=\u00a0\u00bb.vc_custom_1709720366667{border-top-width: 50px !important;border-right-width: 50px !important;border-bottom-width: 50px !important;border-left-width: 50px !important;padding-top: 50px !important;padding-right: 50px !important;padding-bottom: 50px !important;padding-left: 50px !important;background-color: #f4f4f4 !important;}\u00a0\u00bb][vc_empty_space height=\u00a0\u00bb10&Prime;]<script type=\"text\/javascript\">\n\/* <![CDATA[ *\/\nvar gform;gform||(document.addEventListener(\"gform_main_scripts_loaded\",function(){gform.scriptsLoaded=!0}),document.addEventListener(\"gform\/theme\/scripts_loaded\",function(){gform.themeScriptsLoaded=!0}),window.addEventListener(\"DOMContentLoaded\",function(){gform.domLoaded=!0}),gform={domLoaded:!1,scriptsLoaded:!1,themeScriptsLoaded:!1,isFormEditor:()=>\"function\"==typeof InitializeEditor,callIfLoaded:function(o){return!(!gform.domLoaded||!gform.scriptsLoaded||!gform.themeScriptsLoaded&&!gform.isFormEditor()||(gform.isFormEditor()&&console.warn(\"The use of gform.initializeOnLoaded() is deprecated in the form editor context and will be removed in Gravity Forms 3.1.\"),o(),0))},initializeOnLoaded:function(o){gform.callIfLoaded(o)||(document.addEventListener(\"gform_main_scripts_loaded\",()=>{gform.scriptsLoaded=!0,gform.callIfLoaded(o)}),document.addEventListener(\"gform\/theme\/scripts_loaded\",()=>{gform.themeScriptsLoaded=!0,gform.callIfLoaded(o)}),window.addEventListener(\"DOMContentLoaded\",()=>{gform.domLoaded=!0,gform.callIfLoaded(o)}))},hooks:{action:{},filter:{}},addAction:function(o,r,e,t){gform.addHook(\"action\",o,r,e,t)},addFilter:function(o,r,e,t){gform.addHook(\"filter\",o,r,e,t)},doAction:function(o){gform.doHook(\"action\",o,arguments)},applyFilters:function(o){return gform.doHook(\"filter\",o,arguments)},removeAction:function(o,r){gform.removeHook(\"action\",o,r)},removeFilter:function(o,r,e){gform.removeHook(\"filter\",o,r,e)},addHook:function(o,r,e,t,n){null==gform.hooks[o][r]&&(gform.hooks[o][r]=[]);var d=gform.hooks[o][r];null==n&&(n=r+\"_\"+d.length),gform.hooks[o][r].push({tag:n,callable:e,priority:t=null==t?10:t})},doHook:function(r,o,e){var t;if(e=Array.prototype.slice.call(e,1),null!=gform.hooks[r][o]&&((o=gform.hooks[r][o]).sort(function(o,r){return o.priority-r.priority}),o.forEach(function(o){\"function\"!=typeof(t=o.callable)&&(t=window[t]),\"action\"==r?t.apply(null,e):e[0]=t.apply(null,e)})),\"filter\"==r)return e[0]},removeHook:function(o,r,t,n){var e;null!=gform.hooks[o][r]&&(e=(e=gform.hooks[o][r]).filter(function(o,r,e){return!!(null!=n&&n!=o.tag||null!=t&&t!=o.priority)}),gform.hooks[o][r]=e)}});\n\/* ]]> *\/\n<\/script>\n\n                <div class='gf_browser_gecko gform_wrapper gravity-theme gform-theme--no-framework' data-form-theme='gravity-theme' data-form-index='0' id='gform_wrapper_85' >\n                        <div class='gform_heading'>\n\t\t\t\t\t\t\t<p class='gform_required_legend'>\u00ab\u00a0<span class=\"gfield_required gfield_required_asterisk\">*<\/span>\u00a0\u00bb indique les champs n\u00e9cessaires<\/p>\n                        <\/div><form method='post' enctype='multipart\/form-data'  id='gform_85'  action='\/fr\/wp-json\/wp\/v2\/pages\/103071' data-formid='85' novalidate>\n                        <div class='gform-body gform_body'><div id='gform_fields_85' class='gform_fields top_label form_sublabel_below description_below validation_below'><div id=\"field_85_1\" class=\"gfield gfield--type-text gfield_contains_required field_sublabel_below gfield--no-description field_description_below field_validation_below gfield_visibility_visible\"  ><label class='gfield_label gform-field-label' for='input_85_1'>SOCI\u00c9T\u00c9 \/ NOM \/ PAYS :<span class=\"gfield_required\"><span class=\"gfield_required gfield_required_asterisk\">*<\/span><\/span><\/label><div class='ginput_container ginput_container_text'><input name='input_1' id='input_85_1' type='text' value='' class='large'     aria-required=\"true\" aria-invalid=\"false\"   \/><\/div><\/div><div id=\"field_85_8\" class=\"gfield gfield--type-select gfield--width-half field_sublabel_below gfield--no-description field_description_below field_validation_below gfield_visibility_visible\"  ><label class='gfield_label gform-field-label' for='input_85_8'>MON R\u00d4LE EST\u00a0:<\/label><div class='ginput_container ginput_container_select'><select name='input_8' id='input_85_8' class='large gfield_select'     aria-invalid=\"false\" ><option value='Achat' >Achat<\/option><option value='Architecte\/Constructeur' >Architecte\/Constructeur<\/option><option value='Autorit\u00e9s\/Instituts' >Autorit\u00e9s\/Instituts<\/option><option value='B2B\/Industrie' >B2B\/Industrie<\/option><option value='Client final' >Client final<\/option><option value='Distributeur' >Distributeur<\/option><option value='Economiste' >Economiste<\/option><option value='Gestionnaire b\u00e2timent\/Multiservice' >Gestionnaire b\u00e2timent\/Multiservice<\/option><option value='Installateur Films B\u00e2timents' >Installateur Films B\u00e2timents<\/option><option value='Installateur Films Auto\/PPF' >Installateur Films Auto\/PPF<\/option><option value='Thermicien' >Thermicien<\/option><option value='Transport Public\/OEM' >Transport Public\/OEM<\/option><\/select><\/div><\/div><div id=\"field_85_7\" class=\"gfield gfield--type-select gfield--width-half field_sublabel_below gfield--no-description field_description_below field_validation_below gfield_visibility_visible\"  ><label class='gfield_label gform-field-label' for='input_85_7'>JE CHERCHE :<\/label><div class='ginput_container ginput_container_select'><select name='input_7' id='input_85_7' class='large gfield_select'     aria-invalid=\"false\" ><option value='Infos commerciales g\u00e9n\u00e9rales' >Infos commerciales g\u00e9n\u00e9rales<\/option><option value='Infos techniques g\u00e9n\u00e9rales' >Infos techniques g\u00e9n\u00e9rales<\/option><option value='Assistance technique projet' >Assistance technique projet<\/option><option value='Informations sur les prix' >Informations sur les prix<\/option><\/select><\/div><\/div><div id=\"field_85_3\" class=\"gfield gfield--type-email gfield--width-half gfield_contains_required field_sublabel_below gfield--no-description field_description_below field_validation_below gfield_visibility_visible\"  ><label class='gfield_label gform-field-label' for='input_85_3'>EMAIL :<span class=\"gfield_required\"><span class=\"gfield_required gfield_required_asterisk\">*<\/span><\/span><\/label><div class='ginput_container ginput_container_email'>\n                            <input name='input_3' id='input_85_3' type='email' value='' class='large'    aria-required=\"true\" aria-invalid=\"false\"  \/>\n                        <\/div><\/div><div id=\"field_85_10\" class=\"gfield gfield--type-phone gfield--width-half gfield_contains_required field_sublabel_below gfield--no-description field_description_below field_validation_below gfield_visibility_visible\"  ><label class='gfield_label gform-field-label' for='input_85_10'>T\u00c9L. :<span class=\"gfield_required\"><span class=\"gfield_required gfield_required_asterisk\">*<\/span><\/span><\/label><div class='ginput_container ginput_container_phone'><input name='input_10' id='input_85_10' type='tel' value='' class='large'   aria-required=\"true\" aria-invalid=\"false\"   \/><\/div><\/div><div id=\"field_85_5\" class=\"gfield gfield--type-textarea field_sublabel_below gfield--no-description field_description_below field_validation_below gfield_visibility_visible\"  ><label class='gfield_label gform-field-label' for='input_85_5'>VOTRE QUESTION :<\/label><div class='ginput_container ginput_container_textarea'><textarea name='input_5' id='input_85_5' class='textarea small'      aria-invalid=\"false\"   rows='10' cols='50'><\/textarea><\/div><\/div><div id=\"field_85_6\" class=\"gfield gfield--type-captcha gfield--width-full field_sublabel_below gfield--no-description field_description_below field_validation_below gfield_visibility_visible\"  ><label class='gfield_label gform-field-label' for='input_85_6'>CAPTCHA<\/label><div id='input_85_6' class='ginput_container ginput_recaptcha' data-sitekey='6LdnTJwUAAAAAEvIznxMYzagn4aIPlLxlyA9baSY'  data-theme='light' data-tabindex='-1' data-size='invisible' data-badge='bottomright'><\/div><\/div><\/div><\/div>\n        <div class='gform-footer gform_footer top_label'> <input type='submit' id='gform_submit_button_85' class='gform_button button' onclick='gform.submission.handleButtonClick(this);' data-submission-type='submit' value='Soumettre'  \/> \n            <input type='hidden' class='gform_hidden' name='gform_submission_method' data-js='gform_submission_method_85' value='postback' \/>\n            <input type='hidden' class='gform_hidden' name='gform_theme' data-js='gform_theme_85' id='gform_theme_85' value='gravity-theme' \/>\n            <input type='hidden' class='gform_hidden' name='gform_style_settings' data-js='gform_style_settings_85' id='gform_style_settings_85' value='[]' \/>\n            <input type='hidden' class='gform_hidden' name='is_submit_85' value='1' \/>\n            <input type='hidden' class='gform_hidden' name='gform_submit' value='85' \/>\n            \n            <input type='hidden' class='gform_hidden' name='gform_currency' data-currency='USD' value='\/oFVFxrMe1Z8MrBLGiTZ9sQXve0bI7D7mQdblf\/gS3\/R3lcq\/KEVYvO2DG+hnk0b7mq1U2FtLR\/r\/mYfV0YEflXb59TXC6r2FuV3Hqm2JyzFWj0=' \/>\n            <input type='hidden' class='gform_hidden' name='gform_unique_id' value='' \/>\n            <input type='hidden' class='gform_hidden' name='state_85' value='WyJbXSIsIjNmNTM1ZjYyOGVmM2MxMzk4MjYxZTkyMDgxNzNkN2U3Il0=' \/>\n            <input type='hidden' autocomplete='off' class='gform_hidden' name='gform_target_page_number_85' id='gform_target_page_number_85' value='0' \/>\n            <input type='hidden' autocomplete='off' class='gform_hidden' name='gform_source_page_number_85' id='gform_source_page_number_85' value='1' \/>\n            <input type='hidden' name='gform_field_values' value='' \/>\n            \n        <\/div>\n                        <\/form>\n                        <\/div><script type=\"text\/javascript\">\n\/* <![CDATA[ *\/\n gform.initializeOnLoaded( function() {gformInitSpinner( 85, 'https:\/\/www.solargard.com\/wp-content\/themes\/solargard\/dist\/images\/ajax-loader.gif', true );jQuery('#gform_ajax_frame_85').on('load',function(){var contents = jQuery(this).contents().find('*').html();var is_postback = contents.indexOf('GF_AJAX_POSTBACK') >= 0;if(!is_postback){return;}var form_content = jQuery(this).contents().find('#gform_wrapper_85');var is_confirmation = jQuery(this).contents().find('#gform_confirmation_wrapper_85').length > 0;var is_redirect = contents.indexOf('gformRedirect(){') >= 0;var is_form = form_content.length > 0 && ! is_redirect && ! is_confirmation;var mt = parseInt(jQuery('html').css('margin-top'), 10) + parseInt(jQuery('body').css('margin-top'), 10) + 100;if(is_form){jQuery('#gform_wrapper_85').html(form_content.html());if(form_content.hasClass('gform_validation_error')){jQuery('#gform_wrapper_85').addClass('gform_validation_error');} else {jQuery('#gform_wrapper_85').removeClass('gform_validation_error');}setTimeout( function() { \/* delay the scroll by 50 milliseconds to fix a bug in chrome *\/  }, 50 );if(window['gformInitDatepicker']) {gformInitDatepicker();}if(window['gformInitPriceFields']) {gformInitPriceFields();}var current_page = jQuery('#gform_source_page_number_85').val();gformInitSpinner( 85, 'https:\/\/www.solargard.com\/wp-content\/themes\/solargard\/dist\/images\/ajax-loader.gif', true );jQuery(document).trigger('gform_page_loaded', [85, current_page]);window['gf_submitting_85'] = false;}else if(!is_redirect){var confirmation_content = jQuery(this).contents().find('.GF_AJAX_POSTBACK').html();if(!confirmation_content){confirmation_content = contents;}jQuery('#gform_wrapper_85').replaceWith(confirmation_content);jQuery(document).trigger('gform_confirmation_loaded', [85]);window['gf_submitting_85'] = false;wp.a11y.speak(jQuery('#gform_confirmation_message_85').text());}else{jQuery('#gform_85').append(contents);if(window['gformRedirect']) {gformRedirect();}}jQuery(document).trigger(\"gform_pre_post_render\", [{ formId: \"85\", currentPage: \"current_page\", abort: function() { this.preventDefault(); } }]);        if (event && event.defaultPrevented) {                return;        }        const gformWrapperDiv = document.getElementById( \"gform_wrapper_85\" );        if ( gformWrapperDiv ) {            const visibilitySpan = document.createElement( \"span\" );            visibilitySpan.id = \"gform_visibility_test_85\";            gformWrapperDiv.insertAdjacentElement( \"afterend\", visibilitySpan );        }        const visibilityTestDiv = document.getElementById( \"gform_visibility_test_85\" );        let postRenderFired = false;        function triggerPostRender() {            if ( postRenderFired ) {                return;            }            postRenderFired = true;            gform.core.triggerPostRenderEvents( 85, current_page );            if ( visibilityTestDiv ) {                visibilityTestDiv.parentNode.removeChild( visibilityTestDiv );            }        }        function debounce( func, wait, immediate ) {            var timeout;            return function() {                var context = this, args = arguments;                var later = function() {                    timeout = null;                    if ( !immediate ) func.apply( context, args );                };                var callNow = immediate && !timeout;                clearTimeout( timeout );                timeout = setTimeout( later, wait );                if ( callNow ) func.apply( context, args );            };        }        const debouncedTriggerPostRender = debounce( function() {            triggerPostRender();        }, 200 );        if ( visibilityTestDiv && visibilityTestDiv.offsetParent === null ) {            const observer = new MutationObserver( ( mutations ) => {                mutations.forEach( ( mutation ) => {                    if ( mutation.type === 'attributes' && visibilityTestDiv.offsetParent !== null ) {                        debouncedTriggerPostRender();                        observer.disconnect();                    }                });            });            observer.observe( document.body, {                attributes: true,                childList: false,                subtree: true,                attributeFilter: [ 'style', 'class' ],            });        } else {            triggerPostRender();        }    } );} ); \n\/* ]]> *\/\n<\/script>\n[\/vc_column][vc_column width=\u00a0\u00bb1\/6&Prime;][\/vc_column][\/vc_row][vc_row content_placement=\u00a0\u00bbtop\u00a0\u00bb top_margin=\u00a0\u00bbnone\u00a0\u00bb bottom_margin=\u00a0\u00bbsm\u00a0\u00bb][vc_column width=\u00a0\u00bb1\/4&Prime;][\/vc_column][vc_column width=\u00a0\u00bb1\/2&Prime;][vc_column_text]<\/p>\n<h2 style=\"text-align: center;\"><strong><span style=\"color: #186494;\">Bonjour,<\/span><\/strong><\/h2>\n<p style=\"text-align: center;\"><span>R\u00e9cemment, j&rsquo;ai pr\u00e9sent\u00e9 nos solutions de r\u00e9duction de chaleur et j&rsquo;ai particip\u00e9 \u00e0 une r\u00e9union pour pr\u00e9senter les produits Saint-Gobain Solar Gard. <\/span><span>Nous avons fait cela en collaboration avec Id\u00e9es Plus Concept.<\/span><\/p>\n<p style=\"text-align: center;\"><span><a href=\"https:\/\/www.ideesplusconcept.fr\/\" target=\"_blank\" rel=\"noopener\"><img loading=\"lazy\" decoding=\"async\" class=\"alignnone wp-image-103085 size-full\" src=\"https:\/\/www.solargard.com\/wp-content\/uploads\/2024\/05\/logo-idees-plus-concept.svg\" alt=\"\" width=\"291\" height=\"101\" \/><\/a><br \/>\nNous voulons, avec cette lettre de suivi de la visite, nous assurer que vous avez nos coordonn\u00e9es si vous avez besoin de solutions pour am\u00e9liorer les propri\u00e9t\u00e9s du verre de mani\u00e8re efficace et respectueuse du climat, telles que :<br \/>\n<\/span><\/p>\n<div style=\"text-align: center;\">\n<p>\u2714 R\u00e9duction solaire<br \/>\n\u2714 Protection contre les regards indiscrets<br \/>\n\u2714 Contr\u00f4le de l&rsquo;\u00e9nergie<br \/>\n\u2714 R\u00e9duction de l&rsquo;\u00e9blouissement<br \/>\n\u2714 Film pour design et d\u00e9coration int\u00e9rieure<br \/>\n\u2714 Film de s\u00e9curit\u00e9 contre les cambriolages, explosions, etc.<br \/>\n\u2714 Protection UV contre la d\u00e9coloration<\/p>\n<\/div>\n<p>[\/vc_column_text][\/vc_column][vc_column width=\u00a0\u00bb1\/4&Prime;][\/vc_column][\/vc_row][vc_row top_margin=\u00a0\u00bbnone\u00a0\u00bb bottom_margin=\u00a0\u00bbmd\u00a0\u00bb][vc_column width=\u00a0\u00bb1\/4&Prime;][\/vc_column][vc_column width=\u00a0\u00bb1\/2&Prime;][vc_column_text]<\/p>\n<div style=\"text-align: center;\">\n<div align=\"center\"><span>Nos produits peuvent r\u00e9soudre de nombreux probl\u00e8mes<br \/>\net le meilleur, c&rsquo;est que nous le faisons sur le verre existant !<\/span><\/div>\n<div align=\"center\">\n<p><span>Nous sommes le seul fabricant au monde \u00e0 disposer de la documentation FDES et LCA pour 92 films pour vitrages, ce qui garantit un contr\u00f4le total sur le contenu, la fonctionnalit\u00e9 et la possibilit\u00e9 de r\u00e9utilisation des produits. <a href=\"https:\/\/www.solargard.com\/fr\/\" target=\"_blank\" rel=\"noopener\">En savoir plus &gt;<\/a><\/span><\/p>\n<p><span>Si vous avez des questions ou si vous souhaitez obtenir des conseils,<br \/>\nvous pouvez simplement nous appeler ou nous envoyer un e-mail !<\/span><\/p>\n<\/div>\n<\/div>\n<p>[\/vc_column_text][\/vc_column][vc_column width=\u00a0\u00bb1\/4&Prime;][\/vc_column][\/vc_row][vc_row top_margin=\u00a0\u00bbnone\u00a0\u00bb bottom_margin=\u00a0\u00bbmd\u00a0\u00bb][vc_column width=\u00a0\u00bb1\/4&Prime;][\/vc_column][vc_column width=\u00a0\u00bb1\/2&Prime;][vc_btn title=\u00a0\u00bbENVOYEZ-NOUS UN MAIL\u00a0\u00bb color=\u00a0\u00bbprimary\u00a0\u00bb align=\u00a0\u00bbcenter\u00a0\u00bb link=\u00a0\u00bburl:mailto%3Aclaude.verniory%40saint-gobain.com|title:ENVOYEZ-NOUS%20UN%20MAIL|target:_blank\u00a0\u00bb][\/vc_column][vc_column width=\u00a0\u00bb1\/4&Prime;][\/vc_column][\/vc_row]<\/p>\n<\/div>","protected":false},"excerpt":{"rendered":"<p>[vc_row top_margin=\u00a0\u00bbnone\u00a0\u00bb bottom_margin=\u00a0\u00bbnone\u00a0\u00bb][vc_column][vc_column_text] [\/vc_column_text][vc_row_inner][vc_column_inner][vc_column_text] N&rsquo;h\u00e9sitez pas \u00e0 nous contacter: [\/vc_column_text][\/vc_column_inner][\/vc_row_inner][\/vc_column][\/vc_row][vc_row content_placement=\u00a0\u00bbmiddle\u00a0\u00bb top_margin=\u00a0\u00bbsm\u00a0\u00bb bottom_margin=\u00a0\u00bbmd\u00a0\u00bb css=\u00a0\u00bb.vc_custom_1709720628104{border-radius: 2px !important;}\u00a0\u00bb][vc_column width=\u00a0\u00bb1\/6&Prime;][\/vc_column][vc_column width=\u00a0\u00bb2\/3&Prime; css=\u00a0\u00bb.vc_custom_1709720366667{border-top-width: 50px !important;border-right-width: 50px !important;border-bottom-width: 50px !important;border-left-width: 50px !important;padding-top: 50px !important;padding-right: 50px !important;padding-bottom: 50px !important;padding-left: 50px !important;background-color: #f4f4f4 !important;}\u00a0\u00bb][vc_empty_space height=\u00a0\u00bb10&Prime;][\/vc_column][vc_column width=\u00a0\u00bb1\/6&Prime;][\/vc_column][\/vc_row][vc_row content_placement=\u00a0\u00bbtop\u00a0\u00bb top_margin=\u00a0\u00bbnone\u00a0\u00bb bottom_margin=\u00a0\u00bbsm\u00a0\u00bb][vc_column width=\u00a0\u00bb1\/4&Prime;][\/vc_column][vc_column width=\u00a0\u00bb1\/2&Prime;][vc_column_text] Bonjour, R\u00e9cemment, j&rsquo;ai pr\u00e9sent\u00e9 nos solutions de r\u00e9duction de chaleur et &hellip; <a href=\"https:\/\/www.solargard.com\/fr\/merci-idees-plus-concept\/\">Continued<\/a><\/p>\n","protected":false},"author":3,"featured_media":0,"parent":0,"menu_order":0,"comment_status":"closed","ping_status":"closed","template":"","meta":{"_acf_changed":false,"footnotes":""},"class_list":["post-103071","page","type-page","status-publish","hentry"],"acf":[],"_links":{"self":[{"href":"https:\/\/www.solargard.com\/fr\/wp-json\/wp\/v2\/pages\/103071","targetHints":{"allow":["GET"]}}],"collection":[{"href":"https:\/\/www.solargard.com\/fr\/wp-json\/wp\/v2\/pages"}],"about":[{"href":"https:\/\/www.solargard.com\/fr\/wp-json\/wp\/v2\/types\/page"}],"author":[{"embeddable":true,"href":"https:\/\/www.solargard.com\/fr\/wp-json\/wp\/v2\/users\/3"}],"replies":[{"embeddable":true,"href":"https:\/\/www.solargard.com\/fr\/wp-json\/wp\/v2\/comments?post=103071"}],"version-history":[{"count":0,"href":"https:\/\/www.solargard.com\/fr\/wp-json\/wp\/v2\/pages\/103071\/revisions"}],"wp:attachment":[{"href":"https:\/\/www.solargard.com\/fr\/wp-json\/wp\/v2\/media?parent=103071"}],"curies":[{"name":"wp","href":"https:\/\/api.w.org\/{rel}","templated":true}]}}