{"id":103079,"date":"2016-02-26T19:45:18","date_gmt":"2016-02-26T19:45:18","guid":{"rendered":"https:\/\/www.solargard.com\/ressources\/energy-efficiency-and-sustainability\/"},"modified":"2025-04-09T00:37:27","modified_gmt":"2025-04-09T08:37:27","slug":"efficacite-energetique-et-durabilite","status":"publish","type":"page","link":"https:\/\/www.solargard.com\/fr\/ressources\/efficacite-energetique-et-durabilite\/","title":{"rendered":"FDES Verifi\u00e9e Efficacit\u00e9 \u00e9nerg\u00e9tique et durabilit\u00e9"},"content":{"rendered":"<div class=\"wpb-content-wrapper\"><p>[vc_row top_margin=\u00a0\u00bbnone\u00a0\u00bb bottom_margin=\u00a0\u00bbxs\u00a0\u00bb gmbt_prlx_bg_type=\u00a0\u00bbparallax\u00a0\u00bb gmbt_prlx_break_parents=\u00a0\u00bb0&Prime; gmbt_prlx_smooth_scrolling=\u00a0\u00bb\u00a0\u00bb gmbt_prlx_video=\u00a0\u00bb\u00a0\u00bb gmbt_prlx_video_mute=\u00a0\u00bb\u00a0\u00bb gmbt_prlx_video_force_hd=\u00a0\u00bb\u00a0\u00bb gmbt_prlx_opacity=\u00a0\u00bb100&Prime; gmbt_prlx_video_aspect_ratio=\u00a0\u00bb16:9&Prime; gmbt_prlx_parallax=\u00a0\u00bbnone\u00a0\u00bb gmbt_background_repeat=\u00a0\u00bb\u00a0\u00bb gmbt_background_position=\u00a0\u00bb\u00a0\u00bb gmbt_prlx_speed=\u00a0\u00bb0.3&Prime; gmbt_prlx_enable_mobile=\u00a0\u00bb\u00a0\u00bb][vc_column css=\u00a0\u00bb.vc_custom_1456251829290{margin-bottom: 50px !important;}\u00a0\u00bb]<div class=\"section-title sg-section-title text-center\"><div class=\"copy-content\"><h1 class=\" normal-title\">FDES, Efficacit\u00e9 \u00c9nerg\u00e9tique &amp; Durabilit\u00e9<\/h1><\/div><div class=\"border-bg\"><\/div><\/div>[\/vc_column][vc_column width=\u00a0\u00bb1\/2&Prime;][vc_single_image image=\u00a0\u00bb103083&Prime; img_size=\u00a0\u00bbmedium\u00a0\u00bb alignment=\u00a0\u00bbcenter\u00a0\u00bb onclick=\u00a0\u00bbcustom_link\u00a0\u00bb img_link_target=\u00a0\u00bb_blank\u00a0\u00bb css_animation=\u00a0\u00bbbounceInDown\u00a0\u00bb css=\u00a0\u00bb\u00a0\u00bb link=\u00a0\u00bbhttps:\/\/www.base-inies.fr\/iniesV4\/dist\/consultation.html\u00a0\u00bb][vc_empty_space][vc_column_text css=\u00a0\u00bb\u00a0\u00bb]<\/p>\n<blockquote><p>La D\u00e9claration Environnementale Produit (DEP) est bas\u00e9e sur une Analyse du Cycle de Vie (ACV) des impacts \u00ab du berceau \u00e0 la tombe \u00bb des produits Solar Gard, conform\u00e9ment aux normes internationales en vigueur (ISO 14044 et ISO 14025). Elle a \u00e9t\u00e9 v\u00e9rifi\u00e9e par une tierce partie selon les R\u00e8gles de Cat\u00e9gorie de Produits (PCR) sous l&rsquo;op\u00e9rateur de programme The International EPD System\u00ae.<\/p>\n<p>Pour plus d&rsquo;information, visitez<br \/>\n<span style=\"color: #99cc00;\"><\/span><span style=\"color: #99cc00;\"><strong><a style=\"color: #99cc00;\" href=\"https:\/\/www.base-inies.fr\/iniesV4\/dist\/consultation.html\" target=\"_blank\" rel=\"noopener\">Inies Base FDES<\/a><\/strong><\/span><br \/>\nEn cherchant les produits \u00ab\u00a0Solar Gard\u00a0\u00bb<br \/>\n(deux mots) vous trouverez nos 15 FDES.<\/p><\/blockquote>\n<p>[\/vc_column_text][\/vc_column][vc_column width=\u00a0\u00bb1\/2&Prime;][vc_column_text css=\u00a0\u00bb\u00a0\u00bb]<\/p>\n<blockquote>\n<p class=\"\" data-start=\"0\" data-end=\"431\">Saint-Gobain Solar Gard a obtenu une certification DEP (D\u00e9claration Environnementale de Produit) d\u00e9livr\u00e9e par The International EPD System\u00ae, couvrant 93 films pour vitrages architecturaux. Cette certification englobe la gamme architecturale de films solaires et de s\u00e9curit\u00e9, la gamme de films \u00e0 faible \u00e9missivit\u00e9 (Low-E), les films pour application int\u00e9rieure et ext\u00e9rieure (SENTINEL\u2122), ainsi que les films d\u00e9coratifs et de design.<\/p>\n<p class=\"\" data-start=\"433\" data-end=\"669\">Les films de contr\u00f4le solaire Solar Gard permettent de trouver un \u00e9quilibre entre transmission lumineuse et rejet de chaleur, contribuant ainsi \u00e0 r\u00e9duire la consommation d\u2019\u00e9nergie et \u00e0 am\u00e9liorer le confort aussi bien en \u00e9t\u00e9 qu\u2019en hiver.<\/p>\n<p class=\"\" data-start=\"671\" data-end=\"908\">Les films de s\u00e9curit\u00e9 Solar Gard Armorcoat\u00ae renforcent la protection en r\u00e9duisant les risques de dommages et de blessures en cas de bris de verre. Ils offrent \u00e9galement une protection accrue en cas d&rsquo;impact, d\u2019explosion ou de tentative d\u2019intrusion.<\/p>\n<\/blockquote>\n<p>[\/vc_column_text][\/vc_column][\/vc_row][vc_row top_margin=\u00a0\u00bbxs\u00a0\u00bb][vc_column][vc_cta h2=\u00a0\u00bbQU&rsquo;EST-CE QU&rsquo;UNE DEP\/FDES?\u00a0\u00bb h2_font_container=\u00a0\u00bbtag:h2|text_align:left|color:%23ffffff\u00a0\u00bb h2_use_theme_fonts=\u00a0\u00bbyes\u00a0\u00bb h4=\u00a0\u00bb15 EPD couvrant 93 films pour vitrages\u00a0\u00bb h4_font_container=\u00a0\u00bbtag:h4|text_align:left|color:%23ffffff\u00a0\u00bb h4_use_theme_fonts=\u00a0\u00bbyes\u00a0\u00bb color=\u00a0\u00bbwhite\u00a0\u00bb add_button=\u00a0\u00bbright\u00a0\u00bb btn_title=\u00a0\u00bbT\u00c9L\u00c9CHARGER NOTRE BROCHURE\u00a0\u00bb btn_color=\u00a0\u00bbdefault\u00a0\u00bb btn_size=\u00a0\u00bblg\u00a0\u00bb btn_align=\u00a0\u00bbright\u00a0\u00bb btn_css_animation=\u00a0\u00bbbounceIn\u00a0\u00bb css_animation=\u00a0\u00bbbounceIn\u00a0\u00bb css=\u00a0\u00bb.vc_custom_1744187660964{background-image: url(https:\/\/www.solargard.com\/wp-content\/uploads\/2022\/02\/lead-breem-web-banner-scaled.jpg?id=97211) !important;background-position: center !important;background-repeat: no-repeat !important;background-size: contain !important;}\u00a0\u00bb use_custom_fonts_h2=\u00a0\u00bbtrue\u00a0\u00bb use_custom_fonts_h4=\u00a0\u00bbtrue\u00a0\u00bb btn_button_block=\u00a0\u00bbtrue\u00a0\u00bb btn_link=\u00a0\u00bburl:https%3A%2F%2Fwww.solargard.com%2Fwp-content%2Fuploads%2F2024%2F06%2FEPD-A4-PDF0151FDESFR.pdf|title:FDES%20Brochure%20A4|target:_blank\u00a0\u00bb][\/vc_cta][\/vc_column][\/vc_row][vc_row full_width=\u00a0\u00bbstretch_row\u00a0\u00bb top_margin=\u00a0\u00bbsm\u00a0\u00bb gmbt_prlx_bg_type=\u00a0\u00bbparallax\u00a0\u00bb gmbt_prlx_break_parents=\u00a0\u00bb0&Prime; gmbt_prlx_smooth_scrolling=\u00a0\u00bb\u00a0\u00bb gmbt_prlx_video=\u00a0\u00bb\u00a0\u00bb gmbt_prlx_video_mute=\u00a0\u00bb\u00a0\u00bb gmbt_prlx_video_force_hd=\u00a0\u00bb\u00a0\u00bb gmbt_prlx_opacity=\u00a0\u00bb100&Prime; gmbt_prlx_video_aspect_ratio=\u00a0\u00bb16:9&Prime; gmbt_prlx_parallax=\u00a0\u00bbnone\u00a0\u00bb gmbt_background_repeat=\u00a0\u00bb\u00a0\u00bb gmbt_background_position=\u00a0\u00bb\u00a0\u00bb gmbt_prlx_speed=\u00a0\u00bb0.3&Prime; gmbt_prlx_enable_mobile=\u00a0\u00bb\u00a0\u00bb css=\u00a0\u00bb.vc_custom_1682012188086{margin-left: 50px !important;background-color: #f7f7f7 !important;}\u00a0\u00bb][vc_column width=\u00a0\u00bb1\/2&Prime; css=\u00a0\u00bb.vc_custom_1456251288071{margin-top: 30px !important;}\u00a0\u00bb][vc_column_text css=\u00a0\u00bb\u00a0\u00bb]<\/p>\n<p class=\"\" data-start=\"0\" data-end=\"306\">Le film pour vitrage Solar Gard refl\u00e8te une part importante de l\u2019\u00e9nergie solaire tout en en absorbant une autre partie. Le r\u00e9sultat est que la quantit\u00e9 de rayonnement solaire transmise \u00e0 l\u2019int\u00e9rieur de la pi\u00e8ce est consid\u00e9rablement r\u00e9duite. Les sp\u00e9cifications varient en fonction du film Solar Gard choisi.<\/p>\n<p class=\"\" data-start=\"308\" data-end=\"826\">Une simple r\u00e9duction de quelques degr\u00e9s de la temp\u00e9rature peut entra\u00eener jusqu\u2019\u00e0 25 % d\u2019\u00e9conomies sur les co\u00fbts de climatisation, conform\u00e9ment aux lois de la thermodynamique. Il faut en effet une quantit\u00e9 importante d\u2019\u00e9nergie pour extraire la chaleur d\u2019une pi\u00e8ce par la climatisation. Pendant les p\u00e9riodes estivales les plus chaudes, en milieu de journ\u00e9e, la charge sur les syst\u00e8mes de climatisation peut \u00eatre suffisamment r\u00e9duite pour permettre d\u2019\u00e9teindre des unit\u00e9s compl\u00e8tes ou d\u2019installer un syst\u00e8me moins co\u00fbteux.<\/p>\n<p class=\"\" data-start=\"828\" data-end=\"1060\">En plus des \u00e9conomies d\u2019\u00e9nergie, le film solaire am\u00e9liore le confort thermique, r\u00e9duit l\u2019\u00e9blouissement, tout en rejetant 99 % des rayons UV, limitant ainsi la d\u00e9coloration des mat\u00e9riaux et r\u00e9duisant les risques de cancer de la peau.<\/p>\n<p>[\/vc_column_text][\/vc_column][vc_column width=\u00a0\u00bb1\/2&Prime;][vc_empty_space][vc_single_image image=\u00a0\u00bb21619&Prime; img_size=\u00a0\u00bblarge\u00a0\u00bb alignment=\u00a0\u00bbcenter\u00a0\u00bb style=\u00a0\u00bbvc_box_border\u00a0\u00bb border_color=\u00a0\u00bbwhite\u00a0\u00bb][\/vc_column][\/vc_row][vc_row top_margin=\u00a0\u00bbnone\u00a0\u00bb bottom_margin=\u00a0\u00bbnone\u00a0\u00bb gmbt_prlx_bg_type=\u00a0\u00bbparallax\u00a0\u00bb gmbt_prlx_break_parents=\u00a0\u00bb0&Prime; gmbt_prlx_smooth_scrolling=\u00a0\u00bb\u00a0\u00bb gmbt_prlx_video=\u00a0\u00bb\u00a0\u00bb gmbt_prlx_video_mute=\u00a0\u00bb\u00a0\u00bb gmbt_prlx_video_force_hd=\u00a0\u00bb\u00a0\u00bb gmbt_prlx_opacity=\u00a0\u00bb100&Prime; gmbt_prlx_video_aspect_ratio=\u00a0\u00bb16:9&Prime; gmbt_prlx_parallax=\u00a0\u00bbnone\u00a0\u00bb gmbt_background_repeat=\u00a0\u00bb\u00a0\u00bb gmbt_background_position=\u00a0\u00bb\u00a0\u00bb gmbt_prlx_speed=\u00a0\u00bb0.3&Prime; gmbt_prlx_enable_mobile=\u00a0\u00bb\u00a0\u00bb][vc_column width=\u00a0\u00bb1\/6&Prime;][\/vc_column][vc_column width=\u00a0\u00bb2\/3&Prime;]<div class=\"section-title sep-top-md text-center\"><h3 class=\" normal-title\">EN SAVOIR PLUS<\/h3><\/div>[\/vc_column][vc_column width=\u00a0\u00bb1\/6&Prime;][\/vc_column][\/vc_row][vc_row top_margin=\u00a0\u00bbnone\u00a0\u00bb gmbt_prlx_bg_type=\u00a0\u00bbparallax\u00a0\u00bb gmbt_prlx_break_parents=\u00a0\u00bb0&Prime; gmbt_prlx_smooth_scrolling=\u00a0\u00bb\u00a0\u00bb gmbt_prlx_video=\u00a0\u00bb\u00a0\u00bb gmbt_prlx_video_mute=\u00a0\u00bb\u00a0\u00bb gmbt_prlx_video_force_hd=\u00a0\u00bb\u00a0\u00bb gmbt_prlx_opacity=\u00a0\u00bb100&Prime; gmbt_prlx_video_aspect_ratio=\u00a0\u00bb16:9&Prime; gmbt_prlx_parallax=\u00a0\u00bbnone\u00a0\u00bb gmbt_background_repeat=\u00a0\u00bb\u00a0\u00bb gmbt_background_position=\u00a0\u00bb\u00a0\u00bb gmbt_prlx_speed=\u00a0\u00bb0.3&Prime; gmbt_prlx_enable_mobile=\u00a0\u00bb\u00a0\u00bb][vc_column width=\u00a0\u00bb1\/4&Prime;][\/vc_column][vc_column width=\u00a0\u00bb1\/4&Prime;]<div class=\"icon-box icon-horizontal icon-lg sep-top-md icon-gradient\"><a class=\"vc_icon_element-link\" href=\"https:\/\/www.solargard.com\/uk\/resources\/energy-efficiency-and-sustainability\/energy-toolbox\/\" title=\"\" target=\"_self\"><div style=\"background-color:#fdb824;\" class=\"icon-content img-circle wow bounceInUp\" data-wow-delay=\"0.5s\"><i style=\"color:#ffffff;\" class=\"fas fa-toolbox\"><\/i><\/div><div class=\"icon-box-content\"><h5 style=\"color:#fdb824;\" class=\"upper\">BO\u00ceTE \u00c0 OUTILS \u00c9NERG\u00c9TIQUE<\/h5><p>Quantifiez les avantages du film pour fen\u00eatre avant d\u2019acheter.<\/p><\/div><\/div><\/a>[\/vc_column][vc_column width=\u00a0\u00bb1\/4&Prime;]<div class=\"icon-box icon-horizontal icon-lg sep-top-md icon-gradient\"><a class=\"vc_icon_element-link\" href=\"https:\/\/www.solargard.com\/fr\/ressources\/efficacite-energetique-et-durabilite\/leed-breeam\/\" title=\"LEED &amp; BREEAM\" target=\"_self\"><div style=\"background-color:#fdb824;\" class=\"icon-content img-circle wow bounceInUp\" data-wow-delay=\"0.5s\"><i style=\"color:#ffffff;\" class=\"fas fa-leaf\"><\/i><\/div><div class=\"icon-box-content\"><h5 style=\"color:#fdb824;\" class=\"upper\">COMMENT LES FILMS POUR FEN\u00caTRES GAGNENT DES POINTS LEED.<\/h5><p>How window film earns leed points.<\/p><\/div><\/div><\/a>[\/vc_column][vc_column width=\u00a0\u00bb1\/4&Prime;][\/vc_column][\/vc_row][vc_row full_width=\u00a0\u00bbstretch_row\u00a0\u00bb parallax=\u00a0\u00bbcontent-moving-fade\u00a0\u00bb parallax_image=\u00a0\u00bb100674&Prime; light=\u00a0\u00bb1&Prime; gmbt_prlx_bg_type=\u00a0\u00bbvideo\u00a0\u00bb gmbt_prlx_break_parents=\u00a0\u00bb0&Prime; gmbt_prlx_smooth_scrolling=\u00a0\u00bb\u00a0\u00bb gmbt_prlx_video=\u00a0\u00bbhttps:\/\/www.youtube.com\/watch?v=6oWXDev3vkE\u00a0\u00bb gmbt_prlx_video_mute=\u00a0\u00bbmute\u00a0\u00bb gmbt_prlx_video_force_hd=\u00a0\u00bbforcehd\u00a0\u00bb gmbt_prlx_opacity=\u00a0\u00bb100&Prime; gmbt_prlx_video_aspect_ratio=\u00a0\u00bb16:9&Prime; gmbt_prlx_parallax=\u00a0\u00bbup\u00a0\u00bb gmbt_background_repeat=\u00a0\u00bb\u00a0\u00bb gmbt_background_position=\u00a0\u00bb\u00a0\u00bb gmbt_prlx_speed=\u00a0\u00bb0.3&Prime; gmbt_prlx_enable_mobile=\u00a0\u00bb\u00a0\u00bb gmbt_prlx_image=\u00a0\u00bb2290&Prime; css=\u00a0\u00bb.vc_custom_1682491394191{background-color: #6ea8bf !important;}\u00a0\u00bb][vc_column width=\u00a0\u00bb1\/2&Prime;]<div class=\"section-title text-right wow flipInY\" data-wow-delay=\"0.5s\"><h2 class=\"bordered-right upper light\">SOLAR GARD FILM <span> POUR VITRAGE<\/h2><p class=\"lead x2 x2 light lighter\">Une solution durable pour am\u00e9liorer<br \/>\nl'efficacit\u00e9 \u00e9nerg\u00e9tique des b\u00e2timents<\/p><\/div>[\/vc_column][vc_column width=\u00a0\u00bb1\/2&Prime;][vc_column_text css=\u00a0\u00bb\u00a0\u00bb]Compar\u00e9 au remplacement des fen\u00eatres, le carbone incorpor\u00e9 des films Solar Gard est au moins 30 fois inf\u00e9rieur \u00e0 celui de nouvelles fen\u00eatres. En plus d\u2019\u00e9conomiser de l\u2019\u00e9nergie, les films architecturaux de contr\u00f4le solaire Solar Gard sont reconnus comme \u00e9tant carbone n\u00e9gatif et ont un impact environnemental net positif \u00e0 l\u2019\u00e9chelle mondiale.[\/vc_column_text][vc_column_text][\/vc_column_text][\/vc_column][\/vc_row][vc_row bottom_margin=\u00a0\u00bbsm\u00a0\u00bb][vc_column width=\u00a0\u00bb1\/2&Prime;][vc_column_text]\u00a0<\/span><\/p>\n<p>Because buildings are such a large source of carbon emissions, many building managers and home owners are concerned with reducing their carbon footprint.<\/p>\n<p>In many cases, Solar Gard solar control window films are carbon neutral within one month of installation. Solar Gard window films are both carbon-effective and cost-effective, reducing a building\u2019s carbon footprint more effectively and for less money than new windows and low-e coatings.[\/vc_column_text][\/vc_column][vc_column width=\u00a0\u00bb1\/2&Prime;][vc_cta h2=\u00a0\u00bbD\u00c9CLARATION CLIMATIQUE\u00a0\u00bb shape=\u00a0\u00bbsquare\u00a0\u00bb style=\u00a0\u00bbflat\u00a0\u00bb add_button=\u00a0\u00bbbottom\u00a0\u00bb btn_title=\u00a0\u00bbT\u00c9L\u00c9CHARGER LE RAPPORT\u00a0\u00bb btn_style=\u00a0\u00bbflat\u00a0\u00bb btn_shape=\u00a0\u00bbsquare\u00a0\u00bb btn_color=\u00a0\u00bbdefault\u00a0\u00bb btn_i_icon_fontawesome=\u00a0\u00bbfas fa-download\u00a0\u00bb css=\u00a0\u00bb.vc_custom_1744187155746{border-radius: 1px !important;}\u00a0\u00bb btn_add_icon=\u00a0\u00bbtrue\u00a0\u00bb btn_link=\u00a0\u00bburl:https%3A%2F%2Fwww.solargard.com%2Fwp-content%2Fuploads%2F2016%2F02%2Fconsol-report-iwfa-energy-study.pdf|title:2012%20ConSol%20Report%20on%20Energy%20Savings|target:_blank\u00a0\u00bb]Apprenez-en davantage sur les mesures prises par Solar Gard pour r\u00e9duire les \u00e9missions de carbone \u00e0 l\u2019\u00e9chelle mondiale en t\u00e9l\u00e9chargeant les d\u00e9clarations climatiques ici.[\/vc_cta][\/vc_column][\/vc_row][vc_row equal_height=\u00a0\u00bbyes\u00a0\u00bb parallax=\u00a0\u00bbcontent-moving\u00a0\u00bb parallax_image=\u00a0\u00bb100659&Prime; css_animation=\u00a0\u00bbnone\u00a0\u00bb light=\u00a0\u00bb1&Prime; top_margin=\u00a0\u00bbnone\u00a0\u00bb css=\u00a0\u00bb.vc_custom_1682434335327{background-color: #95bed8 !important;}\u00a0\u00bb][vc_column width=\u00a0\u00bb1\/6&Prime;][\/vc_column][vc_column width=\u00a0\u00bb2\/3&Prime; css=\u00a0\u00bb.vc_custom_1455203553032{margin-top: 30px !important;margin-right: -10px !important;border-top-width: 30px !important;border-right-width: -10px !important;padding-top: 40px !important;padding-right: -10px !important;}\u00a0\u00bb][vc_column_text css=\u00a0\u00bb.vc_custom_1744186595981{margin-top: -30px !important;border-top-width: -30px !important;padding-top: -50px !important;}\u00a0\u00bb]<\/p>\n<h3 style=\"text-align: center;\">Les films pour fen\u00eatres Solar Gard\u00ae prot\u00e8gent contre la chaleur solaire et aident \u00e0 r\u00e9duire les risques en cas de bris de glace. Les films de contr\u00f4le solaire peuvent contribuer \u00e0 r\u00e9duire les co\u00fbts d\u2019exploitation et l\u2019empreinte carbone des b\u00e2timents.<\/h3>\n<p>[\/vc_column_text][\/vc_column][vc_column width=\u00a0\u00bb1\/6&Prime;][\/vc_column][\/vc_row][vc_row top_margin=\u00a0\u00bbsm\u00a0\u00bb bottom_margin=\u00a0\u00bbsm\u00a0\u00bb][vc_column][vc_column_text css=\u00a0\u00bb\u00a0\u00bb]<\/p>\n<p class=\"\" data-start=\"0\" data-end=\"206\">Que votre objectif soit de r\u00e9duire les co\u00fbts d\u2019exploitation, de diminuer les \u00e9missions de carbone ou de cr\u00e9er un environnement plus confortable et productif, il est essentiel de bien comprendre vos options.<\/p>\n<p class=\"\" data-start=\"208\" data-end=\"551\">Les fen\u00eatres de vos b\u00e2timents offrent l\u2019une des meilleures opportunit\u00e9s pour un retour sur investissement solide en mati\u00e8re d\u2019\u00e9conomies d\u2019\u00e9nergie. L\u2019\u00e9nergie solaire p\u00e9n\u00e8tre par les fen\u00eatres et provoque une accumulation de chaleur \u00e0 l\u2019int\u00e9rieur du b\u00e2timent, entra\u00eenant des zones de surchauffe inconfortables et un besoin accru de climatisation.<\/p>\n<p>[\/vc_column_text][vc_column_text css=\u00a0\u00bb\u00a0\u00bb el_id=\u00a0\u00bbsolargard-epd\u00a0\u00bb]Gr\u00e2ce \u00e0 leurs propri\u00e9t\u00e9s \u00e9prouv\u00e9es de rejet de chaleur, les films de contr\u00f4le solaire architectural Solar Gard peuvent aider votre maison ou votre entreprise \u00e0 consommer jusqu&rsquo;\u00e0 30 %\u00b9 d&rsquo;\u00e9nergie en moins pour la climatisation, en maintenant une temp\u00e9rature int\u00e9rieure plus stable. Cela r\u00e9duit le besoin de climatisation, tout en limitant les pics de consommation et en permettant \u00e0 votre syst\u00e8me de refroidissement de fonctionner plus efficacement.[\/vc_column_text][vc_empty_space el_id=\u00a0\u00bbsolargard-epd\u00a0\u00bb][vc_column_text][\/vc_column_text][\/vc_column][\/vc_row][vc_row css_animation=\u00a0\u00bbbounceInUp\u00a0\u00bb top_margin=\u00a0\u00bbnone\u00a0\u00bb][vc_column][vc_column_text css_animation=\u00a0\u00bbnone\u00a0\u00bb css=\u00a0\u00bb\u00a0\u00bb]<\/p>\n<p style=\"text-align: center;\">Pour plus de d\u00e9tails, vous trouverez ces informations dans nos annexes DEP.<br \/>\nContactez votre repr\u00e9sentant Solar Gard pour plus d&rsquo;informations.<\/p>\n<p>[\/vc_column_text][\/vc_column][\/vc_row][vc_row full_width=\u00a0\u00bbstretch_row\u00a0\u00bb top_margin=\u00a0\u00bbmd\u00a0\u00bb bottom_margin=\u00a0\u00bbmd\u00a0\u00bb css=\u00a0\u00bb.vc_custom_1643807907080{background-color: #007db1 !important;}\u00a0\u00bb][vc_column width=\u00a0\u00bb2\/3&Prime;]<div class=\"section-title sep-top-xs text-left\"><h5 class=\"upper light normal-title\">VOUS AVEZ UN PROJET ? ON EST L\u00c0 POUR VOUS AIDER !<\/h5><\/div>[\/vc_column][vc_column width=\u00a0\u00bb1\/3&Prime;][vc_btn title=\u00a0\u00bbContactez-nous\u00a0\u00bb style=\u00a0\u00bboutline\u00a0\u00bb shape=\u00a0\u00bbround\u00a0\u00bb color=\u00a0\u00bbwhite\u00a0\u00bb size=\u00a0\u00bblg\u00a0\u00bb align=\u00a0\u00bbcenter\u00a0\u00bb css=\u00a0\u00bb\u00a0\u00bb button_block=\u00a0\u00bbtrue\u00a0\u00bb link=\u00a0\u00bburl:https%3A%2F%2Fwww.solargard.com%2Ffr%2Fcontactez-nous%2F|title:Contact%20Us|target:_blank\u00a0\u00bb][\/vc_column][\/vc_row]<\/p>\n<\/div>","protected":false},"excerpt":{"rendered":"<p>[vc_row top_margin=\u00a0\u00bbnone\u00a0\u00bb bottom_margin=\u00a0\u00bbxs\u00a0\u00bb gmbt_prlx_bg_type=\u00a0\u00bbparallax\u00a0\u00bb gmbt_prlx_break_parents=\u00a0\u00bb0&Prime; gmbt_prlx_smooth_scrolling=\u00a0\u00bb\u00a0\u00bb gmbt_prlx_video=\u00a0\u00bb\u00a0\u00bb gmbt_prlx_video_mute=\u00a0\u00bb\u00a0\u00bb gmbt_prlx_video_force_hd=\u00a0\u00bb\u00a0\u00bb gmbt_prlx_opacity=\u00a0\u00bb100&Prime; gmbt_prlx_video_aspect_ratio=\u00a0\u00bb16:9&Prime; gmbt_prlx_parallax=\u00a0\u00bbnone\u00a0\u00bb gmbt_background_repeat=\u00a0\u00bb\u00a0\u00bb gmbt_background_position=\u00a0\u00bb\u00a0\u00bb gmbt_prlx_speed=\u00a0\u00bb0.3&Prime; gmbt_prlx_enable_mobile=\u00a0\u00bb\u00a0\u00bb][vc_column css=\u00a0\u00bb.vc_custom_1456251829290{margin-bottom: 50px !important;}\u00a0\u00bb][\/vc_column][vc_column width=\u00a0\u00bb1\/2&Prime;][vc_single_image image=\u00a0\u00bb103083&Prime; img_size=\u00a0\u00bbmedium\u00a0\u00bb alignment=\u00a0\u00bbcenter\u00a0\u00bb onclick=\u00a0\u00bbcustom_link\u00a0\u00bb img_link_target=\u00a0\u00bb_blank\u00a0\u00bb css_animation=\u00a0\u00bbbounceInDown\u00a0\u00bb css=\u00a0\u00bb\u00a0\u00bb link=\u00a0\u00bbhttps:\/\/www.base-inies.fr\/iniesV4\/dist\/consultation.html\u00a0\u00bb][vc_empty_space][vc_column_text css=\u00a0\u00bb\u00a0\u00bb] La D\u00e9claration Environnementale Produit (DEP) est bas\u00e9e sur une Analyse du Cycle de Vie (ACV) des impacts \u00ab du berceau \u00e0 la tombe \u00bb des produits &hellip; <a href=\"https:\/\/www.solargard.com\/fr\/ressources\/efficacite-energetique-et-durabilite\/\">Continued<\/a><\/p>\n","protected":false},"author":1,"featured_media":97211,"parent":20706,"menu_order":0,"comment_status":"closed","ping_status":"closed","template":"templates\/resources.php","meta":{"_acf_changed":false,"footnotes":""},"class_list":["post-103079","page","type-page","status-publish","has-post-thumbnail","hentry"],"acf":[],"_links":{"self":[{"href":"https:\/\/www.solargard.com\/fr\/wp-json\/wp\/v2\/pages\/103079","targetHints":{"allow":["GET"]}}],"collection":[{"href":"https:\/\/www.solargard.com\/fr\/wp-json\/wp\/v2\/pages"}],"about":[{"href":"https:\/\/www.solargard.com\/fr\/wp-json\/wp\/v2\/types\/page"}],"author":[{"embeddable":true,"href":"https:\/\/www.solargard.com\/fr\/wp-json\/wp\/v2\/users\/1"}],"replies":[{"embeddable":true,"href":"https:\/\/www.solargard.com\/fr\/wp-json\/wp\/v2\/comments?post=103079"}],"version-history":[{"count":0,"href":"https:\/\/www.solargard.com\/fr\/wp-json\/wp\/v2\/pages\/103079\/revisions"}],"up":[{"embeddable":true,"href":"https:\/\/www.solargard.com\/fr\/wp-json\/wp\/v2\/pages\/20706"}],"wp:featuredmedia":[{"embeddable":true,"href":"https:\/\/www.solargard.com\/fr\/wp-json\/wp\/v2\/media\/97211"}],"wp:attachment":[{"href":"https:\/\/www.solargard.com\/fr\/wp-json\/wp\/v2\/media?parent=103079"}],"curies":[{"name":"wp","href":"https:\/\/api.w.org\/{rel}","templated":true}]}}