{"id":20706,"date":"2016-02-11T20:02:20","date_gmt":"2016-02-11T20:02:20","guid":{"rendered":"https:\/\/www.solargard.com\/fr\/?page_id=20706"},"modified":"2026-02-06T00:29:51","modified_gmt":"2026-02-06T08:29:51","slug":"ressources","status":"publish","type":"page","link":"https:\/\/www.solargard.com\/fr\/ressources\/","title":{"rendered":"Fiches techniques des films pour vitres"},"content":{"rendered":"<div class=\"wpb-content-wrapper\"><p>[vc_row top_margin=\u00a0\u00bbnone\u00a0\u00bb bottom_margin=\u00a0\u00bb2x\u00a0\u00bb gmbt_prlx_bg_type=\u00a0\u00bbparallax\u00a0\u00bb gmbt_prlx_break_parents=\u00a0\u00bb0&Prime; gmbt_prlx_enable_mobile=\u00a0\u00bb\u00a0\u00bb gmbt_prlx_opacity=\u00a0\u00bb100&Prime; gmbt_prlx_parallax=\u00a0\u00bbnone\u00a0\u00bb gmbt_prlx_smooth_scrolling=\u00a0\u00bb\u00a0\u00bb gmbt_prlx_speed=\u00a0\u00bb0.3&Prime; gmbt_prlx_video_aspect_ratio=\u00a0\u00bb16:9&Prime; gmbt_prlx_video_force_hd=\u00a0\u00bb\u00a0\u00bb gmbt_prlx_video_mute=\u00a0\u00bb\u00a0\u00bb][vc_column]<div class=\"section-title sep-bottom-sm text-left wow bounceInRight\" data-wow-delay=\"1s\"><h3 class=\"upper normal-title\">Fiches techniques des films pour vitres<\/h3><\/div>[vc_column_text css=\u00a0\u00bb.vc_custom_1624344541842{border-bottom-width: 20px !important;padding-bottom: 20px !important;}\u00a0\u00bb]L\u2019avenir est \u00e0 la conception de b\u00e2timents efficaces. Les films Solar Gard permettent de r\u00e9soudre les probl\u00e8mes les plus communs de l\u2019enveloppe du b\u00e2timent, comme la surchauffe, l\u2019\u00e9blouissement, la d\u00e9coloration et la s\u00e9curit\u00e9. Ils permettent en m\u00eame temps d\u2019\u00e9conomiser jusqu\u2019\u00e0 30\u00a0% d\u2019\u00e9nergie, r\u00e9duisant d\u2019autant l\u2019empreinte carbone de nombreux b\u00e2timents.<\/p>\n<p>Le film de s\u00e9curit\u00e9 est con\u00e7u pour retenir les fragments de verre en cas de casse. Nous proposons une large gamme de films de s\u00e9curit\u00e9 qui assurent la protection en cas d\u2019accident, d\u2019intrusion, de temp\u00eate ou m\u00eame d\u2019explosion.<\/p>\n<p>Solar Gard vous aide \u00e0 am\u00e9liorer les performances des vitrages pour prot\u00e9ger les occupants et les propri\u00e9taires contre le surco\u00fbt \u00e9nerg\u00e9tique, la chaleur, l\u2019\u00e9blouissement, les accidents et les catastrophes naturelles. Pour plus de renseignements, appelez-nous aujourd\u2019hui au +32 9 240 95 81 ou envoyez-nous un e-mail \u00e0 <a href=\"mailto:France.info@solargard.com\">France.info@solargard.com<\/a>.<\/p>\n<p>[\/vc_column_text][vc_tta_accordion style=\u00a0\u00bbflat\u00a0\u00bb shape=\u00a0\u00bbsquare\u00a0\u00bb color=\u00a0\u00bbwhite\u00a0\u00bb active_section=\u00a0\u00bbfalse\u00a0\u00bb collapsible_all=\u00a0\u00bbtrue\u00a0\u00bb][vc_tta_section tab_id=\u00a0\u00bbregulation-solaire\u00a0\u00bb title=\u00a0\u00bbR\u00c9GULATION SOLAIRE\u00a0\u00bb][vc_column_text css=\u00a0\u00bb\u00a0\u00bb]<\/p>\n<h4><strong><em><span style=\"color: #0f466b;\"><a id=\"films-exterieur\"><\/a>FILMS POSE EXT\u00c9RIEURE:\u00a0 \u00a0<\/span><\/em><\/strong><span style=\"color: #999999;\"><a style=\"color: #999999;\" title=\"FILMS POSE INTERIEURE\" href=\"#films-interieurs\"><strong><em>FILMS POSE INT\u00c9RIEURE \u2193<\/em><\/strong><\/a><\/span><\/h4>\n<p>&nbsp;<\/p>\n<p><strong>SENTINEL PLUS QXN\u00a0 <\/strong><em>Pose ext\u00e9rieure (QXN=Transparent Neutre)<\/em><\/p>\n<hr \/>\n<p><a href=\"https:\/\/www.solargard.com\/wp-content\/uploads\/2023\/05\/SAMPLE-PAGE-SOLAR-GARD-SENTINEL-PLUS-QXN-75.pdf\" target=\"_blank\" rel=\"noopener\">Sentinel Plus QXN 75 OSW<\/a><\/p>\n<hr \/>\n<p>Sentinel Plus QXN 40 OSW (Mars 2026)<\/p>\n<hr \/>\n<p>&nbsp;<\/p>\n<p><strong>SENTINEL PLUS QX\u00a0 <\/strong><em>Pose ext\u00e9rieure (QX=Transparent)<\/em><\/p>\n<hr \/>\n<p><a href=\"https:\/\/www.solargard.com\/wp-content\/uploads\/2023\/05\/SAMPLE-PAGE-SOLAR-GARD-SENTINEL-PLUS-QX-70.pdf\" target=\"_blank\" rel=\"noopener\">Sentinel Plus QX 70 OSW<\/a><\/p>\n<p>&nbsp;<\/p>\n<p><strong>SENTINEL PLUS DX\u00a0 <\/strong><em>Pose ext\u00e9rieure (DX=Duo Reflective)<\/em><\/p>\n<hr \/>\n<p><a href=\"https:\/\/www.solargard.com\/wp-content\/uploads\/2023\/05\/SAMPLE-PAGE-SOLAR-GARD-SENTINEL-PLUS-DX-05.pdf\" target=\"_blank\" rel=\"noopener\">Sentinel Plus DX 5 OSW<\/a><\/p>\n<hr \/>\n<p><a href=\"https:\/\/www.solargard.com\/wp-content\/uploads\/2023\/05\/SAMPLE-PAGE-SOLAR-GARD-SENTINEL-PLUS-DX-15.pdf\" target=\"_blank\" rel=\"noopener\">Sentinel Plus DX 15 OSW<\/a><\/p>\n<p>&nbsp;<\/p>\n<p><strong>SENTINEL PLUS\u00a0\u00a0<\/strong><em>Pose ext\u00e9rieure (SX=transparent\u00a0 &#8211;\u00a0 Silver, Stainless Steel &amp; Solar Bronze=reflective)<\/em><\/p>\n<hr \/>\n<p><a href=\"https:\/\/www.solargard.com\/wp-content\/uploads\/2025\/05\/SAMPLE-PAGE-SOLAR-GARD-Sentinel-Plus-SX-80.pdf\" target=\"_blank\" rel=\"noopener\">Sentinel Plus SX 80 OSW<\/a><\/p>\n<hr \/>\n<p><a href=\"https:\/\/www.solargard.com\/wp-content\/uploads\/2025\/05\/SAMPLE-PAGE-SOLAR-GARD-SENTINEL-PLUS-SX-50.pdf\" target=\"_blank\" rel=\"noopener\">Sentinel Plus SX 50 OSW<\/a><\/p>\n<hr \/>\n<p><a href=\"https:\/\/www.solargard.com\/wp-content\/uploads\/2018\/11\/Solar-Gard-Sample-Page-SPSS40-2018-lr.pdf\" target=\"_blank\" rel=\"noopener noreferrer\">Sentinel Plus Stainless Steel 40 OSW<\/a><\/p>\n<hr \/>\n<p><a href=\"https:\/\/www.solargard.com\/wp-content\/uploads\/2018\/11\/Solar-Gard-Sample-Page-SPSS25-2018-lr.pdf\" target=\"_blank\" rel=\"noopener noreferrer\">Sentinel Plus Stainless Steel 25 OSW<\/a><\/p>\n<hr \/>\n<p><a href=\"https:\/\/www.solargard.com\/wp-content\/uploads\/2018\/11\/Solar-Gard-Sample-Page-SPSS15-2018-lr.pdf\" target=\"_blank\" rel=\"noopener noreferrer\">Sentinel Plus Stainless Steel 15 OSW<\/a><\/p>\n<hr \/>\n<p><a href=\"https:\/\/www.solargard.com\/wp-content\/uploads\/2018\/11\/Solar-Gard-Sample-Page-SPS35-2018-lr.pdf\" target=\"_blank\" rel=\"noopener noreferrer\">Sentinel Plus Silver 35 OSW<\/a><\/p>\n<hr \/>\n<p><a href=\"https:\/\/www.solargard.com\/wp-content\/uploads\/2018\/11\/Solar-Gard-Sample-Page-SPS20-2018-lr.pdf\" target=\"_blank\" rel=\"noopener noreferrer\">Sentinel Plus Silver 20 OSW<\/a><\/p>\n<hr \/>\n<p><a href=\"https:\/\/www.solargard.com\/wp-content\/uploads\/2019\/01\/Solar-Gard-Sample-Page-SPSB20-2019.pdf\" target=\"_blank\" rel=\"noopener noreferrer\">Sentinel Plus Solar Bronze 20 OSW<\/a><\/p>\n<p>&nbsp;<\/p>\n<p>&nbsp;<\/p>\n<h4><strong><em><span style=\"color: #0f466b;\"><a id=\"film-interieur\"><\/a><a id=\"films-interieurs\"><\/a>FILMS POSE INT\u00c9RIEURE\u00a0 \u00a0 \u00a0<\/span><\/em><\/strong><span style=\"color: #999999;\"><a style=\"color: #999999;\" title=\"FILMS POSE EXTERIEURE\" href=\"#films-exterieur\"><strong><em>FILMS POSE INT\u00c9RIEURE \u2191<\/em><\/strong><\/a><\/span><\/h4>\n<p>&nbsp;<\/p>\n<p><strong>LX SERIES\u00a0\u00a0<\/strong><\/p>\n<hr \/>\n<p><a href=\"https:\/\/www.solargard.com\/wp-content\/uploads\/2018\/11\/Solar-Gard-Sample-Page-LX70-2018-lr.pdf\" target=\"_blank\" rel=\"noopener noreferrer\">LX 70<\/a><\/p>\n<hr \/>\n<p>&nbsp;<\/p>\n<p><strong>STERLING SERIES\u00a0\u00a0<\/strong><\/p>\n<p>&nbsp;<\/p>\n<p><a href=\"https:\/\/www.solargard.com\/wp-content\/uploads\/2018\/11\/Solar-Gard-Sample-Page-ST40-2018-lr.pdf\" target=\"_blank\" rel=\"noopener noreferrer\">Sterling 40<\/a><\/p>\n<hr \/>\n<p><a href=\"https:\/\/www.solargard.com\/wp-content\/uploads\/2018\/11\/Solar-Gard-Sample-Page-ST50-2018-lr.pdf\" target=\"_blank\" rel=\"noopener noreferrer\">Sterling 50<\/a><\/p>\n<hr \/>\n<p><a href=\"https:\/\/www.solargard.com\/wp-content\/uploads\/2018\/11\/Solar-Gard-Sample-Page-ST60-2018-lr.pdf\" target=\"_blank\" rel=\"noopener noreferrer\">Sterling 60<\/a><\/p>\n<hr \/>\n<p><a href=\"https:\/\/www.solargard.com\/wp-content\/uploads\/2018\/11\/Solar-Gard-Sample-Page-ST70-2018-lr.pdf\" target=\"_blank\" rel=\"noopener noreferrer\">Sterling 70<\/a><\/p>\n<hr \/>\n<p>&nbsp;<\/p>\n<p><strong>SILVER SERIES\u00a0\u00a0<\/strong><\/p>\n<hr \/>\n<p><a href=\"https:\/\/www.solargard.com\/wp-content\/uploads\/2018\/11\/Solar-Gard-Sample-Page-S20-2018-lr.pdf\" target=\"_blank\" rel=\"noopener noreferrer\">Silver 20<\/a><\/p>\n<hr \/>\n<p><a href=\"https:\/\/www.solargard.com\/wp-content\/uploads\/2018\/11\/Solar-Gard-Sample-Page-S35-2018-lr.pdf\" target=\"_blank\" rel=\"noopener noreferrer\">Silver 35<\/a><\/p>\n<hr \/>\n<p>&nbsp;<\/p>\n<p><strong>SOLAR BRONZE SERIES\u00a0<\/strong><\/p>\n<hr \/>\n<p><a href=\"https:\/\/www.solargard.com\/wp-content\/uploads\/2023\/04\/Solar-Gard-Sample-Page-Solar-Bronze-20.pdf\" target=\"_blank\" rel=\"noopener noreferrer\">Solar Bronze 20<\/a><\/p>\n<hr \/>\n<p><a href=\"https:\/\/www.solargard.com\/wp-content\/uploads\/2022\/12\/Solar-Gard-Sample-Page-SolarBronze35.pdf\" target=\"_blank\" rel=\"noopener noreferrer\">Solar Bronze 35<\/a><\/p>\n<hr \/>\n<p>&nbsp;<\/p>\n<p><strong>TRUEVUE SERIES\u00a0\u00a0<\/strong><\/p>\n<hr \/>\n<p><a href=\"https:\/\/www.solargard.com\/wp-content\/uploads\/2018\/11\/Solar-Gard-Sample-Page-TV5-2018-lr.pdf\" target=\"_blank\" rel=\"noopener noreferrer\">TrueVue 5<\/a><\/p>\n<hr \/>\n<p><a href=\"https:\/\/www.solargard.com\/wp-content\/uploads\/2018\/11\/Solar-Gard-Sample-Page-TV15-2018-lr.pdf\" target=\"_blank\" rel=\"noopener noreferrer\">TrueVue 15<\/a><\/p>\n<hr \/>\n<p><a href=\"https:\/\/www.solargard.com\/wp-content\/uploads\/2018\/11\/Solar-Gard-Sample-Page-TV30-2018-lr.pdf\" target=\"_blank\" rel=\"noopener noreferrer\">TrueVue 30<\/a><\/p>\n<hr \/>\n<p><a href=\"https:\/\/www.solargard.com\/wp-content\/uploads\/2018\/11\/Solar-Gard-Sample-Page-TV40-2018-lr.pdf\" target=\"_blank\" rel=\"noopener noreferrer\">TrueVue 40<\/a><\/p>\n<hr \/>\n<p>&nbsp;<\/p>\n<p><strong>STAINLESS STEEL SERIES\u00a0\u00a0<\/strong><\/p>\n<hr \/>\n<p><a href=\"https:\/\/www.solargard.com\/wp-content\/uploads\/2018\/11\/Solar-Gard-Sample-Page-SS-10-20-30-2018-lr.pdf\" target=\"_blank\" rel=\"noopener noreferrer\">Stainless Steel 10, 20 &amp; 30<\/a><\/p>\n<hr \/>\n<p>[\/vc_column_text][vc_empty_space][\/vc_tta_section][vc_tta_section tab_id=\u00a0\u00bbFilms-Surete-Securite\u00a0\u00bb title=\u00a0\u00bbS\u00dbRET\u00c9, S\u00c9CURIT\u00c9 ET GRAFFITIGARD\u00a0\u00bb][vc_column_text css=\u00a0\u00bb\u00a0\u00bb]<strong>ARMORCOAT CLEAR\u00a0\u00a0<\/strong><\/p>\n<hr \/>\n<p><a href=\"https:\/\/www.solargard.com\/wp-content\/uploads\/2021\/06\/Solar-Gard-Sample-Page-PCR2-4-1.pdf\" target=\"_blank\" rel=\"noopener noreferrer\">2 &#8211; 4 MIL Clear \/ Printfilm<\/a><\/p>\n<hr \/>\n<p><a href=\"https:\/\/www.solargard.com\/wp-content\/uploads\/2018\/11\/Solar-Gard-Sample-Page-AC-4-7-8mil-2018-lr.pdf\" target=\"_blank\" rel=\"noopener noreferrer\">4 &#8211; 7 &#8211; 8 MIL Clear<\/a><\/p>\n<hr \/>\n<p><a href=\"https:\/\/www.solargard.com\/wp-content\/uploads\/2018\/11\/Solar-Gard-Sample-Page-AC-10-11-14mil-2018-lr.pdf\" target=\"_blank\" rel=\"noopener noreferrer\">10 &#8211; 11 &#8211; 14\u00a0 MIL Clear<\/a><\/p>\n<hr \/>\n<p>&nbsp;<\/p>\n<p><strong>ARMORCOAT CLEAR\u00a0\u00a0<\/strong><em>Pose ext\u00e9rieure<\/em><\/p>\n<hr \/>\n<p><a href=\"https:\/\/www.solargard.com\/wp-content\/uploads\/2018\/11\/Solar-Gard-Sample-Page-SP-4milCL-2018-lr.pdf?x93385\" target=\"_blank\" rel=\"noopener noreferrer\">4 MIL Clear \u2013 Sentinel Plus<\/a><\/p>\n<hr \/>\n<p><a href=\"https:\/\/www.solargard.com\/wp-content\/uploads\/2019\/04\/Solar-Gard-Sample-Page-S8Mil.pdf?x93385\" target=\"_blank\" rel=\"noopener noreferrer\">8 MIL Clear \u2013 Sentinel<\/a><\/p>\n<hr \/>\n<p>&nbsp;<\/p>\n<p><strong>ARMORCOAT CLEAR PC\u00a0\u00a0<\/strong><em>P<\/em><em>ose ext\u00e9rieure<\/em><em>\u00a0&#8211; Polycarbonat<\/em><\/p>\n<hr \/>\n<p><a href=\"https:\/\/www.solargard.com\/wp-content\/uploads\/2019\/04\/Solar-Gard-Sample-Page-S4MilPC.pdf?x93385\" target=\"_blank\" rel=\"noopener noreferrer\">4 MIL Clear \u2013 Sentinel PC<\/a><\/p>\n<hr \/>\n<p>&nbsp;<\/p>\n<p><strong>GRAFFITIGARD\u00a0\u00a0<\/strong><\/p>\n<hr \/>\n<p><a href=\"https:\/\/www.solargard.com\/wp-content\/uploads\/2025\/11\/Solar-Gard-Graffitigard-4-and-7-Sample-Page.pdf\" target=\"_blank\" rel=\"noopener noreferrer\">Graffitigard 4 &amp; 7 Mil &#8211; Clear<\/a><\/p>\n<hr \/>\n<p>[\/vc_column_text][vc_empty_space][\/vc_tta_section][vc_tta_section tab_id=\u00a0\u00bb1548258135429-90b5bb72-b892&Prime; title=\u00a0\u00bbFILMS DE BASSE EMISSIVIT\u00c9\u00a0\u00bb][vc_column_text]<a href=\"https:\/\/www.solargard.com\/wp-content\/uploads\/2022\/11\/Solar-Gard-Sample-Page-Silver-AG-25-50.pdf\" target=\"_blank\" rel=\"noopener\">Silver AG 25 &amp; 50<\/a><\/p>\n<hr \/>\n<p>[\/vc_column_text][vc_column_text]<a href=\"https:\/\/www.solargard.com\/wp-content\/uploads\/2022\/08\/ecolux-sample-page-0713-sk0314ecx70-fr.pdf\" target=\"_blank\" rel=\"noopener\">Ecolux\u2122<\/a><\/p>\n<hr \/>\n<p>[\/vc_column_text][vc_empty_space][\/vc_tta_section][vc_tta_section tab_id=\u00a0\u00bb1548258188590-454e8240-c806&Prime; title=\u00a0\u00bbFILM D\u00c9CORATIF\u00a0\u00bb][vc_column_text]<a href=\"https:\/\/www.solargard.com\/wp-content\/uploads\/2019\/01\/clear-frost-solar-sample-page-0314speccf-int.pdf\" target=\"_blank\" rel=\"noopener noreferrer\">Clear Frost<\/a><\/p>\n<hr \/>\n<p><a href=\"https:\/\/www.solargard.com\/wp-content\/uploads\/2019\/01\/white-opaque-solar-sample-page-0314specwo-int.pdf\" target=\"_blank\" rel=\"noopener noreferrer\">White Opaque<\/a><\/p>\n<hr \/>\n<p><a href=\"https:\/\/www.solargard.com\/wordpress\/wp-admin\/upload.php?item=80217\" target=\"_blank\" rel=\"noopener noreferrer\">Black Opaque<\/a><\/p>\n<hr \/>\n<p>&nbsp;<\/p>\n<p>&nbsp;<\/p>\n<p>&nbsp;<\/p>\n<p>&nbsp;<\/p>\n<p>&nbsp;<\/p>\n<p>[\/vc_column_text]<div class=\"section-title sep-top-2x text-left\"><h4 class=\"upper normal-title\">VOUS N'AVEZ PAS TROUV\u00c9 CE QUE VOUS CHERCHIEZ ? ESSAYEZ UN DE CES<\/h4><\/div>[\/vc_tta_section][vc_tta_section title=\u00a0\u00bbFILM DE PROTECTION OISEAUX\u00a0\u00bb tab_id=\u00a0\u00bbfilm-oiseaux\u00a0\u00bb][vc_column_text css=\u00a0\u00bb\u00a0\u00bb]<a href=\"https:\/\/www.solargard.com\/wp-content\/uploads\/2025\/10\/WingSafe-Sample-Page_2025_FR.pdf\" target=\"_blank\" rel=\"noopener noreferrer\">Wingsafe<\/a><\/p>\n<hr \/>\n<p>&nbsp;<\/p>\n<p>&nbsp;<\/p>\n<p>&nbsp;<\/p>\n<p>&nbsp;<\/p>\n<p>[\/vc_column_text][\/vc_tta_section][\/vc_tta_accordion][vc_row_inner][vc_column_inner width=\u00a0\u00bb1\/3&Prime;]<div class=\"icon-box icon-horizontal icon-md sep-top-md icon-gradient\"><div style=\"background-color:#fdb824;\" class=\"icon-content img-circle wow bounceInUp\" data-wow-delay=\"0.5s\"><i class=\"fa fa-phone\"><\/i><\/div><div class=\"icon-box-content\"><h5 style=\"color:#fdb824;\" class=\"upper\">APPEL<\/h5><p>Parlez-en \u00e0 un expert.<br \/>\n+32 9 240 95 81<\/p><\/div><\/div>[\/vc_column_inner][vc_column_inner width=\u00a0\u00bb1\/3&Prime;]<div class=\"icon-box icon-horizontal icon-md sep-top-md icon-gradient\"><div style=\"background-color:#fdb824;\" class=\"icon-content img-circle wow bounceInUp\" data-wow-delay=\"0.75s\"><i class=\"fa fa-envelope\"><\/i><\/div><div class=\"icon-box-content\"><h5 style=\"color:#fdb824;\" class=\"upper\">E-MAIL<\/h5><p>ENVOYEZ PAR E-MAIL votre demande.<br \/>\nfrance.info@solargard.com<\/p><\/div><\/div>[\/vc_column_inner][\/vc_row_inner][\/vc_column][\/vc_row][vc_row][vc_column][vc_empty_space][\/vc_column][\/vc_row]<\/p>\n<\/div>","protected":false},"excerpt":{"rendered":"<p>[vc_row top_margin=\u00a0\u00bbnone\u00a0\u00bb bottom_margin=\u00a0\u00bb2x\u00a0\u00bb gmbt_prlx_bg_type=\u00a0\u00bbparallax\u00a0\u00bb gmbt_prlx_break_parents=\u00a0\u00bb0&Prime; gmbt_prlx_enable_mobile=\u00a0\u00bb\u00a0\u00bb gmbt_prlx_opacity=\u00a0\u00bb100&Prime; gmbt_prlx_parallax=\u00a0\u00bbnone\u00a0\u00bb gmbt_prlx_smooth_scrolling=\u00a0\u00bb\u00a0\u00bb gmbt_prlx_speed=\u00a0\u00bb0.3&Prime; gmbt_prlx_video_aspect_ratio=\u00a0\u00bb16:9&Prime; gmbt_prlx_video_force_hd=\u00a0\u00bb\u00a0\u00bb gmbt_prlx_video_mute=\u00a0\u00bb\u00a0\u00bb][vc_column][vc_column_text css=\u00a0\u00bb.vc_custom_1624344541842{border-bottom-width: 20px !important;padding-bottom: 20px !important;}\u00a0\u00bb]L\u2019avenir est \u00e0 la conception de b\u00e2timents efficaces. Les films Solar Gard permettent de r\u00e9soudre les probl\u00e8mes les plus communs de l\u2019enveloppe du b\u00e2timent, comme la surchauffe, l\u2019\u00e9blouissement, la d\u00e9coloration et la s\u00e9curit\u00e9. Ils permettent en m\u00eame temps &hellip; <a href=\"https:\/\/www.solargard.com\/fr\/ressources\/\">Continued<\/a><\/p>\n","protected":false},"author":1,"featured_media":94299,"parent":0,"menu_order":0,"comment_status":"closed","ping_status":"closed","template":"templates\/resources.php","meta":{"_acf_changed":false,"footnotes":""},"class_list":["post-20706","page","type-page","status-publish","has-post-thumbnail","hentry"],"acf":[],"_links":{"self":[{"href":"https:\/\/www.solargard.com\/fr\/wp-json\/wp\/v2\/pages\/20706","targetHints":{"allow":["GET"]}}],"collection":[{"href":"https:\/\/www.solargard.com\/fr\/wp-json\/wp\/v2\/pages"}],"about":[{"href":"https:\/\/www.solargard.com\/fr\/wp-json\/wp\/v2\/types\/page"}],"author":[{"embeddable":true,"href":"https:\/\/www.solargard.com\/fr\/wp-json\/wp\/v2\/users\/1"}],"replies":[{"embeddable":true,"href":"https:\/\/www.solargard.com\/fr\/wp-json\/wp\/v2\/comments?post=20706"}],"version-history":[{"count":0,"href":"https:\/\/www.solargard.com\/fr\/wp-json\/wp\/v2\/pages\/20706\/revisions"}],"wp:featuredmedia":[{"embeddable":true,"href":"https:\/\/www.solargard.com\/fr\/wp-json\/wp\/v2\/media\/94299"}],"wp:attachment":[{"href":"https:\/\/www.solargard.com\/fr\/wp-json\/wp\/v2\/media?parent=20706"}],"curies":[{"name":"wp","href":"https:\/\/api.w.org\/{rel}","templated":true}]}}