{"id":20715,"date":"2016-02-11T20:13:24","date_gmt":"2016-02-11T20:13:24","guid":{"rendered":"https:\/\/www.solargard.com\/fr\/?page_id=20715"},"modified":"2017-01-10T21:08:22","modified_gmt":"2017-01-10T21:08:22","slug":"ressources-commerciales-et-marketing","status":"publish","type":"page","link":"https:\/\/www.solargard.com\/fr\/ressources-commerciales-et-marketing\/","title":{"rendered":"Ressources Commerciales et Marketing"},"content":{"rendered":"<div class=\"wpb-content-wrapper\"><p>[vc_row top_margin=\u00a0\u00bbsm\u00a0\u00bb bottom_margin=\u00a0\u00bbnone\u00a0\u00bb gmbt_prlx_bg_type=\u00a0\u00bbparallax\u00a0\u00bb gmbt_prlx_break_parents=\u00a0\u00bb0&Prime; gmbt_prlx_enable_mobile=\u00a0\u00bb\u00a0\u00bb gmbt_prlx_opacity=\u00a0\u00bb100&Prime; gmbt_prlx_parallax=\u00a0\u00bbnone\u00a0\u00bb gmbt_prlx_smooth_scrolling=\u00a0\u00bb\u00a0\u00bb gmbt_prlx_speed=\u00a0\u00bb0.3&Prime; gmbt_prlx_video_aspect_ratio=\u00a0\u00bb16:9&Prime; gmbt_prlx_video_force_hd=\u00a0\u00bb\u00a0\u00bb gmbt_prlx_video_mute=\u00a0\u00bb\u00a0\u00bb][vc_column]<div class=\"section-title sg-section-title text-center\"><div class=\"copy-content\"><h4 class=\" normal-title\">Ce qui compte le plus pour vous,<\/h4><p class=\"lead x2 x2\">We're On It<\/p><\/div><div class=\"border-bg\"><\/div><\/div>[\/vc_column][\/vc_row][vc_row top_margin=\u00a0\u00bbnone\u00a0\u00bb bottom_margin=\u00a0\u00bb2x\u00a0\u00bb gmbt_background_position=\u00a0\u00bb\u00a0\u00bb gmbt_background_repeat=\u00a0\u00bb\u00a0\u00bb gmbt_prlx_bg_type=\u00a0\u00bbparallax\u00a0\u00bb gmbt_prlx_break_parents=\u00a0\u00bb0&Prime; gmbt_prlx_enable_mobile=\u00a0\u00bb\u00a0\u00bb gmbt_prlx_opacity=\u00a0\u00bb100&Prime; gmbt_prlx_parallax=\u00a0\u00bbnone\u00a0\u00bb gmbt_prlx_smooth_scrolling=\u00a0\u00bb\u00a0\u00bb gmbt_prlx_speed=\u00a0\u00bb0.3&Prime; gmbt_prlx_video=\u00a0\u00bb\u00a0\u00bb gmbt_prlx_video_aspect_ratio=\u00a0\u00bb16:9&Prime; gmbt_prlx_video_force_hd=\u00a0\u00bb\u00a0\u00bb gmbt_prlx_video_mute=\u00a0\u00bb\u00a0\u00bb][vc_column width=\u00a0\u00bb1\/4&Prime;]<div class=\"icon-box icon-horizontal icon-lg sep-top-sm icon-gradient\"><a class=\"vc_icon_element-link\" href=\"http:\/\/www.solargard.com\/fr\/resources\/\" title=\"\" target=\"_self\"><div style=\"background-color:#fdb824;\" class=\"icon-content img-circle wow bounceInUp\" data-wow-delay=\"0.25s\"><i class=\"fa fa-archive\"><\/i><\/div><div class=\"icon-box-content\"><h5 style=\"color:#fdb824;\" class=\"upper\">Ressources pour la vente<\/h5><p>Trouvez les ressources et les caract\u00e9ristiques pour les architectures, les ing\u00e9nieurs et les concepteurs.<\/p><\/div><\/div><\/a>[\/vc_column][vc_column width=\u00a0\u00bb1\/4&Prime;]<div class=\"icon-box icon-horizontal icon-lg sep-top-sm icon-gradient\"><a class=\"vc_icon_element-link\" href=\"http:\/\/www.solargard.com\/fr\/energy-efficiency-and-sustainability\/\" title=\"\" target=\"_self\"><div style=\"background-color:#fdb824;\" class=\"icon-content img-circle wow bounceInUp\" data-wow-delay=\"0.5s\"><i class=\"fa fa-sun-o\"><\/i><\/div><div class=\"icon-box-content\"><h5 style=\"color:#fdb824;\" class=\"upper\">Rendement \u00e9nerg\u00e9tique et durabilit\u00e9<\/h5><p>Le film pour vitrage Solar Gard constitue une solution durable pour am\u00e9liorer le rendement \u00e9nerg\u00e9tique. <\/p><\/div><\/div><\/a>[\/vc_column][vc_column width=\u00a0\u00bb1\/4&Prime;]<div class=\"icon-box icon-horizontal icon-lg sep-top-sm icon-gradient\"><a class=\"vc_icon_element-link\" href=\"http:\/\/www.solargard.com\/fr\/project-gallery\/\" title=\"\" target=\"_self\"><div style=\"background-color:#fdb824;\" class=\"icon-content img-circle wow bounceInUp\" data-wow-delay=\"0.75s\"><i class=\"fa fa-building\"><\/i><\/div><div class=\"icon-box-content\"><h5 style=\"color:#fdb824;\" class=\"upper\">Le film pour vitrage Solar Gard \u00e0 l'ouvrage<\/h5><p>Consultez la fa\u00e7on dont le film pour vitrage Solar Gard peut am\u00e9liorer votre prochain projet.<\/p><\/div><\/div><\/a>[\/vc_column][vc_column width=\u00a0\u00bb1\/4&Prime;]<div class=\"icon-box icon-horizontal icon-lg sep-top-sm icon-gradient\"><a class=\"vc_icon_element-link\" href=\"http:\/\/www.solargard.com\/fr\/resources\/safety-and-security-certifications\/\" title=\"\" target=\"_self\"><div style=\"background-color:#fdb824;\" class=\"icon-content img-circle wow bounceInUp\" data-wow-delay=\"1s\"><i class=\"fa fa-exclamation-triangle\"><\/i><\/div><div class=\"icon-box-content\"><h5 style=\"color:#fdb824;\" class=\"upper\">Homologations de s\u00e9curit\u00e9<\/h5><p>Un vitrage de s\u00e9curit\u00e9, une att\u00e9nuation des explosions, des incendies, des intrusions et des catastrophes naturelles.<\/p><\/div><\/div><\/a>[\/vc_column][\/vc_row][vc_row top_margin=\u00a0\u00bb2x\u00a0\u00bb bottom_margin=\u00a0\u00bb2x\u00a0\u00bb gmbt_background_position=\u00a0\u00bb\u00a0\u00bb gmbt_background_repeat=\u00a0\u00bb\u00a0\u00bb gmbt_prlx_bg_type=\u00a0\u00bbparallax\u00a0\u00bb gmbt_prlx_break_parents=\u00a0\u00bb0&Prime; gmbt_prlx_enable_mobile=\u00a0\u00bb\u00a0\u00bb gmbt_prlx_opacity=\u00a0\u00bb100&Prime; gmbt_prlx_parallax=\u00a0\u00bbnone\u00a0\u00bb gmbt_prlx_smooth_scrolling=\u00a0\u00bb\u00a0\u00bb gmbt_prlx_speed=\u00a0\u00bb0.3&Prime; gmbt_prlx_video=\u00a0\u00bb\u00a0\u00bb gmbt_prlx_video_aspect_ratio=\u00a0\u00bb16:9&Prime; gmbt_prlx_video_force_hd=\u00a0\u00bb\u00a0\u00bb gmbt_prlx_video_mute=\u00a0\u00bb\u00a0\u00bb][vc_column]<div class=\"section-title sep-bottom-md text-center wow bounceInRight\" data-wow-delay=\"0.5s\"><h3 class=\"upper normal-title\">Revendeurs<\/h3><\/div>[vc_row_inner][vc_column_inner width=\u00a0\u00bb1\/6&Prime;][\/vc_column_inner][vc_column_inner width=\u00a0\u00bb1\/3&Prime;]<a href=\"https:\/\/dc.solargard.com\" class=\"content-link text-left\" target=\"_blank\" rel=\"noopener\"><div class=\"content-link-image \" style=\"background-image: url(https:\/\/www.solargard.com\/wp-content\/uploads\/2016\/02\/Screen-Shot-2016-02-04-at-5.48.56-PM-e1454704182125-1024x611.png)\" ><\/div><h4>PORTAIL REVENDEUR<\/h4><h5><\/h5><p>\u00c0 la recherche d'une formation d'installation et de documentations ? Allez sur le tout nouveau portail revendeur Solar Gard.<br \/>\n<\/p><\/a>[\/vc_column_inner][vc_column_inner width=\u00a0\u00bb1\/3&Prime;]<a href=\"https:\/\/www.youtube.com\/c\/solargardemea\" class=\"content-link text-left\" target=\"_blank\" rel=\"noopener\"><div class=\"content-link-image \" style=\"background-image: url(https:\/\/www.solargard.com\/wp-content\/uploads\/2016\/02\/e-warranty_tout-1024x611.jpg)\" ><\/div><h4>YOUTUBE<\/h4><h5><\/h5><p>D\u00e9couvrez ou red\u00e9couvrez nos vid\u00e9os sur YouTube !<\/p><\/a>[\/vc_column_inner][vc_column_inner width=\u00a0\u00bb1\/6&Prime;][\/vc_column_inner][\/vc_row_inner][\/vc_column][\/vc_row][vc_row full_width=\u00a0\u00bbstretch_row\u00a0\u00bb top_margin=\u00a0\u00bb2x\u00a0\u00bb css=\u00a0\u00bb.vc_custom_1453158514974{background-color: #e5f5fc !important;}\u00a0\u00bb gmbt_prlx_bg_type=\u00a0\u00bbparallax\u00a0\u00bb gmbt_prlx_break_parents=\u00a0\u00bb0&Prime; gmbt_prlx_enable_mobile=\u00a0\u00bb\u00a0\u00bb gmbt_prlx_image=\u00a0\u00bb2254&Prime; gmbt_prlx_opacity=\u00a0\u00bb100&Prime; gmbt_prlx_parallax=\u00a0\u00bbnone\u00a0\u00bb gmbt_prlx_smooth_scrolling=\u00a0\u00bb\u00a0\u00bb gmbt_prlx_speed=\u00a0\u00bb0.3&Prime; gmbt_prlx_video_aspect_ratio=\u00a0\u00bb16:9&Prime; gmbt_prlx_video_force_hd=\u00a0\u00bb\u00a0\u00bb gmbt_prlx_video_mute=\u00a0\u00bb\u00a0\u00bb][vc_column]<div class=\"section-title sep-bottom-sm text-center wow fadeInUp\" data-wow-delay=\"0.25s\"><h3 class=\"upper normal-title\">PRODUITS PR\u00c9SENT\u00c9S<\/h3><\/div>[vc_row_inner][vc_column_inner el_class=\u00a0\u00bbbordered\u00a0\u00bb width=\u00a0\u00bb1\/3&Prime;]<a href=\"https:\/\/www.solargard.com\/fr\/produit\/sentinel\/\" class=\"content-link \"><div class=\"content-link-image\" style=\"background-image: url(https:\/\/www.solargard.com\/wp-content\/uploads\/2014\/11\/ALL-FR-SENTINEL-PLUS10year-web-product-300x225.jpg)\"><\/div><h4>Ext\u00e9rieur | Sentinel Plus (Tous)<\/h4><h5><\/h5><\/a>[\/vc_column_inner][vc_column_inner el_class=\u00a0\u00bbbordered\u00a0\u00bb width=\u00a0\u00bb1\/3&Prime;]<a href=\"https:\/\/www.solargard.com\/fr\/produit\/films-de-securite-transparents\/\" class=\"content-link \"><div class=\"content-link-image\" style=\"background-image: url(https:\/\/www.solargard.com\/wp-content\/uploads\/2016\/05\/Safety-alt-300x200.jpg)\"><\/div><h4>Film de s\u00e9curit\u00e9 transparent pour vitrages de b\u00e2timent<\/h4><h5><\/h5><\/a>[\/vc_column_inner][vc_column_inner width=\u00a0\u00bb1\/3&Prime;]<a href=\"https:\/\/www.solargard.com\/fr\/produit\/sterling\/\" class=\"content-link \"><div class=\"content-link-image\" style=\"background-image: url(https:\/\/www.solargard.com\/wp-content\/uploads\/2016\/03\/AyersPhoto-300x225.jpg)\"><\/div><h4>Film anti UV et chaleur | Sterling<\/h4><h5><\/h5><\/a>[\/vc_column_inner][\/vc_row_inner][\/vc_column][\/vc_row][vc_row gmbt_background_position=\u00a0\u00bb\u00a0\u00bb gmbt_background_repeat=\u00a0\u00bb\u00a0\u00bb gmbt_prlx_bg_type=\u00a0\u00bbparallax\u00a0\u00bb gmbt_prlx_break_parents=\u00a0\u00bb0&Prime; gmbt_prlx_enable_mobile=\u00a0\u00bb\u00a0\u00bb gmbt_prlx_opacity=\u00a0\u00bb100&Prime; gmbt_prlx_parallax=\u00a0\u00bbnone\u00a0\u00bb gmbt_prlx_smooth_scrolling=\u00a0\u00bb\u00a0\u00bb gmbt_prlx_speed=\u00a0\u00bb0.3&Prime; gmbt_prlx_video=\u00a0\u00bb\u00a0\u00bb gmbt_prlx_video_aspect_ratio=\u00a0\u00bb16:9&Prime; gmbt_prlx_video_force_hd=\u00a0\u00bb\u00a0\u00bb gmbt_prlx_video_mute=\u00a0\u00bb\u00a0\u00bb][vc_column]<div class=\"section-title sep-bottom-lg text-center wow fadeInUp\" data-wow-delay=\"0.25s\"><h3 class=\"upper normal-title\">Associations professionnelles<\/h3><\/div>    <div class=\"\">\n      <div dir=\"ltr\" data-auto-play=\"3000\" data-items=\"8\" data-auto-height=\"false\" class=\"client-list owl-carousel owl-theme\">\n        <div class=\"item\"> <a href=\"http:\/\/www.aimcal.org\/\" target=\"_blank\" rel=\"noopener\"><img decoding=\"async\" class=\"img-responsive\" alt=\"AIMCAL\" src=\"https:\/\/www.solargard.com\/wp-content\/uploads\/2016\/03\/0009_bwlogo_aimcal.jpg\"><\/a> <\/div><div class=\"item\"> <a href=\"http:\/\/www.thenbs.com\/PublicationIndex\/documents?Pub=AIS\" target=\"_blank\" rel=\"noopener\"><img decoding=\"async\" class=\"img-responsive\" alt=\"AIS\" src=\"https:\/\/www.solargard.com\/wp-content\/uploads\/2016\/03\/ais.jpg\"><\/a> <\/div><div class=\"item\"> <a href=\"http:\/\/www.asid.org\" target=\"_blank\" rel=\"noopener\"><img decoding=\"async\" class=\"img-responsive\" alt=\"ASID\" src=\"https:\/\/www.solargard.com\/wp-content\/uploads\/2016\/03\/0008_bwlogo_asid.jpg\"><\/a> <\/div><div class=\"item\"> <a href=\"http:\/\/www.boma.org\" target=\"_blank\" rel=\"noopener\"><img decoding=\"async\" class=\"img-responsive\" alt=\"BOMA\" src=\"https:\/\/www.solargard.com\/wp-content\/uploads\/2016\/03\/0007_bwlogo_boma.jpg\"><\/a> <\/div><div class=\"item\"> <a href=\"https:\/\/www.energystar.gov\/\" target=\"_blank\" rel=\"noopener\"><img decoding=\"async\" class=\"img-responsive\" alt=\"Energy Star\" src=\"https:\/\/www.solargard.com\/wp-content\/uploads\/2016\/03\/0005_bwlogo_energystar.jpg\"><\/a> <\/div><div class=\"item\"> <a href=\"http:\/\/www.ggf.org.uk\" target=\"_blank\" rel=\"noopener\"><img decoding=\"async\" class=\"img-responsive\" alt=\"GGF\" src=\"https:\/\/www.solargard.com\/wp-content\/uploads\/2016\/03\/ggf.jpg\"><\/a> <\/div><div class=\"item\"> <a href=\"http:\/\/www.iwfa.com\" target=\"_blank\" rel=\"noopener\"><img decoding=\"async\" class=\"img-responsive\" alt=\"IWFA\" src=\"https:\/\/www.solargard.com\/wp-content\/uploads\/2016\/03\/iwfa.jpg\"><\/a> <\/div><div class=\"item\"> <a href=\"http:\/\/www.glass.org\" target=\"_blank\" rel=\"noopener\"><img decoding=\"async\" class=\"img-responsive\" alt=\"NGA\" src=\"https:\/\/www.solargard.com\/wp-content\/uploads\/2016\/03\/0002_bwlogo_nga.jpg\"><\/a> <\/div><div class=\"item\"> <a href=\"http:\/\/protectiveglazing.com\/\" target=\"_blank\" rel=\"noopener\"><img decoding=\"async\" class=\"img-responsive\" alt=\"PGC\" src=\"https:\/\/www.solargard.com\/wp-content\/uploads\/2016\/03\/0001_bwlogo_pgc.jpg\"><\/a> <\/div><div class=\"item\"> <a href=\"http:\/\/www.usgbc.org\/\" target=\"_blank\" rel=\"noopener\"><img decoding=\"async\" class=\"img-responsive\" alt=\"USGBC\" src=\"https:\/\/www.solargard.com\/wp-content\/uploads\/2016\/03\/0000_leaves-e1455834545243.jpg\"><\/a> <\/div><div class=\"item\"> <a href=\"http:\/\/www.wers.net\/wers-home\" target=\"_blank\" rel=\"noopener\"><img decoding=\"async\" class=\"img-responsive\" alt=\"Window Energy Rating Scheme\" src=\"https:\/\/www.solargard.com\/wp-content\/uploads\/2016\/06\/WER.png\"><\/a> <\/div><div class=\"item\"> <a href=\"http:\/\/www.wfaanz.org.au\/\" target=\"_blank\" rel=\"noopener\"><img decoding=\"async\" class=\"img-responsive\" alt=\"Window Film Association of Australia and New Zealand\" src=\"https:\/\/www.solargard.com\/wp-content\/uploads\/2016\/06\/WFAANZ-2.png\"><\/a> <\/div>\n      <\/div>\n    <\/div>[\/vc_column][\/vc_row][vc_row full_width=\u00a0\u00bbstretch_row\u00a0\u00bb top_margin=\u00a0\u00bbmd\u00a0\u00bb bottom_margin=\u00a0\u00bbmd\u00a0\u00bb css=\u00a0\u00bb.vc_custom_1452203051488{background-color: #e5f5fc !important;}\u00a0\u00bb gmbt_prlx_bg_type=\u00a0\u00bbparallax\u00a0\u00bb gmbt_prlx_break_parents=\u00a0\u00bb0&Prime; gmbt_prlx_enable_mobile=\u00a0\u00bb\u00a0\u00bb gmbt_prlx_opacity=\u00a0\u00bb100&Prime; gmbt_prlx_parallax=\u00a0\u00bbnone\u00a0\u00bb gmbt_prlx_smooth_scrolling=\u00a0\u00bb\u00a0\u00bb gmbt_prlx_speed=\u00a0\u00bb0.3&Prime; gmbt_prlx_video_aspect_ratio=\u00a0\u00bb16:9&Prime; gmbt_prlx_video_force_hd=\u00a0\u00bb\u00a0\u00bb gmbt_prlx_video_mute=\u00a0\u00bb\u00a0\u00bb][vc_column width=\u00a0\u00bb2\/12&Prime;][\/vc_column][vc_column width=\u00a0\u00bb4\/12&Prime;]<div class=\"section-title text-left\"><h3 class=\"upper normal-title\">BESOIN D'AIDE ?<\/h3><\/div>[\/vc_column][vc_column width=\u00a0\u00bb4\/12&Prime;][vc_btn title=\u00a0\u00bbNOUS CONTACTER\u00a0\u00bb style=\u00a0\u00bbflat\u00a0\u00bb shape=\u00a0\u00bbsquare\u00a0\u00bb color=\u00a0\u00bbprimary\u00a0\u00bb link=\u00a0\u00bburl:http%3A%2F%2Fwww.solargard.com%2Ffr%2Fnous-contacter%2F||\u00a0\u00bb][\/vc_column][vc_column width=\u00a0\u00bb2\/12&Prime;][\/vc_column][\/vc_row]<\/p>\n<\/div>","protected":false},"excerpt":{"rendered":"<p>[vc_row top_margin=\u00a0\u00bbsm\u00a0\u00bb bottom_margin=\u00a0\u00bbnone\u00a0\u00bb gmbt_prlx_bg_type=\u00a0\u00bbparallax\u00a0\u00bb gmbt_prlx_break_parents=\u00a0\u00bb0&Prime; gmbt_prlx_enable_mobile=\u00a0\u00bb\u00a0\u00bb gmbt_prlx_opacity=\u00a0\u00bb100&Prime; gmbt_prlx_parallax=\u00a0\u00bbnone\u00a0\u00bb gmbt_prlx_smooth_scrolling=\u00a0\u00bb\u00a0\u00bb gmbt_prlx_speed=\u00a0\u00bb0.3&Prime; gmbt_prlx_video_aspect_ratio=\u00a0\u00bb16:9&Prime; gmbt_prlx_video_force_hd=\u00a0\u00bb\u00a0\u00bb gmbt_prlx_video_mute=\u00a0\u00bb\u00a0\u00bb][vc_column][\/vc_column][\/vc_row][vc_row top_margin=\u00a0\u00bbnone\u00a0\u00bb bottom_margin=\u00a0\u00bb2x\u00a0\u00bb gmbt_background_position=\u00a0\u00bb\u00a0\u00bb gmbt_background_repeat=\u00a0\u00bb\u00a0\u00bb gmbt_prlx_bg_type=\u00a0\u00bbparallax\u00a0\u00bb gmbt_prlx_break_parents=\u00a0\u00bb0&Prime; gmbt_prlx_enable_mobile=\u00a0\u00bb\u00a0\u00bb gmbt_prlx_opacity=\u00a0\u00bb100&Prime; gmbt_prlx_parallax=\u00a0\u00bbnone\u00a0\u00bb gmbt_prlx_smooth_scrolling=\u00a0\u00bb\u00a0\u00bb gmbt_prlx_speed=\u00a0\u00bb0.3&Prime; gmbt_prlx_video=\u00a0\u00bb\u00a0\u00bb gmbt_prlx_video_aspect_ratio=\u00a0\u00bb16:9&Prime; gmbt_prlx_video_force_hd=\u00a0\u00bb\u00a0\u00bb gmbt_prlx_video_mute=\u00a0\u00bb\u00a0\u00bb][vc_column width=\u00a0\u00bb1\/4&Prime;][\/vc_column][vc_column width=\u00a0\u00bb1\/4&Prime;][\/vc_column][vc_column width=\u00a0\u00bb1\/4&Prime;][\/vc_column][vc_column width=\u00a0\u00bb1\/4&Prime;][\/vc_column][\/vc_row][vc_row top_margin=\u00a0\u00bb2x\u00a0\u00bb bottom_margin=\u00a0\u00bb2x\u00a0\u00bb gmbt_background_position=\u00a0\u00bb\u00a0\u00bb gmbt_background_repeat=\u00a0\u00bb\u00a0\u00bb gmbt_prlx_bg_type=\u00a0\u00bbparallax\u00a0\u00bb gmbt_prlx_break_parents=\u00a0\u00bb0&Prime; gmbt_prlx_enable_mobile=\u00a0\u00bb\u00a0\u00bb gmbt_prlx_opacity=\u00a0\u00bb100&Prime; gmbt_prlx_parallax=\u00a0\u00bbnone\u00a0\u00bb gmbt_prlx_smooth_scrolling=\u00a0\u00bb\u00a0\u00bb gmbt_prlx_speed=\u00a0\u00bb0.3&Prime; gmbt_prlx_video=\u00a0\u00bb\u00a0\u00bb gmbt_prlx_video_aspect_ratio=\u00a0\u00bb16:9&Prime; gmbt_prlx_video_force_hd=\u00a0\u00bb\u00a0\u00bb gmbt_prlx_video_mute=\u00a0\u00bb\u00a0\u00bb][vc_column][vc_row_inner][vc_column_inner width=\u00a0\u00bb1\/6&Prime;][\/vc_column_inner][vc_column_inner width=\u00a0\u00bb1\/3&Prime;][\/vc_column_inner][vc_column_inner width=\u00a0\u00bb1\/3&Prime;][\/vc_column_inner][vc_column_inner width=\u00a0\u00bb1\/6&Prime;][\/vc_column_inner][\/vc_row_inner][\/vc_column][\/vc_row][vc_row full_width=\u00a0\u00bbstretch_row\u00a0\u00bb top_margin=\u00a0\u00bb2x\u00a0\u00bb css=\u00a0\u00bb.vc_custom_1453158514974{background-color: #e5f5fc &hellip; <a href=\"https:\/\/www.solargard.com\/fr\/client\/window-film-association-australia-new-zealand-2\/\">Continued<\/a><\/p>\n","protected":false},"author":1,"featured_media":0,"parent":0,"menu_order":0,"comment_status":"closed","ping_status":"closed","template":"","meta":{"_acf_changed":false,"footnotes":""},"class_list":["post-20715","page","type-page","status-publish","hentry"],"acf":[],"_links":{"self":[{"href":"https:\/\/www.solargard.com\/fr\/wp-json\/wp\/v2\/pages\/20715","targetHints":{"allow":["GET"]}}],"collection":[{"href":"https:\/\/www.solargard.com\/fr\/wp-json\/wp\/v2\/pages"}],"about":[{"href":"https:\/\/www.solargard.com\/fr\/wp-json\/wp\/v2\/types\/page"}],"author":[{"embeddable":true,"href":"https:\/\/www.solargard.com\/fr\/wp-json\/wp\/v2\/users\/1"}],"replies":[{"embeddable":true,"href":"https:\/\/www.solargard.com\/fr\/wp-json\/wp\/v2\/comments?post=20715"}],"version-history":[{"count":0,"href":"https:\/\/www.solargard.com\/fr\/wp-json\/wp\/v2\/pages\/20715\/revisions"}],"wp:attachment":[{"href":"https:\/\/www.solargard.com\/fr\/wp-json\/wp\/v2\/media?parent=20715"}],"curies":[{"name":"wp","href":"https:\/\/api.w.org\/{rel}","templated":true}]}}