{"id":20805,"date":"2016-02-11T21:00:50","date_gmt":"2016-02-11T21:00:50","guid":{"rendered":"https:\/\/www.solargard.com\/fr\/?page_id=20805"},"modified":"2021-06-22T06:15:06","modified_gmt":"2021-06-22T14:15:06","slug":"certifications-de-securite","status":"publish","type":"page","link":"https:\/\/www.solargard.com\/fr\/ressources\/certifications-de-securite\/","title":{"rendered":"Certifications De S\u00e9curit\u00e9"},"content":{"rendered":"<div class=\"wpb-content-wrapper\"><p>[vc_row top_margin=\u00a0\u00bbnone\u00a0\u00bb bottom_margin=\u00a0\u00bb2x\u00a0\u00bb gmbt_prlx_bg_type=\u00a0\u00bbparallax\u00a0\u00bb gmbt_prlx_break_parents=\u00a0\u00bb0&Prime; gmbt_prlx_smooth_scrolling=\u00a0\u00bb\u00a0\u00bb gmbt_prlx_video_mute=\u00a0\u00bb\u00a0\u00bb gmbt_prlx_video_force_hd=\u00a0\u00bb\u00a0\u00bb gmbt_prlx_opacity=\u00a0\u00bb100&Prime; gmbt_prlx_video_aspect_ratio=\u00a0\u00bb16:9&Prime; gmbt_prlx_parallax=\u00a0\u00bbnone\u00a0\u00bb gmbt_prlx_speed=\u00a0\u00bb0.3&Prime; gmbt_prlx_enable_mobile=\u00a0\u00bb\u00a0\u00bb][vc_column]<div class=\"section-title sep-bottom-lg text-left wow bounceInRight\" data-wow-delay=\"0.25s\"><h3 class=\"upper normal-title\">CERTIFICATIONS DE S\u00c9CURIT\u00c9<\/h3><\/div>[vc_tta_accordion style=\u00a0\u00bbflat\u00a0\u00bb shape=\u00a0\u00bbsquare\u00a0\u00bb color=\u00a0\u00bbwhite\u00a0\u00bb active_section=\u00a0\u00bb100&Prime; collapsible_all=\u00a0\u00bbtrue\u00a0\u00bb][vc_tta_section title=\u00a0\u00bbVITRAGE DE S\u00c9CURIT\u00c9\u00a0\u00bb tab_id=\u00a0\u00bb1455126129251-f9223b91-e2d8&Prime;][vc_column_text]<span>L\u2019objectif de ces normes est de d\u00e9terminer les performances de s\u00e9curit\u00e9 des mat\u00e9riaux de vitrage con\u00e7us pour r\u00e9duire ou limiter au minimum les blessures par coupure ou \u00e9clats de verre en cas de bris de vitre d\u00fb \u00e0 un impact humain. Test\u00e9s selon ces normes, les films de protection et de s\u00e9curit\u00e9 Solar\u00a0Gard Armorcoat\u00ae affichent les plus hauts niveaux de performances. Ils peuvent \u00eatre appliqu\u00e9s sur des vitrages recuits (flott\u00e9s) ou thermodurcis d\u00e9j\u00e0 install\u00e9s, afin de se conformer aux normes relatives aux vitrages de s\u00e9curit\u00e9. S\u00e9lectionnez la combinaison film\/vitrage qui r\u00e9pond le mieux \u00e0 vos exigences.<\/span>[\/vc_column_text]<div class=\"section-title sep-top-xs text-left\"><h4 class=\" normal-title\">Solar Gard Armorcoat\u00ae 4 mil<\/h4><\/div>    <div class=\"download-list \">\n        <a href=\"https:\/\/www.solargard.com\/wp-content\/uploads\/2016\/02\/solar-gard-armorcoat-4-7-8mil-3-6mm_as2208-glazing.pdf\" class=\"download-link\" target=\"_self\">3-6MM_AS2208<\/a><a href=\"https:\/\/www.solargard.com\/wp-content\/uploads\/2016\/02\/solar-gard-armorcoat-4mil-6mm_ansi-cpsc-glazing.pdf\" class=\"download-link\" target=\"_self\">6MM_ANSI-CPSC<\/a><a href=\"https:\/\/www.solargard.com\/wp-content\/uploads\/2016\/02\/solar-gard-armorcoat-4mil-6mm_en-12600-glazing.pdf\" class=\"download-link\" target=\"_self\">6mm_EN-12600<\/a><a href=\"https:\/\/www.solargard.com\/wp-content\/uploads\/2016\/02\/solar-gard-armorcoat-4mil-sterling-60-6mm_en-12600-glazing.pdf\" class=\"download-link\" target=\"_self\">Sterling 60 6mm_EN12600<\/a>\n    <\/div><div class=\"section-title sep-top-xs text-left\"><h4 class=\" normal-title\">Solar Gard Armorcoat\u00ae 8 mil<\/h4><\/div>    <div class=\"download-list \">\n        <a href=\"https:\/\/www.solargard.com\/wp-content\/uploads\/2016\/02\/solar-gard-armorcoat-4-7-8mil-3-6mm_as2208-glazing2.pdf\" class=\"download-link\" target=\"_self\">3-6mm_AS2208<\/a><a href=\"https:\/\/www.solargard.com\/wp-content\/uploads\/2016\/02\/solar-gard-armorcoat-8mil-3mm_ansi-cpsc-glazing-2.pdf\" class=\"download-link\" target=\"_self\">3mm_ANSI-CPSC<\/a><a href=\"https:\/\/www.solargard.com\/wp-content\/uploads\/2016\/02\/solar-gard-armorcoat-8mil-6mm_ansi-cpsc-glazing.pdf\" class=\"download-link\" target=\"_self\">6mm_ANSI-CPSC<\/a><a href=\"https:\/\/www.solargard.com\/wp-content\/uploads\/2016\/02\/solar-gard-armorcoat-8mil-6mm_en-12600-glazing.pdf\" class=\"download-link\" target=\"_self\">6mm_EN-12600<\/a><a href=\"https:\/\/www.solargard.com\/wp-content\/uploads\/2016\/02\/solar-gard-armorcoat-8mil-solar-6mm_en-12600-glazing.pdf\" class=\"download-link\" target=\"_self\">6mm_EN-12600<\/a><a href=\"https:\/\/www.solargard.com\/wp-content\/uploads\/2016\/02\/solar-gard-armorcoat-8mil-lx70-6mm_en-12600-glazing.pdf\" class=\"download-link\" target=\"_self\">LX70 6mm_EN12600<\/a>\n    <\/div><div class=\"section-title sep-top-xs text-left\"><h4 class=\" normal-title\">Solar Gard Armorcoat\u00ae 11 mil<\/h4><\/div>    <div class=\"download-list \">\n        <a href=\"https:\/\/www.solargard.com\/wp-content\/uploads\/2016\/02\/solar-gard-armorcoat-11mil-6mm_en-12600-glazing.pdf\" class=\"download-link\" target=\"_self\">6mm_EN-12600<\/a>\n    <\/div><div class=\"section-title sep-top-xs text-left\"><h4 class=\" normal-title\">Solar Gard Graffitigard&#x2122; 6 mil<\/h4><\/div>    <div class=\"download-list \">\n        <a href=\"https:\/\/www.solargard.com\/wp-content\/uploads\/2016\/02\/solar-gard-graffitigard-6mil-6mm_ansi-cpsc-glazing.pdf\" class=\"download-link\" target=\"_self\">6mm_ANSI-CPSC<\/a>\n    <\/div><div class=\"section-title sep-top-xs text-left\"><h4 class=\" normal-title\">Solar Gard Weathering<\/h4><\/div>    <div class=\"download-list \">\n        <a href=\"https:\/\/www.solargard.com\/wp-content\/uploads\/2016\/02\/solar-gard-weathering_astm-g155-glazing.pdf\" class=\"download-link\" target=\"_self\">ASTM G155<\/a>\n    <\/div>[\/vc_tta_section][vc_tta_section title=\u00a0\u00bbD\u00c9FLAGRATION\u00a0\u00bb tab_id=\u00a0\u00bb1455127843732-59713172-fe00&Prime;][vc_column_text]<span>Ces m\u00e9thodes d\u2019essai sont con\u00e7ues pour \u00e9valuer la r\u00e9action du vitrage et du syst\u00e8me de vitrage aux charges exerc\u00e9es par le souffle d\u2019air. Le niveau de performance d\u00e9crit la r\u00e9action du syst\u00e8me de vitrage en fonction de l\u2019ampleur et de la proximit\u00e9 de la d\u00e9flagration. Test\u00e9s selon ces normes, les films de protection et de s\u00e9curit\u00e9 Solar Gard Armorcoat\u00ae ont d\u00e9montr\u00e9 leur aptitude \u00e0 r\u00e9duire le risque de blessures dues aux projections et d\u00e9bris de verre. S\u00e9lectionnez la combinaison film\/vitrage qui r\u00e9pond le mieux \u00e0 vos exigences.<\/span>[\/vc_column_text]<div class=\"section-title sep-top-xs text-left\"><h4 class=\" normal-title\">Solar Gard Armorcoat\u00ae 4 mil<\/h4><\/div>    <div class=\"download-list \">\n        \n    <\/div><div class=\"section-title sep-top-xs text-left\"><h4 class=\" normal-title\">Solar Gard Armorcoat\u00ae 7 mil<\/h4><\/div>    <div class=\"download-list \">\n        \n    <\/div><div class=\"section-title sep-top-xs text-left\"><h4 class=\" normal-title\">Solar Gard Armorcoat\u00ae 8 mil<\/h4><\/div>    <div class=\"download-list \">\n        <a href=\"https:\/\/www.solargard.com\/wp-content\/uploads\/2016\/02\/solar-gard-armorcoat-8mil_astm-1642-blast-certification.pdf\" class=\"download-link\" target=\"_self\">ASTM 1642<\/a><a href=\"\" class=\"download-link\" target=\"_self\">GSA Test Protocol<\/a><a href=\"https:\/\/www.solargard.com\/wp-content\/uploads\/2016\/02\/solar-gard-armorcoat-8mil_iso-16933-blast-certification.pdf\" class=\"download-link\" target=\"_self\">ISO 16933<\/a>\n    <\/div><div class=\"section-title sep-top-xs text-left\"><h4 class=\" normal-title\">Solar Gard Armorcoat\u00ae 14 mil<\/h4><\/div>    <div class=\"download-list \">\n        \n    <\/div><div class=\"section-title sep-top-xs text-left\"><h4 class=\" normal-title\">Solar Gard Panorama 8 mil<\/h4><\/div>    <div class=\"download-list \">\n        <a href=\"https:\/\/www.solargard.com\/wp-content\/uploads\/2016\/02\/solar-gard-armorcoat-8mil_astm-1642-blast-certification.pdf\" class=\"download-link\" target=\"_self\">ASTM 1642<\/a><a href=\"\" class=\"download-link\" target=\"_self\">GSA Test Protocol<\/a><a href=\"https:\/\/www.solargard.com\/wp-content\/uploads\/2016\/02\/solar-gard-armorcoat-8mil_iso-16933-blast-certification.pdf\" class=\"download-link\" target=\"_self\">ISO 16933<\/a>\n    <\/div>[\/vc_tta_section][vc_tta_section title=\u00a0\u00bbINCENDIE\u00a0\u00bb tab_id=\u00a0\u00bb1455150632508-39af42cb-d6b4&Prime;][vc_column_text]<\/p>\n<p style=\"text-align: left;\"><span>Le but des essais de r\u00e9action au feu est de d\u00e9terminer si un b\u00e2timent contribue \u00e0 entretenir un incendie. Les crit\u00e8res de r\u00e9action au feu peuvent comprendre la vitesse de propagation des flammes, l\u2019inflammabilit\u00e9 en cas d\u2019exposition \u00e0 la chaleur, la quantit\u00e9 de chaleur, de fum\u00e9e, de gaz toxiques et\/ou de gouttelettes\/particules enflamm\u00e9es, etc. Les mat\u00e9riaux de construction doivent souvent \u00eatre test\u00e9s selon ce type de normes afin d\u2019\u00e9valuer leurs performances en cas d\u2019exposition au feu et \u00e0 la chaleur. Test\u00e9 conform\u00e9ment \u00e0 ces normes, le film de protection et de s\u00e9curit\u00e9 Solar Gard Armorcoat\u00ae de 8 mil s\u2019av\u00e8re \u00eatre un mat\u00e9riau de construction s\u00fbr, qui ne favorise pas la propagation des incendies. (Remarque : ces normes sont diff\u00e9rentes des normes de r\u00e9sistance au feu, qui mesurent la dur\u00e9e pendant laquelle un produit peut r\u00e9sister au feu.)<\/span><\/p>\n<p>[\/vc_column_text]<div class=\"section-title text-left\"><h4 class=\" normal-title\">Solar Gard Armorcoat\u00ae 8 mil<\/h4><\/div>    <div class=\"download-list \">\n        <a href=\"https:\/\/www.solargard.com\/wp-content\/uploads\/2016\/02\/solar-gard-armorcoat-8mil_astm-d-1929-fire-certificate.pdf\" class=\"download-link\" target=\"_self\">ASTM D-1929<\/a><a href=\"https:\/\/www.solargard.com\/wp-content\/uploads\/2016\/02\/solar-gard-armorcoat-8mil_-astm-e-84-fire-certificate.pdf\" class=\"download-link\" target=\"_self\">ASTM E-84<\/a>\n    <\/div><div class=\"section-title text-left\"><h4 class=\" normal-title\">Solar Gard Panorama 8 mil<\/h4><\/div>    <div class=\"download-list \">\n        <a href=\"https:\/\/www.solargard.com\/wp-content\/uploads\/2016\/02\/solar-gard-cstb-m1-fire-certificate.pdf\" class=\"download-link\" target=\"_self\">CSTB M1<\/a><a href=\"https:\/\/www.solargard.com\/wp-content\/uploads\/2016\/02\/solar-gard-f1-100-a\u0300-200\u00b5-fire-certificate.pdf\" class=\"download-link\" target=\"_self\">F1 100 A 200<\/a>\n    <\/div>[\/vc_tta_section][vc_tta_section title=\u00a0\u00bbCATASTROPHES NATURELLES\u00a0\u00bb tab_id=\u00a0\u00bb1455151112203-6ba3b958-316c\u00a0\u00bb][vc_column_text]Ces normes ont pour objet d\u2019\u00e9valuer les performances des mat\u00e9riaux r\u00e9sistants aux chocs lorsqu\u2019ils sont soumis \u00e0 des impacts de projectiles de petites et de grandes dimensions, puis \u00e0 des variations de pression cyclique qui simulent des vents violents. Les syst\u00e8mes de vitrage sont con\u00e7us pour assurer une protection contre les dommages et les infiltrations d\u2019eau en cas de temp\u00eate. Un syst\u00e8me de vitrage est compos\u00e9 d\u2019un vitrage, d\u2019un ch\u00e2ssis, d\u2019un syst\u00e8me de fixation et de joints, sauf si le produit test\u00e9 recouvre toute l\u2019ouverture, comme dans le cas d\u2019un volet anti-ouragan. Le film de protection et de s\u00e9curit\u00e9 Solar Gard Armorcoat\u00ae de 8 mil a \u00e9t\u00e9 test\u00e9 selon ces normes sur du verre tremp\u00e9 de 3\/16&Prime; (4,76 mm d\u2019\u00e9paisseur environ), mont\u00e9 avec un syst\u00e8me de fixation \u00e0 joint humide sur des ch\u00e2ssis en aluminium normalis\u00e9s disponibles dans le commerce.<\/p>\n<p><em>(Remarque : le test ne signifie pas que le film et le syst\u00e8me de fixation sont homologu\u00e9s conform\u00e9ment \u00e0 un code, ni qu\u2019ils b\u00e9n\u00e9ficient d\u2019un avis d\u2019acceptation. L\u2019homologation selon un code ou l\u2019acceptation du produit est uniquement accord\u00e9e \u00e0 l\u2019ensemble du syst\u00e8me de vitrage, et non aux produits qui am\u00e9liorent les performances du seul vitrage.)<\/em>[\/vc_column_text]<div class=\"section-title text-left\"><h4 class=\" normal-title\">Solar Gard Armorcoat\u00ae 8 mil<\/h4><\/div>    <div class=\"download-list \">\n        <a href=\"https:\/\/www.solargard.com\/wp-content\/uploads\/2016\/02\/solar-gard-armorcoat-8-mil_astm-e1886-1996-natural-disaster-certificate.pdf\" class=\"download-link\" target=\"_self\">ASTM E1886-1996<\/a><a href=\"https:\/\/www.solargard.com\/wp-content\/uploads\/2016\/02\/solar-gard-armorcoat-8-mil_astm-e283-330-331-natural-disaster-certificate.pdf\" class=\"download-link\" target=\"_self\">ASTM E283-330-331<\/a>\n    <\/div>[\/vc_tta_section][vc_tta_section title=\u00a0\u00bbR\u00c9SISTANCE AUX INTRUSIONS\/EFFRACTIONS\u00a0\u00bb tab_id=\u00a0\u00bb1455151246965-996473d0-8a5c\u00a0\u00bb][vc_column_text]<\/p>\n<p style=\"text-align: left;\"><span>L\u2019objectif des essais de r\u00e9sistance aux effractions est de d\u00e9terminer la capacit\u00e9 de r\u00e9sistance des mat\u00e9riaux de construction, y compris des vitrages. Les mat\u00e9riaux sont soumis \u00e0 diff\u00e9rentes forces exerc\u00e9es avec divers d\u2019objets allant de petits outils \u00e0 des appareils \u00e9lectriques. Les objets utilis\u00e9s, le nombre de coup port\u00e9s et le temps sont pris en compte pour d\u00e9terminer la cat\u00e9gorie de performance attribu\u00e9e au mat\u00e9riau test\u00e9. Test\u00e9 selon ces normes, le film de protection et de s\u00e9curit\u00e9 Solar Gard Armorcoat\u00ae de 14 mil a d\u00e9montr\u00e9 son aptitude \u00e0 r\u00e9sister \u00e0 certains niveaux de tentative d\u2019effraction.<\/span><\/p>\n<p>[\/vc_column_text]<div class=\"section-title text-left\"><h4 class=\" normal-title\">Solar Gard Armorcoat\u00ae 14 mil<\/h4><\/div>    <div class=\"download-list \">\n        <a href=\"https:\/\/www.solargard.com\/wp-content\/uploads\/2016\/02\/solar-gard-14mil_6mm-ann-igu_en356-burglary-certificate.pdf\" class=\"download-link\" target=\"_self\">6mm Ann-IGU_EN356<\/a><a href=\"https:\/\/www.solargard.com\/wp-content\/uploads\/2016\/02\/solar-gard-14mil_6mm-ann-igu_en356-burglary-report.pdf\" class=\"download-link\" target=\"_self\">6mm Ann-IGU_EN356<\/a><a href=\"https:\/\/www.solargard.com\/wp-content\/uploads\/2016\/02\/solar-gard-14mil_6mm-temp-igu_en356-burglary-certificate.pdf\" class=\"download-link\" target=\"_self\">6mm Temp-IGU_EN356<\/a><a href=\"https:\/\/www.solargard.com\/wp-content\/uploads\/2016\/02\/solar-gard-14mil_6mm-temp-igu_en356-burglary-report.pdf\" class=\"download-link\" target=\"_self\">6mm Temp-IGU_EN356<\/a>\n    <\/div>[\/vc_tta_section][vc_tta_section title=\u00a0\u00bbTREMBLEMENTS DE TERRE OU \u00c9V\u00c9NEMENTS SISMIQUES\u00a0\u00bb tab_id=\u00a0\u00bb1455151332274-8f08e014-c25b\u00a0\u00bb][vc_column_text]<\/p>\n<p style=\"text-align: left;\"><span>\u00c0 l\u2019heure actuelle, il n\u2019existe aucun code qui pr\u00e9cise les performances des syst\u00e8mes de vitrage soumis \u00e0 des \u00e9v\u00e9nements sismiques. Des tests ont \u00e9t\u00e9 effectu\u00e9s pour mesurer les performances des vitrages au cours de ph\u00e9nom\u00e8nes de ce type. Ils consistent principalement \u00e0 \u00ab faire tomber en ruines \u00bb les syst\u00e8mes de vitrage, puis \u00e0 \u00e9valuer les chutes de verre. De toute \u00e9vidence, l\u2019application du film de protection et de s\u00e9curit\u00e9 Armorcoat\u00ae r\u00e9duit de mani\u00e8re significative les chutes dues au bris de verre. Le rapport suivant d\u00e9crit en d\u00e9tail une s\u00e9rie de tests sp\u00e9cifique, ainsi que les performances des films \u00e0 la page 72.<\/span><\/p>\n<p>[\/vc_column_text]    <div class=\"download-list \">\n        <a href=\"https:\/\/www.solargard.com\/wp-content\/uploads\/2016\/02\/structural-systems-research-project-earthquake.pdf\" class=\"download-link\" target=\"_self\">Structural Systems Research Project<\/a>\n    <\/div>[\/vc_tta_section][vc_tta_section title=\u00a0\u00bbAUTRES CERTIFICATIONS\u00a0\u00bb tab_id=\u00a0\u00bb1455151594041-e79d3a80-b9ea\u00a0\u00bb]    <div class=\"download-list \">\n        <a href=\"https:\/\/www.solargard.com\/wp-content\/uploads\/2016\/02\/glass-retention-test-report-pentagon-flexible.pdf\" class=\"download-link\" target=\"_self\">Glass Retention Test Report-GE SCS2000 SilPruf<\/a><a href=\"https:\/\/www.solargard.com\/wp-content\/uploads\/2016\/02\/glass-retention-test-report-pentagon-flexible.pdf\" class=\"download-link\" target=\"_self\">Glass Retention Test Report-Pentagon Flexible<\/a><a href=\"\" class=\"download-link\" target=\"_self\">Saint-Gobain ISO 14001 Final Certificate Aug 2024<\/a><a href=\"\" class=\"download-link\" target=\"_self\">Saint-Gobain ISO 9001 Zulte Certificate Aug 2024<\/a><a href=\"https:\/\/www.solargard.com\/wp-content\/uploads\/2022\/08\/MAS-Certified-Green-Certificate-of-Compliance_2400652.pdf\" class=\"download-link\" target=\"_self\">Saint-Gobain Solar Gard MAS Green Cert Window Films<\/a>\n    <\/div>[\/vc_tta_section][\/vc_tta_accordion][\/vc_column][\/vc_row][vc_row full_width=\u00a0\u00bbstretch_row\u00a0\u00bb top_margin=\u00a0\u00bbmd\u00a0\u00bb bottom_margin=\u00a0\u00bbmd\u00a0\u00bb gmbt_prlx_bg_type=\u00a0\u00bbparallax\u00a0\u00bb gmbt_prlx_break_parents=\u00a0\u00bb0&Prime; gmbt_prlx_smooth_scrolling=\u00a0\u00bb\u00a0\u00bb gmbt_prlx_video_mute=\u00a0\u00bb\u00a0\u00bb gmbt_prlx_video_force_hd=\u00a0\u00bb\u00a0\u00bb gmbt_prlx_opacity=\u00a0\u00bb100&Prime; gmbt_prlx_video_aspect_ratio=\u00a0\u00bb16:9&Prime; gmbt_prlx_parallax=\u00a0\u00bbnone\u00a0\u00bb gmbt_prlx_speed=\u00a0\u00bb0.3&Prime; gmbt_prlx_enable_mobile=\u00a0\u00bb\u00a0\u00bb css=\u00a0\u00bb.vc_custom_1464026255601{background-color: #007db1 !important;}\u00a0\u00bb][vc_column width=\u00a0\u00bb8\/12&Prime;]<div class=\"section-title sep-top-xs text-left\"><h5 class=\"upper light normal-title\"> J'AI UNE ID\u00c9E ? NOUS SOMMES L\u00c0 POUR VOUS AIDER \u00c0 G\u00c9RER VOTRE TRAVAIL<\/h5><\/div>[\/vc_column][vc_column width=\u00a0\u00bb4\/12&Prime;][vc_btn title=\u00a0\u00bb Contactez Nous\u00a0\u00bb style=\u00a0\u00bboutline\u00a0\u00bb shape=\u00a0\u00bbround\u00a0\u00bb color=\u00a0\u00bbwhite\u00a0\u00bb size=\u00a0\u00bblg\u00a0\u00bb align=\u00a0\u00bbcenter\u00a0\u00bb link=\u00a0\u00bburl:http%3A%2F%2Fwww.solargard.com%2Ffr%2Fnous-contacter%2F||\u00a0\u00bb button_block=\u00a0\u00bbtrue\u00a0\u00bb][\/vc_column][\/vc_row]<\/p>\n<\/div>","protected":false},"excerpt":{"rendered":"<p>[vc_row top_margin=\u00a0\u00bbnone\u00a0\u00bb bottom_margin=\u00a0\u00bb2x\u00a0\u00bb gmbt_prlx_bg_type=\u00a0\u00bbparallax\u00a0\u00bb gmbt_prlx_break_parents=\u00a0\u00bb0&Prime; gmbt_prlx_smooth_scrolling=\u00a0\u00bb\u00a0\u00bb gmbt_prlx_video_mute=\u00a0\u00bb\u00a0\u00bb gmbt_prlx_video_force_hd=\u00a0\u00bb\u00a0\u00bb gmbt_prlx_opacity=\u00a0\u00bb100&Prime; gmbt_prlx_video_aspect_ratio=\u00a0\u00bb16:9&Prime; gmbt_prlx_parallax=\u00a0\u00bbnone\u00a0\u00bb gmbt_prlx_speed=\u00a0\u00bb0.3&Prime; gmbt_prlx_enable_mobile=\u00a0\u00bb\u00a0\u00bb][vc_column][vc_tta_accordion style=\u00a0\u00bbflat\u00a0\u00bb shape=\u00a0\u00bbsquare\u00a0\u00bb color=\u00a0\u00bbwhite\u00a0\u00bb active_section=\u00a0\u00bb100&Prime; collapsible_all=\u00a0\u00bbtrue\u00a0\u00bb][vc_tta_section title=\u00a0\u00bbVITRAGE DE S\u00c9CURIT\u00c9\u00a0\u00bb tab_id=\u00a0\u00bb1455126129251-f9223b91-e2d8&Prime;][vc_column_text]L\u2019objectif de ces normes est de d\u00e9terminer les performances de s\u00e9curit\u00e9 des mat\u00e9riaux de vitrage con\u00e7us pour r\u00e9duire ou limiter au minimum les blessures par coupure ou \u00e9clats de verre en cas de bris &hellip; <a href=\"https:\/\/www.solargard.com\/wp-content\/uploads\/2022\/08\/MAS-Certified-Green-Certificate-of-Compliance_2400652.pdf\">Continued<\/a><\/p>\n","protected":false},"author":1,"featured_media":26560,"parent":20706,"menu_order":0,"comment_status":"closed","ping_status":"closed","template":"templates\/resources.php","meta":{"_acf_changed":false,"footnotes":""},"class_list":["post-20805","page","type-page","status-publish","has-post-thumbnail","hentry"],"acf":[],"_links":{"self":[{"href":"https:\/\/www.solargard.com\/fr\/wp-json\/wp\/v2\/pages\/20805","targetHints":{"allow":["GET"]}}],"collection":[{"href":"https:\/\/www.solargard.com\/fr\/wp-json\/wp\/v2\/pages"}],"about":[{"href":"https:\/\/www.solargard.com\/fr\/wp-json\/wp\/v2\/types\/page"}],"author":[{"embeddable":true,"href":"https:\/\/www.solargard.com\/fr\/wp-json\/wp\/v2\/users\/1"}],"replies":[{"embeddable":true,"href":"https:\/\/www.solargard.com\/fr\/wp-json\/wp\/v2\/comments?post=20805"}],"version-history":[{"count":0,"href":"https:\/\/www.solargard.com\/fr\/wp-json\/wp\/v2\/pages\/20805\/revisions"}],"up":[{"embeddable":true,"href":"https:\/\/www.solargard.com\/fr\/wp-json\/wp\/v2\/pages\/20706"}],"wp:featuredmedia":[{"embeddable":true,"href":"https:\/\/www.solargard.com\/fr\/wp-json\/wp\/v2\/media\/26560"}],"wp:attachment":[{"href":"https:\/\/www.solargard.com\/fr\/wp-json\/wp\/v2\/media?parent=20805"}],"curies":[{"name":"wp","href":"https:\/\/api.w.org\/{rel}","templated":true}]}}