{"id":20838,"date":"2016-02-11T22:32:34","date_gmt":"2016-02-11T22:32:34","guid":{"rendered":"https:\/\/www.solargard.com\/fr\/?page_id=20838"},"modified":"2021-06-22T06:14:02","modified_gmt":"2021-06-22T14:14:02","slug":"glossaire","status":"publish","type":"page","link":"https:\/\/www.solargard.com\/fr\/glossaire\/","title":{"rendered":"Glossaire"},"content":{"rendered":"<div class=\"wpb-content-wrapper\"><p>[vc_row top_margin=\u00a0\u00bbnone\u00a0\u00bb bottom_margin=\u00a0\u00bbsm\u00a0\u00bb gmbt_prlx_bg_type=\u00a0\u00bbparallax\u00a0\u00bb gmbt_prlx_break_parents=\u00a0\u00bb0&Prime; gmbt_prlx_smooth_scrolling=\u00a0\u00bb\u00a0\u00bb gmbt_prlx_video_mute=\u00a0\u00bb\u00a0\u00bb gmbt_prlx_video_force_hd=\u00a0\u00bb\u00a0\u00bb gmbt_prlx_opacity=\u00a0\u00bb100&Prime; gmbt_prlx_video_aspect_ratio=\u00a0\u00bb16:9&Prime; gmbt_prlx_parallax=\u00a0\u00bbnone\u00a0\u00bb gmbt_prlx_speed=\u00a0\u00bb0.3&Prime; gmbt_prlx_enable_mobile=\u00a0\u00bb\u00a0\u00bb][vc_column]<div class=\"section-title sep-bottom-lg text-left wow bounceInRight\" data-wow-delay=\"0.25s\"><h3 class=\"upper normal-title\">Glossaire<\/h3><\/div>[vc_tta_accordion style=\u00a0\u00bbflat\u00a0\u00bb shape=\u00a0\u00bbsquare\u00a0\u00bb color=\u00a0\u00bbwhite\u00a0\u00bb active_section=\u00a0\u00bb1&Prime; collapsible_all=\u00a0\u00bbtrue\u00a0\u00bb][vc_tta_section title=\u00a0\u00bbAbsorption de lumi\u00e8re visible\u00a0\u00bb tab_id=\u00a0\u00bb1458075142605-072f0d0f-ca07&Prime;][vc_column_text]<span>La quantit\u00e9 de lumi\u00e8re visible qui est absorb\u00e9e par le syst\u00e8me de vitrage, exprim\u00e9e en pourcentage.<\/span>[\/vc_column_text][\/vc_tta_section][vc_tta_section title=\u00a0\u00bbAbsorption solaire\u00a0\u00bb tab_id=\u00a0\u00bb1458075142750-00af4391-4019&Prime;][vc_column_text]<span>La qualit\u00e9 d&rsquo;\u00e9nergie solaire (visible, infrarouge et ultraviolette) absorb\u00e9e par le syst\u00e8me de vitrage, exprim\u00e9e en pourcentage. Lorsque la lumi\u00e8re du soleil frappe le vitrage, l&rsquo;\u00e9nergie solaire est transmise \u00e0 travers le verre, absorb\u00e9e par le verre ou refl\u00e9t\u00e9e par le verre. Les types de verre et de films pour vitrages se traduisent par diff\u00e9rents r\u00e9sultats d\u2019absorption, exprim\u00e9s sous forme de pourcentages. Il s&rsquo;agit de la qualit\u00e9 d&rsquo;\u00e9nergie solaire retenue par le verre et le film. R\u00e9f\u00e9rez-vous toujours aux recommandations d&rsquo;installation du fabricant.<\/span>[\/vc_column_text][\/vc_tta_section][vc_tta_section title=\u00a0\u00bbAdh\u00e9sif sensible \u00e0 la pression (PSA)\u00a0\u00bb tab_id=\u00a0\u00bb1458075281206-e7924dc4-844d\u00a0\u00bb][vc_column_text]<span>Un adh\u00e9sif de montage qui a recours \u00e0 la pression pour former un lien m\u00e9canique entre le film et le vitrage. L&rsquo;adh\u00e9sif sensible \u00e0 la pression est visqueux au toucher. Tous les films pour vitrages automobiles et tous les films de s\u00e9curit\u00e9 pour vitrages ont recours au PSA.<\/span>[\/vc_column_text][\/vc_tta_section][vc_tta_section title=\u00a0\u00bbAdh\u00e9sif transparent \u00e0 sec (CDA)\u00a0\u00bb tab_id=\u00a0\u00bb1458075279872-97029484-2975&Prime;][vc_column_text]Un adh\u00e9sif de montage ayant recours \u00e0 l&rsquo;eau pour activer et former un lien chimique entre le vitrage et le film pendant l&rsquo;installation. Cet adh\u00e9sif forme un lien solide, assure la transparence du film et favorise sa long\u00e9vit\u00e9.<\/p>\n<p><a name=\"SHGC\"><\/a>[\/vc_column_text][\/vc_tta_section][vc_tta_section title=\u00a0\u00bbCoefficient de gain de chaleur solaire (facteur solaire G)\u00a0\u00bb tab_id=\u00a0\u00bb1458075278741-186be886-91ec\u00a0\u00bb][vc_column_text]<span>Le pourcentage d&rsquo;\u00e9nergie solaire directement transmise ou absorb\u00e9e et r\u00e9\u00e9mise dans l&rsquo;immeuble. Plus ce coefficient est faible, plus les propri\u00e9t\u00e9s de contr\u00f4le solaire du film sont efficaces.<\/span>[\/vc_column_text][\/vc_tta_section][vc_tta_section title=\u00a0\u00bbCoefficient d\u2019ombrage (Shading Coefficient)\u00a0\u00bb tab_id=\u00a0\u00bb1458075277194-658e58d1-148c\u00a0\u00bb][vc_column_text]<\/p>\n<div class=\"wpb_accordion_section group\">\n<div id=\"ui-id-12\" class=\"wpb_accordion_content ui-accordion-content vc_clearfix ui-helper-reset ui-widget-content ui-corner-bottom ui-accordion-content-active\">\n<div class=\"wpb_text_column wpb_content_element \">\n<div class=\"wpb_wrapper\">\n<p><span>Le rapport entre la transmission d&rsquo;\u00e9nergie solaire qui traverse la fen\u00eatre avec un film pour vitrages et la transmission d&rsquo;\u00e9nergie solaire qui traverse un vitrage clair dans les m\u00eames conditions. Plus la valeur est basse, meuilleure est l&rsquo;action d&rsquo;ombrage du vitrage.<\/span><\/p>\n<\/div>\n<\/div>\n<\/div>\n<\/div>\n<p>[\/vc_column_text][\/vc_tta_section][vc_tta_section title=\u00a0\u00bbEmissivit\u00e9 (E)\u00a0\u00bb tab_id=\u00a0\u00bb1458080996935-030e5adc-f696&Prime;][vc_column_text]Une mesure de la capacit\u00e9 d&rsquo;une surface \u00e0 absorber ou refl\u00e9ter les infrarouges lointains. Plus le taux d&rsquo;\u00e9missivit\u00e9 est bas, plus les caract\u00e9ristiques d&rsquo;isolation du syst\u00e8me de vitrage sont performantes en termes de pertes de chaleur. Dans le cadre des fen\u00eatres garnies d&rsquo;un film, l&rsquo;\u00e9missivit\u00e9 fait r\u00e9f\u00e9rence \u00e0 la chaleur refl\u00e9t\u00e9e \u00e0 l&rsquo;int\u00e9rieur de la pi\u00e8ce. Dans le cadre du choix des donn\u00e9es de performances d&rsquo;un film, les taux d&rsquo;\u00e9missivit\u00e9 bas sont pr\u00e9f\u00e9r\u00e9s en vue de minimiser les pertes de chaleur \u00e0 l&rsquo;int\u00e9rieur.<\/p>\n<p><a name=\"Solar E\"><\/a>[\/vc_column_text][\/vc_tta_section][vc_tta_section title=\u00a0\u00bbEnergie solaire\u00a0\u00bb tab_id=\u00a0\u00bb1458075274509-710cea9d-8af4&Prime;][vc_column_text]L&rsquo;\u00e9nergie du soleil qui est repr\u00e9sent\u00e9e comme une lumi\u00e8re visible (\u00e9blouissement), une radiation infrarouge (chaleur) et une radiation ultraviolette (principale cause de d\u00e9coloration et risques pour la sant\u00e9). Chaque forme d&rsquo;\u00e9nergie est diff\u00e9renci\u00e9e par sa longueur d&rsquo;onde.<\/p>\n<p><a name=\"TSER\"><\/a>[\/vc_column_text][\/vc_tta_section][vc_tta_section title=\u00a0\u00bbEnergie solaire totale rejet\u00e9e\u00a0\u00bb tab_id=\u00a0\u00bb1458080996474-ad9f7759-b6cf\u00a0\u00bb][vc_column_text]<span>Mesure la capacit\u00e9 du film pour vitrages \u00e0 rejeter l&rsquo;\u00e9nergie solaire sous la forme de lumi\u00e8re visible, de radiations infrarouges et de lumi\u00e8re ultraviolette. Plus ce coefficient est \u00e9lev\u00e9, plus la quantit\u00e9 d&rsquo;\u00e9nergie rejet\u00e9e par la fen\u00eatre est importante.<\/span>[\/vc_column_text][\/vc_tta_section][vc_tta_section title=\u00a0\u00bbFaible \u00e9missivit\u00e9\u00a0\u00bb tab_id=\u00a0\u00bb1458080995937-c02d94c8-d865&Prime;][vc_column_text]<span>Faible \u00e9missivit\u00e9 ou faible valeur E fait r\u00e9f\u00e9rence au rev\u00eatement d&rsquo;un vitrage ou d&rsquo;un film pour vitrages destin\u00e9 \u00e0 r\u00e9duire les pertes de chaleur par l&rsquo;interm\u00e9diaire du film pour vitrages. Plus le taux d&rsquo;\u00e9missivit\u00e9 est bas, plus les caract\u00e9ristiques du syst\u00e8me de vitrage sont sup\u00e9rieures en termes de pertes de chaleur. Le film Solar Gard Silver Ag 25 est un excellent film \u00e0 faible \u00e9missivit\u00e9.<\/span>[\/vc_column_text][\/vc_tta_section][vc_tta_section title=\u00a0\u00bbFilm de s\u00e9curit\u00e9 pour vitrages\u00a0\u00bb tab_id=\u00a0\u00bb1458080995442-aced60ac-78ad\u00a0\u00bb][vc_column_text]<span>Le film de s\u00e9curit\u00e9 pour vitrages est compos\u00e9 d&rsquo;un polyester incroyablement solide, transparent ou d&rsquo;un polyester m\u00e9tallis\u00e9, d&rsquo;inhibiteurs hautement efficaces de radiations ultraviolettes, de produits de laminage sp\u00e9ciaux et d&rsquo;adh\u00e9sifs de montage, ainsi que d&rsquo;un rev\u00eatement r\u00e9sistant aux rayures. Le produit est pos\u00e9 sur la face int\u00e9rieure des surfaces vitr\u00e9es en vue d&rsquo;offrir une protection en cas de bris de vitre. En cas de catastrophe naturelle, d&rsquo;actes de vandalisme ou d&rsquo;explosion d&rsquo;une bombe, la construction flexible du film et l&rsquo;adh\u00e9sif sensible \u00e0 la pression aident \u00e0 maintenir les \u00e9clats de verre en place. Ceci r\u00e9duit les risques de l\u00e9sions corporelles potentielles ou les d\u00e9g\u00e2ts mat\u00e9riaux. Le film de s\u00e9curit\u00e9 pour vitrages est \u00e9galement appel\u00e9 film anti-\u00e9clatement, film de r\u00e9tention des fragments de verre, film de limitation de l&rsquo;\u00e9clatement et film Mylar. <\/span><\/p>\n<p><span>Le film de s\u00e9curit\u00e9 pour vitrages de Solar Gard est disponible en \u00e9paisseurs variant de 4 MIL (100\u00b5) \u00e0 14 MIL (350\u00b5), les films les plus \u00e9pais offrant une plus grande protection. Le film Solar Gard <\/span>Armorcoat\u00ae<span> est disponible dans toutes les \u00e9paisseurs, soit en version totalement transparente, soit en version m\u00e9tallis\u00e9e.<\/span>[\/vc_column_text][\/vc_tta_section][vc_tta_section title=\u00a0\u00bbFilm destin\u00e9 \u00e0 retenir les fragments\u00a0\u00bb tab_id=\u00a0\u00bb1458080984128-d393c41f-67eb\u00a0\u00bb][vc_column_text]Une d\u00e9nomination commune pour le film de protection et de s\u00e9curit\u00e9 pour vitrages Armorcoat\u00ae, qui fait r\u00e9f\u00e9rence aux principaux avantages du film de s\u00e9curit\u00e9: le maintien des fragments de verre en cas de bris de vitre.<\/p>\n<p><a name=\"Daylight\"><\/a>[\/vc_column_text][\/vc_tta_section][vc_tta_section title=\u00a0\u00bbInstallation dans l&rsquo;ouverture\u00a0\u00bb tab_id=\u00a0\u00bb1458080983495-176926e8-7fbc\u00a0\u00bb][vc_column_text]<span>Une m\u00e9thode d&rsquo;installation commune pour les films solaires et les films de s\u00e9curit\u00e9 pour vitrages. Le film pour vitrages est pr\u00e9 coup\u00e9 l\u00e9g\u00e8rement plus grand que le panneau vitr\u00e9 et ensuite coup\u00e9 \u00e0 moins de 3mm du bord du vitrage.<\/span>[\/vc_column_text][\/vc_tta_section][vc_tta_section title=\u00a0\u00bbLumi\u00e8re ultraviolette\u00a0\u00bb tab_id=\u00a0\u00bb1458080982799-19efce99-57b3&Prime;][vc_column_text]<span>Des longueurs d&rsquo;onde invisibles et puissantes (plus courtes que la lumi\u00e8re, mais plus longues que les rayons X) \u00e9mises par le soleil et subdivis\u00e9es en trois types, les rayons UV-A, les rayons UV-B et les rayons UV-C. Les rayons UV-B causent des coups de soleil et une exposition prolong\u00e9e peut entra\u00eener un cancer de la peau. Les films pour vitrages bloquent presque 100% de la lumi\u00e8re ultraviolette qui traverse le vitrage. Les films pour vitrages Panorama sont des produits approuv\u00e9s par la Fondation pour le Cancer de la Peau.<\/span>[\/vc_column_text][\/vc_tta_section][vc_tta_section title=\u00a0\u00bbM\u00e9tallisation\u00a0\u00bb tab_id=\u00a0\u00bb1458080982012-3aa9f86b-24f0&Prime;][vc_column_text]<\/p>\n<div class=\"wpb_accordion_section group\">\n<div id=\"ui-id-30\" class=\"wpb_accordion_content ui-accordion-content vc_clearfix ui-helper-reset ui-widget-content ui-corner-bottom ui-accordion-content-active\">\n<div class=\"wpb_text_column wpb_content_element \">\n<div class=\"wpb_wrapper\">\n<p>Un processus au cours duquel des m\u00e9taux sont appliqu\u00e9s sur un film en polyester transparent sous forme d&rsquo;une couche unie. Diff\u00e9rents m\u00e9taux produisent diff\u00e9rentes nuances et performances en vue de r\u00e9pondre aux divers besoins des consommateurs.<\/p>\n<p><a name=\"Sputtering\"><\/a><\/p>\n<\/div>\n<\/div>\n<\/div>\n<\/div>\n<p>[\/vc_column_text][\/vc_tta_section][vc_tta_section title=\u00a0\u00bbM\u00e9tallisation par pulv\u00e9risation cathodique (ionisation)\u00a0\u00bb tab_id=\u00a0\u00bb1458080981415-f9556cba-86e9&Prime;][vc_column_text]<\/p>\n<div class=\"wpb_accordion_section group\">\n<div id=\"ui-id-32\" class=\"wpb_accordion_content ui-accordion-content vc_clearfix ui-helper-reset ui-widget-content ui-corner-bottom ui-accordion-content-active\">\n<div class=\"wpb_text_column wpb_content_element \">\n<div class=\"wpb_wrapper\">\n<p><span>Un processus qui noie des particules m\u00e9talliques, comme de l&rsquo;argent, de l&rsquo;acier inoxydable, du cuivre, de l&rsquo;or, du titane et du chrome, dans un film de polyester film. Les rouleaux de film sont d\u00e9roul\u00e9s et expos\u00e9s \u00e0 des mat\u00e9riaux bien pr\u00e9cis, qui d\u00e9posent de fa\u00e7on uniforme des atomes \u00e0 la surface du film dans le cadre d&rsquo;un bombardement d&rsquo;ions. Ce proc\u00e9d\u00e9 garantit une couleur durable et d&rsquo;excellentes performances solaires. SGSG a \u00e9t\u00e9 le premier producteur industriel \u00e0 appliquer des rev\u00eatements m\u00e9tallis\u00e9s par pulv\u00e9risation cathodique sur des films pour vitrages.<\/span><\/p>\n<\/div>\n<\/div>\n<\/div>\n<\/div>\n<p>[\/vc_column_text][\/vc_tta_section][vc_tta_section title=\u00a0\u00bbMIL\u00a0\u00bb tab_id=\u00a0\u00bb1458080980783-06b15bf4-ffe6&Prime;][vc_column_text]<\/p>\n<div class=\"wpb_accordion_section group\">\n<div id=\"ui-id-34\" class=\"wpb_accordion_content ui-accordion-content vc_clearfix ui-helper-reset ui-widget-content ui-corner-bottom ui-accordion-content-active\">\n<div class=\"wpb_text_column wpb_content_element \">\n<div class=\"wpb_wrapper\">\n<p>Unit\u00e9 de longueur correspondant \u00e0 1\/1000 d&rsquo;un pouce (.001\u201d). Utilis\u00e9e pour exprimer l&rsquo;\u00e9paisseur des films. 1 MIL = 25 microns.<\/p>\n<p><a name=\"Mylar\"><\/a><\/p>\n<\/div>\n<\/div>\n<\/div>\n<\/div>\n<p>[\/vc_column_text][\/vc_tta_section][vc_tta_section title=\u00a0\u00bbMylar\u00a0\u00bb tab_id=\u00a0\u00bb1458080979941-de410844-6b2b\u00a0\u00bb][vc_column_text]Une marque d\u00e9pos\u00e9e d&rsquo;un film de polyester produit par DuPont. Mylar, r\u00e9tention de d\u00e9bris de verre, anti-\u00e9clatement, r\u00e9tention des fragments et limitation de l&rsquo;\u00e9clatement sont des r\u00e9f\u00e9rences commun\u00e9ment appliqu\u00e9es aux films de protection et de s\u00e9curit\u00e9 pour vitrages Armorcoat\u00ae.<\/p>\n<p><a name=\"VLR\"><\/a>[\/vc_column_text][\/vc_tta_section][vc_tta_section title=\u00a0\u00bbR\u00e9flexion de lumi\u00e8re visible\u00a0\u00bb tab_id=\u00a0\u00bb1458080978954-333d3ad0-8aab\u00a0\u00bb][vc_column_text]La quantit\u00e9 de lumi\u00e8re visible qui est refl\u00e9t\u00e9e par le syst\u00e8me de vitrage, exprim\u00e9e en pourcentage. Un taux plus \u00e9lev\u00e9 offre un meilleur contr\u00f4le de l&rsquo;\u00e9blouissement. Les films offrant un taux sup\u00e9rieur tendent \u00e0 \u00eatre plus r\u00e9fl\u00e9chissants et\/ou plus fonc\u00e9s.<\/p>\n<p><a name=\"R\"><\/a>[\/vc_column_text][\/vc_tta_section][vc_tta_section title=\u00a0\u00bbR\u00e9flexion solaire \u00a0\u00bb tab_id=\u00a0\u00bb1458080978104-3bc65546-8153&Prime;][vc_column_text]La qualit\u00e9 d&rsquo;\u00e9nergie solaire (visible, infrarouge et ultraviolette) refl\u00e9t\u00e9e par le syst\u00e8me de vitrage, exprim\u00e9e en pourcentage.<\/p>\n<p>Lorsque la lumi\u00e8re du soleil frappe le vitrage, l&rsquo;\u00e9nergie solaire est soit transmise \u00e0 travers le panneau de verre, soit absorb\u00e9e par le verre, soit refl\u00e9t\u00e9e par le verre. Les types de verre et de films pour vitrages se traduisent par diff\u00e9rents r\u00e9sultats de r\u00e9flectivit\u00e9, exprim\u00e9s sous forme de pourcentages. Il s&rsquo;agit de la qualit\u00e9 d&rsquo;\u00e9nergie solaire que le verre et le film rejettent.<\/p>\n<p>Pour un rejet maximal de chaleur, vous donnerez la pr\u00e9f\u00e9rence aux films offrant un taux de r\u00e9flexion d&rsquo;\u00e9nergie solaire \u00e9lev\u00e9. R\u00e9f\u00e9rez-vous toujours aux recommandations d&rsquo;installation du fabricant.[\/vc_column_text][\/vc_tta_section][vc_tta_section title=\u00a0\u00bbSyst\u00e8me de fixation m\u00e9canique\u00a0\u00bb tab_id=\u00a0\u00bb1458081378046-06e0383f-c6f6&Prime;][vc_column_text]<span>Cette m\u00e9thode est utilis\u00e9e pour amplifier la r\u00e9tention du verre, ancrant un film de s\u00e9curit\u00e9 pour vitrages de 8 MIL ou plus dans l&rsquo;encadrement de la fen\u00eatre au moyen d&rsquo;un syst\u00e8me de fixation m\u00e9tallique. Le film de s\u00e9curit\u00e9 pour vitrages est pos\u00e9 sur le vitrage avec un chevauchement d&rsquo;environ 2,5 cm sur l&rsquo;encadrement. Un syst\u00e8me d&rsquo;attaches m\u00e9talliques est alors plac\u00e9 sur le film et est viss\u00e9 dans l&rsquo;encadrement de la fen\u00eatre, ancrant solidement le film pour vitrages \u00e0 l&rsquo;encadrement. En fonction de l&rsquo;ampleur de r\u00e9tention requise, le syst\u00e8me m\u00e9canique peut \u00eatre fix\u00e9 sur une, sur deux ou sur les quatre faces.<\/span>[\/vc_column_text][\/vc_tta_section][vc_tta_section title=\u00a0\u00bbSyst\u00e8mes de fixation\u00a0\u00bb tab_id=\u00a0\u00bb1458081376730-d40a9563-680d\u00a0\u00bb][vc_column_text]<span>Les syst\u00e8mes de fixation sont utilis\u00e9s dans le cadre de l&rsquo;installation d&rsquo;un film de s\u00e9curit\u00e9 pour vitrages en vue d&rsquo;amplifier la r\u00e9tention des fragments de verre, ancrant le syst\u00e8me de vitrage dans l&rsquo;encadrement de la fen\u00eatre. Le film de s\u00e9curit\u00e9 pour vitrages est install\u00e9 sur la surface interne du vitrage et ensuite fix\u00e9 \u00e0 l&rsquo;encadrement de la fen\u00eatre soit par des moyens m\u00e9caniques, soit par une m\u00e9thode de \u00ab\u00a0vitrage \u00e0 joint humide\u00a0\u00bb. C&rsquo;est le niveau de protection souhait\u00e9 qui dicte l&rsquo;usage ou non d&rsquo;un syst\u00e8me de fixation, ainsi que la m\u00e9thode utilis\u00e9e.<\/span>[\/vc_column_text][\/vc_tta_section][vc_tta_section title=\u00a0\u00bbSyst\u00e8me de fixation \u00e0 joint humide\u00a0\u00bb tab_id=\u00a0\u00bb1458081374972-920b0feb-2f8c\u00a0\u00bb][vc_column_text]<span>Cette m\u00e9thode utilis\u00e9e en vue d&rsquo;obtenir une meilleure r\u00e9tention du verre permet de fixer le film de s\u00e9curit\u00e9 pour vitrages sur l&rsquo;encadrement de la fen\u00eatre au moyen d&rsquo;un mastic \u00e0 base de silicones (similaire au calfatage). Le film de s\u00e9curit\u00e9 pour vitrages est d&rsquo;abord install\u00e9 dans l&rsquo;ouverture de la fen\u00eatre et ensuite fix\u00e9e au moyen d&rsquo;un mastic. Le Dow 995 est l&rsquo;un des produits commun\u00e9ment utilis\u00e9s. Le mastic est appliqu\u00e9 autour de chacun des quatre bords du film, recouvrant le film et touchant l&rsquo;armature afin de les solidariser.<\/span>[\/vc_column_text][\/vc_tta_section][vc_tta_section title=\u00a0\u00bbTransmission de lumi\u00e8re visible\u00a0\u00bb tab_id=\u00a0\u00bb1458081373534-56b41973-9944&Prime;][vc_column_text]<span>La quantit\u00e9 de lumi\u00e8re visible qui traverse le syst\u00e8me de vitrage, exprim\u00e9e en pourcentage. Un taux faible tend \u00e0 fournir un meilleur contr\u00f4le des \u00e9blouissements, tandis qu&rsquo;un taux plus \u00e9lev\u00e9 est pr\u00e9f\u00e9r\u00e9 lorsqu&rsquo;il s&rsquo;agit de maintenir une lumi\u00e8re naturelle maximale.<\/span>[\/vc_column_text][\/vc_tta_section][vc_tta_section title=\u00a0\u00bbTransmission solaire\u00a0\u00bb tab_id=\u00a0\u00bb1458081372184-d2be3388-cb33&Prime;][vc_column_text]La quantit\u00e9 d&rsquo;\u00e9nergie solaire (visible, infrarouge et ultraviolette) qui traverse le syst\u00e8me de vitrage, exprim\u00e9e en pourcentage.<\/p>\n<p>Lorsque la lumi\u00e8re du soleil frappe le vitrage, l&rsquo;\u00e9nergie solaire est soit transmise \u00e0 travers le panneau de verre, soit absorb\u00e9e par le verre, soit refl\u00e9t\u00e9e par le verre. Les types de verre et de films pour vitrages se traduisent par diff\u00e9rents r\u00e9sultats de transmission, exprim\u00e9s sous forme de pourcentages. Il s&rsquo;agit de la quantit\u00e9 d&rsquo;\u00e9nergie solaire p\u00e9n\u00e9trant dans la pi\u00e8ce \u00e0 travers le vitrage et le film. R\u00e9f\u00e9rez-vous toujours aux recommandations d&rsquo;installation du fabricant.[\/vc_column_text][\/vc_tta_section][vc_tta_section title=\u00a0\u00bbValeur U\u00a0\u00bb tab_id=\u00a0\u00bb1458080977032-8f931c3a-2135&Prime;][vc_column_text]<span>Une mesure de transfert de chaleur \u00e0 travers le film suite \u00e0 des diff\u00e9rences de temp\u00e9rature entre l&rsquo;int\u00e9rieur et l&rsquo;ext\u00e9rieur. Plus la valeur U est faible, moins ce transfert de chaleur est \u00e9lev\u00e9. Lorsque le type de film est d\u00e9termin\u00e9 sur base de donn\u00e9es de performances, une plus faible valeur U est souhaitable dans le cadre de la gestion de la chaleur.<\/span>[\/vc_column_text][\/vc_tta_section][\/vc_tta_accordion][\/vc_column][\/vc_row]<\/p>\n<\/div>","protected":false},"excerpt":{"rendered":"<p>[vc_row top_margin=\u00a0\u00bbnone\u00a0\u00bb bottom_margin=\u00a0\u00bbsm\u00a0\u00bb gmbt_prlx_bg_type=\u00a0\u00bbparallax\u00a0\u00bb gmbt_prlx_break_parents=\u00a0\u00bb0&Prime; gmbt_prlx_smooth_scrolling=\u00a0\u00bb\u00a0\u00bb gmbt_prlx_video_mute=\u00a0\u00bb\u00a0\u00bb gmbt_prlx_video_force_hd=\u00a0\u00bb\u00a0\u00bb gmbt_prlx_opacity=\u00a0\u00bb100&Prime; gmbt_prlx_video_aspect_ratio=\u00a0\u00bb16:9&Prime; gmbt_prlx_parallax=\u00a0\u00bbnone\u00a0\u00bb gmbt_prlx_speed=\u00a0\u00bb0.3&Prime; gmbt_prlx_enable_mobile=\u00a0\u00bb\u00a0\u00bb][vc_column][vc_tta_accordion style=\u00a0\u00bbflat\u00a0\u00bb shape=\u00a0\u00bbsquare\u00a0\u00bb color=\u00a0\u00bbwhite\u00a0\u00bb active_section=\u00a0\u00bb1&Prime; collapsible_all=\u00a0\u00bbtrue\u00a0\u00bb][vc_tta_section title=\u00a0\u00bbAbsorption de lumi\u00e8re visible\u00a0\u00bb tab_id=\u00a0\u00bb1458075142605-072f0d0f-ca07&Prime;][vc_column_text]La quantit\u00e9 de lumi\u00e8re visible qui est absorb\u00e9e par le syst\u00e8me de vitrage, exprim\u00e9e en pourcentage.[\/vc_column_text][\/vc_tta_section][vc_tta_section title=\u00a0\u00bbAbsorption solaire\u00a0\u00bb tab_id=\u00a0\u00bb1458075142750-00af4391-4019&Prime;][vc_column_text]La qualit\u00e9 d&rsquo;\u00e9nergie solaire (visible, infrarouge et ultraviolette) absorb\u00e9e par le syst\u00e8me de vitrage, exprim\u00e9e &hellip; <a href=\"https:\/\/www.solargard.com\/fr\/glossaire\/\">Continued<\/a><\/p>\n","protected":false},"author":1,"featured_media":94299,"parent":0,"menu_order":0,"comment_status":"closed","ping_status":"closed","template":"templates\/resources.php","meta":{"_acf_changed":false,"footnotes":""},"class_list":["post-20838","page","type-page","status-publish","has-post-thumbnail","hentry"],"acf":[],"_links":{"self":[{"href":"https:\/\/www.solargard.com\/fr\/wp-json\/wp\/v2\/pages\/20838","targetHints":{"allow":["GET"]}}],"collection":[{"href":"https:\/\/www.solargard.com\/fr\/wp-json\/wp\/v2\/pages"}],"about":[{"href":"https:\/\/www.solargard.com\/fr\/wp-json\/wp\/v2\/types\/page"}],"author":[{"embeddable":true,"href":"https:\/\/www.solargard.com\/fr\/wp-json\/wp\/v2\/users\/1"}],"replies":[{"embeddable":true,"href":"https:\/\/www.solargard.com\/fr\/wp-json\/wp\/v2\/comments?post=20838"}],"version-history":[{"count":0,"href":"https:\/\/www.solargard.com\/fr\/wp-json\/wp\/v2\/pages\/20838\/revisions"}],"wp:featuredmedia":[{"embeddable":true,"href":"https:\/\/www.solargard.com\/fr\/wp-json\/wp\/v2\/media\/94299"}],"wp:attachment":[{"href":"https:\/\/www.solargard.com\/fr\/wp-json\/wp\/v2\/media?parent=20838"}],"curies":[{"name":"wp","href":"https:\/\/api.w.org\/{rel}","templated":true}]}}