{"id":28571,"date":"2016-03-31T15:30:34","date_gmt":"2016-03-31T15:30:34","guid":{"rendered":"https:\/\/www.solargard.com\/fr\/page-daccueil\/"},"modified":"2026-03-17T05:13:03","modified_gmt":"2026-03-17T13:13:03","slug":"solar-gard-films-pour-vitrages","status":"publish","type":"page","link":"https:\/\/www.solargard.com\/fr\/","title":{"rendered":"Saint-Gobain Solar Gard\u00ae &#8211; Films pour vitrages"},"content":{"rendered":"<div class=\"wpb-content-wrapper\"><p>[vc_row bottom_margin=\u00a0\u00bbnone\u00a0\u00bb gmbt_prlx_bg_type=\u00a0\u00bbparallax\u00a0\u00bb gmbt_prlx_break_parents=\u00a0\u00bb0&Prime; gmbt_prlx_enable_mobile=\u00a0\u00bb\u00a0\u00bb gmbt_prlx_opacity=\u00a0\u00bb100&Prime; gmbt_prlx_parallax=\u00a0\u00bbnone\u00a0\u00bb gmbt_prlx_smooth_scrolling=\u00a0\u00bb\u00a0\u00bb gmbt_prlx_speed=\u00a0\u00bb0.3&Prime; gmbt_prlx_video_aspect_ratio=\u00a0\u00bb16:9&Prime; gmbt_prlx_video_force_hd=\u00a0\u00bb\u00a0\u00bb gmbt_prlx_video_mute=\u00a0\u00bb\u00a0\u00bb][vc_column]<div class=\"section-title sg-section-title text-center\"><div class=\"copy-content\"><h4 class=\" normal-title\">Ce qui compte le plus pour vous\u2026<\/h4><p class=\"lead x2 x2\">We're On It!<\/p><\/div><div class=\"border-bg\"><\/div><\/div>[\/vc_column][\/vc_row][vc_row top_margin=\u00a0\u00bbxs\u00a0\u00bb bottom_margin=\u00a0\u00bb2x\u00a0\u00bb gmbt_background_position=\u00a0\u00bb\u00a0\u00bb gmbt_background_repeat=\u00a0\u00bb\u00a0\u00bb gmbt_prlx_bg_type=\u00a0\u00bbparallax\u00a0\u00bb gmbt_prlx_break_parents=\u00a0\u00bb0&Prime; gmbt_prlx_enable_mobile=\u00a0\u00bb\u00a0\u00bb gmbt_prlx_opacity=\u00a0\u00bb100&Prime; gmbt_prlx_parallax=\u00a0\u00bbnone\u00a0\u00bb gmbt_prlx_smooth_scrolling=\u00a0\u00bb\u00a0\u00bb gmbt_prlx_speed=\u00a0\u00bb0.3&Prime; gmbt_prlx_video=\u00a0\u00bb\u00a0\u00bb gmbt_prlx_video_aspect_ratio=\u00a0\u00bb16:9&Prime; gmbt_prlx_video_force_hd=\u00a0\u00bb\u00a0\u00bb gmbt_prlx_video_mute=\u00a0\u00bb\u00a0\u00bb][vc_column width=\u00a0\u00bb1\/4&Prime; offset=\u00a0\u00bbvc_col-xs-6&Prime;]<div class=\"icon-box icon-horizontal icon-lg icon-gradient\"><a class=\"vc_icon_element-link\" href=\"http:\/\/www.solargard.com\/fr\/home-and-business\/\" title=\"\" target=\"_self\"><div style=\"background-color:#fdb824;\" class=\"icon-content img-circle wow fadeIn\" data-wow-delay=\"0.25s\"><i class=\"fa fa-home\"><\/i><\/div><div class=\"icon-box-content\"><h5 style=\"color:#fdb824;\" class=\"upper\">Pour votre domicile<\/h5><p>Pr\u00e9servez le confort de votre domicile, prot\u00e9gez vos environnements int\u00e9rieurs de la d\u00e9coloration et am\u00e9liorez l'attrait ext\u00e9rieur de votre habitat.<\/p><\/div><\/div><\/a>[\/vc_column][vc_column width=\u00a0\u00bb1\/4&Prime; offset=\u00a0\u00bbvc_col-xs-6&Prime;]<div class=\"icon-box icon-horizontal icon-lg icon-gradient\"><a class=\"vc_icon_element-link\" href=\"http:\/\/www.solargard.com\/fr\/films-pour-automobiles\/\" title=\"\" target=\"_self\"><div style=\"background-color:#fdb824;\" class=\"icon-content img-circle wow fadeIn\" data-wow-delay=\"0.5s\"><i class=\"fa fa-car\"><\/i><\/div><div class=\"icon-box-content\"><h5 style=\"color:#fdb824;\" class=\"upper\">POUR VOTRE AUTOMOBILE<\/h5><p>Pr\u00e9servez la fra\u00eecheur de votre v\u00e9hicule, bloquez 99 % des rayons ultraviolets et donnez-lui le style qui vous convient.<\/p><\/div><\/div><\/a>[\/vc_column][vc_column width=\u00a0\u00bb1\/4&Prime; offset=\u00a0\u00bbvc_col-xs-6&Prime;]<div class=\"icon-box icon-horizontal icon-lg icon-gradient\"><a class=\"vc_icon_element-link\" href=\"http:\/\/www.solargard.com\/fr\/home-and-business\/\" title=\"\" target=\"_self\"><div style=\"background-color:#fdb824;\" class=\"icon-content img-circle wow fadeIn\" data-wow-delay=\"0.75s\"><i class=\"fa fa-building\"><\/i><\/div><div class=\"icon-box-content\"><h5 style=\"color:#fdb824;\" class=\"upper\">POUR VOTRE ENTREPRISE<\/h5><p>R\u00e9duisez votre consommation \u00e9nerg\u00e9tique, am\u00e9liorez votre productivit\u00e9 et modernisez l'aspect ext\u00e9rieur avec une esth\u00e9tique professionnelle.<\/p><\/div><\/div><\/a>[\/vc_column][vc_column width=\u00a0\u00bb1\/4&Prime; offset=\u00a0\u00bbvc_col-xs-6&Prime;]<div class=\"icon-box icon-horizontal icon-lg icon-gradient\"><a class=\"vc_icon_element-link\" href=\"http:\/\/www.solargard.com\/fr\/films-batiments-domicile-entreprise\/produits-films-batiments-domicile-entreprise\/films-de-securite-et-de-protection\/\" title=\"\" target=\"_self\"><div style=\"background-color:#fdb824;\" class=\"icon-content img-circle wow fadeIn\" data-wow-delay=\"1s\"><i class=\"fa fa-shield\"><\/i><\/div><div class=\"icon-box-content\"><h5 style=\"color:#fdb824;\" class=\"upper\">POUR VOTRE S\u00c9CURIT\u00c9<\/h5><p>Cr\u00e9ez une couche de s\u00e9curit\u00e9 invisible pour prot\u00e9ger ceux qui vous sont chers et vos biens des intemp\u00e9ries, des intrusions et des chocs.<\/p><\/div><\/div><\/a>[\/vc_column][\/vc_row][vc_row full_width=\u00a0\u00bbstretch_row\u00a0\u00bb gmbt_prlx_bg_type=\u00a0\u00bbparallax\u00a0\u00bb gmbt_prlx_break_parents=\u00a0\u00bb0&Prime; gmbt_prlx_enable_mobile=\u00a0\u00bb\u00a0\u00bb gmbt_prlx_image=\u00a0\u00bb2254&Prime; gmbt_prlx_opacity=\u00a0\u00bb100&Prime; gmbt_prlx_parallax=\u00a0\u00bbnone\u00a0\u00bb gmbt_prlx_smooth_scrolling=\u00a0\u00bb\u00a0\u00bb gmbt_prlx_speed=\u00a0\u00bb0.3&Prime; gmbt_prlx_video_aspect_ratio=\u00a0\u00bb16:9&Prime; gmbt_prlx_video_force_hd=\u00a0\u00bb\u00a0\u00bb gmbt_prlx_video_mute=\u00a0\u00bb\u00a0\u00bb el_class=\u00a0\u00bblight-blue-row\u00a0\u00bb][vc_column]<div class=\"section-title text-center wow fadeInDown\" data-wow-delay=\"0.25s\"><h3 class=\"upper normal-title\">Films pour vitrages : Des solutions \u00e0 bilan carbone N\u00c9GATIF QUI ONT UN IMPACT positif sur la vie de tous<\/h3><\/div>[vc_row_inner][vc_column_inner el_class=\u00a0\u00bbchart-container\u00a0\u00bb width=\u00a0\u00bb1\/4&Prime;]  <div class=\"text-center sep-top-lg wow none\" data-wow-delay=\"0s\">\n    <div class=\"chart dark\" data-percent=\"82\">\n      <span class=\"chart-item\" data-color=\"#efc321\">\n        <b data-from=\"0\" data-to=\"82\" class=\"counter\">0<\/b><em>%<\/em>\n      <\/span>\n    <\/div>\n    <p class=\"lead x2\">REJET DE LA CHALEUR<\/p>\n    <p class=\"\">Le rejet de la chaleur solaire am\u00e9liore votre confort et vous garde au frais.<\/p>\n  <\/div>[\/vc_column_inner][vc_column_inner el_class=\u00a0\u00bbchart-container\u00a0\u00bb width=\u00a0\u00bb1\/4&Prime;]  <div class=\"text-center sep-top-lg wow none\" data-wow-delay=\"0s\">\n    <div class=\"chart dark\" data-percent=\"30\">\n      <span class=\"chart-item\" data-color=\"#ff2323\">\n        <b data-from=\"0\" data-to=\"30\" class=\"counter\">0<\/b><em>%<\/em>\n      <\/span>\n    <\/div>\n    <p class=\"lead x2\">\u00c9conomie des d\u00e9penses \u00e9nerg\u00e9tiques<\/p>\n    <p class=\"\">Des solutions \u00e0 bilan carbone n\u00e9gatif d\u00e9montrant des \u00e9conomies pour la consommation \u00e9nerg\u00e9tique.<\/p>\n  <\/div>[\/vc_column_inner][vc_column_inner el_class=\u00a0\u00bbchart-container\u00a0\u00bb width=\u00a0\u00bb1\/4&Prime;]  <div class=\"text-center sep-top-lg wow none\" data-wow-delay=\"0s\">\n    <div class=\"chart dark\" data-percent=\"99\">\n      <span class=\"chart-item\" data-color=\"#e5ce20\">\n        <b data-from=\"0\" data-to=\"99\" class=\"counter\">0<\/b><em>%<\/em>\n      <\/span>\n    <\/div>\n    <p class=\"lead x2\">Protection contre la lumi\u00e8re ultraviolette<\/p>\n    <p class=\"\">Un film pour vitrages Solar Gard \u00e9quivaut \u00e0 un indice 285 pour vos vitrages.<\/p>\n  <\/div>[\/vc_column_inner][vc_column_inner el_class=\u00a0\u00bbchart-container\u00a0\u00bb width=\u00a0\u00bb1\/4&Prime;]  <div class=\"text-center sep-top-lg\" data-wow-delay=\"0s\">\n    <div class=\"chart dark\" data-percent=\"95\">\n      <span class=\"chart-item\" data-color=\"#e5ce20\">\n        <b data-from=\"0\" data-to=\"95\" class=\"counter\">0<\/b><em>%<\/em>\n      <\/span>\n    <\/div>\n    <p class=\"lead x2\">R\u00c9DUCTION DES REFLETS<\/p>\n    <p class=\"\">Le blocage des reflets du soleil et des lumi\u00e8res aveuglantes am\u00e9liore le confort visuel.<\/p>\n  <\/div>[\/vc_column_inner][\/vc_row_inner][\/vc_column][\/vc_row][vc_row el_class=\u00a0\u00bbhidden\u00a0\u00bb][vc_column]<div class=\"section-title text-center\"><h3 class=\"upper normal-title\">Technologie des films<\/h3><\/div>[image_map image=\u00a0\u00bb38066&Prime; mobile_image=\u00a0\u00bb38082&Prime;]<div class=\"image-map-section\" data-shape=\"poly\" data-coords=\"0,0,700,0,280,438,0,438\" data-coords-mobile=\"0,0,270,0,25,250,0,250\"><h3>Teint\u00e9<\/h3><p style=\"font-size: 20px;\">Le film de polyester est teint\u00e9 par des agents colorants afin de cr\u00e9er diff\u00e9rentes teintes de film.<\/p>\n<\/div><div class=\"image-map-section\" data-shape=\"poly\" data-coords=\"710,0,1215,0,787,438,365,438\" data-coords-mobile=\"275,0,440,0,200,250,30,250\"><h3>M\u00e9tallis\u00e9<\/h3><p style=\"font-size: 20px;\">Les films m\u00e9tallis\u00e9s offrent un meilleur confort gr\u00e2ce \u00e0 la d\u00e9position de particules m\u00e9talliques diffusant la chaleur qui refl\u00e8tent l&rsquo;\u00e9nergie solaire.<\/p>\n<\/div><div class=\"image-map-section\" data-shape=\"poly\" data-coords=\"1235,0,1710,0,1290,438,790,438\" data-coords-mobile=\"450,0,610,0,370,250,205,250\"><h3>Nanotechnologie<\/h3><p style=\"font-size: 20px;\">La technologie Nano consiste en une application de particules \u00e0 l&rsquo;\u00e9chelle nanom\u00e9trique sur une couche polyester afin d&rsquo;absorber la chaleur infrarouge.<\/p>\n<\/div><div class=\"image-map-section\" data-shape=\"poly\" data-coords=\"1750,0,2048,0,2048,438,1300,438\" data-coords-mobile=\"620,0,650,0,650,250,380,250\"><h3>Multi-Stack<\/h3><p style=\"font-size: 20px;\">La technologie brevet\u00e9e SolMox de Solar Gard utilise un processus de pulv\u00e9risation avanc\u00e9e pour d\u00e9poser plusieurs couches complexes de m\u00e9taux pr\u00e9cieux sur un film en environnement sous vide. Tout simplement incroyable.<\/p>\n<\/div>[\/image_map][\/vc_column][\/vc_row][vc_row full_width=\u00a0\u00bbstretch_row\u00a0\u00bb top_margin=\u00a0\u00bb2x\u00a0\u00bb bottom_margin=\u00a0\u00bbmd\u00a0\u00bb gmbt_background_position=\u00a0\u00bb\u00a0\u00bb gmbt_background_repeat=\u00a0\u00bb\u00a0\u00bb gmbt_prlx_bg_type=\u00a0\u00bbparallax\u00a0\u00bb gmbt_prlx_break_parents=\u00a0\u00bb0&Prime; gmbt_prlx_enable_mobile=\u00a0\u00bb\u00a0\u00bb gmbt_prlx_opacity=\u00a0\u00bb100&Prime; gmbt_prlx_parallax=\u00a0\u00bbnone\u00a0\u00bb gmbt_prlx_smooth_scrolling=\u00a0\u00bb\u00a0\u00bb gmbt_prlx_speed=\u00a0\u00bb0.3&Prime; gmbt_prlx_video=\u00a0\u00bb\u00a0\u00bb gmbt_prlx_video_aspect_ratio=\u00a0\u00bb16:9&Prime; gmbt_prlx_video_force_hd=\u00a0\u00bb\u00a0\u00bb gmbt_prlx_video_mute=\u00a0\u00bb\u00a0\u00bb el_class=\u00a0\u00bblight-blue-row\u00a0\u00bb el_id=\u00a0\u00bbnouvelles\u00a0\u00bb][vc_column]<div class=\"section-title sep-bottom-md text-center wow fadeIn\" data-wow-delay=\"0.5s\"><h3 class=\"upper normal-title\">PR\u00c9SENTATION SP\u00c9CIALE<\/h3><\/div>[vc_basic_grid post_type=\u00a0\u00bbpost\u00a0\u00bb max_items=\u00a0\u00bb6&Prime; style=\u00a0\u00bbload-more\u00a0\u00bb show_filter=\u00a0\u00bbyes\u00a0\u00bb filter_style=\u00a0\u00bbfilled\u00a0\u00bb filter_color=\u00a0\u00bbpeacoc\u00a0\u00bb item=\u00a0\u00bb71016&Prime; grid_id=\u00a0\u00bbvc_gid:1773753143641-a12ee96d-927a-3&Prime; taxonomies=\u00a0\u00bb2&Prime; filter_source=\u00a0\u00bbcategory\u00a0\u00bb][\/vc_column][\/vc_row][vc_row gmbt_background_position=\u00a0\u00bb\u00a0\u00bb gmbt_background_repeat=\u00a0\u00bb\u00a0\u00bb gmbt_prlx_bg_type=\u00a0\u00bbparallax\u00a0\u00bb gmbt_prlx_break_parents=\u00a0\u00bb0&Prime; gmbt_prlx_enable_mobile=\u00a0\u00bb\u00a0\u00bb gmbt_prlx_opacity=\u00a0\u00bb100&Prime; gmbt_prlx_parallax=\u00a0\u00bbnone\u00a0\u00bb gmbt_prlx_smooth_scrolling=\u00a0\u00bb\u00a0\u00bb gmbt_prlx_speed=\u00a0\u00bb0.3&Prime; gmbt_prlx_video=\u00a0\u00bb\u00a0\u00bb gmbt_prlx_video_aspect_ratio=\u00a0\u00bb16:9&Prime; gmbt_prlx_video_force_hd=\u00a0\u00bb\u00a0\u00bb gmbt_prlx_video_mute=\u00a0\u00bb\u00a0\u00bb][vc_column]<div class=\"section-title sep-bottom-lg text-center wow fadeInRightBig\" data-wow-delay=\"0.25s\"><h3 class=\"upper normal-title\">ASSOCIATIONS PROFESSIONNELLES<\/h3><\/div>    <div class=\"\">\n      <div dir=\"ltr\" data-auto-play=\"3000\" data-items=\"8\" data-auto-height=\"false\" class=\"client-list owl-carousel owl-theme\">\n        <div class=\"item\"> <a href=\"http:\/\/www.aimcal.org\/\" target=\"_blank\" rel=\"noopener\"><img decoding=\"async\" class=\"img-responsive\" alt=\"AIMCAL\" src=\"https:\/\/www.solargard.com\/wp-content\/uploads\/2016\/03\/0009_bwlogo_aimcal.jpg\"><\/a> <\/div><div class=\"item\"> <a href=\"http:\/\/www.thenbs.com\/PublicationIndex\/documents?Pub=AIS\" target=\"_blank\" rel=\"noopener\"><img decoding=\"async\" class=\"img-responsive\" alt=\"AIS\" src=\"https:\/\/www.solargard.com\/wp-content\/uploads\/2016\/03\/ais.jpg\"><\/a> <\/div><div class=\"item\"> <a href=\"http:\/\/www.asid.org\" target=\"_blank\" rel=\"noopener\"><img decoding=\"async\" class=\"img-responsive\" alt=\"ASID\" src=\"https:\/\/www.solargard.com\/wp-content\/uploads\/2016\/03\/0008_bwlogo_asid.jpg\"><\/a> <\/div><div class=\"item\"> <a href=\"http:\/\/www.boma.org\" target=\"_blank\" rel=\"noopener\"><img decoding=\"async\" class=\"img-responsive\" alt=\"BOMA\" src=\"https:\/\/www.solargard.com\/wp-content\/uploads\/2016\/03\/0007_bwlogo_boma.jpg\"><\/a> <\/div><div class=\"item\"> <a href=\"https:\/\/www.energystar.gov\/\" target=\"_blank\" rel=\"noopener\"><img decoding=\"async\" class=\"img-responsive\" alt=\"Energy Star\" src=\"https:\/\/www.solargard.com\/wp-content\/uploads\/2016\/03\/0005_bwlogo_energystar.jpg\"><\/a> <\/div><div class=\"item\"> <a href=\"http:\/\/www.ggf.org.uk\" target=\"_blank\" rel=\"noopener\"><img decoding=\"async\" class=\"img-responsive\" alt=\"GGF\" src=\"https:\/\/www.solargard.com\/wp-content\/uploads\/2016\/03\/ggf.jpg\"><\/a> <\/div><div class=\"item\"> <a href=\"http:\/\/www.iwfa.com\" target=\"_blank\" rel=\"noopener\"><img decoding=\"async\" class=\"img-responsive\" alt=\"IWFA\" src=\"https:\/\/www.solargard.com\/wp-content\/uploads\/2016\/03\/iwfa.jpg\"><\/a> <\/div><div class=\"item\"> <a href=\"http:\/\/www.glass.org\" target=\"_blank\" rel=\"noopener\"><img decoding=\"async\" class=\"img-responsive\" alt=\"NGA\" src=\"https:\/\/www.solargard.com\/wp-content\/uploads\/2016\/03\/0002_bwlogo_nga.jpg\"><\/a> <\/div><div class=\"item\"> <a href=\"http:\/\/protectiveglazing.com\/\" target=\"_blank\" rel=\"noopener\"><img decoding=\"async\" class=\"img-responsive\" alt=\"PGC\" src=\"https:\/\/www.solargard.com\/wp-content\/uploads\/2016\/03\/0001_bwlogo_pgc.jpg\"><\/a> <\/div><div class=\"item\"> <a href=\"http:\/\/www.usgbc.org\/\" target=\"_blank\" rel=\"noopener\"><img decoding=\"async\" class=\"img-responsive\" alt=\"USGBC\" src=\"https:\/\/www.solargard.com\/wp-content\/uploads\/2016\/03\/0000_leaves-e1455834545243.jpg\"><\/a> <\/div><div class=\"item\"> <a href=\"http:\/\/www.wers.net\/wers-home\" target=\"_blank\" rel=\"noopener\"><img decoding=\"async\" class=\"img-responsive\" alt=\"Window Energy Rating Scheme\" src=\"https:\/\/www.solargard.com\/wp-content\/uploads\/2016\/06\/WER.png\"><\/a> <\/div><div class=\"item\"> <a href=\"http:\/\/www.wfaanz.org.au\/\" target=\"_blank\" rel=\"noopener\"><img decoding=\"async\" class=\"img-responsive\" alt=\"Window Film Association of Australia and New Zealand\" src=\"https:\/\/www.solargard.com\/wp-content\/uploads\/2016\/06\/WFAANZ-2.png\"><\/a> <\/div>\n      <\/div>\n    <\/div>[\/vc_column][\/vc_row][vc_row full_width=\u00a0\u00bbstretch_row\u00a0\u00bb top_margin=\u00a0\u00bbmd\u00a0\u00bb bottom_margin=\u00a0\u00bbmd\u00a0\u00bb css=\u00a0\u00bb.vc_custom_1452203051488{background-color: #e5f5fc !important;}\u00a0\u00bb gmbt_prlx_bg_type=\u00a0\u00bbparallax\u00a0\u00bb gmbt_prlx_break_parents=\u00a0\u00bb0&Prime; gmbt_prlx_enable_mobile=\u00a0\u00bb\u00a0\u00bb gmbt_prlx_opacity=\u00a0\u00bb100&Prime; gmbt_prlx_parallax=\u00a0\u00bbnone\u00a0\u00bb gmbt_prlx_smooth_scrolling=\u00a0\u00bb\u00a0\u00bb gmbt_prlx_speed=\u00a0\u00bb0.3&Prime; gmbt_prlx_video_aspect_ratio=\u00a0\u00bb16:9&Prime; gmbt_prlx_video_force_hd=\u00a0\u00bb\u00a0\u00bb gmbt_prlx_video_mute=\u00a0\u00bb\u00a0\u00bb][vc_column width=\u00a0\u00bb2\/12&Prime;][\/vc_column][vc_column width=\u00a0\u00bb4\/12&Prime;]<div class=\"section-title text-center\"><h3 class=\"upper normal-title\">PR\u00caT(E) \u00c0 INSTALLER ?<\/h3><\/div>[\/vc_column][vc_column width=\u00a0\u00bb4\/12&Prime;][vc_btn title=\u00a0\u00bbTROUVER UN INSTALLATEUR\u00a0\u00bb style=\u00a0\u00bbflat\u00a0\u00bb shape=\u00a0\u00bbsquare\u00a0\u00bb color=\u00a0\u00bbprimary\u00a0\u00bb link=\u00a0\u00bburl:http%3A%2F%2Fwww.solargard.com%2Ffr%2Ffind-a-dealer%2F||\u00a0\u00bb][\/vc_column][vc_column width=\u00a0\u00bb2\/12&Prime;][\/vc_column][\/vc_row]<\/p>\n<\/div>","protected":false},"excerpt":{"rendered":"<p>[vc_row bottom_margin=\u00a0\u00bbnone\u00a0\u00bb gmbt_prlx_bg_type=\u00a0\u00bbparallax\u00a0\u00bb gmbt_prlx_break_parents=\u00a0\u00bb0&Prime; gmbt_prlx_enable_mobile=\u00a0\u00bb\u00a0\u00bb gmbt_prlx_opacity=\u00a0\u00bb100&Prime; gmbt_prlx_parallax=\u00a0\u00bbnone\u00a0\u00bb gmbt_prlx_smooth_scrolling=\u00a0\u00bb\u00a0\u00bb gmbt_prlx_speed=\u00a0\u00bb0.3&Prime; gmbt_prlx_video_aspect_ratio=\u00a0\u00bb16:9&Prime; gmbt_prlx_video_force_hd=\u00a0\u00bb\u00a0\u00bb gmbt_prlx_video_mute=\u00a0\u00bb\u00a0\u00bb][vc_column][\/vc_column][\/vc_row][vc_row top_margin=\u00a0\u00bbxs\u00a0\u00bb bottom_margin=\u00a0\u00bb2x\u00a0\u00bb gmbt_background_position=\u00a0\u00bb\u00a0\u00bb gmbt_background_repeat=\u00a0\u00bb\u00a0\u00bb gmbt_prlx_bg_type=\u00a0\u00bbparallax\u00a0\u00bb gmbt_prlx_break_parents=\u00a0\u00bb0&Prime; gmbt_prlx_enable_mobile=\u00a0\u00bb\u00a0\u00bb gmbt_prlx_opacity=\u00a0\u00bb100&Prime; gmbt_prlx_parallax=\u00a0\u00bbnone\u00a0\u00bb gmbt_prlx_smooth_scrolling=\u00a0\u00bb\u00a0\u00bb gmbt_prlx_speed=\u00a0\u00bb0.3&Prime; gmbt_prlx_video=\u00a0\u00bb\u00a0\u00bb gmbt_prlx_video_aspect_ratio=\u00a0\u00bb16:9&Prime; gmbt_prlx_video_force_hd=\u00a0\u00bb\u00a0\u00bb gmbt_prlx_video_mute=\u00a0\u00bb\u00a0\u00bb][vc_column width=\u00a0\u00bb1\/4&Prime; offset=\u00a0\u00bbvc_col-xs-6&Prime;][\/vc_column][vc_column width=\u00a0\u00bb1\/4&Prime; offset=\u00a0\u00bbvc_col-xs-6&Prime;][\/vc_column][vc_column width=\u00a0\u00bb1\/4&Prime; offset=\u00a0\u00bbvc_col-xs-6&Prime;][\/vc_column][vc_column width=\u00a0\u00bb1\/4&Prime; offset=\u00a0\u00bbvc_col-xs-6&Prime;][\/vc_column][\/vc_row][vc_row full_width=\u00a0\u00bbstretch_row\u00a0\u00bb gmbt_prlx_bg_type=\u00a0\u00bbparallax\u00a0\u00bb gmbt_prlx_break_parents=\u00a0\u00bb0&Prime; gmbt_prlx_enable_mobile=\u00a0\u00bb\u00a0\u00bb gmbt_prlx_image=\u00a0\u00bb2254&Prime; gmbt_prlx_opacity=\u00a0\u00bb100&Prime; gmbt_prlx_parallax=\u00a0\u00bbnone\u00a0\u00bb gmbt_prlx_smooth_scrolling=\u00a0\u00bb\u00a0\u00bb gmbt_prlx_speed=\u00a0\u00bb0.3&Prime; gmbt_prlx_video_aspect_ratio=\u00a0\u00bb16:9&Prime; gmbt_prlx_video_force_hd=\u00a0\u00bb\u00a0\u00bb gmbt_prlx_video_mute=\u00a0\u00bb\u00a0\u00bb el_class=\u00a0\u00bblight-blue-row\u00a0\u00bb][vc_column][vc_row_inner][vc_column_inner el_class=\u00a0\u00bbchart-container\u00a0\u00bb width=\u00a0\u00bb1\/4&Prime;][\/vc_column_inner][vc_column_inner el_class=\u00a0\u00bbchart-container\u00a0\u00bb width=\u00a0\u00bb1\/4&Prime;][\/vc_column_inner][vc_column_inner el_class=\u00a0\u00bbchart-container\u00a0\u00bb width=\u00a0\u00bb1\/4&Prime;][\/vc_column_inner][vc_column_inner el_class=\u00a0\u00bbchart-container\u00a0\u00bb &hellip; <a href=\"https:\/\/www.solargard.com\/fr\/client\/window-film-association-australia-new-zealand-2\/\">Continued<\/a><\/p>\n","protected":false},"author":1,"featured_media":0,"parent":0,"menu_order":0,"comment_status":"closed","ping_status":"closed","template":"","meta":{"_acf_changed":false,"footnotes":""},"class_list":["post-28571","page","type-page","status-publish","hentry"],"acf":[],"_links":{"self":[{"href":"https:\/\/www.solargard.com\/fr\/wp-json\/wp\/v2\/pages\/28571","targetHints":{"allow":["GET"]}}],"collection":[{"href":"https:\/\/www.solargard.com\/fr\/wp-json\/wp\/v2\/pages"}],"about":[{"href":"https:\/\/www.solargard.com\/fr\/wp-json\/wp\/v2\/types\/page"}],"author":[{"embeddable":true,"href":"https:\/\/www.solargard.com\/fr\/wp-json\/wp\/v2\/users\/1"}],"replies":[{"embeddable":true,"href":"https:\/\/www.solargard.com\/fr\/wp-json\/wp\/v2\/comments?post=28571"}],"version-history":[{"count":0,"href":"https:\/\/www.solargard.com\/fr\/wp-json\/wp\/v2\/pages\/28571\/revisions"}],"wp:attachment":[{"href":"https:\/\/www.solargard.com\/fr\/wp-json\/wp\/v2\/media?parent=28571"}],"curies":[{"name":"wp","href":"https:\/\/api.w.org\/{rel}","templated":true}]}}