{"id":28574,"date":"2016-03-31T15:30:38","date_gmt":"2016-03-31T15:30:38","guid":{"rendered":"https:\/\/www.solargard.com\/fr\/automobile\/"},"modified":"2026-03-05T06:25:04","modified_gmt":"2026-03-05T14:25:04","slug":"produits-auto","status":"publish","type":"page","link":"https:\/\/www.solargard.com\/fr\/films-pour-automobiles\/produits-auto\/","title":{"rendered":"Produits Auto"},"content":{"rendered":"<div class=\"wpb-content-wrapper\"><p>[vc_row top_margin=\u00a0\u00bb2x\u00a0\u00bb bottom_margin=\u00a0\u00bbmd\u00a0\u00bb][vc_column]<div class=\"section-title sg-section-title text-center\"><div class=\"copy-content\"><h4 class=\" normal-title\">D\u00e9couvrez nos produits auto<\/h4><\/div><div class=\"border-bg\"><\/div><\/div>[\/vc_column][\/vc_row][vc_row top_margin=\u00a0\u00bbxs\u00a0\u00bb bottom_margin=\u00a0\u00bbmd\u00a0\u00bb][vc_column width=\u00a0\u00bb1\/3&Prime; el_class=\u00a0\u00bbleft-gray-title\u00a0\u00bb offset=\u00a0\u00bbvc_col-xs-6&Prime;][vc_column_text css=\u00a0\u00bb\u00a0\u00bb]<\/p>\n<h2 style=\"text-align: center;\">Ceramic Performance<\/h2>\n<p style=\"text-align: center;\"><span>La technologie c\u00e9ramique avanc\u00e9e du Ceramic Performance bloque plus de 99% des rayons UV, rejette jusqu\u2019\u00e0 93% des rayons infrarouges et a un rejet total d\u2019\u00e9nergie solaire allant jusqu\u2019\u00e0 72%.\u00a0<\/span><\/p>\n<p>[\/vc_column_text][vc_empty_space height=\u00a0\u00bb10px\u00a0\u00bb]<a href=\"https:\/\/www.solargard.com\/fr\/produit\/ceramic-performance\/\" class=\"content-link \"><div class=\"content-link-image\" style=\"background-image: url(https:\/\/www.solargard.com\/wp-content\/uploads\/2022\/09\/ceramic-performance-web-300x253.jpg)\"><\/div><h4>Ceramic Performance<\/h4><h5><\/h5><\/a>[\/vc_column][vc_column width=\u00a0\u00bb1\/3&Prime; offset=\u00a0\u00bbvc_col-xs-6&Prime;][vc_column_text css=\u00a0\u00bb\u00a0\u00bb]<\/p>\n<h2 style=\"text-align: center;\">CX Magnum Black<\/h2>\n<p style=\"text-align: center;\"><span>La technologie c\u00e9ramique avanc\u00e9e du CX Magnum Black bloque plus de 99% des rayons UV, rejette jusqu\u2019\u00e0 64% des rayons infrarouges et a un rejet total d\u2019\u00e9nergie solaire allant jusqu\u2019\u00e0 58%.<\/span><\/p>\n<p>[\/vc_column_text][vc_empty_space height=\u00a0\u00bb10px\u00a0\u00bb]<a href=\"https:\/\/www.solargard.com\/fr\/produit\/cx-magnum-black\/\" class=\"content-link \"><div class=\"content-link-image\" style=\"background-image: url(https:\/\/www.solargard.com\/wp-content\/uploads\/2020\/06\/IG-CX_Magnum_Black-300x228.jpg)\"><\/div><h4>CX Magnum Black<\/h4><h5><\/h5><\/a>[\/vc_column][vc_column width=\u00a0\u00bb1\/3&Prime;][vc_column_text css=\u00a0\u00bb\u00a0\u00bb]<\/p>\n<h2 style=\"text-align: center;\">Solstice<\/h2>\n<p style=\"text-align: center;\"><span>La gamme Solstice offre une clart\u00e9 optique exceptionnelle ainsi qu\u2019une technologie compatible avec vos signaux \u00e9lectroniques, pour pr\u00e9server \u00e0 la fois votre visibilit\u00e9 et votre connectivit\u00e9.<\/span><\/p>\n<p>[\/vc_column_text][vc_empty_space height=\u00a0\u00bb10px\u00a0\u00bb]<a href=\"https:\/\/www.solargard.com\/fr\/produit\/solstice\/\" class=\"content-link \"><div class=\"content-link-image\" style=\"background-image: url(https:\/\/www.solargard.com\/wp-content\/uploads\/2023\/01\/Solstice-300x273.jpg)\"><\/div><h4>Solstice\u2122<\/h4><h5><\/h5><\/a>[\/vc_column][\/vc_row][vc_row top_margin=\u00a0\u00bbsm\u00a0\u00bb bottom_margin=\u00a0\u00bbsm\u00a0\u00bb][vc_column][vc_separator color=\u00a0\u00bbcustom\u00a0\u00bb css=\u00a0\u00bb\u00a0\u00bb accent_color=\u00a0\u00bb#C8E3EF\u00a0\u00bb][\/vc_column][\/vc_row][vc_row top_margin=\u00a0\u00bbsm\u00a0\u00bb bottom_margin=\u00a0\u00bbsm\u00a0\u00bb][vc_column][vc_column_text css=\u00a0\u00bb\u00a0\u00bb]<\/p>\n<h2 style=\"text-align: center;\"><span>Films de protection de peinture<\/span><\/h2>\n<p style=\"text-align: center;\"><span>La meilleure protection possible. Une barri\u00e8re invisible con\u00e7ue pour prot\u00e9ger<\/span><br \/>\n<span>votre carrosserie des risques routiers, des vandales et dans les parkings.<\/span><\/p>\n<p>[\/vc_column_text][\/vc_column][\/vc_row][vc_row top_margin=\u00a0\u00bbxs\u00a0\u00bb bottom_margin=\u00a0\u00bbmd\u00a0\u00bb][vc_column width=\u00a0\u00bb1\/4&Prime;][\/vc_column][vc_column width=\u00a0\u00bb1\/2&Prime;][vc_column_text css=\u00a0\u00bb\u00a0\u00bb]<\/p>\n<p style=\"text-align: center;\"><a href=\"https:\/\/www.solargard.com\/fr\/produit\/clearshield-pro-activ\/\" target=\"_blank\" rel=\"noopener\"><img loading=\"lazy\" decoding=\"async\" class=\"alignnone wp-image-105382\" src=\"https:\/\/www.solargard.com\/wp-content\/uploads\/2026\/01\/hero-csp-activ-960x600-1-e1707745157916-300x126.jpg\" alt=\"\" width=\"640\" height=\"269\" srcset=\"https:\/\/www.solargard.com\/wp-content\/uploads\/2026\/01\/hero-csp-activ-960x600-1-e1707745157916-300x126.jpg 300w, https:\/\/www.solargard.com\/wp-content\/uploads\/2026\/01\/hero-csp-activ-960x600-1-e1707745157916-768x323.jpg 768w, https:\/\/www.solargard.com\/wp-content\/uploads\/2026\/01\/hero-csp-activ-960x600-1-e1707745157916-190x80.jpg 190w, https:\/\/www.solargard.com\/wp-content\/uploads\/2026\/01\/hero-csp-activ-960x600-1-e1707745157916-600x253.jpg 600w, https:\/\/www.solargard.com\/wp-content\/uploads\/2026\/01\/hero-csp-activ-960x600-1-e1707745157916.jpg 960w\" sizes=\"auto, (max-width: 640px) 100vw, 640px\" \/><\/a><\/p>\n<p>[\/vc_column_text][vc_empty_space height=\u00a0\u00bb10px\u00a0\u00bb][vc_column_text css=\u00a0\u00bb.vc_custom_1701081037181{margin-top: 25px !important;}\u00a0\u00bb]<\/p>\n<p style=\"text-align: center;\"><a href=\"https:\/\/www.solargard.com\/fr\/produit\/clearshield-pro-activ\/\">Clearshield\u00ae Pro ACTIV\u2122 est con\u00e7u de mani\u00e8re experte pour offrir un \u00e9quilibre entre l&rsquo;autocicatrisation instantan\u00e9ment activ\u00e9e et la r\u00e9sistance exceptionnelle aux rayures que repr\u00e9sente le nom Clearshield Pro.<\/a><\/p>\n<p>[\/vc_column_text][\/vc_column][vc_column width=\u00a0\u00bb1\/4&Prime;][\/vc_column][\/vc_row][vc_row top_margin=\u00a0\u00bbsm\u00a0\u00bb bottom_margin=\u00a0\u00bbsm\u00a0\u00bb][vc_column][vc_column_text css=\u00a0\u00bb\u00a0\u00bb]<\/p>\n<h2 style=\"text-align: center;\">Film de protection Clearshield\u00ae WPF Windshield<\/h2>\n<p style=\"text-align: center;\">La meilleure protection que vous ne verrez jamais ! U<span>ne durabilit\u00e9 maximale sans compromis sur le style,<br \/>\nClearshield WPF repr\u00e9sente la meilleure d\u00e9fense pour un pare\u2011brise propre et prot\u00e9g\u00e9.\u00a0<\/span><\/p>\n<p>[\/vc_column_text][\/vc_column][\/vc_row][vc_row top_margin=\u00a0\u00bbxs\u00a0\u00bb bottom_margin=\u00a0\u00bbmd\u00a0\u00bb][vc_column width=\u00a0\u00bb1\/4&Prime;][\/vc_column][vc_column width=\u00a0\u00bb1\/2&Prime;][vc_column_text css=\u00a0\u00bb\u00a0\u00bb]<\/p>\n<p style=\"text-align: center;\"><a href=\"https:\/\/www.solargard.com\/fr\/windshield-protection-film\/\"><img loading=\"lazy\" decoding=\"async\" class=\"alignnone wp-image-105518 size-full\" src=\"https:\/\/www.solargard.com\/wp-content\/uploads\/2026\/03\/hero-wpf-960x600-1.png\" alt=\"\" width=\"960\" height=\"404\" srcset=\"https:\/\/www.solargard.com\/wp-content\/uploads\/2026\/03\/hero-wpf-960x600-1.png 960w, https:\/\/www.solargard.com\/wp-content\/uploads\/2026\/03\/hero-wpf-960x600-1-300x126.png 300w, https:\/\/www.solargard.com\/wp-content\/uploads\/2026\/03\/hero-wpf-960x600-1-768x323.png 768w, https:\/\/www.solargard.com\/wp-content\/uploads\/2026\/03\/hero-wpf-960x600-1-190x80.png 190w, https:\/\/www.solargard.com\/wp-content\/uploads\/2026\/03\/hero-wpf-960x600-1-600x253.png 600w\" sizes=\"auto, (max-width: 960px) 100vw, 960px\" \/><\/a><\/p>\n<p>[\/vc_column_text][vc_empty_space height=\u00a0\u00bb10px\u00a0\u00bb][vc_column_text css=\u00a0\u00bb.vc_custom_1772720681859{margin-top: 25px !important;}\u00a0\u00bb]<\/p>\n<p style=\"text-align: center;\"><a href=\"https:\/\/www.solargard.com\/fr\/windshield-protection-film\/\">Ce film presque invisible absorbe les impacts des d\u00e9bris de la route, emp\u00eachant les \u00e9clats et fissures avant qu\u2019ils ne surviennent. Un petit investissement qui peut vous \u00e9viter des r\u00e9parations co\u00fbteuses.<\/a><\/p>\n<p>[\/vc_column_text][\/vc_column][vc_column width=\u00a0\u00bb1\/4&Prime;][\/vc_column][\/vc_row][vc_row full_width=\u00a0\u00bbstretch_row\u00a0\u00bb top_margin=\u00a0\u00bb2x\u00a0\u00bb el_class=\u00a0\u00bblight-blue-row\u00a0\u00bb][vc_column el_class=\u00a0\u00bbgray-title\u00a0\u00bb]<div class=\"section-title sep-bottom-lg text-center\"><h3 class=\" normal-title\">PRODUITS AUTOMOBILES PR\u00c9SENT\u00c9S<\/h3><\/div>[vc_row_inner][vc_column_inner width=\u00a0\u00bb1\/12&Prime;][\/vc_column_inner][vc_column_inner el_class=\u00a0\u00bbbordered\u00a0\u00bb width=\u00a0\u00bb5\/12&Prime;]<a href=\"https:\/\/www.solargard.com\/fr\/produit\/ceramic-performance\/\" class=\"content-link \"><div class=\"content-link-image\" style=\"background-image: url(https:\/\/www.solargard.com\/wp-content\/uploads\/2022\/09\/ceramic-performance-web-300x253.jpg)\"><\/div><h4>Ceramic Performance<\/h4><h5><\/h5><\/a>[\/vc_column_inner][vc_column_inner el_class=\u00a0\u00bbbordered\u00a0\u00bb width=\u00a0\u00bb5\/12&Prime;]<a href=\"https:\/\/www.solargard.com\/fr\/produit\/cx-magnum-black\/\" class=\"content-link \"><div class=\"content-link-image\" style=\"background-image: url(https:\/\/www.solargard.com\/wp-content\/uploads\/2020\/06\/IG-CX_Magnum_Black-300x228.jpg)\"><\/div><h4>CX Magnum Black<\/h4><h5><\/h5><\/a>[\/vc_column_inner][vc_column_inner width=\u00a0\u00bb1\/12&Prime;][\/vc_column_inner][\/vc_row_inner][\/vc_column][\/vc_row][vc_row top_margin=\u00a0\u00bb3x\u00a0\u00bb bottom_margin=\u00a0\u00bb3x\u00a0\u00bb][vc_column]<div class=\"section-title sep-bottom-md text-center\"><h3 class=\" normal-title\">RESSOURCES<\/h3><\/div>[vc_row_inner el_class=\u00a0\u00bbsame-height-row\u00a0\u00bb][vc_column_inner width=\u00a0\u00bb1\/3&Prime;][\/vc_column_inner][vc_column_inner width=\u00a0\u00bb1\/3&Prime;][vc_btn title=\u00a0\u00bbINSTRUCTIONS D&rsquo;ENTRETIEN\u00a0\u00bb style=\u00a0\u00bbflat\u00a0\u00bb shape=\u00a0\u00bbsquare\u00a0\u00bb color=\u00a0\u00bbprimary\u00a0\u00bb size=\u00a0\u00bblg\u00a0\u00bb align=\u00a0\u00bbcenter\u00a0\u00bb button_block=\u00a0\u00bbtrue\u00a0\u00bb el_class=\u00a0\u00bbsame-height-item\u00a0\u00bb link=\u00a0\u00bburl:https%3A%2F%2Fwww.solargard.com%2Ffr%2Finstructions-maintenance-et-entretien%2F|title:Maintenance%20des%20films%20pour%20vitrages\u00a0\u00bb][\/vc_column_inner][vc_column_inner width=\u00a0\u00bb1\/3&Prime;][\/vc_column_inner][\/vc_row_inner][\/vc_column][\/vc_row][vc_row full_width=\u00a0\u00bbstretch_row\u00a0\u00bb bottom_margin=\u00a0\u00bbxs\u00a0\u00bb css=\u00a0\u00bb.vc_custom_1456356435075{background-color: #e5f5fc !important;}\u00a0\u00bb][vc_column width=\u00a0\u00bb2\/12&Prime;][\/vc_column][vc_column width=\u00a0\u00bb4\/12&Prime;]<div class=\"section-title text-center\"><h3 class=\"upper normal-title\">PR\u00caT(E) \u00c0 INSTALLER ?<\/h3><\/div>[\/vc_column][vc_column width=\u00a0\u00bb4\/12&Prime;][vc_btn title=\u00a0\u00bbTROUVER UN INSTALLATEUR\u00a0\u00bb style=\u00a0\u00bbflat\u00a0\u00bb shape=\u00a0\u00bbsquare\u00a0\u00bb color=\u00a0\u00bbprimary\u00a0\u00bb size=\u00a0\u00bblg\u00a0\u00bb align=\u00a0\u00bbcenter\u00a0\u00bb link=\u00a0\u00bburl:http%3A%2F%2Fwww.solargard.com%2Ffr%2Ffind-a-dealer%2F||\u00a0\u00bb][\/vc_column][vc_column width=\u00a0\u00bb2\/12&Prime;][\/vc_column][\/vc_row][vc_row][vc_column][\/vc_column][\/vc_row]<\/p>\n<\/div>","protected":false},"excerpt":{"rendered":"<p>[vc_row top_margin=\u00a0\u00bb2x\u00a0\u00bb bottom_margin=\u00a0\u00bbmd\u00a0\u00bb][vc_column][\/vc_column][\/vc_row][vc_row top_margin=\u00a0\u00bbxs\u00a0\u00bb bottom_margin=\u00a0\u00bbmd\u00a0\u00bb][vc_column width=\u00a0\u00bb1\/3&Prime; el_class=\u00a0\u00bbleft-gray-title\u00a0\u00bb offset=\u00a0\u00bbvc_col-xs-6&Prime;][vc_column_text css=\u00a0\u00bb\u00a0\u00bb] Ceramic Performance La technologie c\u00e9ramique avanc\u00e9e du Ceramic Performance bloque plus de 99% des rayons UV, rejette jusqu\u2019\u00e0 93% des rayons infrarouges et a un rejet total d\u2019\u00e9nergie solaire allant jusqu\u2019\u00e0 72%.\u00a0 [\/vc_column_text][vc_empty_space height=\u00a0\u00bb10px\u00a0\u00bb][\/vc_column][vc_column width=\u00a0\u00bb1\/3&Prime; offset=\u00a0\u00bbvc_col-xs-6&Prime;][vc_column_text css=\u00a0\u00bb\u00a0\u00bb] CX Magnum Black La technologie c\u00e9ramique avanc\u00e9e du CX &hellip; <a href=\"https:\/\/www.solargard.com\/fr\/produit\/cx-magnum-black\/\">Continued<\/a><\/p>\n","protected":false},"author":1,"featured_media":104521,"parent":34624,"menu_order":0,"comment_status":"closed","ping_status":"closed","template":"","meta":{"_acf_changed":false,"footnotes":""},"class_list":["post-28574","page","type-page","status-publish","has-post-thumbnail","hentry"],"acf":[],"_links":{"self":[{"href":"https:\/\/www.solargard.com\/fr\/wp-json\/wp\/v2\/pages\/28574","targetHints":{"allow":["GET"]}}],"collection":[{"href":"https:\/\/www.solargard.com\/fr\/wp-json\/wp\/v2\/pages"}],"about":[{"href":"https:\/\/www.solargard.com\/fr\/wp-json\/wp\/v2\/types\/page"}],"author":[{"embeddable":true,"href":"https:\/\/www.solargard.com\/fr\/wp-json\/wp\/v2\/users\/1"}],"replies":[{"embeddable":true,"href":"https:\/\/www.solargard.com\/fr\/wp-json\/wp\/v2\/comments?post=28574"}],"version-history":[{"count":0,"href":"https:\/\/www.solargard.com\/fr\/wp-json\/wp\/v2\/pages\/28574\/revisions"}],"up":[{"embeddable":true,"href":"https:\/\/www.solargard.com\/fr\/wp-json\/wp\/v2\/pages\/34624"}],"wp:featuredmedia":[{"embeddable":true,"href":"https:\/\/www.solargard.com\/fr\/wp-json\/wp\/v2\/media\/104521"}],"wp:attachment":[{"href":"https:\/\/www.solargard.com\/fr\/wp-json\/wp\/v2\/media?parent=28574"}],"curies":[{"name":"wp","href":"https:\/\/api.w.org\/{rel}","templated":true}]}}