{"id":28575,"date":"2016-03-31T15:30:39","date_gmt":"2016-03-31T15:30:39","guid":{"rendered":"https:\/\/www.solargard.com\/fr\/pourquoi-solar-gard\/"},"modified":"2022-09-26T02:06:52","modified_gmt":"2022-09-26T10:06:52","slug":"pourquoi-solar-gard","status":"publish","type":"page","link":"https:\/\/www.solargard.com\/fr\/pourquoi-solar-gard\/","title":{"rendered":"Avantages des produits Solar Gard | Pourquoi Solar Gard"},"content":{"rendered":"<div class=\"wpb-content-wrapper\"><p>[vc_row css=\u00a0\u00bb.vc_custom_1453224340078{background-color: #ffffff !important;}\u00a0\u00bb][vc_column width=\u00a0\u00bb1\/2&Prime;]<div class=\"section-title sep-bottom-xs text-left\"><h3 class=\"upper normal-title\">Solar Gard : We're On It!<\/h3><\/div>[vc_video link=\u00a0\u00bbhttps:\/\/player.vimeo.com\/video\/260142915&Prime;][vc_separator][vc_video link=\u00a0\u00bbhttps:\/\/player.vimeo.com\/video\/260148793&Prime;][\/vc_column][vc_column width=\u00a0\u00bb1\/2&Prime;]<div class=\"section-title sep-bottom-xs text-left\"><h3 class=\"upper normal-title\">Avantages des produits Solar Gard<\/h3><\/div><div class=\"section-title text-left\"><h4 class=\"upper normal-title\">GARANTIE<\/h4><\/div>[vc_column_text] <span>Solar Gard dispose d&rsquo;une garantie de premier plan et nos \u00e9quipes de service client s&rsquo;assurent du traitement rapide des d\u00e9clarations.<\/span> [\/vc_column_text]<div class=\"section-title sep-top-xs text-left\"><h4 class=\"upper normal-title\">STABILIT\u00c9 DES COULEURS<\/h4><\/div>[vc_column_text] <span>Solar Gard offre des films de qualit\u00e9 exceptionnelle assurant une stabilit\u00e9 des couleurs sur la totalit\u00e9 de leur cycle de vie.<\/span> [\/vc_column_text]<div class=\"section-title sep-top-xs text-left\"><h4 class=\"upper normal-title\">CLART\u00c9<\/h4><\/div>[vc_column_text]<span>Maintenir la clart\u00e9 est un bon point pour l&rsquo;esth\u00e9tique, mais c&rsquo;est aussi important pour la s\u00e9curit\u00e9. Les films m\u00e9tallis\u00e9s de qualit\u00e9 inf\u00e9rieure peuvent s&rsquo;obscurcir, d\u00e9formant alors la vision et augmentant les reflets.<\/span>[\/vc_column_text]<div class=\"section-title sep-top-xs text-left\"><h4 class=\"upper normal-title\">ADH\u00c9SIFS DE QUALIT\u00c9 SUP\u00c9RIEURE<\/h4><\/div>[vc_column_text] <span>Les adh\u00e9sifs exceptionnels de Solar Gard assurent \u00e0 votre film des performances optimales. Les adh\u00e9sifs de qualit\u00e9 inf\u00e9rieure peuvent mal adh\u00e9rer aux surfaces et ainsi entra\u00eener une d\u00e9faillance du film.<\/span> [\/vc_column_text]<div class=\"section-title sep-top-xs text-left\"><h4 class=\"upper normal-title\">TESTS DE QUALIT\u00c9 ET DE PERFORMANCE<\/h4><\/div>[vc_column_text]La garantie de qualit\u00e9 Solar Gard signifie que tous les rouleaux fabriqu\u00e9s pour un produit particulier auront une couleur uniforme, pour un rendu sans raccord.<\/p>\n<p>Solar Gard est soumis \u00e0 des tests de performance <span>rigoureux\u00a0<\/span>afin de garantir que nos produits se comportent comme pr\u00e9vu dans des conditions vari\u00e9es.[\/vc_column_text][\/vc_column][\/vc_row][vc_row full_width=\u00a0\u00bbstretch_row\u00a0\u00bb top_margin=\u00a0\u00bb2x\u00a0\u00bb bottom_margin=\u00a0\u00bb2x\u00a0\u00bb css=\u00a0\u00bb.vc_custom_1453223399357{background-color: #eeeeee !important;}\u00a0\u00bb][vc_column][vc_row_inner][vc_column_inner width=\u00a0\u00bb1\/2&Prime; css=\u00a0\u00bb.vc_custom_1455826284989{padding-right: 20px !important;}\u00a0\u00bb]<div class=\"section-title sep-bottom-md text-left wow bounceInLeft\" data-wow-delay=\"0.25s\"><h3 class=\"upper normal-title\">\u00c0 PROPOS DE SOLAR GARD<\/h3><p class=\"lead \">Solar Gard prot\u00e8ge ce qui compte le plus pour vous : votre famille, votre domicile, votre activit\u00e9, votre v\u00e9hicule. Solar Gard, dont le si\u00e8ge social se situe \u00e0 San Diego en Californie, fabrique des rev\u00eatements de protection et des films pour vitrage de pointe pour les march\u00e9s de l\u2019architecture, du transport public et de l\u2019automobile.\nSolar Gard est une division \u2018\u2019Surface Solutions\u2019\u2019 de Saint-Gobain, le leader mondial sur les march\u00e9s de l\u2019habitat et de la construction. Nos solutions \u00e0 bilan carbone n\u00e9gatif d\u00e9montr\u00e9 ont un impact positif sur la vie de tous et r\u00e9duisent les \u00e9missions mondiales des gaz \u00e0 effet de serre.\nLes produits Solar Gard sont distribu\u00e9s dans plus de 90 pays sous les marques Solar Gard\u00ae, Quantum et Solar Gard Armorcoat\u00ae.<\/p><\/div>[\/vc_column_inner][vc_column_inner width=\u00a0\u00bb1\/2&Prime;][vc_single_image image=\u00a0\u00bb3645&Prime; img_size=\u00a0\u00bbfull\u00a0\u00bb][\/vc_column_inner][\/vc_row_inner][\/vc_column][\/vc_row][vc_row full_width=\u00a0\u00bbstretch_row\u00a0\u00bb top_margin=\u00a0\u00bb2x\u00a0\u00bb bottom_margin=\u00a0\u00bb2x\u00a0\u00bb][vc_column width=\u00a0\u00bb1\/2&Prime; el_class=\u00a0\u00bbsep-bottom-md\u00a0\u00bb][vc_single_image image=\u00a0\u00bb3654&Prime; img_size=\u00a0\u00bbfull\u00a0\u00bb][\/vc_column][vc_column width=\u00a0\u00bb1\/2&Prime;]<div class=\"section-title text-left wow bounceInRight\" data-wow-delay=\"0.25s\"><h3 class=\"upper normal-title\">SOUTENU PAR PLUS DE 350 ANS D'EXP\u00c9RIENCE DANS LE DOMAINE DES VITRAGES. SAINT-GOBAIN<\/h3><p class=\"lead \">Pr\u00e9sente dans 64 pays et comptant pr\u00e8s de 190 000 employ\u00e9s, Saint-Gobain est parmi les 100 principales entreprises dans le monde. Leader mondial dans le secteur de l'habitat, Saint-Gobain con\u00e7oit, fabrique et distribue des mat\u00e9riaux de construction, en fournissant ainsi des solutions innovantes pour relever les d\u00e9fis li\u00e9s \u00e0 la croissance, aux \u00e9conomies d'\u00e9nergie et \u00e0 la protection de l'environnement. Pour de plus amples informations, consultez http:\/\/www.saint-gobain.com.\nSaint-Gobain Performance Plastics est le leader mondial en mati\u00e8re de plastiques \u00e0 haute performance. Le si\u00e8ge social de Saint-Gobain Performance Plastics est situ\u00e9 \u00e0 Aurora dans l'Ohio aux \u00c9tats-Unis. L'entreprise emploie 4 500 personnes dans 16 pays. Elle produit des films, des mousses, des toiles \u00e0 rev\u00eatement, des roulements, des joints d'\u00e9tanch\u00e9it\u00e9 et des syst\u00e8mes de fluides.<br \/>\nPour de plus amples informations, consultez http:\/\/www.plastics.saint-gobain.com.<\/p><\/div>[\/vc_column][\/vc_row][vc_row top_margin=\u00a0\u00bbmd\u00a0\u00bb bottom_margin=\u00a0\u00bbnone\u00a0\u00bb el_id=\u00a0\u00bbquality-policies\u00a0\u00bb][vc_column]<div class=\"section-title sg-section-title text-center\"><div class=\"copy-content\"><h4 class=\" normal-title\">Nos politiques qualit\u00e9 et environnement<\/h4><\/div><div class=\"border-bg\"><\/div><\/div>[vc_row_inner][vc_column_inner][vc_column_text css=\u00a0\u00bb.vc_custom_1543678316005{padding-top: 5% !important;padding-bottom: 5% !important;}\u00a0\u00bb]<\/p>\n<p style=\"text-align: center;\">Nous convertirons et livrerons \u00e0 temps des produits qui r\u00e9pondent aux attentes de nos clients. Nous nous engageons \u00e0 am\u00e9liorer continuellement la qualit\u00e9 de nos produits, nos processus et nos services \u00e0 la client\u00e8le, avec un syst\u00e8me de qualit\u00e9 permettant d&rsquo;atteindre notre objectif de satisfaction du client. \u00ab\u00a0<\/p>\n<p style=\"text-align: center;\"><strong>Saint-Gobain Solar Gard s\u2019engage en outre:<\/strong><\/p>\n<p style=\"text-align: center;\">Saint-Gobain Solar Gard s&rsquo;engage \u00e0 prot\u00e9ger l&rsquo;environnement et \u00e0 assurer la sant\u00e9 et la s\u00e9curit\u00e9 de ses employ\u00e9s, clients, visiteurs et communaut\u00e9s, quel que soit l&rsquo;endroit o\u00f9 nous op\u00e9rons. Nous allons fournir des ressources et former nos employ\u00e9s sur nos politiques EHS afin de r\u00e9duire l&rsquo;impact environnemental de leurs activit\u00e9s professionnelles.<\/p>\n<p style=\"text-align: center;\">Respecter cet engagement est un objectif primordial de la direction et la responsabilit\u00e9 individuelle et collective de l\u2019ensemble des collaborateurs de Saint-Gobain Solar Gard et de ses dirigeants.<\/p>\n<p style=\"text-align: center;\"><strong>Pour r\u00e9aliser notre engagement, nous allons:<\/strong><\/p>\n<p style=\"text-align: center;\">Respectez toutes les lois et r\u00e9glementations applicables en mati\u00e8re d&rsquo;environnement, de sant\u00e9 et de s\u00e9curit\u00e9, ainsi que les autres exigences des abonn\u00e9s de Saint-Gobain Solar Gard.<\/p>\n<p style=\"text-align: center;\">Am\u00e9liorer nos produits en innovant de nouvelles technologies et m\u00e9thodes pour r\u00e9duire nos \u00e9missions de carbone.<\/p>\n<p style=\"text-align: center;\">R\u00e9duire l&rsquo;impact environnemental total de nos op\u00e9rations et pr\u00e9venir la pollution.<\/p>\n<p style=\"text-align: center;\">Am\u00e9liorer continuellement nos performances en mati\u00e8re d&rsquo;environnement, de sant\u00e9 et de s\u00e9curit\u00e9.<\/p>\n<p style=\"text-align: center;\">Diriger par l&rsquo;action dans le d\u00e9ploiement de technologies et de proc\u00e9dures rentables en mati\u00e8re d&rsquo;environnement, de sant\u00e9 et de s\u00e9curit\u00e9.<\/p>\n<p style=\"text-align: center;\">Habiliter tous les employ\u00e9s \u00e0 assumer la responsabilit\u00e9 personnelle ou \u00e0 prot\u00e9ger l&rsquo;environnement et \u00e0 cr\u00e9er un lieu de travail s\u00fbr et sain<\/p>\n<p>[\/vc_column_text][\/vc_column_inner][\/vc_row_inner][\/vc_column][\/vc_row][vc_row full_width=\u00a0\u00bbstretch_row\u00a0\u00bb][vc_column]<div class=\"section-title sep-bottom-lg text-center wow fadeInRight\"><h3 class=\"upper normal-title\">ASSOCIATIONS<\/h3><\/div>    <div class=\"\">\n      <div dir=\"ltr\" data-auto-play=\"3000\" data-items=\"8\" data-auto-height=\"false\" class=\"client-list owl-carousel owl-theme\">\n        <div class=\"item\"> <a href=\"http:\/\/www.aimcal.org\/\" target=\"_blank\" rel=\"noopener\"><img decoding=\"async\" class=\"img-responsive\" alt=\"AIMCAL\" src=\"https:\/\/www.solargard.com\/wp-content\/uploads\/2016\/03\/0009_bwlogo_aimcal.jpg\"><\/a> <\/div><div class=\"item\"> <a href=\"http:\/\/www.thenbs.com\/PublicationIndex\/documents?Pub=AIS\" target=\"_blank\" rel=\"noopener\"><img decoding=\"async\" class=\"img-responsive\" alt=\"AIS\" src=\"https:\/\/www.solargard.com\/wp-content\/uploads\/2016\/03\/ais.jpg\"><\/a> <\/div><div class=\"item\"> <a href=\"http:\/\/www.asid.org\" target=\"_blank\" rel=\"noopener\"><img decoding=\"async\" class=\"img-responsive\" alt=\"ASID\" src=\"https:\/\/www.solargard.com\/wp-content\/uploads\/2016\/03\/0008_bwlogo_asid.jpg\"><\/a> <\/div><div class=\"item\"> <a href=\"http:\/\/www.boma.org\" target=\"_blank\" rel=\"noopener\"><img decoding=\"async\" class=\"img-responsive\" alt=\"BOMA\" src=\"https:\/\/www.solargard.com\/wp-content\/uploads\/2016\/03\/0007_bwlogo_boma.jpg\"><\/a> <\/div><div class=\"item\"> <a href=\"https:\/\/www.energystar.gov\/\" target=\"_blank\" rel=\"noopener\"><img decoding=\"async\" class=\"img-responsive\" alt=\"Energy Star\" src=\"https:\/\/www.solargard.com\/wp-content\/uploads\/2016\/03\/0005_bwlogo_energystar.jpg\"><\/a> <\/div><div class=\"item\"> <a href=\"http:\/\/www.ggf.org.uk\" target=\"_blank\" rel=\"noopener\"><img decoding=\"async\" class=\"img-responsive\" alt=\"GGF\" src=\"https:\/\/www.solargard.com\/wp-content\/uploads\/2016\/03\/ggf.jpg\"><\/a> <\/div><div class=\"item\"> <a href=\"http:\/\/www.iwfa.com\" target=\"_blank\" rel=\"noopener\"><img decoding=\"async\" class=\"img-responsive\" alt=\"IWFA\" src=\"https:\/\/www.solargard.com\/wp-content\/uploads\/2016\/03\/iwfa.jpg\"><\/a> <\/div><div class=\"item\"> <a href=\"http:\/\/www.glass.org\" target=\"_blank\" rel=\"noopener\"><img decoding=\"async\" class=\"img-responsive\" alt=\"NGA\" src=\"https:\/\/www.solargard.com\/wp-content\/uploads\/2016\/03\/0002_bwlogo_nga.jpg\"><\/a> <\/div><div class=\"item\"> <a href=\"http:\/\/protectiveglazing.com\/\" target=\"_blank\" rel=\"noopener\"><img decoding=\"async\" class=\"img-responsive\" alt=\"PGC\" src=\"https:\/\/www.solargard.com\/wp-content\/uploads\/2016\/03\/0001_bwlogo_pgc.jpg\"><\/a> <\/div><div class=\"item\"> <a href=\"http:\/\/www.usgbc.org\/\" target=\"_blank\" rel=\"noopener\"><img decoding=\"async\" class=\"img-responsive\" alt=\"USGBC\" src=\"https:\/\/www.solargard.com\/wp-content\/uploads\/2016\/03\/0000_leaves-e1455834545243.jpg\"><\/a> <\/div><div class=\"item\"> <a href=\"http:\/\/www.wers.net\/wers-home\" target=\"_blank\" rel=\"noopener\"><img decoding=\"async\" class=\"img-responsive\" alt=\"Window Energy Rating Scheme\" src=\"https:\/\/www.solargard.com\/wp-content\/uploads\/2016\/06\/WER.png\"><\/a> <\/div><div class=\"item\"> <a href=\"http:\/\/www.wfaanz.org.au\/\" target=\"_blank\" rel=\"noopener\"><img decoding=\"async\" class=\"img-responsive\" alt=\"Window Film Association of Australia and New Zealand\" src=\"https:\/\/www.solargard.com\/wp-content\/uploads\/2016\/06\/WFAANZ-2.png\"><\/a> <\/div>\n      <\/div>\n    <\/div>[\/vc_column][\/vc_row][vc_row full_width=\u00a0\u00bbstretch_row\u00a0\u00bb bottom_margin=\u00a0\u00bbxs\u00a0\u00bb css=\u00a0\u00bb.vc_custom_1456356355112{background-color: #e5f5fc !important;}\u00a0\u00bb][vc_column width=\u00a0\u00bb2\/12&Prime;][\/vc_column][vc_column width=\u00a0\u00bb4\/12&Prime;]<div class=\"section-title text-center\"><h3 class=\"upper normal-title\">DES QUESTIONS ?<\/h3><\/div>[\/vc_column][vc_column width=\u00a0\u00bb4\/12&Prime;][vc_btn title=\u00a0\u00bbNOUS CONTACTER\u00a0\u00bb style=\u00a0\u00bbflat\u00a0\u00bb shape=\u00a0\u00bbsquare\u00a0\u00bb color=\u00a0\u00bbprimary\u00a0\u00bb align=\u00a0\u00bbcenter\u00a0\u00bb link=\u00a0\u00bburl:http%3A%2F%2Fwww.solargard.com%2Ffr%2Fnous-contacter%2F||\u00a0\u00bb][\/vc_column][vc_column width=\u00a0\u00bb2\/12&Prime;][\/vc_column][\/vc_row]<\/p>\n<\/div>","protected":false},"excerpt":{"rendered":"<p>[vc_row css=\u00a0\u00bb.vc_custom_1453224340078{background-color: #ffffff !important;}\u00a0\u00bb][vc_column width=\u00a0\u00bb1\/2&Prime;][vc_video link=\u00a0\u00bbhttps:\/\/player.vimeo.com\/video\/260142915&Prime;][vc_separator][vc_video link=\u00a0\u00bbhttps:\/\/player.vimeo.com\/video\/260148793&Prime;][\/vc_column][vc_column width=\u00a0\u00bb1\/2&Prime;][vc_column_text] Solar Gard dispose d&rsquo;une garantie de premier plan et nos \u00e9quipes de service client s&rsquo;assurent du traitement rapide des d\u00e9clarations. [\/vc_column_text][vc_column_text] Solar Gard offre des films de qualit\u00e9 exceptionnelle assurant une stabilit\u00e9 des couleurs sur la totalit\u00e9 de leur cycle de vie. [\/vc_column_text][vc_column_text]Maintenir la clart\u00e9 est un &hellip; <a href=\"https:\/\/www.solargard.com\/fr\/client\/window-film-association-australia-new-zealand-2\/\">Continued<\/a><\/p>\n","protected":false},"author":1,"featured_media":28606,"parent":0,"menu_order":0,"comment_status":"closed","ping_status":"closed","template":"","meta":{"_acf_changed":false,"footnotes":""},"class_list":["post-28575","page","type-page","status-publish","has-post-thumbnail","hentry"],"acf":[],"_links":{"self":[{"href":"https:\/\/www.solargard.com\/fr\/wp-json\/wp\/v2\/pages\/28575","targetHints":{"allow":["GET"]}}],"collection":[{"href":"https:\/\/www.solargard.com\/fr\/wp-json\/wp\/v2\/pages"}],"about":[{"href":"https:\/\/www.solargard.com\/fr\/wp-json\/wp\/v2\/types\/page"}],"author":[{"embeddable":true,"href":"https:\/\/www.solargard.com\/fr\/wp-json\/wp\/v2\/users\/1"}],"replies":[{"embeddable":true,"href":"https:\/\/www.solargard.com\/fr\/wp-json\/wp\/v2\/comments?post=28575"}],"version-history":[{"count":0,"href":"https:\/\/www.solargard.com\/fr\/wp-json\/wp\/v2\/pages\/28575\/revisions"}],"wp:featuredmedia":[{"embeddable":true,"href":"https:\/\/www.solargard.com\/fr\/wp-json\/wp\/v2\/media\/28606"}],"wp:attachment":[{"href":"https:\/\/www.solargard.com\/fr\/wp-json\/wp\/v2\/media?parent=28575"}],"curies":[{"name":"wp","href":"https:\/\/api.w.org\/{rel}","templated":true}]}}