{"id":28612,"date":"2016-03-31T15:30:47","date_gmt":"2016-03-31T15:30:47","guid":{"rendered":"https:\/\/www.solargard.com\/fr\/nous-contacter\/centres-de-service\/"},"modified":"2018-11-13T17:35:39","modified_gmt":"2018-11-14T00:35:39","slug":"centres-de-service","status":"publish","type":"page","link":"https:\/\/www.solargard.com\/fr\/contactez-nous\/centres-de-service\/","title":{"rendered":"Contacter le centre de service Solar Gard"},"content":{"rendered":"<div class=\"wpb-content-wrapper\"><p>[vc_row][vc_column][vc_column_text]<\/p>\n<h1><span data-sheets-value=\"{&quot;1&quot;:2,&quot;2&quot;:&quot;Centre de service Solar Gard&quot;}\" data-sheets-userformat=\"{&quot;2&quot;:33585214,&quot;4&quot;:[null,2,15397341],&quot;5&quot;:{&quot;1&quot;:[{&quot;1&quot;:2,&quot;2&quot;:0,&quot;5&quot;:{&quot;1&quot;:0}},{&quot;1&quot;:0,&quot;2&quot;:0,&quot;3&quot;:3},{&quot;1&quot;:1,&quot;2&quot;:0,&quot;4&quot;:1}]},&quot;6&quot;:{&quot;1&quot;:[{&quot;1&quot;:2,&quot;2&quot;:0,&quot;5&quot;:{&quot;1&quot;:0}},{&quot;1&quot;:0,&quot;2&quot;:0,&quot;3&quot;:3},{&quot;1&quot;:1,&quot;2&quot;:0,&quot;4&quot;:1}]},&quot;7&quot;:{&quot;1&quot;:[{&quot;1&quot;:2,&quot;2&quot;:0,&quot;5&quot;:{&quot;1&quot;:0}},{&quot;1&quot;:0,&quot;2&quot;:0,&quot;3&quot;:3},{&quot;1&quot;:1,&quot;2&quot;:0,&quot;4&quot;:1}]},&quot;8&quot;:{&quot;1&quot;:[{&quot;1&quot;:2,&quot;2&quot;:0,&quot;5&quot;:{&quot;1&quot;:0}},{&quot;1&quot;:0,&quot;2&quot;:0,&quot;3&quot;:3},{&quot;1&quot;:1,&quot;2&quot;:0,&quot;4&quot;:1}]},&quot;14&quot;:[null,2,0],&quot;15&quot;:&quot;Calibri&quot;,&quot;16&quot;:8,&quot;17&quot;:1,&quot;28&quot;:1}\">Centre de service Solar Gard<\/span><\/h1>\n<p>O\u00f9 que vous soyez, nous sommes l\u00e0 pour r\u00e9pondre \u00e0 vos besoins.[\/vc_column_text][\/vc_column][\/vc_row][vc_row top_margin=\u00a0\u00bbxs\u00a0\u00bb][vc_column][vc_tta_accordion shape=\u00a0\u00bbsquare\u00a0\u00bb active_section=\u00a0\u00bb0&Prime; collapsible_all=\u00a0\u00bbtrue\u00a0\u00bb][vc_tta_section tab_id=\u00a0\u00bb1455830786518-96522854-b8c1&Prime; title=\u00a0\u00bbAM\u00c9RIQUE DU NORD\u00a0\u00bb][vc_column_text]<\/p>\n<h2>Centre de service Solar Gard \u00e0 San Diego<\/h2>\n<p><span>4520 Viewridge Avenue<\/span><br \/>\n<span>San Diego, CA 92123<\/span><br \/>\n<span>800 735 4743 (appel gratuit)<\/span><br \/>\n<span>Nouvelles commandes,\u00a0<\/span><a href=\"mailto:sandiegoorders@solargard.com\">sandiegoorders@solargard.com<\/a><span>\u00a0\u00a0<\/span><\/p>\n<h2>Centre de service Solar Gard \u00e0 Largo<\/h2>\n<div id=\"ContactInfo\">\n<p>8575 A Somerset Drive<br \/>\nLargo FL 33773 \u00c9tats-Unis<br \/>\n800-359-8468\u00a0; 727-437-1000 T\u00e9l\u00e9phone<br \/>\nIrene Williams,\u00a0<a href=\"mailto:irene.williams@saint-gobain.com\">irene.williams@saint-gobain.com<\/a><\/p>\n<div>\n<h2>Centre de service Solar Gard \u00e0 Honolulu<\/h2>\n<div id=\"ContactInfo\">\n<p>331 Kamani Street, Ste. D<br \/>\nHonolulu HI 96813 \u00c9tats-Unis<br \/>\n808-591-2827 T\u00e9l\u00e9phone<br \/>\nKarl Springman,\u00a0<a href=\"mailto:karl.springman@saint-gobain.com\">karl.springman@saint-gobain.com<\/a><\/p>\n<\/div>\n<h2>Centre de service Solar Gard \u00e0 Tempe<\/h2>\n<div id=\"ContactInfo\">\n<p>4625 South Ash Avenue, Suite J14<br \/>\nTempe AZ 85282 \u00c9tats-Unis<br \/>\n800-746-6401\u00a0; 480-731-9800 T\u00e9l\u00e9phone<br \/>\nAnn Mesa,\u00a0<a href=\"mailto:ann.mesa@saint-gobain.com\">ann.mesa@saint-gobain.com<\/a><\/p>\n<div>\n<div id=\"ContactInfo\">\n<div>\n<h2>Centre de service Solar Gard en Ontario<\/h2>\n<div id=\"ContactInfo\">\n<p>760 Pacific Road, Unit 1<br \/>\nOakville Ontario L6L 6M5 Canada<br \/>\n800-595-8468 T\u00e9l\u00e9phone<br \/>\nFrank Mackay,\u00a0<a href=\"mailto:frank.mackay@saint-gobain.com\">frank.mackay@saint-gobain.com<\/a><\/p>\n<\/div>\n<\/div>\n<\/div>\n<\/div>\n<\/div>\n<\/div>\n<\/div>\n<p>[\/vc_column_text][\/vc_tta_section][vc_tta_section tab_id=\u00a0\u00bb1455830786602-d5b28632-1eb2&Prime; title=\u00a0\u00bbASIE\u00a0\u00bb][vc_column_text]<\/p>\n<div>\n<div>\n<div>\n<h2>Solar Gard\u00a0Shanghai<\/h2>\n<div id=\"ContactInfo\">\n<p>7\/F, Office Tower, Bund Center, 222 Yan\u2019an Road East,<br \/>\nShanghai 200002, Chine<br \/>\n+86 21 6361 8899 T\u00e9l\u00e9phone<br \/>\n+86 21 6322 2909<br \/>\nEvan Li,\u00a0<a href=\"mailto:li.zhenhua@saint-gobain.com\">li.zhenhua@saint-gobain.com<\/a><\/p>\n<\/div>\n<\/div>\n<h2><\/h2>\n<h2>Solar Gard\u00a0QinDao<\/h2>\n<div id=\"ContactInfo\">\n<p>South Songshan Rd, West Shuangyuan Rd, Chengyang District,<br \/>\nQingdao, 266108, Chine<br \/>\n+86 (0) 532 5556 9377 T\u00e9l\u00e9phone<br \/>\n+86 (0) 532 8096 7155<br \/>\nCharles Cheng,\u00a0<a href=\"mailto:sanlin.cheng@saint-gobain.com\">sanlin.cheng@saint-gobain.com<\/a><\/p>\n<\/div>\n<\/div>\n<h1><\/h1>\n<\/div>\n<p>[\/vc_column_text][\/vc_tta_section][vc_tta_section tab_id=\u00a0\u00bb1455830858776-fe24e8fb-feb7&Prime; title=\u00a0\u00bbASIE DE L&rsquo;EST ET DU SUD-EST\u00a0\u00bb][vc_column_text]<\/p>\n<div>\n<h2>Saint-Gobain Performance Plastics &#8211; Japon<\/h2>\n<div>\n<div id=\"ContactInfo\">\n<p>6F, 3-7, Kojimachi<br \/>\nChiyoda-ku Tokyo 102-0083 Japon<br \/>\n+81-3-5216-7512 T\u00e9l\u00e9phone<br \/>\n+81-3-3263-0286<br \/>\nYoko Morita,\u00a0<a href=\"mailto:yoko.morita@saint-gobain.com\">yoko.morita@saint-gobain.com<\/a><\/p>\n<\/div>\n<h2>Saint-Gobain Performance Plastics &#8211; Cor\u00e9e<\/h2>\n<div id=\"ContactInfo\">\n<p>8th Fl., KFAS Bldg., 211 Teheran-lo, Gangnam-gu<br \/>\nS\u00e9oul, 135-915, Cor\u00e9e<br \/>\n+82-2-6098-0175 T\u00e9l\u00e9phone<br \/>\n+82-2-554-1550 Fax<br \/>\nJaeseong (Jason) Park,\u00a0<a href=\"mailto:jaeseong.park@saint-gobain.com\">jaeseong.park@saint-gobain.com<\/a><\/p>\n<\/div>\n<\/div>\n<\/div>\n<p><span>Asie du Sud-Est, Cor\u00e9e et Japon<\/span>[\/vc_column_text][\/vc_tta_section][vc_tta_section tab_id=\u00a0\u00bb1455830914887-156f9d6d-24cd\u00a0\u00bb title=\u00a0\u00bbAUSTRALIE\u00a0\u00bb][vc_column_text]<\/p>\n<h2>Saint-Gobain Performance Plastics<\/h2>\n<div id=\"ContactInfo\">\n<p>7 Walker Place<br \/>\nWetherill Park NSW 2164\u00a0Australie<br \/>\n61 2 9838 8888 T\u00e9l\u00e9phone<br \/>\n61 2 9838 8088<br \/>\nRob Hamilton,\u00a0<a href=\"mailto:robert.hamilton@saint-gobain.com\">robert.hamilton@saint-gobain.com<\/a><\/p>\n<\/div>\n<p>[\/vc_column_text][\/vc_tta_section][vc_tta_section tab_id=\u00a0\u00bb1455830940762-d527fe1a-7869&Prime; title=\u00a0\u00bbEUROPE\u00a0\u00bb][vc_column_text]<\/p>\n<div id=\"ContactInfo\">\n<div>\n<div>\n<div>\n<div>\n<div>\n<div>\n<div>\n<div>\n<h2><span>SGIMB\/Solar Gard Nordic<\/span> &#8211; Su\u00e8de \/ Danemark<\/h2>\n<div id=\"ContactInfo\">\n<p>Stockholmsv\u00e4gen 21<br \/>\nRimbo S-762 21 Sweden<br \/>\n+46 (0)175 748 80 Phone<br \/>\n+46 (0)175 748 89 Fax<br \/>\nAnna Bilger,\u00a0<a href=\"mailto:nordicinfo@saint-gobain.com\">nordicinfo@saint-gobain.com<\/a><\/p>\n<p>Su\u00e8de, architecture en Danemark et Norv\u00e8ge<\/p>\n<\/div>\n<\/div>\n<\/div>\n<\/div>\n<\/div>\n<\/div>\n<\/div>\n<\/div>\n<\/div>\n<\/div>\n<div>\n<div>\n<div>\n<div>\n<div>\n<div>\n<div>\n<div>\n<div>\n<h2>Saint-Gobain Solar Gard\u00a0&#8211; Royaume-Uni<\/h2>\n<div id=\"ContactInfo\">\n<p>+44 (0)1905 640 400 Phone<br \/>\n+44 (0)1905 640 500 Fax<br \/>\nSusie Loveridge,\u00a0<a href=\"mailto:susanna.loveridge@saint-gobain.com\">susanna.loveridge@saint-gobain.com<\/a><br \/>\n<span><a href=\"mailto:solargarduk@saint-gobain.com\" target=\"_blank\" rel=\"noopener\">solargarduk@saint-gobain.com<\/a><\/span><\/p>\n<p>Angleterre, \u00c9cosse, pays de Galles, Irlande du Nord et Irlande<\/p>\n<\/div>\n<\/div>\n<\/div>\n<\/div>\n<\/div>\n<\/div>\n<\/div>\n<\/div>\n<\/div>\n<\/div>\n<h2>Saint-Gobain Solar Gard NV &#8211;\u00a0<span>Bureau central, EMEA &amp; Russie<\/span><\/h2>\n<div id=\"ContactInfo\">\n<p>Karreweg 18<br \/>\nZulte 9870 Belgium<br \/>\n+32 (0)9 240 95 66 Phone<br \/>\n+32 (0)9 240 95 90 Fax<br \/>\nPeter Staelens,\u00a0<a href=\"mailto:peter.staelens@saint-gobain.com\">peter.staelens@saint-gobain.com<\/a><br \/>\n<a href=\"mailto:solargard.eu@saint-gobain.com\" target=\"_blank\" rel=\"noopener\"><span class=\"s1\">solargard.eu@saint-gobain.com<\/span><\/a><\/p>\n<p class=\"p1\"><span class=\"s1\">Europe, Moyen Orient, Afrique et Russie<\/span><\/p>\n<\/div>\n<p>[\/vc_column_text][\/vc_tta_section][vc_tta_section tab_id=\u00a0\u00bb1455830957714-19a9ffad-734f\u00a0\u00bb title=\u00a0\u00bbMOYEN ORIENT\u00a0\u00bb][vc_column_text]<\/p>\n<h2>Saint-Gobain\u00a0Solar Gard &#8211; Moyen Orient<\/h2>\n<div id=\"ContactInfo\"><\/div>\n<div>\n<div id=\"ContactInfo\">\n<p><span>Sodamco Emirates Factory for Building Materials, L.L.C<\/span><br \/>\n<span>P.O. Box 31320, Dubai, U.A.E.<\/span><br \/>\n<span>+971 5 444 808 59<\/span><br \/>\n<span>Marcellino Souaid,\u00a0<\/span><a href=\"mailto:marcellino.souaid@saint-gobain.com\">marcellino.souaid@saint-gobain.com<\/a><\/p>\n<\/div>\n<\/div>\n<p><span>Bahre\u00efn, Irak, Jordanie, Kowe\u00eft, Liban, Oman, Qatar, Arabie saoudite, \u00c9mirats arabes unis, Y\u00e9men, Afghanistan, Pakistan<\/span><span><span><\/span><\/span><\/p>\n<div><\/div>\n<p>&nbsp;<\/p>\n<p><span style=\"margin: 0px; padding: 0px; font-family: AvenirRoman; line-height: 18px; font-size: 12px;\">\u00a0<\/span>[\/vc_column_text][\/vc_tta_section][\/vc_tta_accordion][\/vc_column][\/vc_row]<\/p>\n<\/div>","protected":false},"excerpt":{"rendered":"<p>[vc_row][vc_column][vc_column_text] Centre de service Solar Gard O\u00f9 que vous soyez, nous sommes l\u00e0 pour r\u00e9pondre \u00e0 vos besoins.[\/vc_column_text][\/vc_column][\/vc_row][vc_row top_margin=\u00a0\u00bbxs\u00a0\u00bb][vc_column][vc_tta_accordion shape=\u00a0\u00bbsquare\u00a0\u00bb active_section=\u00a0\u00bb0&Prime; collapsible_all=\u00a0\u00bbtrue\u00a0\u00bb][vc_tta_section tab_id=\u00a0\u00bb1455830786518-96522854-b8c1&Prime; title=\u00a0\u00bbAM\u00c9RIQUE DU NORD\u00a0\u00bb][vc_column_text] Centre de service Solar Gard \u00e0 San Diego 4520 Viewridge Avenue San Diego, CA 92123 800 735 4743 (appel gratuit) Nouvelles commandes,\u00a0sandiegoorders@solargard.com\u00a0\u00a0 Centre de service Solar Gard \u00e0 Largo &hellip; <a href=\"https:\/\/www.solargard.com\/fr\/contactez-nous\/centres-de-service\/\">Continued<\/a><\/p>\n","protected":false},"author":1,"featured_media":0,"parent":97077,"menu_order":0,"comment_status":"closed","ping_status":"closed","template":"","meta":{"_acf_changed":false,"footnotes":""},"class_list":["post-28612","page","type-page","status-publish","hentry"],"acf":[],"_links":{"self":[{"href":"https:\/\/www.solargard.com\/fr\/wp-json\/wp\/v2\/pages\/28612","targetHints":{"allow":["GET"]}}],"collection":[{"href":"https:\/\/www.solargard.com\/fr\/wp-json\/wp\/v2\/pages"}],"about":[{"href":"https:\/\/www.solargard.com\/fr\/wp-json\/wp\/v2\/types\/page"}],"author":[{"embeddable":true,"href":"https:\/\/www.solargard.com\/fr\/wp-json\/wp\/v2\/users\/1"}],"replies":[{"embeddable":true,"href":"https:\/\/www.solargard.com\/fr\/wp-json\/wp\/v2\/comments?post=28612"}],"version-history":[{"count":0,"href":"https:\/\/www.solargard.com\/fr\/wp-json\/wp\/v2\/pages\/28612\/revisions"}],"up":[{"embeddable":true,"href":"https:\/\/www.solargard.com\/fr\/wp-json\/wp\/v2\/pages\/97077"}],"wp:attachment":[{"href":"https:\/\/www.solargard.com\/fr\/wp-json\/wp\/v2\/media?parent=28612"}],"curies":[{"name":"wp","href":"https:\/\/api.w.org\/{rel}","templated":true}]}}