{"id":28613,"date":"2016-03-31T15:30:47","date_gmt":"2016-03-31T15:30:47","guid":{"rendered":"https:\/\/www.solargard.com\/fr\/home-and-business\/regulation-solaire\/"},"modified":"2016-12-10T20:21:17","modified_gmt":"2016-12-10T20:21:17","slug":"films-batiment-energie-solaire","status":"publish","type":"page","link":"https:\/\/www.solargard.com\/fr\/films-batiments-domicile-entreprise\/produits-films-batiments-domicile-entreprise\/films-batiment-energie-solaire\/","title":{"rendered":"R\u00e9gulation \u00c9nergie Solaire"},"content":{"rendered":"<div class=\"wpb-content-wrapper\"><p>[vc_row top_margin=\u00a0\u00bbmd\u00a0\u00bb bottom_margin=\u00a0\u00bbxs\u00a0\u00bb][vc_column]<div class=\"section-title sg-section-title text-center\"><div class=\"copy-content\"><h4 class=\" normal-title\">Parcourez les produits de contr\u00f4le de l'\u00e9nergie solaire<\/h4><\/div><div class=\"border-bg\"><\/div><\/div>[\/vc_column][\/vc_row][vc_row top_margin=\u00a0\u00bbxs\u00a0\u00bb bottom_margin=\u00a0\u00bbmd\u00a0\u00bb][vc_column width=\u00a0\u00bb1\/12&Prime;][\/vc_column][vc_column width=\u00a0\u00bb5\/6&Prime;][vc_column_text]<\/p>\n<h4 style=\"text-align: center;\"><span>Rien n&rsquo;illumine mieux votre espace que la lumi\u00e8re naturelle mais elle peut parfois \u00eatre trop intense. Une chaleur et des points chauds non d\u00e9sir\u00e9s accompagnent la lumi\u00e8re naturelle du soleil, ce qui peut compromettre le confort global et rendre l&rsquo;atmosph\u00e8re moins accueillante. Les films pour vitrage Solar Gard rejettent jusqu&rsquo;\u00e0 79\u00a0% de l&rsquo;\u00e9nergie solaire, vous donnant ainsi un meilleur contr\u00f4le de la temp\u00e9rature tout en r\u00e9duisant la d\u00e9coloration et les reflets g\u00eanants.\u00a0<\/span>Install\u00e9 par des professionnels, le film pour vitrage Solar Gard est disponible dans toute une gamme de produits afin de s&rsquo;adapter \u00e0 tous vos besoins en mati\u00e8re de protection solaire\u00a0:<\/h4>\n<p>[\/vc_column_text][\/vc_column][vc_column width=\u00a0\u00bb1\/12&Prime;][\/vc_column][\/vc_row][vc_row top_margin=\u00a0\u00bbnone\u00a0\u00bb bottom_margin=\u00a0\u00bbmd\u00a0\u00bb][vc_column]<div class=\"product-list vc_txt_align_center \"><a href=\"https:\/\/www.solargard.com\/fr\/produit\/sentinel\/\" class=\"product-link text-center\"><div class=\"product-image\" style=\"background-image: url(https:\/\/www.solargard.com\/wp-content\/uploads\/2014\/11\/ALL-FR-SENTINEL-PLUS10year-web-product-300x225.jpg)\"><\/div><h4>Ext\u00e9rieur | Sentinel Plus (Tous)<\/h4><\/a><a href=\"https:\/\/www.solargard.com\/fr\/produit\/sentinel-plus-dx\/\" class=\"product-link text-center\"><div class=\"product-image\" style=\"background-image: url(https:\/\/www.solargard.com\/wp-content\/uploads\/2020\/06\/DX-FR-SENTINEL-PLUS10year-web-product-300x225.jpg)\"><\/div><h4>Ext\u00e9rieur | Sentinel Plus DX<\/h4><\/a><a href=\"https:\/\/www.solargard.com\/fr\/produit\/sentinel-plus-qx-series\/\" class=\"product-link text-center\"><div class=\"product-image\" style=\"background-image: url(https:\/\/www.solargard.com\/wp-content\/uploads\/2020\/06\/1-QX-40-Clarion-Hotel-Arlanda-Airport-Malarfilm-SWlr-300x225.jpg)\"><\/div><h4>Ext\u00e9rieur | Sentinel Plus QX<\/h4><\/a><a href=\"https:\/\/www.solargard.com\/fr\/produit\/sentinel-plus-qxn-75\/\" class=\"product-link text-center\"><div class=\"product-image\" style=\"background-image: url(https:\/\/www.solargard.com\/wp-content\/uploads\/2024\/05\/QXN-FR-cat-SENTINEL-PLUS10year-web-product-300x225.jpg)\"><\/div><h4>Ext\u00e9rieur | Sentinel Plus QXN<\/h4><\/a><a href=\"https:\/\/www.solargard.com\/fr\/produit\/sterling\/\" class=\"product-link text-center\"><div class=\"product-image\" style=\"background-image: url(https:\/\/www.solargard.com\/wp-content\/uploads\/2016\/03\/AyersPhoto-300x225.jpg)\"><\/div><h4>Film anti UV et chaleur | Sterling<\/h4><\/a><a href=\"https:\/\/www.solargard.com\/fr\/produit\/silver\/\" class=\"product-link text-center\"><div class=\"product-image\" style=\"background-image: url(https:\/\/www.solargard.com\/wp-content\/uploads\/2014\/11\/DOE2-300x272.jpg)\"><\/div><h4>Film d\u2019intimit\u00e9 vitrage | Silver<\/h4><\/a><a href=\"https:\/\/www.solargard.com\/fr\/produit\/solar-bronze\/\" class=\"product-link text-center\"><div class=\"product-image\" style=\"background-image: url(https:\/\/www.solargard.com\/wp-content\/uploads\/2014\/11\/Nat_GEO-300x222.jpg)\"><\/div><h4>Film pour vitrage protection de l\u2019intimit\u00e9 | Solar Bronze<\/h4><\/a><a href=\"https:\/\/www.solargard.com\/fr\/produit\/truevue\/\" class=\"product-link text-center\"><div class=\"product-image\" style=\"background-image: url(https:\/\/www.solargard.com\/wp-content\/uploads\/2016\/03\/shutterstock_270840203_edited_warm-300x200.jpg)\"><\/div><h4>Film r\u00e9fl\u00e9chissant pour vitre | TrueVue<\/h4><\/a><a href=\"https:\/\/www.solargard.com\/fr\/produit\/stainless-steel\/\" class=\"product-link text-center\"><div class=\"product-image\" style=\"background-image: url(https:\/\/www.solargard.com\/wp-content\/uploads\/2016\/05\/StainlessSteel-300x200.jpg)\"><\/div><h4>Film solaire gris | Stainless Steel<\/h4><\/a><a href=\"https:\/\/www.solargard.com\/fr\/produit\/lx\/\" class=\"product-link text-center\"><div class=\"product-image\" style=\"background-image: url(https:\/\/www.solargard.com\/wp-content\/uploads\/2016\/05\/LX-Hilite_alt-300x200.jpg)\"><\/div><h4>Film solaire pour domicile | LX 70<\/h4><\/a><\/div>[\/vc_column][\/vc_row][vc_row full_width=\u00a0\u00bbstretch_row\u00a0\u00bb el_class=\u00a0\u00bblight-blue-row\u00a0\u00bb][vc_column el_class=\u00a0\u00bbgray-title\u00a0\u00bb]<div class=\"section-title sep-bottom-md text-center\"><h3 class=\" normal-title\">PRODUITS PR\u00c9SENT\u00c9S<\/h3><\/div>[vc_row_inner][vc_column_inner el_class=\u00a0\u00bbbordered\u00a0\u00bb width=\u00a0\u00bb1\/3&Prime;]<a href=\"https:\/\/www.solargard.com\/fr\/produit\/ecolux\/\" class=\"content-link text-left\"><div class=\"content-link-image \" style=\"background-image: url(https:\/\/www.solargard.com\/wp-content\/uploads\/2016\/02\/winter.png)\" ><\/div><h4>Ecolux\u2122 Low-e<\/h4><h5><\/h5><p>Le film id\u00e9al quand il vous faut tout : Ecolux\u2122 Low-e vous garde au frais en \u00e9t\u00e9 et au chaud en hiver.<\/p><\/a>[\/vc_column_inner][vc_column_inner el_class=\u00a0\u00bbbordered\u00a0\u00bb width=\u00a0\u00bb1\/3&Prime;]<a href=\"https:\/\/www.solargard.com\/fr\/produit\/clearshield-pro\/\" class=\"content-link \"><div class=\"content-link-image\" style=\"background-image: url(https:\/\/www.solargard.com\/wp-content\/uploads\/2014\/11\/hero-csp-960x600-1-300x169.jpg)\"><\/div><h4>Film carrosserie automobile<\/h4><h5><\/h5><p>Clearshield Pro HYDRO Le film de protection de la peinture automobile Solar Gard Clearshield prot\u00e8ge votre voiture et l\u2019embellit. Votre nouveau v\u00e9hicule est vuln\u00e9rable aux d\u00e9g\u00e2ts d\u00e8s la minute o\u00f9 vous sortez de chez votre concessionnaire. Les \u00e9quipements traditionnels utilis\u00e9s pour prot\u00e9ger la peinture de votre voiture, comme les d\u00e9flecteurs, peuvent en fait provoquer eux-m\u00eames &hellip; <a href=\"https:\/\/www.solargard.com\/fr\/produit\/clearshield-pro\/\">Continued<\/a><\/p><\/a>[\/vc_column_inner][vc_column_inner el_class=\u00a0\u00bbbordered\u00a0\u00bb width=\u00a0\u00bb1\/3&Prime;]<a href=\"https:\/\/www.solargard.com\/fr\/produit\/clearshield-pro\/\" class=\"content-link \"><div class=\"content-link-image\" style=\"background-image: url(https:\/\/www.solargard.com\/wp-content\/uploads\/2014\/11\/hero-csp-960x600-1-300x169.jpg)\"><\/div><h4>Film carrosserie automobile<\/h4><h5><\/h5><p>Clearshield Pro HYDRO Le film de protection de la peinture automobile Solar Gard Clearshield prot\u00e8ge votre voiture et l\u2019embellit. Votre nouveau v\u00e9hicule est vuln\u00e9rable aux d\u00e9g\u00e2ts d\u00e8s la minute o\u00f9 vous sortez de chez votre concessionnaire. Les \u00e9quipements traditionnels utilis\u00e9s pour prot\u00e9ger la peinture de votre voiture, comme les d\u00e9flecteurs, peuvent en fait provoquer eux-m\u00eames &hellip; <a href=\"https:\/\/www.solargard.com\/fr\/produit\/clearshield-pro\/\">Continued<\/a><\/p><\/a>[\/vc_column_inner][\/vc_row_inner][\/vc_column][\/vc_row][vc_row full_width=\u00a0\u00bbstretch_row\u00a0\u00bb bottom_margin=\u00a0\u00bbxs\u00a0\u00bb css=\u00a0\u00bb.vc_custom_1459459707914{margin-top: 60px !important;background-color: #e5f5fc !important;}\u00a0\u00bb][vc_column width=\u00a0\u00bb2\/12&Prime;][\/vc_column][vc_column width=\u00a0\u00bb4\/12&Prime;]<div class=\"section-title text-center\"><h3 class=\"upper normal-title\">Pr\u00eat(e) \u00e0 installer ? <\/h3><\/div>[\/vc_column][vc_column width=\u00a0\u00bb4\/12&Prime;][vc_btn title=\u00a0\u00bbTROUVER UN REVENDEUR\u00a0\u00bb style=\u00a0\u00bbflat\u00a0\u00bb shape=\u00a0\u00bbsquare\u00a0\u00bb color=\u00a0\u00bbprimary\u00a0\u00bb link=\u00a0\u00bburl:http%3A%2F%2Fwww.solargard.com%2Ffr%2Ffind-a-dealer%2F||\u00a0\u00bb][\/vc_column][vc_column width=\u00a0\u00bb2\/12&Prime;][\/vc_column][\/vc_row]<\/p>\n<\/div>","protected":false},"excerpt":{"rendered":"<p>[vc_row top_margin=\u00a0\u00bbmd\u00a0\u00bb bottom_margin=\u00a0\u00bbxs\u00a0\u00bb][vc_column][\/vc_column][\/vc_row][vc_row top_margin=\u00a0\u00bbxs\u00a0\u00bb bottom_margin=\u00a0\u00bbmd\u00a0\u00bb][vc_column width=\u00a0\u00bb1\/12&Prime;][\/vc_column][vc_column width=\u00a0\u00bb5\/6&Prime;][vc_column_text] Rien n&rsquo;illumine mieux votre espace que la lumi\u00e8re naturelle mais elle peut parfois \u00eatre trop intense. Une chaleur et des points chauds non d\u00e9sir\u00e9s accompagnent la lumi\u00e8re naturelle du soleil, ce qui peut compromettre le confort global et rendre l&rsquo;atmosph\u00e8re moins accueillante. Les films pour vitrage Solar Gard &hellip; <a href=\"https:\/\/www.solargard.com\/fr\/produit\/clearshield-pro\/\">Continued<\/a><\/p>\n","protected":false},"author":1,"featured_media":0,"parent":15584,"menu_order":0,"comment_status":"closed","ping_status":"closed","template":"","meta":{"_acf_changed":false,"footnotes":""},"class_list":["post-28613","page","type-page","status-publish","hentry"],"acf":[],"_links":{"self":[{"href":"https:\/\/www.solargard.com\/fr\/wp-json\/wp\/v2\/pages\/28613","targetHints":{"allow":["GET"]}}],"collection":[{"href":"https:\/\/www.solargard.com\/fr\/wp-json\/wp\/v2\/pages"}],"about":[{"href":"https:\/\/www.solargard.com\/fr\/wp-json\/wp\/v2\/types\/page"}],"author":[{"embeddable":true,"href":"https:\/\/www.solargard.com\/fr\/wp-json\/wp\/v2\/users\/1"}],"replies":[{"embeddable":true,"href":"https:\/\/www.solargard.com\/fr\/wp-json\/wp\/v2\/comments?post=28613"}],"version-history":[{"count":0,"href":"https:\/\/www.solargard.com\/fr\/wp-json\/wp\/v2\/pages\/28613\/revisions"}],"up":[{"embeddable":true,"href":"https:\/\/www.solargard.com\/fr\/wp-json\/wp\/v2\/pages\/15584"}],"wp:attachment":[{"href":"https:\/\/www.solargard.com\/fr\/wp-json\/wp\/v2\/media?parent=28613"}],"curies":[{"name":"wp","href":"https:\/\/api.w.org\/{rel}","templated":true}]}}