{"id":28614,"date":"2016-03-31T15:30:48","date_gmt":"2016-03-31T15:30:48","guid":{"rendered":"https:\/\/www.solargard.com\/fr\/home-and-business\/securite\/"},"modified":"2016-12-10T19:53:07","modified_gmt":"2016-12-10T19:53:07","slug":"films-de-securite-et-de-protection","status":"publish","type":"page","link":"https:\/\/www.solargard.com\/fr\/films-batiments-domicile-entreprise\/produits-films-batiments-domicile-entreprise\/films-de-securite-et-de-protection\/","title":{"rendered":"Films De S\u00e9curit\u00e9 Et De Protection"},"content":{"rendered":"<div class=\"wpb-content-wrapper\"><p>[vc_row top_margin=\u00a0\u00bbmd\u00a0\u00bb bottom_margin=\u00a0\u00bbxs\u00a0\u00bb][vc_column]<div class=\"section-title sg-section-title text-center\"><div class=\"copy-content\"><h4 class=\" normal-title\">Parcourir les produits de s\u00e9curit\u00e9<\/h4><\/div><div class=\"border-bg\"><\/div><\/div>[\/vc_column][\/vc_row][vc_row top_margin=\u00a0\u00bbxs\u00a0\u00bb bottom_margin=\u00a0\u00bbmd\u00a0\u00bb][vc_column width=\u00a0\u00bb1\/12&Prime; el_class=\u00a0\u00bbleft-gray-title\u00a0\u00bb][\/vc_column][vc_column width=\u00a0\u00bb5\/6&Prime;][vc_column_text]<\/p>\n<h4 style=\"text-align: center;\">Votre domicile et votre activit\u00e9 professionnelle valent la peine d&rsquo;\u00eatre prot\u00e9g\u00e9s.Film sp\u00e9cialement con\u00e7u pour maintenir en place un verre bris\u00e9,\u00a0Armorcoat\u00ae permet de vous prot\u00e9ger, vous, votre famille et vos biens contre les dangereux \u00e9clats de verre en cas de bris de glace et assure une barri\u00e8re dissuasive contre les cambriolages, vous donnant l&rsquo;assurance que vous-m\u00eame, ceux qui vous sont chers et vos biens pr\u00e9cieux sont en s\u00e9curit\u00e9 et prot\u00e9g\u00e9s.<\/h4>\n<p style=\"text-align: center;\">Pour de plus amples informations sur nos homologations de s\u00e9curit\u00e9, veuillez <a href=\"https:\/\/www.solargard.com\/trade-resources\/resources\/safety-and-security-certifications\/\">cliquer ici<\/a>.<\/p>\n<p>[\/vc_column_text][\/vc_column][vc_column width=\u00a0\u00bb1\/12&Prime;][\/vc_column][\/vc_row][vc_row top_margin=\u00a0\u00bbnone\u00a0\u00bb bottom_margin=\u00a0\u00bbmd\u00a0\u00bb][vc_column]<div class=\"product-list vc_txt_align_center \"><a href=\"https:\/\/www.solargard.com\/fr\/produit\/films-de-securite-transparents\/\" class=\"product-link text-center\"><div class=\"product-image\" style=\"background-image: url(https:\/\/www.solargard.com\/wp-content\/uploads\/2016\/05\/Safety-alt-300x200.jpg)\"><\/div><h4>Film de s\u00e9curit\u00e9 transparent pour vitrages de b\u00e2timent<\/h4><\/a><a href=\"https:\/\/www.solargard.com\/fr\/produit\/films-de-securite\/\" class=\"product-link text-center\"><div class=\"product-image\" style=\"background-image: url(https:\/\/www.solargard.com\/wp-content\/uploads\/2016\/05\/Safety-300x179.jpg)\"><\/div><h4>Films protection solaire pour vitres Armorcoat<\/h4><\/a><\/div>[\/vc_column][\/vc_row][vc_row full_width=\u00a0\u00bbstretch_row\u00a0\u00bb bottom_margin=\u00a0\u00bbxs\u00a0\u00bb css=\u00a0\u00bb.vc_custom_1459460979733{margin-top: 60px !important;background-color: #e5f5fc !important;}\u00a0\u00bb][vc_column width=\u00a0\u00bb2\/12&Prime;][\/vc_column][vc_column width=\u00a0\u00bb4\/12&Prime;]<div class=\"section-title text-center\"><h3 class=\"upper normal-title\">Pr\u00eat(e) \u00e0 installer ? <\/h3><\/div>[\/vc_column][vc_column width=\u00a0\u00bb4\/12&Prime;][vc_btn title=\u00a0\u00bbTROUVER UN REVENDEUR\u00a0\u00bb style=\u00a0\u00bbflat\u00a0\u00bb shape=\u00a0\u00bbsquare\u00a0\u00bb color=\u00a0\u00bbprimary\u00a0\u00bb link=\u00a0\u00bburl:http%3A%2F%2Fwww.solargard.com%2Ffr%2Ffind-a-dealer%2F||\u00a0\u00bb][\/vc_column][vc_column width=\u00a0\u00bb2\/12&Prime;][\/vc_column][\/vc_row]<\/p>\n<\/div>","protected":false},"excerpt":{"rendered":"<p>[vc_row top_margin=\u00a0\u00bbmd\u00a0\u00bb bottom_margin=\u00a0\u00bbxs\u00a0\u00bb][vc_column][\/vc_column][\/vc_row][vc_row top_margin=\u00a0\u00bbxs\u00a0\u00bb bottom_margin=\u00a0\u00bbmd\u00a0\u00bb][vc_column width=\u00a0\u00bb1\/12&Prime; el_class=\u00a0\u00bbleft-gray-title\u00a0\u00bb][\/vc_column][vc_column width=\u00a0\u00bb5\/6&Prime;][vc_column_text] Votre domicile et votre activit\u00e9 professionnelle valent la peine d&rsquo;\u00eatre prot\u00e9g\u00e9s.Film sp\u00e9cialement con\u00e7u pour maintenir en place un verre bris\u00e9,\u00a0Armorcoat\u00ae permet de vous prot\u00e9ger, vous, votre famille et vos biens contre les dangereux \u00e9clats de verre en cas de bris de glace et assure une barri\u00e8re dissuasive &hellip; <a href=\"https:\/\/www.solargard.com\/fr\/produit\/films-de-securite\/\">Continued<\/a><\/p>\n","protected":false},"author":1,"featured_media":26560,"parent":15584,"menu_order":0,"comment_status":"closed","ping_status":"closed","template":"","meta":{"_acf_changed":false,"footnotes":""},"class_list":["post-28614","page","type-page","status-publish","has-post-thumbnail","hentry"],"acf":[],"_links":{"self":[{"href":"https:\/\/www.solargard.com\/fr\/wp-json\/wp\/v2\/pages\/28614","targetHints":{"allow":["GET"]}}],"collection":[{"href":"https:\/\/www.solargard.com\/fr\/wp-json\/wp\/v2\/pages"}],"about":[{"href":"https:\/\/www.solargard.com\/fr\/wp-json\/wp\/v2\/types\/page"}],"author":[{"embeddable":true,"href":"https:\/\/www.solargard.com\/fr\/wp-json\/wp\/v2\/users\/1"}],"replies":[{"embeddable":true,"href":"https:\/\/www.solargard.com\/fr\/wp-json\/wp\/v2\/comments?post=28614"}],"version-history":[{"count":0,"href":"https:\/\/www.solargard.com\/fr\/wp-json\/wp\/v2\/pages\/28614\/revisions"}],"up":[{"embeddable":true,"href":"https:\/\/www.solargard.com\/fr\/wp-json\/wp\/v2\/pages\/15584"}],"wp:featuredmedia":[{"embeddable":true,"href":"https:\/\/www.solargard.com\/fr\/wp-json\/wp\/v2\/media\/26560"}],"wp:attachment":[{"href":"https:\/\/www.solargard.com\/fr\/wp-json\/wp\/v2\/media?parent=28614"}],"curies":[{"name":"wp","href":"https:\/\/api.w.org\/{rel}","templated":true}]}}