{"id":28615,"date":"2016-03-31T15:30:49","date_gmt":"2016-03-31T15:30:49","guid":{"rendered":"https:\/\/www.solargard.com\/fr\/home-and-business\/films-exterieurs\/"},"modified":"2024-10-08T05:37:27","modified_gmt":"2024-10-08T13:37:27","slug":"films-pour-application-exterieure","status":"publish","type":"page","link":"https:\/\/www.solargard.com\/fr\/films-batiments-domicile-entreprise\/produits-films-batiments-domicile-entreprise\/films-pour-application-exterieure\/","title":{"rendered":"Films Pour Application Ext\u00e9rieure"},"content":{"rendered":"<div class=\"wpb-content-wrapper\"><p>[vc_row top_margin=\u00a0\u00bbmd\u00a0\u00bb bottom_margin=\u00a0\u00bbmd\u00a0\u00bb][vc_column]<div class=\"section-title sg-section-title text-center\"><div class=\"copy-content\"><h4 class=\" normal-title\">Films ext\u00e9rieurs<\/h4><\/div><div class=\"border-bg\"><\/div><\/div>[\/vc_column][\/vc_row][vc_row top_margin=\u00a0\u00bbnone\u00a0\u00bb][vc_column][vc_column_text css=\u00a0\u00bb\u00a0\u00bb]<\/p>\n<p style=\"text-align: center;\">Dans les cas o\u00f9 des films \u00e0 l\u2019int\u00e9rieur ne peuvent ou ne doivent pas \u00eatre appliqu\u00e9s, les films Solar Gard Sentinel\u2122 Plus<br \/>\nOutside Weatherable (OSW) assurent une haute performance solaire \u00e0 l\u2019ext\u00e9rieur des vitrages des b\u00e2timents commerciaux.<\/p>\n<p style=\"text-align: center;\"><span>SOLAR GARD SENTINEL PLUS a c\u00e9l\u00e9br\u00e9 son 10e anniversaire l&rsquo;ann\u00e9e derni\u00e8re. Saint-Gobain Solar Gard dispose d\u00e9sormais<br \/>\n<\/span><span>de suffisamment d&rsquo;exp\u00e9rience pour prolonger la garantie officielle de fabrication jusqu&rsquo;\u00e0 10 ans* pour tous nos clients !<\/span><\/p>\n<h6 style=\"text-align: center;\"><a title=\"Conditions G\u00e9n\u00e9rales de Vente et de Garantie\" href=\"https:\/\/www.solargard.com\/fr\/termes-conditions\/\">* Conditions G\u00e9n\u00e9rales de Vente et de Garantie<\/a><\/h6>\n<p>[\/vc_column_text][\/vc_column][\/vc_row][vc_row top_margin=\u00a0\u00bbnone\u00a0\u00bb bottom_margin=\u00a0\u00bbnone\u00a0\u00bb][vc_column]<div class=\"product-list vc_txt_align_center \"><a href=\"https:\/\/www.solargard.com\/fr\/produit\/sentinel\/\" class=\"product-link text-center\"><div class=\"product-image\" style=\"background-image: url(https:\/\/www.solargard.com\/wp-content\/uploads\/2014\/11\/ALL-FR-SENTINEL-PLUS10year-web-product-300x225.jpg)\"><\/div><h4>Ext\u00e9rieur | Sentinel Plus (Tous)<\/h4><\/a><a href=\"https:\/\/www.solargard.com\/fr\/produit\/sentinel-plus-dx\/\" class=\"product-link text-center\"><div class=\"product-image\" style=\"background-image: url(https:\/\/www.solargard.com\/wp-content\/uploads\/2020\/06\/DX-FR-SENTINEL-PLUS10year-web-product-300x225.jpg)\"><\/div><h4>Ext\u00e9rieur | Sentinel Plus DX<\/h4><\/a><a href=\"https:\/\/www.solargard.com\/fr\/produit\/sentinel-plus-qx-series\/\" class=\"product-link text-center\"><div class=\"product-image\" style=\"background-image: url(https:\/\/www.solargard.com\/wp-content\/uploads\/2020\/06\/1-QX-40-Clarion-Hotel-Arlanda-Airport-Malarfilm-SWlr-300x225.jpg)\"><\/div><h4>Ext\u00e9rieur | Sentinel Plus QX<\/h4><\/a><a href=\"https:\/\/www.solargard.com\/fr\/produit\/sentinel-plus-qxn-75\/\" class=\"product-link text-center\"><div class=\"product-image\" style=\"background-image: url(https:\/\/www.solargard.com\/wp-content\/uploads\/2024\/05\/QXN-FR-cat-SENTINEL-PLUS10year-web-product-300x225.jpg)\"><\/div><h4>Ext\u00e9rieur | Sentinel Plus QXN<\/h4><\/a><\/div>[\/vc_column][\/vc_row][vc_row full_width=\u00a0\u00bbstretch_row\u00a0\u00bb content_placement=\u00a0\u00bbtop\u00a0\u00bb parallax=\u00a0\u00bbcontent-moving\u00a0\u00bb parallax_image=\u00a0\u00bb100679&Prime; light=\u00a0\u00bb1&Prime; top_margin=\u00a0\u00bbnone\u00a0\u00bb bottom_margin=\u00a0\u00bbnone\u00a0\u00bb css=\u00a0\u00bb.vc_custom_1728394643538{background-image: url(https:\/\/www.solargard.com\/wp-content\/uploads\/2023\/04\/bg-greenblu.jpg?id=100679) !important;}\u00a0\u00bb][vc_column width=\u00a0\u00bb1\/4&Prime;][vc_column_text css=\u00a0\u00bb\u00a0\u00bb]<\/p>\n<h3 style=\"text-align: left;\" align=\"center\"><span style=\"color: #ffffff;\">POURQUOI CHOISIR<br \/>\nLE FILM<br \/>\nSOLAR GARD<br \/>\n<strong>POSE EXT\u00c9RIEURE ?<\/strong><\/span><\/h3>\n<p>[\/vc_column_text][\/vc_column][vc_column width=\u00a0\u00bb3\/4&Prime;][vc_column_text css=\u00a0\u00bb\u00a0\u00bb]<\/p>\n<blockquote><p><span style=\"color: #ff9900;\">\u2713<\/span> Certification CSTB \/ AVIS Technique<\/p>\n<p><span style=\"color: #ff9900;\">\u2713<\/span> EPD &amp; FDES v\u00e9rifi\u00e9s sous op\u00e9rateurs de programme Environdec, IBU, INIES &amp; NIBE<\/p>\n<p><span style=\"color: #ff9900;\">\u2713<\/span> Support technique, calcul \u00e9nerg\u00e9tique, empreinte carbone<\/p>\n<p><span style=\"color: #ff9900;\">\u2713<\/span> R\u00e9seau \u00e9tendu avec des installateurs autoris\u00e9s<\/p>\n<p><span style=\"color: #ff9900;\">\u2713<\/span> Garantie de 10 ans (installations verticales)<\/p><\/blockquote>\n<p>[\/vc_column_text][vc_empty_space height=\u00a0\u00bb30px\u00a0\u00bb][\/vc_column][\/vc_row][vc_row top_margin=\u00a0\u00bbnone\u00a0\u00bb bottom_margin=\u00a0\u00bbnone\u00a0\u00bb][vc_column][\/vc_column][\/vc_row][vc_row full_width=\u00a0\u00bbstretch_row\u00a0\u00bb top_margin=\u00a0\u00bbmd\u00a0\u00bb bottom_margin=\u00a0\u00bbmd\u00a0\u00bb css=\u00a0\u00bb.vc_custom_1727438913065{margin-top: 60px !important;background-color: #e5f5fc !important;}\u00a0\u00bb][vc_column width=\u00a0\u00bb2\/12&Prime;][\/vc_column][vc_column width=\u00a0\u00bb4\/12&Prime;]<div class=\"section-title text-center\"><h3 class=\"upper normal-title\">Pr\u00eat(e) \u00e0 installer ?<\/h3><\/div>[\/vc_column][vc_column width=\u00a0\u00bb4\/12&Prime;][vc_btn title=\u00a0\u00bbTROUVER UN REVENDEUR\u00a0\u00bb style=\u00a0\u00bbflat\u00a0\u00bb shape=\u00a0\u00bbsquare\u00a0\u00bb color=\u00a0\u00bbprimary\u00a0\u00bb css=\u00a0\u00bb\u00a0\u00bb link=\u00a0\u00bburl:https%3A%2F%2Fwww.solargard.com%2Ffr%2Ftrouver-un-applicateur%2F|target:_blank\u00a0\u00bb][\/vc_column][vc_column width=\u00a0\u00bb2\/12&Prime;][\/vc_column][\/vc_row]<\/p>\n<\/div>","protected":false},"excerpt":{"rendered":"<p>[vc_row top_margin=\u00a0\u00bbmd\u00a0\u00bb bottom_margin=\u00a0\u00bbmd\u00a0\u00bb][vc_column][\/vc_column][\/vc_row][vc_row top_margin=\u00a0\u00bbnone\u00a0\u00bb][vc_column][vc_column_text css=\u00a0\u00bb\u00a0\u00bb] Dans les cas o\u00f9 des films \u00e0 l\u2019int\u00e9rieur ne peuvent ou ne doivent pas \u00eatre appliqu\u00e9s, les films Solar Gard Sentinel\u2122 Plus Outside Weatherable (OSW) assurent une haute performance solaire \u00e0 l\u2019ext\u00e9rieur des vitrages des b\u00e2timents commerciaux. SOLAR GARD SENTINEL PLUS a c\u00e9l\u00e9br\u00e9 son 10e anniversaire l&rsquo;ann\u00e9e derni\u00e8re. Saint-Gobain Solar &hellip; <a href=\"https:\/\/www.solargard.com\/fr\/produit\/sentinel-plus-qxn-75\/\">Continued<\/a><\/p>\n","protected":false},"author":1,"featured_media":0,"parent":15584,"menu_order":0,"comment_status":"closed","ping_status":"closed","template":"","meta":{"_acf_changed":false,"footnotes":""},"class_list":["post-28615","page","type-page","status-publish","hentry"],"acf":[],"_links":{"self":[{"href":"https:\/\/www.solargard.com\/fr\/wp-json\/wp\/v2\/pages\/28615","targetHints":{"allow":["GET"]}}],"collection":[{"href":"https:\/\/www.solargard.com\/fr\/wp-json\/wp\/v2\/pages"}],"about":[{"href":"https:\/\/www.solargard.com\/fr\/wp-json\/wp\/v2\/types\/page"}],"author":[{"embeddable":true,"href":"https:\/\/www.solargard.com\/fr\/wp-json\/wp\/v2\/users\/1"}],"replies":[{"embeddable":true,"href":"https:\/\/www.solargard.com\/fr\/wp-json\/wp\/v2\/comments?post=28615"}],"version-history":[{"count":0,"href":"https:\/\/www.solargard.com\/fr\/wp-json\/wp\/v2\/pages\/28615\/revisions"}],"up":[{"embeddable":true,"href":"https:\/\/www.solargard.com\/fr\/wp-json\/wp\/v2\/pages\/15584"}],"wp:attachment":[{"href":"https:\/\/www.solargard.com\/fr\/wp-json\/wp\/v2\/media?parent=28615"}],"curies":[{"name":"wp","href":"https:\/\/api.w.org\/{rel}","templated":true}]}}