{"id":28616,"date":"2016-03-31T15:30:49","date_gmt":"2016-03-31T15:30:49","guid":{"rendered":"https:\/\/www.solargard.com\/fr\/home-and-business\/films-a-faible-emissivite\/"},"modified":"2023-01-09T02:58:11","modified_gmt":"2023-01-09T10:58:11","slug":"films-a-basse-emissivite","status":"publish","type":"page","link":"https:\/\/www.solargard.com\/fr\/films-batiments-domicile-entreprise\/produits-films-batiments-domicile-entreprise\/films-a-basse-emissivite\/","title":{"rendered":"Films \u00e0 faible \u00e9missivit\u00e9"},"content":{"rendered":"<div class=\"wpb-content-wrapper\"><p>[vc_row top_margin=\u00a0\u00bb2x\u00a0\u00bb bottom_margin=\u00a0\u00bbmd\u00a0\u00bb][vc_column]<div class=\"section-title sg-section-title text-center\"><div class=\"copy-content\"><h4 class=\" normal-title\">Films \u00e0 faible \u00e9missivit\u00e9<\/h4><\/div><div class=\"border-bg\"><\/div><\/div>[\/vc_column][\/vc_row][vc_row top_margin=\u00a0\u00bbnone\u00a0\u00bb bottom_margin=\u00a0\u00bbxs\u00a0\u00bb][vc_column el_class=\u00a0\u00bbleft-gray-title\u00a0\u00bb]<div class=\"section-title text-left\"><h3 class=\"upper normal-title\">Films d\u2019isolation thermique basse \u00e9missivit\u00e9 :<\/h3><\/div>[\/vc_column][\/vc_row][vc_row top_margin=\u00a0\u00bbnone\u00a0\u00bb bottom_margin=\u00a0\u00bbmd\u00a0\u00bb][vc_column]<div class=\"product-list vc_txt_align_center \"><a href=\"https:\/\/www.solargard.com\/fr\/produit\/silver-ag\/\" class=\"product-link text-center\"><div class=\"product-image\" style=\"background-image: url(https:\/\/www.solargard.com\/wp-content\/uploads\/2014\/12\/solargard-silver-ag22-2-300x200.jpg)\"><\/div><h4>Film basse \u00e9missivit\u00e9 pour b\u00e2timents | Silver AG<\/h4><\/a><a href=\"https:\/\/www.solargard.com\/fr\/produit\/ecolux\/\" class=\"product-link text-center\"><div class=\"product-image\" style=\"background-image: url(https:\/\/www.solargard.com\/wp-content\/uploads\/2014\/11\/ecolux-300x300.jpg)\"><\/div><h4>Film d\u2019isolation thermique basse \u00e9missivit\u00e9 Ecolux\u2122<\/h4><\/a><\/div>[\/vc_column][\/vc_row][vc_row full_width=\u00a0\u00bbstretch_row\u00a0\u00bb css=\u00a0\u00bb.vc_custom_1452810933692{background-color: #e5f5fc !important;}\u00a0\u00bb][vc_column width=\u00a0\u00bb2\/12&Prime;][\/vc_column][vc_column width=\u00a0\u00bb4\/12&Prime;]<div class=\"section-title text-center\"><h3 class=\"upper normal-title\">En savoir plus ?<\/h3><\/div>[\/vc_column][vc_column width=\u00a0\u00bb4\/12&Prime;][vc_btn title=\u00a0\u00bbTROUVER UN APPLICATEUR\u00a0\u00bb style=\u00a0\u00bbflat\u00a0\u00bb shape=\u00a0\u00bbsquare\u00a0\u00bb color=\u00a0\u00bbprimary\u00a0\u00bb link=\u00a0\u00bburl:http%3A%2F%2Fwww.solargard.com%2Ffr%2Ftrouver-un-applicateur%2F|\u00a0\u00bb][\/vc_column][vc_column width=\u00a0\u00bb2\/12&Prime;][\/vc_column][\/vc_row]<\/p>\n<\/div>","protected":false},"excerpt":{"rendered":"<p>[vc_row top_margin=\u00a0\u00bb2x\u00a0\u00bb bottom_margin=\u00a0\u00bbmd\u00a0\u00bb][vc_column][\/vc_column][\/vc_row][vc_row top_margin=\u00a0\u00bbnone\u00a0\u00bb bottom_margin=\u00a0\u00bbxs\u00a0\u00bb][vc_column el_class=\u00a0\u00bbleft-gray-title\u00a0\u00bb][\/vc_column][\/vc_row][vc_row top_margin=\u00a0\u00bbnone\u00a0\u00bb bottom_margin=\u00a0\u00bbmd\u00a0\u00bb][vc_column][\/vc_column][\/vc_row][vc_row full_width=\u00a0\u00bbstretch_row\u00a0\u00bb css=\u00a0\u00bb.vc_custom_1452810933692{background-color: #e5f5fc !important;}\u00a0\u00bb][vc_column width=\u00a0\u00bb2\/12&Prime;][\/vc_column][vc_column width=\u00a0\u00bb4\/12&Prime;][\/vc_column][vc_column width=\u00a0\u00bb4\/12&Prime;][vc_btn title=\u00a0\u00bbTROUVER UN APPLICATEUR\u00a0\u00bb style=\u00a0\u00bbflat\u00a0\u00bb shape=\u00a0\u00bbsquare\u00a0\u00bb color=\u00a0\u00bbprimary\u00a0\u00bb link=\u00a0\u00bburl:http%3A%2F%2Fwww.solargard.com%2Ffr%2Ftrouver-un-applicateur%2F|\u00a0\u00bb][\/vc_column][vc_column width=\u00a0\u00bb2\/12&Prime;][\/vc_column][\/vc_row]<\/p>\n","protected":false},"author":1,"featured_media":48496,"parent":15584,"menu_order":0,"comment_status":"closed","ping_status":"closed","template":"","meta":{"_acf_changed":false,"footnotes":""},"class_list":["post-28616","page","type-page","status-publish","has-post-thumbnail","hentry"],"acf":[],"_links":{"self":[{"href":"https:\/\/www.solargard.com\/fr\/wp-json\/wp\/v2\/pages\/28616","targetHints":{"allow":["GET"]}}],"collection":[{"href":"https:\/\/www.solargard.com\/fr\/wp-json\/wp\/v2\/pages"}],"about":[{"href":"https:\/\/www.solargard.com\/fr\/wp-json\/wp\/v2\/types\/page"}],"author":[{"embeddable":true,"href":"https:\/\/www.solargard.com\/fr\/wp-json\/wp\/v2\/users\/1"}],"replies":[{"embeddable":true,"href":"https:\/\/www.solargard.com\/fr\/wp-json\/wp\/v2\/comments?post=28616"}],"version-history":[{"count":0,"href":"https:\/\/www.solargard.com\/fr\/wp-json\/wp\/v2\/pages\/28616\/revisions"}],"up":[{"embeddable":true,"href":"https:\/\/www.solargard.com\/fr\/wp-json\/wp\/v2\/pages\/15584"}],"wp:featuredmedia":[{"embeddable":true,"href":"https:\/\/www.solargard.com\/fr\/wp-json\/wp\/v2\/media\/48496"}],"wp:attachment":[{"href":"https:\/\/www.solargard.com\/fr\/wp-json\/wp\/v2\/media?parent=28616"}],"curies":[{"name":"wp","href":"https:\/\/api.w.org\/{rel}","templated":true}]}}