{"id":28617,"date":"2016-03-31T15:30:50","date_gmt":"2016-03-31T15:30:50","guid":{"rendered":"https:\/\/www.solargard.com\/fr\/instructions-dentretien\/"},"modified":"2018-11-13T17:28:51","modified_gmt":"2018-11-14T00:28:51","slug":"instructions-maintenance-et-entretien","status":"publish","type":"page","link":"https:\/\/www.solargard.com\/fr\/instructions-maintenance-et-entretien\/","title":{"rendered":"Maintenance des films pour vitrages"},"content":{"rendered":"<div class=\"wpb-content-wrapper\"><p>[vc_row top_margin=\u00a0\u00bbmd\u00a0\u00bb bottom_margin=\u00a0\u00bbsm\u00a0\u00bb][vc_column]<div class=\"section-title sg-section-title text-center\"><div class=\"copy-content\"><h4 class=\" normal-title\">Maintenance des films pour vitrages<\/h4><\/div><div class=\"border-bg\"><\/div><\/div>[\/vc_column][vc_column width=\u00a0\u00bb1\/2&Prime; css=\u00a0\u00bb.vc_custom_1457739255357{margin-top: 20px !important;}\u00a0\u00bb][vc_column_text]<\/p>\n<h3><\/h3>\n<h3><strong>Dur\u00e9e de s\u00e9chage du film\u00a0:<\/strong><\/h3>\n<p><strong><br \/>\n<\/strong>La m\u00e9thode de pose utilis\u00e9e pour l&rsquo;installation de votre film pour vitrage Solar Gard\u00a0peut <span>n\u00e9cessiter\u00a0<\/span>une p\u00e9riode de s\u00e9chage. Des conditions m\u00e9t\u00e9orologiques froides ou nuageuses peuvent\u00a0allonger la dur\u00e9e de s\u00e9chage, tandis qu&rsquo;un temps chaud et une exposition \u00e0 la lumi\u00e8re directe du soleil\u00a0l&rsquo;\u00e9courteront. De petites perles d&rsquo;eau et un aspect l\u00e9g\u00e8rement obscurci\u00a0peuvent appara\u00eetre pendant le s\u00e9chage. Si le s\u00e9chage est lent, ne vous inqui\u00e9tez\u00a0pas. Le film finira par s\u00e9cher.<\/p>\n<h5><strong>NE PAS NETTOYER LE FILM AU COURS DES 30\u00a0JOURS SUIVANT SON INSTALLATION.<\/strong><\/h5>\n<h4><\/h4>\n<h3><strong>Instructions de nettoyage\u00a0:<\/strong><\/h3>\n<p>Afin de maximiser la dur\u00e9e de vie du film pour vitrage, veuillez suivre ces instructions\u00a0pour un entretien et une maintenance ad\u00e9quats.<\/p>\n<ul>\n<li>Utilisez toujours des mat\u00e9riaux propres et doux pour laver et s\u00e9cher la surface des films pour vitrage.<\/li>\n<\/ul>\n<p>&nbsp;<\/p>\n<ul>\n<li>La plupart des nettoyants pour vitrage fonctionneront, m\u00eame si un bon m\u00e9lange pour le nettoyage de films reste la suivante\u00a0: 1\u00a0cuill\u00e8re \u00e0 soupe de liquide vaisselle pour 1\u00a0litre d&rsquo;eau claire.<\/li>\n<\/ul>\n<p>&nbsp;<\/p>\n<ul>\n<li>Il est recommand\u00e9 d&rsquo;utiliser un chiffon doux ou une \u00e9ponge synth\u00e9tique propre pour nettoyer le film pour vitrage, puis d&rsquo;utiliser un autre chiffon doux et propre ou une raclette en caoutchouc souple pour le s\u00e9chage.<\/li>\n<\/ul>\n<p>[\/vc_column_text][\/vc_column][vc_column width=\u00a0\u00bb1\/2&Prime; css=\u00a0\u00bb.vc_custom_1457739267025{margin-top: 50px !important;}\u00a0\u00bb][vc_single_image image=\u00a0\u00bb15404&Prime; img_size=\u00a0\u00bblarge\u00a0\u00bb css=\u00a0\u00bb.vc_custom_1455943185584{border-radius: 20px !important;}\u00a0\u00bb][vc_column_text css=\u00a0\u00bb.vc_custom_1458059212848{margin-top: 30px !important;}\u00a0\u00bb]<\/p>\n<ul>\n<li>Pour \u00e9viter de rayer le film, n&rsquo;utilisez pas de brosses avec des poils, d&rsquo;\u00e9ponges abrasives ni d&rsquo;outils de nettoyage pouvant avoir \u00e9t\u00e9 encrass\u00e9s ou contamin\u00e9s par des particules. \u00c9vitez de nettoyer l&rsquo;int\u00e9rieur et l&rsquo;ext\u00e9rieur des fen\u00eatres avec les m\u00eames outils de nettoyage.<\/li>\n<\/ul>\n<p>&nbsp;<\/p>\n<ul>\n<li>Certaines marques de papier essuie-tout sont suffisamment r\u00e2peuses pour laisser de fines rayures sur le film, m\u00eame sur ceux trait\u00e9s pour r\u00e9sister aux rayures et poss\u00e9dant un rev\u00eatement de protection dur. M\u00eame si ces rayures peuvent \u00eatre trop fines pour \u00eatre visibles au d\u00e9part, elles peuvent endommager le film \u00e0 long terme et r\u00e9duire son aspect poli.<\/li>\n<\/ul>\n<p>[\/vc_column_text][\/vc_column][\/vc_row]<\/p>\n<\/div>","protected":false},"excerpt":{"rendered":"<p>[vc_row top_margin=\u00a0\u00bbmd\u00a0\u00bb bottom_margin=\u00a0\u00bbsm\u00a0\u00bb][vc_column][\/vc_column][vc_column width=\u00a0\u00bb1\/2&Prime; css=\u00a0\u00bb.vc_custom_1457739255357{margin-top: 20px !important;}\u00a0\u00bb][vc_column_text] Dur\u00e9e de s\u00e9chage du film\u00a0: La m\u00e9thode de pose utilis\u00e9e pour l&rsquo;installation de votre film pour vitrage Solar Gard\u00a0peut n\u00e9cessiter\u00a0une p\u00e9riode de s\u00e9chage. Des conditions m\u00e9t\u00e9orologiques froides ou nuageuses peuvent\u00a0allonger la dur\u00e9e de s\u00e9chage, tandis qu&rsquo;un temps chaud et une exposition \u00e0 la lumi\u00e8re directe du soleil\u00a0l&rsquo;\u00e9courteront. De &hellip; <a href=\"https:\/\/www.solargard.com\/fr\/instructions-maintenance-et-entretien\/\">Continued<\/a><\/p>\n","protected":false},"author":1,"featured_media":0,"parent":0,"menu_order":0,"comment_status":"closed","ping_status":"closed","template":"","meta":{"_acf_changed":false,"footnotes":""},"class_list":["post-28617","page","type-page","status-publish","hentry"],"acf":[],"_links":{"self":[{"href":"https:\/\/www.solargard.com\/fr\/wp-json\/wp\/v2\/pages\/28617","targetHints":{"allow":["GET"]}}],"collection":[{"href":"https:\/\/www.solargard.com\/fr\/wp-json\/wp\/v2\/pages"}],"about":[{"href":"https:\/\/www.solargard.com\/fr\/wp-json\/wp\/v2\/types\/page"}],"author":[{"embeddable":true,"href":"https:\/\/www.solargard.com\/fr\/wp-json\/wp\/v2\/users\/1"}],"replies":[{"embeddable":true,"href":"https:\/\/www.solargard.com\/fr\/wp-json\/wp\/v2\/comments?post=28617"}],"version-history":[{"count":0,"href":"https:\/\/www.solargard.com\/fr\/wp-json\/wp\/v2\/pages\/28617\/revisions"}],"wp:attachment":[{"href":"https:\/\/www.solargard.com\/fr\/wp-json\/wp\/v2\/media?parent=28617"}],"curies":[{"name":"wp","href":"https:\/\/api.w.org\/{rel}","templated":true}]}}