{"id":28618,"date":"2016-03-31T15:30:50","date_gmt":"2016-03-31T15:30:50","guid":{"rendered":"https:\/\/www.solargard.com\/fr\/presse\/"},"modified":"2023-06-12T04:56:58","modified_gmt":"2023-06-12T12:56:58","slug":"salle-de-presse","status":"publish","type":"page","link":"https:\/\/www.solargard.com\/fr\/salle-de-presse\/","title":{"rendered":"Salle de Presse"},"content":{"rendered":"<div class=\"wpb-content-wrapper\"><p>[vc_row top_margin=\u00a0\u00bbsm\u00a0\u00bb bottom_margin=\u00a0\u00bbmd\u00a0\u00bb][vc_column]<div class=\"section-title sg-section-title text-center\"><div class=\"copy-content\"><h4 class=\" normal-title\">Vous voulez conna\u00eetre l'histoire ?<\/h4><p class=\"lead x2 x2\">On s'en charge !<\/p><\/div><div class=\"border-bg\"><\/div><\/div>[\/vc_column][\/vc_row][vc_row][vc_column width=\u00a0\u00bb1\/2&Prime; el_class=\u00a0\u00bbsep-bottom-md\u00a0\u00bb][vc_column_text]<\/p>\n<h3>Salle de presse Solar Gard<\/h3>\n<div id=\"contentArea\">\n<div id=\"Inset\"><\/div>\n<p style=\"text-align: left;\">Depuis plus de 30\u00a0ans, les films haut de gamme pour vitrage Solar Gard sont utilis\u00e9s pour des applications commerciales, gouvernementales, r\u00e9sidentielles et dans le secteur de l&rsquo;automobile.<\/p>\n<p style=\"text-align: left;\">Les produits Solar Gard sont disponibles uniquement aupr\u00e8s de notre r\u00e9seau mondial de professionnels form\u00e9s pour leur expertise en films pour vitrage.<\/p>\n<p style=\"text-align: left;\">Consultez cet espace pour voir les communiqu\u00e9s de presse et les articles les plus r\u00e9cents, ainsi que les toutes derni\u00e8res actualit\u00e9s concernant les produits de film pour vitrage Solar Gard.<\/p>\n<hr \/>\n<h4>Contact presse<\/h4>\n<blockquote><p>Bill Trifiro<br \/>\n<a href=\"https:\/\/www.trisvara.com\" target=\"_blank\" rel=\"noopener\">TriSvara<\/a><br \/>\n540 440 1100<br \/>\n<a href=\"mailto:contactus@solargard.com\">contactus@solargard.com<\/a><\/p><\/blockquote>\n<\/div>\n<p>[\/vc_column_text][\/vc_column][vc_column width=\u00a0\u00bb1\/2&Prime; css=\u00a0\u00bb.vc_custom_1456244643079{border-top-width: 10px !important;border-right-width: 10px !important;border-bottom-width: 10px !important;border-left-width: 10px !important;border-left-color: #208bc9 !important;border-left-style: solid !important;border-right-color: #208bc9 !important;border-right-style: solid !important;border-top-color: #208bc9 !important;border-top-style: solid !important;border-bottom-color: #208bc9 !important;border-bottom-style: solid !important;}\u00a0\u00bb][vc_wp_posts title=\u00a0\u00bbACTUALIT\u00c9S R\u00c9CENTES\u00a0\u00bb number=\u00a0\u00bb8&Prime; category=\u00a0\u00bbcommuniques-de-presse\u00a0\u00bb][\/vc_column][\/vc_row]<\/p>\n<\/div>","protected":false},"excerpt":{"rendered":"<p>[vc_row top_margin=\u00a0\u00bbsm\u00a0\u00bb bottom_margin=\u00a0\u00bbmd\u00a0\u00bb][vc_column][\/vc_column][\/vc_row][vc_row][vc_column width=\u00a0\u00bb1\/2&Prime; el_class=\u00a0\u00bbsep-bottom-md\u00a0\u00bb][vc_column_text] Salle de presse Solar Gard Depuis plus de 30\u00a0ans, les films haut de gamme pour vitrage Solar Gard sont utilis\u00e9s pour des applications commerciales, gouvernementales, r\u00e9sidentielles et dans le secteur de l&rsquo;automobile. Les produits Solar Gard sont disponibles uniquement aupr\u00e8s de notre r\u00e9seau mondial de professionnels form\u00e9s pour leur expertise &hellip; <a href=\"https:\/\/www.solargard.com\/fr\/salle-de-presse\/\">Continued<\/a><\/p>\n","protected":false},"author":1,"featured_media":0,"parent":0,"menu_order":0,"comment_status":"closed","ping_status":"closed","template":"","meta":{"_acf_changed":false,"footnotes":""},"class_list":["post-28618","page","type-page","status-publish","hentry"],"acf":[],"_links":{"self":[{"href":"https:\/\/www.solargard.com\/fr\/wp-json\/wp\/v2\/pages\/28618","targetHints":{"allow":["GET"]}}],"collection":[{"href":"https:\/\/www.solargard.com\/fr\/wp-json\/wp\/v2\/pages"}],"about":[{"href":"https:\/\/www.solargard.com\/fr\/wp-json\/wp\/v2\/types\/page"}],"author":[{"embeddable":true,"href":"https:\/\/www.solargard.com\/fr\/wp-json\/wp\/v2\/users\/1"}],"replies":[{"embeddable":true,"href":"https:\/\/www.solargard.com\/fr\/wp-json\/wp\/v2\/comments?post=28618"}],"version-history":[{"count":0,"href":"https:\/\/www.solargard.com\/fr\/wp-json\/wp\/v2\/pages\/28618\/revisions"}],"wp:attachment":[{"href":"https:\/\/www.solargard.com\/fr\/wp-json\/wp\/v2\/media?parent=28618"}],"curies":[{"name":"wp","href":"https:\/\/api.w.org\/{rel}","templated":true}]}}