{"id":28944,"date":"2016-03-31T20:36:58","date_gmt":"2016-03-31T20:36:58","guid":{"rendered":"https:\/\/www.solargard.com\/fr\/?page_id=28944"},"modified":"2017-01-10T21:43:31","modified_gmt":"2017-01-10T21:43:31","slug":"lois-et-reglementation","status":"publish","type":"page","link":"https:\/\/www.solargard.com\/fr\/lois-et-reglementation\/","title":{"rendered":"Lois et R\u00e9glementation"},"content":{"rendered":"<div class=\"wpb-content-wrapper\"><p>[vc_row][vc_column][vc_column_text]<\/p>\n<h1>Lois sur les vitrages teint\u00e9s: Solar Gard apporte juste la teinte dont vous avez besoin<\/h1>\n<p><em>Lois sur les vitrages teint\u00e9s par r\u00e9gions\u00a0: Solar Gard vous prot\u00e8ge tout en respectant les cadres l\u00e9gaux existants dans chaque pays.<\/em><\/p>\n<p>Solar Gard respecte les lois sur les vitrages teint\u00e9s par r\u00e9gion tout en proposant l&rsquo;une des plus vastes gammes\u00a0de films automobiles du march\u00e9. Il existe une solution parfaite pour chaque situation. La disponibilit\u00e9 de films fonc\u00e9s, clairs, r\u00e9fl\u00e9chissants ou mats, avec une large vari\u00e9t\u00e9 de valeurs de transmission de lumi\u00e8re visible et de finitions, facilite grandement le choix d&rsquo;un film voiture tuning. Solar Gard propose pr\u00e9cis\u00e9ment le produit appropri\u00e9 correspondant \u00e0 vos besoins et conforme aux lois sur les vitrages teint\u00e9s par r\u00e9gion.<\/p>\n<p>Votre installateur de film voiture tuning Solar Gard est un professionnel industriel et vous pouvez vous reposer pleinement sur son exp\u00e9rience et ses connaissances. Les installateurs choisissent de collaborer avec Solar Gard sur la base de leurs performances solaires exceptionnelles, de la garantie \u00e9tendue et de la satisfaction in\u00e9gal\u00e9e des clients. Votre installateur Solar Gard local se fera un plaisir de vous assister.<\/p>\n<p>Les lois sur les vitrages teint\u00e9s sont d\u2019abord con\u00e7ues pour prot\u00e9ger conducteurs et passagers. C\u2019est la raison pour laquelle ils entrent parfaitement en concordance avec les films pour vitrage Solar Gard. Respect des lois sur les vitrages teint\u00e9s par r\u00e9gion, performance des films, l\u2019Association Europ\u00e9enne du Film pour Vitrages, association sans but lucratif, veille aux int\u00e9r\u00eats des utilisateurs. Solar Gard y joue un r\u00f4le actif et se trouve donc en bonne place pour respecter les lois sur les vitrages teint\u00e9s par r\u00e9gion.<\/p>\n<p>En Europe, vous trouverez les lois sur les vitrages teint\u00e9s par r\u00e9gion en vigueur dans votre pays en t\u00e9l\u00e9chargeant le document PDF de l\u2019Association Europ\u00e9enne du Film pour Vitrages,\u00a0<a title=\"liste EWFA\" href=\"https:\/\/www.solargard.com\/wp-content\/uploads\/2016\/03\/liste-ewfa.pdf\">liste EWFA<\/a><\/p>\n<p>Les lois sur les vitrages teint\u00e9s d\u00e9pendent de mani\u00e8re sp\u00e9cifique des gouvernements locaux et r\u00e9gionaux et du cadre existant. Les vendeurs de films vitre voiture Solar Gard vous aideront \u00e0 trouver la solution la plus ad\u00e9quate pour vos besoins.[\/vc_column_text][\/vc_column][\/vc_row]<\/p>\n<\/div>","protected":false},"excerpt":{"rendered":"<p>[vc_row][vc_column][vc_column_text] Lois sur les vitrages teint\u00e9s: Solar Gard apporte juste la teinte dont vous avez besoin Lois sur les vitrages teint\u00e9s par r\u00e9gions\u00a0: Solar Gard vous prot\u00e8ge tout en respectant les cadres l\u00e9gaux existants dans chaque pays. Solar Gard respecte les lois sur les vitrages teint\u00e9s par r\u00e9gion tout en proposant l&rsquo;une des plus vastes &hellip; <a href=\"https:\/\/www.solargard.com\/fr\/lois-et-reglementation\/\">Continued<\/a><\/p>\n","protected":false},"author":1,"featured_media":0,"parent":0,"menu_order":0,"comment_status":"closed","ping_status":"closed","template":"","meta":{"_acf_changed":false,"footnotes":""},"class_list":["post-28944","page","type-page","status-publish","hentry"],"acf":[],"_links":{"self":[{"href":"https:\/\/www.solargard.com\/fr\/wp-json\/wp\/v2\/pages\/28944","targetHints":{"allow":["GET"]}}],"collection":[{"href":"https:\/\/www.solargard.com\/fr\/wp-json\/wp\/v2\/pages"}],"about":[{"href":"https:\/\/www.solargard.com\/fr\/wp-json\/wp\/v2\/types\/page"}],"author":[{"embeddable":true,"href":"https:\/\/www.solargard.com\/fr\/wp-json\/wp\/v2\/users\/1"}],"replies":[{"embeddable":true,"href":"https:\/\/www.solargard.com\/fr\/wp-json\/wp\/v2\/comments?post=28944"}],"version-history":[{"count":0,"href":"https:\/\/www.solargard.com\/fr\/wp-json\/wp\/v2\/pages\/28944\/revisions"}],"wp:attachment":[{"href":"https:\/\/www.solargard.com\/fr\/wp-json\/wp\/v2\/media?parent=28944"}],"curies":[{"name":"wp","href":"https:\/\/api.w.org\/{rel}","templated":true}]}}