{"id":34624,"date":"2016-05-16T20:05:46","date_gmt":"2016-05-16T20:05:46","guid":{"rendered":"https:\/\/www.solargard.com\/fr\/?page_id=34624"},"modified":"2025-12-09T02:14:04","modified_gmt":"2025-12-09T10:14:04","slug":"films-pour-automobiles","status":"publish","type":"page","link":"https:\/\/www.solargard.com\/fr\/films-pour-automobiles\/","title":{"rendered":"Films Pour Automobiles"},"content":{"rendered":"<div class=\"wpb-content-wrapper\"><p>[vc_row bottom_margin=\u00a0\u00bbnone\u00a0\u00bb][vc_column]<div class=\"section-title sg-section-title text-center\"><div class=\"copy-content\"><h4 class=\" normal-title\">Ce qui compte le plus pour vous\u2026<\/h4><p class=\"lead x2 x2\">We're On It!<\/p><\/div><div class=\"border-bg\"><\/div><\/div>[\/vc_column][\/vc_row][vc_row top_margin=\u00a0\u00bbxs\u00a0\u00bb bottom_margin=\u00a0\u00bbnone\u00a0\u00bb][vc_column width=\u00a0\u00bb1\/4&Prime; offset=\u00a0\u00bbvc_col-xs-6&Prime;]<div class=\"content-icon text-left\"><div class=\"content-link-image wow bounceInUp\" style=\"background-image: url(https:\/\/www.solargard.com\/wp-content\/uploads\/2016\/04\/keep_me_cool_2.png)\"  data-wow-delay=\"0.25s\"><\/div><h4>CONFORT<\/h4><h5><\/h5><p>Blocage jusqu'\u00e0 70 % de la chaleur solaire pour une conduite plus fra\u00eeche<\/p><\/div>[\/vc_column][vc_column width=\u00a0\u00bb1\/4&Prime; offset=\u00a0\u00bbvc_col-xs-6&Prime;]<div class=\"content-icon text-left\"><div class=\"content-link-image wow bounceInUp\" style=\"background-image: url(https:\/\/www.solargard.com\/wp-content\/uploads\/2016\/04\/shield_2.png)\"  data-wow-delay=\"0.5s\"><\/div><h4>PROTECTION UV<\/h4><h5><\/h5><p>Protection contre la lumi\u00e8re ultraviolette \u2013 \u00c9quivalente \u00e0 l'indice SPF285<\/p><\/div>[\/vc_column][vc_column width=\u00a0\u00bb1\/4&Prime; offset=\u00a0\u00bbvc_col-xs-6&Prime;]<div class=\"content-icon text-left\"><div class=\"content-link-image wow bounceInUp\" style=\"background-image: url(https:\/\/www.solargard.com\/wp-content\/uploads\/2016\/04\/prevent_fading_2.png)\"  data-wow-delay=\"0.75s\"><\/div><h4>D\u00c9COLORATION<\/h4><h5><\/h5><p>Prot\u00e9gez vos si\u00e8ges et votre tableau de bord des dommages provoqu\u00e9s par la lumi\u00e8re ultraviolette<\/p><\/div>[\/vc_column][vc_column width=\u00a0\u00bb1\/4&Prime; offset=\u00a0\u00bbvc_col-xs-6&Prime;]<div class=\"content-icon text-left\"><div class=\"content-link-image wow bounceInUp\" style=\"background-image: url(https:\/\/www.solargard.com\/wp-content\/uploads\/2016\/04\/glare_2.png)\"  data-wow-delay=\"1s\"><\/div><h4>REFLET<\/h4><h5><\/h5><p>Emp\u00eachez les reflets du soleil et des phares de vous aveugler<\/p><\/div>[\/vc_column][\/vc_row][vc_row top_margin=\u00a0\u00bbnone\u00a0\u00bb bottom_margin=\u00a0\u00bbnone\u00a0\u00bb][vc_column width=\u00a0\u00bb1\/4&Prime; offset=\u00a0\u00bbvc_col-xs-6&Prime;]<div class=\"content-icon text-left\"><div class=\"content-link-image wow bounceInUp\" style=\"background-image: url(https:\/\/www.solargard.com\/wp-content\/uploads\/2016\/04\/privacy_2.png)\"  data-wow-delay=\"0.25s\"><\/div><h4>INTIMIT\u00c9<\/h4><h5><\/h5><p>Pour la meilleure conduite de votre vie<\/p><\/div>[\/vc_column][vc_column width=\u00a0\u00bb1\/4&Prime; offset=\u00a0\u00bbvc_col-xs-6&Prime;]<div class=\"content-icon text-left\"><div class=\"content-link-image wow bounceInUp\" style=\"background-image: url(https:\/\/www.solargard.com\/wp-content\/uploads\/2016\/04\/change_look_2.png)\"  data-wow-delay=\"0.5s\"><\/div><h4>ASPECT PERSONNALIS\u00c9<\/h4><h5><\/h5><p>Vous savez que tout a meilleure allure avec une teinte<\/p><\/div>[\/vc_column][vc_column width=\u00a0\u00bb1\/4&Prime; offset=\u00a0\u00bbvc_col-xs-6&Prime;]<div class=\"content-icon text-left\"><div class=\"content-link-image wow bounceInUp\" style=\"background-image: url(https:\/\/www.solargard.com\/wp-content\/uploads\/2016\/04\/safety_2.png)\"  data-wow-delay=\"0.75s\"><\/div><h4>S\u00c9CURIT\u00c9<\/h4><h5><\/h5><p>Plus de bris de glace, ni de situations de vol avec effraction<\/p><\/div>[\/vc_column][vc_column width=\u00a0\u00bb1\/4&Prime; offset=\u00a0\u00bbvc_col-xs-6&Prime;]<div class=\"content-icon text-left\"><div class=\"content-link-image wow bounceInUp\" style=\"background-image: url(https:\/\/www.solargard.com\/wp-content\/uploads\/2016\/04\/gas_pump_2.png)\"  data-wow-delay=\"1s\"><\/div><h4>\u00c9CONOMIES DU CARBURANT<\/h4><h5><\/h5><p>Une utilisation r\u00e9duite de la climatisation entraine une consommation r\u00e9duite de carburant<\/p><\/div>[\/vc_column][\/vc_row][vc_row full_width=\u00a0\u00bbstretch_row\u00a0\u00bb top_margin=\u00a0\u00bb2x\u00a0\u00bb el_class=\u00a0\u00bblight-blue-row\u00a0\u00bb][vc_column el_class=\u00a0\u00bbgray-title\u00a0\u00bb]<div class=\"section-title sep-bottom-lg text-center\"><h3 class=\" normal-title\">PRODUITS FILMS POUR AUTOMOBILES PR\u00c9SENT\u00c9S<\/h3><\/div>[vc_row_inner][vc_column_inner width=\u00a0\u00bb1\/12&Prime;][\/vc_column_inner][vc_column_inner el_class=\u00a0\u00bbbordered\u00a0\u00bb width=\u00a0\u00bb5\/12&Prime;]<a href=\"https:\/\/www.solargard.com\/fr\/produit\/clearshield-pro-activ\/\" class=\"content-link \"><div class=\"content-link-image\" style=\"background-image: url(https:\/\/www.solargard.com\/wp-content\/uploads\/2023\/06\/hero-csp-activ-960x600-1-300x188.jpg)\"><\/div><h4>Clearshield PRO ACTIV<\/h4><h5><\/h5><p>Solar Gard est fier de vous pr\u00e9senter la derni\u00e8re innovation en mati\u00e8re de technologie de film de protection de peinture (PPF). Clearshield<strong><sup>\u00ae <\/sup><\/strong>Pro ACTIV\u2122\u00a0 offre un \u00e9quilibre entre une auto-cicatrisation instantan\u00e9ment activ\u00e9e et une r\u00e9sistance exceptionnelle aux rayures. Et contrairement \u00e0 d'autres options sur le march\u00e9 qui n\u00e9cessitent de la chaleur et\/ou de l'eau pour d\u00e9marrer le processus d'auto-gu\u00e9rison, la technologie ACTIV se d\u00e9clenche imm\u00e9diatement une fois ray\u00e9e ou endommag\u00e9e.<\/p><\/a>[\/vc_column_inner][vc_column_inner el_class=\u00a0\u00bbbordered\u00a0\u00bb width=\u00a0\u00bb5\/12&Prime;]<a href=\"https:\/\/www.solargard.com\/fr\/produit\/ceramic-performance\/\" class=\"content-link \"><div class=\"content-link-image\" style=\"background-image: url(https:\/\/www.solargard.com\/wp-content\/uploads\/2022\/09\/ceramic-performance-web-300x253.jpg)\"><\/div><h4>Ceramic Performance<\/h4><h5><\/h5><p>La s\u00e9rie de films en nano-c\u00e9ramique Solar Gard Ceramic Performance utilise des particules de c\u00e9ramique de taille nanom\u00e9trique appliqu\u00e9es \u00e0 un polym\u00e8re de film de fen\u00eatre pour absorber et bloquer la lumi\u00e8re ultraviolette et infrarouge. La technologie c\u00e9ramique avanc\u00e9e du Ceramic Performance bloque plus de 99% des rayons UV, rejette jusqu\u2019\u00e0 93% des rayons infrarouges &hellip; <a href=\"https:\/\/www.solargard.com\/fr\/produit\/ceramic-performance\/\">Continued<\/a><\/p><\/a>[\/vc_column_inner][vc_column_inner width=\u00a0\u00bb1\/12&Prime;][\/vc_column_inner][\/vc_row_inner][\/vc_column][\/vc_row][vc_row top_margin=\u00a0\u00bb3x\u00a0\u00bb bottom_margin=\u00a0\u00bb3x\u00a0\u00bb][vc_column]<div class=\"section-title sep-bottom-md text-center\"><h3 class=\" normal-title\">RESSOURCES<\/h3><\/div>[vc_row_inner el_class=\u00a0\u00bbsame-height-row\u00a0\u00bb][vc_column_inner width=\u00a0\u00bb1\/3&Prime;][\/vc_column_inner][vc_column_inner width=\u00a0\u00bb1\/3&Prime;][vc_btn title=\u00a0\u00bbINSTRUCTIONS D&rsquo;ENTRETIEN\u00a0\u00bb style=\u00a0\u00bbflat\u00a0\u00bb shape=\u00a0\u00bbsquare\u00a0\u00bb color=\u00a0\u00bbprimary\u00a0\u00bb size=\u00a0\u00bblg\u00a0\u00bb align=\u00a0\u00bbcenter\u00a0\u00bb button_block=\u00a0\u00bbtrue\u00a0\u00bb el_class=\u00a0\u00bbsame-height-item\u00a0\u00bb link=\u00a0\u00bburl:https%3A%2F%2Fwww.solargard.com%2Ffr%2Finstructions-maintenance-et-entretien%2F|title:Maintenance%20des%20films%20pour%20vitrages\u00a0\u00bb][\/vc_column_inner][vc_column_inner width=\u00a0\u00bb1\/3&Prime;][\/vc_column_inner][\/vc_row_inner][\/vc_column][\/vc_row][vc_row full_width=\u00a0\u00bbstretch_row\u00a0\u00bb top_margin=\u00a0\u00bb3x\u00a0\u00bb bottom_margin=\u00a0\u00bb3x\u00a0\u00bb el_class=\u00a0\u00bblight-blue-row\u00a0\u00bb][vc_column]<div class=\"section-title text-center\"><h3 class=\"upper normal-title\">NOTRE GAMME AUTOMOBILES<\/h3><\/div>[vc_row_inner][vc_column_inner width=\u00a0\u00bb1\/3&Prime;][\/vc_column_inner][vc_column_inner width=\u00a0\u00bb1\/3&Prime;][vc_btn title=\u00a0\u00bbCLIQUER ICI\u00a0\u00bb style=\u00a0\u00bbflat\u00a0\u00bb shape=\u00a0\u00bbsquare\u00a0\u00bb color=\u00a0\u00bbprimary\u00a0\u00bb size=\u00a0\u00bblg\u00a0\u00bb align=\u00a0\u00bbcenter\u00a0\u00bb button_block=\u00a0\u00bbtrue\u00a0\u00bb link=\u00a0\u00bburl:https%3A%2F%2Fwww.solargard.com%2Ffr%2Ffilms-pour-automobiles%2Fproduits-auto%2F|title:Produits%20Auto\u00a0\u00bb][\/vc_column_inner][vc_column_inner width=\u00a0\u00bb1\/3&Prime;][\/vc_column_inner][\/vc_row_inner][\/vc_column][\/vc_row]<\/p>\n<\/div>","protected":false},"excerpt":{"rendered":"<p>[vc_row bottom_margin=\u00a0\u00bbnone\u00a0\u00bb][vc_column][\/vc_column][\/vc_row][vc_row top_margin=\u00a0\u00bbxs\u00a0\u00bb bottom_margin=\u00a0\u00bbnone\u00a0\u00bb][vc_column width=\u00a0\u00bb1\/4&Prime; offset=\u00a0\u00bbvc_col-xs-6&Prime;][\/vc_column][vc_column width=\u00a0\u00bb1\/4&Prime; offset=\u00a0\u00bbvc_col-xs-6&Prime;][\/vc_column][vc_column width=\u00a0\u00bb1\/4&Prime; offset=\u00a0\u00bbvc_col-xs-6&Prime;][\/vc_column][vc_column width=\u00a0\u00bb1\/4&Prime; offset=\u00a0\u00bbvc_col-xs-6&Prime;][\/vc_column][\/vc_row][vc_row top_margin=\u00a0\u00bbnone\u00a0\u00bb bottom_margin=\u00a0\u00bbnone\u00a0\u00bb][vc_column width=\u00a0\u00bb1\/4&Prime; offset=\u00a0\u00bbvc_col-xs-6&Prime;][\/vc_column][vc_column width=\u00a0\u00bb1\/4&Prime; offset=\u00a0\u00bbvc_col-xs-6&Prime;][\/vc_column][vc_column width=\u00a0\u00bb1\/4&Prime; offset=\u00a0\u00bbvc_col-xs-6&Prime;][\/vc_column][vc_column width=\u00a0\u00bb1\/4&Prime; offset=\u00a0\u00bbvc_col-xs-6&Prime;][\/vc_column][\/vc_row][vc_row full_width=\u00a0\u00bbstretch_row\u00a0\u00bb top_margin=\u00a0\u00bb2x\u00a0\u00bb el_class=\u00a0\u00bblight-blue-row\u00a0\u00bb][vc_column el_class=\u00a0\u00bbgray-title\u00a0\u00bb][vc_row_inner][vc_column_inner width=\u00a0\u00bb1\/12&Prime;][\/vc_column_inner][vc_column_inner el_class=\u00a0\u00bbbordered\u00a0\u00bb width=\u00a0\u00bb5\/12&Prime;][\/vc_column_inner][vc_column_inner el_class=\u00a0\u00bbbordered\u00a0\u00bb width=\u00a0\u00bb5\/12&Prime;][\/vc_column_inner][vc_column_inner width=\u00a0\u00bb1\/12&Prime;][\/vc_column_inner][\/vc_row_inner][\/vc_column][\/vc_row][vc_row top_margin=\u00a0\u00bb3x\u00a0\u00bb bottom_margin=\u00a0\u00bb3x\u00a0\u00bb][vc_column][vc_row_inner el_class=\u00a0\u00bbsame-height-row\u00a0\u00bb][vc_column_inner width=\u00a0\u00bb1\/3&Prime;][\/vc_column_inner][vc_column_inner width=\u00a0\u00bb1\/3&Prime;][vc_btn title=\u00a0\u00bbINSTRUCTIONS D&rsquo;ENTRETIEN\u00a0\u00bb style=\u00a0\u00bbflat\u00a0\u00bb shape=\u00a0\u00bbsquare\u00a0\u00bb color=\u00a0\u00bbprimary\u00a0\u00bb size=\u00a0\u00bblg\u00a0\u00bb align=\u00a0\u00bbcenter\u00a0\u00bb button_block=\u00a0\u00bbtrue\u00a0\u00bb el_class=\u00a0\u00bbsame-height-item\u00a0\u00bb link=\u00a0\u00bburl:https%3A%2F%2Fwww.solargard.com%2Ffr%2Finstructions-maintenance-et-entretien%2F|title:Maintenance%20des%20films%20pour%20vitrages\u00a0\u00bb][\/vc_column_inner][vc_column_inner width=\u00a0\u00bb1\/3&Prime;][\/vc_column_inner][\/vc_row_inner][\/vc_column][\/vc_row][vc_row full_width=\u00a0\u00bbstretch_row\u00a0\u00bb top_margin=\u00a0\u00bb3x\u00a0\u00bb bottom_margin=\u00a0\u00bb3x\u00a0\u00bb el_class=\u00a0\u00bblight-blue-row\u00a0\u00bb][vc_column][vc_row_inner][vc_column_inner width=\u00a0\u00bb1\/3&Prime;][\/vc_column_inner][vc_column_inner width=\u00a0\u00bb1\/3&Prime;][vc_btn title=\u00a0\u00bbCLIQUER &hellip; <a href=\"https:\/\/www.solargard.com\/fr\/produit\/ceramic-performance\/\">Continued<\/a><\/p>\n","protected":false},"author":1,"featured_media":21197,"parent":0,"menu_order":0,"comment_status":"closed","ping_status":"closed","template":"","meta":{"_acf_changed":false,"footnotes":""},"class_list":["post-34624","page","type-page","status-publish","has-post-thumbnail","hentry"],"acf":[],"_links":{"self":[{"href":"https:\/\/www.solargard.com\/fr\/wp-json\/wp\/v2\/pages\/34624","targetHints":{"allow":["GET"]}}],"collection":[{"href":"https:\/\/www.solargard.com\/fr\/wp-json\/wp\/v2\/pages"}],"about":[{"href":"https:\/\/www.solargard.com\/fr\/wp-json\/wp\/v2\/types\/page"}],"author":[{"embeddable":true,"href":"https:\/\/www.solargard.com\/fr\/wp-json\/wp\/v2\/users\/1"}],"replies":[{"embeddable":true,"href":"https:\/\/www.solargard.com\/fr\/wp-json\/wp\/v2\/comments?post=34624"}],"version-history":[{"count":0,"href":"https:\/\/www.solargard.com\/fr\/wp-json\/wp\/v2\/pages\/34624\/revisions"}],"wp:featuredmedia":[{"embeddable":true,"href":"https:\/\/www.solargard.com\/fr\/wp-json\/wp\/v2\/media\/21197"}],"wp:attachment":[{"href":"https:\/\/www.solargard.com\/fr\/wp-json\/wp\/v2\/media?parent=34624"}],"curies":[{"name":"wp","href":"https:\/\/api.w.org\/{rel}","templated":true}]}}