{"id":34649,"date":"2016-05-16T20:18:36","date_gmt":"2016-05-16T20:18:36","guid":{"rendered":"https:\/\/www.solargard.com\/fr\/?page_id=34649"},"modified":"2025-06-16T22:15:09","modified_gmt":"2025-06-17T06:15:09","slug":"films-batiments-domicile-entreprise","status":"publish","type":"page","link":"https:\/\/www.solargard.com\/fr\/films-batiments-domicile-entreprise\/","title":{"rendered":"Films architecturaux pour vitrages de b\u00e2timents"},"content":{"rendered":"<div class=\"wpb-content-wrapper\"><p>[vc_row bottom_margin=\u00a0\u00bbnone\u00a0\u00bb][vc_column]<div class=\"section-title sg-section-title text-center\"><div class=\"copy-content\"><h4 class=\" normal-title\">Ce qui compte le plus pour vous...<\/h4><p class=\"lead x2 x2\">We're On It!<\/p><\/div><div class=\"border-bg\"><\/div><\/div>[\/vc_column][\/vc_row][vc_row top_margin=\u00a0\u00bbxs\u00a0\u00bb bottom_margin=\u00a0\u00bbnone\u00a0\u00bb][vc_column width=\u00a0\u00bb1\/4&Prime; offset=\u00a0\u00bbvc_col-xs-6&Prime;]<div class=\"content-icon text-left\"><div class=\"content-link-image wow bounceInUp\" style=\"background-image: url(https:\/\/www.solargard.com\/wp-content\/uploads\/2016\/04\/heat_2.png)\"  data-wow-delay=\"0.25s\"><\/div><h4>REJET DE LA CHALEUR<\/h4><h5><\/h5><p>Le rejet de la chaleur solaire am\u00e9liore votre confort et vous garde au frais<\/p><\/div>[\/vc_column][vc_column width=\u00a0\u00bb1\/4&Prime; offset=\u00a0\u00bbvc_col-xs-6&Prime;]<div class=\"content-icon text-left\"><div class=\"content-link-image wow bounceInUp\" style=\"background-image: url(https:\/\/www.solargard.com\/wp-content\/uploads\/2016\/04\/energy_savings.png)\"  data-wow-delay=\"0.5s\"><\/div><h4>DEPENSES \u00c9NERG\u00c9TIQUES<\/h4><h5><\/h5><p>Des solutions \u00e0 bilan carbone n\u00e9gatif d\u00e9montrant des \u00e9conomies pour la consommation \u00e9nerg\u00e9tique<\/p><\/div>[\/vc_column][vc_column width=\u00a0\u00bb1\/4&Prime; offset=\u00a0\u00bbvc_col-xs-6&Prime;]<div class=\"content-icon text-left\"><div class=\"content-link-image wow bounceInUp\" style=\"background-image: url(https:\/\/www.solargard.com\/wp-content\/uploads\/2016\/04\/prevent_fading_2.png)\"  data-wow-delay=\"0.75s\"><\/div><h4>TERNISSEMENT<\/h4><h5><\/h5><p>Un blocage \u00e0 99 % de la lumi\u00e8re ultraviolette pour \u00e9viter la d\u00e9coloration de votre ameublement<\/p><\/div>[vc_empty_space][\/vc_column][vc_column width=\u00a0\u00bb1\/4&Prime; offset=\u00a0\u00bbvc_col-xs-6&Prime;]<div class=\"content-icon text-left\"><div class=\"content-link-image wow bounceInUp\" style=\"background-image: url(https:\/\/www.solargard.com\/wp-content\/uploads\/2016\/04\/glare_2.png)\"  data-wow-delay=\"1s\"><\/div><h4>REFLET<\/h4><h5><\/h5><p>Une ma\u00eetrise des reflets am\u00e9liorant le confort visuel sur les \u00e9crans<\/p><\/div>[\/vc_column][\/vc_row][vc_row top_margin=\u00a0\u00bbnone\u00a0\u00bb bottom_margin=\u00a0\u00bbnone\u00a0\u00bb css=\u00a0\u00bb.vc_custom_1462378279566{margin-bottom: -20px !important;}\u00a0\u00bb][vc_column width=\u00a0\u00bb1\/4&Prime; offset=\u00a0\u00bbvc_col-xs-6&Prime;]<div class=\"content-icon text-left\"><div class=\"content-link-image wow bounceInUp\" style=\"background-image: url(https:\/\/www.solargard.com\/wp-content\/uploads\/2016\/04\/privacy_2.png)\"  data-wow-delay=\"0.25s\"><\/div><h4>INTIMIT\u00c9<\/h4><h5><\/h5><p>Ce qui se passe \u00e0 l'int\u00e9rieur reste \u00e0 l'int\u00e9rieur<\/p><\/div>[\/vc_column][vc_column width=\u00a0\u00bb1\/4&Prime; offset=\u00a0\u00bbvc_col-xs-6&Prime;]<div class=\"content-icon text-left\"><div class=\"content-link-image wow bounceInUp\" style=\"background-image: url(https:\/\/www.solargard.com\/wp-content\/uploads\/2016\/04\/shield_2.png)\"  data-wow-delay=\"0.5s\"><\/div><h4>PROTECTION ULTRAVIOLET<\/h4><h5><\/h5><p>\u00c9quivalente \u00e0 l'indice SPF 285<\/p><\/div>[\/vc_column][vc_column width=\u00a0\u00bb1\/4&Prime; offset=\u00a0\u00bbvc_col-xs-6&Prime;]<div class=\"content-icon text-left\"><div class=\"content-link-image wow bounceInUp\" style=\"background-image: url(https:\/\/www.solargard.com\/wp-content\/uploads\/2016\/04\/change_look_2.png)\"  data-wow-delay=\"0.75s\"><\/div><h4>ASPECT PERSONNALIS\u00c9<\/h4><h5><\/h5><p>Produisez votre meilleur effet gr\u00e2ce \u00e0 notre large s\u00e9lection de teintes et de couleurs<\/p><\/div>[vc_empty_space][vc_empty_space][vc_empty_space][vc_empty_space][\/vc_column][vc_column width=\u00a0\u00bb1\/4&Prime; offset=\u00a0\u00bbvc_col-xs-6&Prime;]<div class=\"content-icon text-left\"><div class=\"content-link-image wow bounceInUp\" style=\"background-image: url(https:\/\/www.solargard.com\/wp-content\/uploads\/2016\/04\/earth.png)\"  data-wow-delay=\"1s\"><\/div><h4>ENVIRONNEMENT<\/h4><h5><\/h5><p>Des solutions \u00e0 bilan carbone n\u00e9gatif qui ont un impact positif sur la vie de tous<\/p><\/div>[\/vc_column][\/vc_row][vc_row top_margin=\u00a0\u00bbnone\u00a0\u00bb bottom_margin=\u00a0\u00bbxs\u00a0\u00bb css=\u00a0\u00bb.vc_custom_1462378264140{margin-top: -40px !important;padding-top: -20px !important;}\u00a0\u00bb][vc_column]<div class=\"section-title sg-section-title text-center\"><div class=\"copy-content\"><h4 class=\" normal-title\">Bien plus que le contr\u00f4le de l'\u00e9nergie solaire<\/h4><\/div><div class=\"border-bg\"><\/div><\/div>[\/vc_column][\/vc_row][vc_row top_margin=\u00a0\u00bbxs\u00a0\u00bb bottom_margin=\u00a0\u00bbnone\u00a0\u00bb][vc_column width=\u00a0\u00bb1\/4&Prime;][\/vc_column][vc_column width=\u00a0\u00bb1\/4&Prime;]<div class=\"content-icon text-left\"><div class=\"content-link-image wow bounceInUp\" style=\"background-image: url(https:\/\/www.solargard.com\/wp-content\/uploads\/2016\/04\/safety_2.png)\"  data-wow-delay=\"0.25s\"><\/div><h4>S\u00c9CURIT\u00c9<\/h4><h5><\/h5><p>Retardez les intrusions et \u00e9vitez toute blessure caus\u00e9e par l'environnement ou par une intervention humaine<\/p><\/div>[\/vc_column][vc_column width=\u00a0\u00bb1\/4&Prime;]<div class=\"content-icon text-left\"><div class=\"content-link-image wow bounceInUp\" style=\"background-image: url(https:\/\/www.solargard.com\/wp-content\/uploads\/2016\/04\/web-graffititidy-icon2.png)\"  data-wow-delay=\"0.5s\"><\/div><h4>ANTI-GRAFFITI<\/h4><h5><\/h5><p>Prot\u00e8gent les biens publics et priv\u00e9s des actes de vandalisme<\/p><\/div>[vc_empty_space][vc_empty_space][vc_empty_space][\/vc_column][vc_column width=\u00a0\u00bb1\/4&Prime;][\/vc_column][\/vc_row][vc_row full_width=\u00a0\u00bbstretch_row\u00a0\u00bb top_margin=\u00a0\u00bbmd\u00a0\u00bb bottom_margin=\u00a0\u00bbmd\u00a0\u00bb el_class=\u00a0\u00bblight-blue-row\u00a0\u00bb][vc_column el_class=\u00a0\u00bbgray-title\u00a0\u00bb]<div class=\"section-title sep-bottom-lg text-center\"><h3 class=\" normal-title\">R\u00c9F\u00c9RENCES FILMS B\u00c2TIMENTS SOLAR GARD<\/h3><\/div>[vc_row_inner][vc_column_inner width=\u00a0\u00bb1\/3&Prime;]<a href=\"https:\/\/www.solargard.com\/fr\/galerie-photos\/#!\/fr\/portfolio\/sentinel-stainless-sx-50-osw\/?type=ajax\" class=\"content-link \"><div class=\"content-link-image\" style=\"background-image: url(https:\/\/www.solargard.com\/wp-content\/uploads\/2022\/03\/sx-50-ory-apres-300x225.jpg)\"><\/div><h4>Sentinel Plus SX 50 OSW<\/h4><h5><\/h5><\/a>[\/vc_column_inner][vc_column_inner el_class=\u00a0\u00bbbordered\u00a0\u00bb width=\u00a0\u00bb1\/3&Prime;]<a href=\"https:\/\/www.solargard.com\/fr\/galerie-photos\/#!\/fr\/portfolio\/sentinel-plus-silver-35-moins-de-chaleur-et-deblouissement-edf-tours\/?type=ajax\" class=\"content-link \"><div class=\"content-link-image\" style=\"background-image: url(https:\/\/www.solargard.com\/wp-content\/uploads\/2018\/07\/2Sentinel-Silver-35-Comatef-Solar-Gard-300x225.png)\"><\/div><h4>Sentinel Plus Silver 35: Moins de chaleur et d\u2019\u00e9blouissement \u00e0 EDF \u00e0 Tours<\/h4><h5><\/h5><\/a>[\/vc_column_inner][vc_column_inner el_class=\u00a0\u00bbbordered\u00a0\u00bb width=\u00a0\u00bb1\/3&Prime;]<a href=\"https:\/\/www.solargard.com\/fr\/galerie-photos\/#!\/fr\/portfolio\/treasure-island-home\/?type=ajax\" class=\"content-link \"><div class=\"content-link-image\" style=\"background-image: url(https:\/\/www.solargard.com\/wp-content\/uploads\/2016\/03\/TreasureIsland-2-300x237.jpg)\"><\/div><h4>Treasure Island Home<\/h4><h5><\/h5><\/a>[\/vc_column_inner][\/vc_row_inner][\/vc_column][\/vc_row][vc_row full_width=\u00a0\u00bbstretch_row\u00a0\u00bb bottom_margin=\u00a0\u00bb3x\u00a0\u00bb el_class=\u00a0\u00bblight-blue-row\u00a0\u00bb][vc_column]<div class=\"section-title sep-bottom-md text-center\"><h3 class=\" normal-title\">EN SAVOIR PLUS ?<\/h3><\/div>[vc_row_inner el_class=\u00a0\u00bbsame-height-row\u00a0\u00bb][vc_column_inner width=\u00a0\u00bb1\/4&Prime;][\/vc_column_inner][vc_column_inner width=\u00a0\u00bb1\/4&Prime;][vc_btn title=\u00a0\u00bbBROCHURE\u00a0\u00bb style=\u00a0\u00bbflat\u00a0\u00bb shape=\u00a0\u00bbsquare\u00a0\u00bb color=\u00a0\u00bbprimary\u00a0\u00bb size=\u00a0\u00bblg\u00a0\u00bb align=\u00a0\u00bbcenter\u00a0\u00bb css=\u00a0\u00bb\u00a0\u00bb button_block=\u00a0\u00bbtrue\u00a0\u00bb el_class=\u00a0\u00bbsame-height-item\u00a0\u00bb link=\u00a0\u00bburl:https%3A%2F%2Fwww.solargard.com%2Fwp-content%2Fuploads%2F2025%2F02%2FSolarGard-Brochure-FilmsPourVitrages-FRlr-1.pdf|title:Solar%20Gard%20Films%20Pour%20Vitrages%20Brochure|target:_blank\u00a0\u00bb][\/vc_column_inner][vc_column_inner width=\u00a0\u00bb1\/4&Prime;][vc_btn title=\u00a0\u00bbPRODUITS B\u00c2TIMENT\u00a0\u00bb style=\u00a0\u00bbflat\u00a0\u00bb shape=\u00a0\u00bbsquare\u00a0\u00bb color=\u00a0\u00bbprimary\u00a0\u00bb size=\u00a0\u00bblg\u00a0\u00bb align=\u00a0\u00bbcenter\u00a0\u00bb css=\u00a0\u00bb\u00a0\u00bb button_block=\u00a0\u00bbtrue\u00a0\u00bb el_class=\u00a0\u00bbsame-height-item\u00a0\u00bb link=\u00a0\u00bburl:https%3A%2F%2Fwww.solargard.com%2Ffr%2Ffilms-batiments-domicile-entreprise%2Fproduits-films-batiments-domicile-entreprise%2F|title:Produits%20b%C3%A2timent\u00a0\u00bb][\/vc_column_inner][vc_column_inner width=\u00a0\u00bb1\/4&Prime;][\/vc_column_inner][\/vc_row_inner][\/vc_column][\/vc_row]<\/p>\n<\/div>","protected":false},"excerpt":{"rendered":"<p>[vc_row bottom_margin=\u00a0\u00bbnone\u00a0\u00bb][vc_column][\/vc_column][\/vc_row][vc_row top_margin=\u00a0\u00bbxs\u00a0\u00bb bottom_margin=\u00a0\u00bbnone\u00a0\u00bb][vc_column width=\u00a0\u00bb1\/4&Prime; offset=\u00a0\u00bbvc_col-xs-6&Prime;][\/vc_column][vc_column width=\u00a0\u00bb1\/4&Prime; offset=\u00a0\u00bbvc_col-xs-6&Prime;][\/vc_column][vc_column width=\u00a0\u00bb1\/4&Prime; offset=\u00a0\u00bbvc_col-xs-6&Prime;][vc_empty_space][\/vc_column][vc_column width=\u00a0\u00bb1\/4&Prime; offset=\u00a0\u00bbvc_col-xs-6&Prime;][\/vc_column][\/vc_row][vc_row top_margin=\u00a0\u00bbnone\u00a0\u00bb bottom_margin=\u00a0\u00bbnone\u00a0\u00bb css=\u00a0\u00bb.vc_custom_1462378279566{margin-bottom: -20px !important;}\u00a0\u00bb][vc_column width=\u00a0\u00bb1\/4&Prime; offset=\u00a0\u00bbvc_col-xs-6&Prime;][\/vc_column][vc_column width=\u00a0\u00bb1\/4&Prime; offset=\u00a0\u00bbvc_col-xs-6&Prime;][\/vc_column][vc_column width=\u00a0\u00bb1\/4&Prime; offset=\u00a0\u00bbvc_col-xs-6&Prime;][vc_empty_space][vc_empty_space][vc_empty_space][vc_empty_space][\/vc_column][vc_column width=\u00a0\u00bb1\/4&Prime; offset=\u00a0\u00bbvc_col-xs-6&Prime;][\/vc_column][\/vc_row][vc_row top_margin=\u00a0\u00bbnone\u00a0\u00bb bottom_margin=\u00a0\u00bbxs\u00a0\u00bb css=\u00a0\u00bb.vc_custom_1462378264140{margin-top: -40px !important;padding-top: -20px !important;}\u00a0\u00bb][vc_column][\/vc_column][\/vc_row][vc_row top_margin=\u00a0\u00bbxs\u00a0\u00bb bottom_margin=\u00a0\u00bbnone\u00a0\u00bb][vc_column width=\u00a0\u00bb1\/4&Prime;][\/vc_column][vc_column width=\u00a0\u00bb1\/4&Prime;][\/vc_column][vc_column width=\u00a0\u00bb1\/4&Prime;][vc_empty_space][vc_empty_space][vc_empty_space][\/vc_column][vc_column width=\u00a0\u00bb1\/4&Prime;][\/vc_column][\/vc_row][vc_row full_width=\u00a0\u00bbstretch_row\u00a0\u00bb top_margin=\u00a0\u00bbmd\u00a0\u00bb bottom_margin=\u00a0\u00bbmd\u00a0\u00bb el_class=\u00a0\u00bblight-blue-row\u00a0\u00bb][vc_column el_class=\u00a0\u00bbgray-title\u00a0\u00bb][vc_row_inner][vc_column_inner width=\u00a0\u00bb1\/3&Prime;][\/vc_column_inner][vc_column_inner el_class=\u00a0\u00bbbordered\u00a0\u00bb width=\u00a0\u00bb1\/3&Prime;][\/vc_column_inner][vc_column_inner el_class=\u00a0\u00bbbordered\u00a0\u00bb width=\u00a0\u00bb1\/3&Prime;][\/vc_column_inner][\/vc_row_inner][\/vc_column][\/vc_row][vc_row full_width=\u00a0\u00bbstretch_row\u00a0\u00bb bottom_margin=\u00a0\u00bb3x\u00a0\u00bb el_class=\u00a0\u00bblight-blue-row\u00a0\u00bb][vc_column][vc_row_inner el_class=\u00a0\u00bbsame-height-row\u00a0\u00bb][vc_column_inner width=\u00a0\u00bb1\/4&Prime;][\/vc_column_inner][vc_column_inner width=\u00a0\u00bb1\/4&Prime;][vc_btn title=\u00a0\u00bbBROCHURE\u00a0\u00bb &hellip; <a href=\"https:\/\/www.solargard.com\/portfolio\/treasure-island-home\/\">Continued<\/a><\/p>\n","protected":false},"author":1,"featured_media":0,"parent":0,"menu_order":0,"comment_status":"closed","ping_status":"closed","template":"","meta":{"_acf_changed":false,"footnotes":""},"class_list":["post-34649","page","type-page","status-publish","hentry"],"acf":[],"_links":{"self":[{"href":"https:\/\/www.solargard.com\/fr\/wp-json\/wp\/v2\/pages\/34649","targetHints":{"allow":["GET"]}}],"collection":[{"href":"https:\/\/www.solargard.com\/fr\/wp-json\/wp\/v2\/pages"}],"about":[{"href":"https:\/\/www.solargard.com\/fr\/wp-json\/wp\/v2\/types\/page"}],"author":[{"embeddable":true,"href":"https:\/\/www.solargard.com\/fr\/wp-json\/wp\/v2\/users\/1"}],"replies":[{"embeddable":true,"href":"https:\/\/www.solargard.com\/fr\/wp-json\/wp\/v2\/comments?post=34649"}],"version-history":[{"count":0,"href":"https:\/\/www.solargard.com\/fr\/wp-json\/wp\/v2\/pages\/34649\/revisions"}],"wp:attachment":[{"href":"https:\/\/www.solargard.com\/fr\/wp-json\/wp\/v2\/media?parent=34649"}],"curies":[{"name":"wp","href":"https:\/\/api.w.org\/{rel}","templated":true}]}}