{"id":53598,"date":"2016-08-19T23:34:49","date_gmt":"2016-08-19T23:34:49","guid":{"rendered":"https:\/\/www.solargard.com\/fr\/school-safety\/"},"modified":"2022-04-06T12:02:32","modified_gmt":"2022-04-06T20:02:32","slug":"securite-et-surete-des-ecoles","status":"publish","type":"page","link":"https:\/\/www.solargard.com\/fr\/securite-et-surete-des-ecoles\/","title":{"rendered":"Films de s\u00e9curit\u00e9 \u00e9coles"},"content":{"rendered":"<div class=\"wpb-content-wrapper\"><p>[vc_row full_width=\u00a0\u00bbstretch_row\u00a0\u00bb top_margin=\u00a0\u00bbsm\u00a0\u00bb css=\u00a0\u00bb.vc_custom_1473798246340{background-color: #eeeeee !important;}\u00a0\u00bb][vc_column][vc_row_inner][vc_column_inner][vc_column_text]<\/p>\n<h1 style=\"color: #007db1; font-size: 32px; text-align: center;\"><strong>POURQUOI DU FILM DE S\u00c9CURIT\u00c9 DANS LES \u00c9COLES?<\/strong><\/h1>\n<p>[\/vc_column_text][vc_column_text]<\/p>\n<p style=\"text-align: center; padding-top: 10px; color: #231f20; font-size: 17.5px;\">Le film de s\u00e9curit\u00e9 sur les vitrages des \u00e9tablissements scolaires am\u00e9liore la s\u00e9curit\u00e9 et prot\u00e8ge des vies humaines en retardant les intrusions.<\/p>\n<p>[\/vc_column_text][\/vc_column_inner][\/vc_row_inner][\/vc_column][\/vc_row][vc_row][vc_column][vc_row_inner][vc_column_inner width=\u00a0\u00bb1\/2&Prime;]<a href=\"http:\/\/saint-gobain-1.wistia.com\/medias\/wwd1oc2xgs?embedType=async&amp;seo=false&amp;videoFoam=true&amp;videoWidth=640\" class=\"content-link text-left\" data-modal=\"true\" target=\"_blank\" rel=\"noopener\"><div class=\"content-link-image \" style=\"background-image: url(https:\/\/www.solargard.com\/wp-content\/uploads\/2016\/08\/School-Safety-Video-2.jpg)\" ><\/div><h4>La s\u00e9curit\u00e9 scolaire, un enjeu crucial<\/h4><h5><\/h5><\/a>[\/vc_column_inner][vc_column_inner width=\u00a0\u00bb1\/2&Prime;][vc_column_text]<\/p>\n<h2 style=\"text-align: center; padding-top: 15px; color: #231f20; font-size: 22px;\"><strong>COMMENT LE FILM DE S\u00c9CURIT\u00c9 ARMORCOAT\u00ae SECURISE-T-IL LES \u00c9COLES?<\/strong><\/h2>\n<p>[\/vc_column_text][vc_column_text]<\/p>\n<p style=\"text-align: left; padding-top: 20px; line-height: 2; font-size: 13.5px;\">Les films de s\u00e9curit\u00e9 et de protection des personnes Solar Gard Armorcoat\u00ae \u00e9quipent des immeubles dans le monde entier depuis des dizaines d\u2019ann\u00e9es. Ils prot\u00e8gent notamment les b\u00e2timents f\u00e9d\u00e9raux les plus sensibles aux \u00c9tats-Unis. Des \u00e9coles dans de nombreux pays b\u00e9n\u00e9ficient de la protection du film de s\u00e9curit\u00e9 pour vitrages. Facile \u00e0 installer, Armorcoat\u00ae est une solution bien plus \u00e9conomique que le verre feuillet\u00e9. <strong><a href=\"http:\/\/bit.ly\/2erdEul\" target=\"_blank\" rel=\"noopener noreferrer\">T\u00e9l\u00e9charger le document S\u00e9curisation des \u00e9coles<\/a> <\/strong><\/p>\n<p>[\/vc_column_text][\/vc_column_inner][\/vc_row_inner][\/vc_column][\/vc_row][vc_row full_width=\u00a0\u00bbstretch_row\u00a0\u00bb css=\u00a0\u00bb.vc_custom_1471561590951{background-color: #eeeeee !important;}\u00a0\u00bb][vc_column][vc_column_text]<\/p>\n<h3 style=\"text-align: center; color: #007db1; font-size: 27px;\"><span id=\"BENEFITS\"> <\/span><strong>LES AVANTAGES DU FILM DE S\u00c9CURIT\u00c9 EN MILIEU SCOLAIRE:<\/strong><\/h3>\n<p>[\/vc_column_text][vc_row_inner][vc_column_inner][vc_column_text]<\/p>\n<p style=\"text-align: center; padding-top: 30px; padding-bottom: 20px; font-size: 17.5px;\">Les raisons pour lesquelles vous avez besoin du film de s\u00e9curit\u00e9 et de s\u00fbret\u00e9 dans votre \u00e9cole<\/p>\n<p>[\/vc_column_text][\/vc_column_inner][\/vc_row_inner][vc_row_inner][vc_column_inner width=\u00a0\u00bb1\/4&Prime;]<div class=\"content-icon text-left\"><div class=\"content-link-image wow bounceInUp\" style=\"background-image: url(https:\/\/www.solargard.com\/wp-content\/uploads\/2016\/04\/safety_2.png)\"  data-wow-delay=\"0.25s\"><\/div><h4>Anti-intrusion<\/h4><h5><\/h5><p>Il ralentit les intrus et gagne du temps pour permettre aux secours d\u2019arriver<\/p><\/div>[\/vc_column_inner][vc_column_inner width=\u00a0\u00bb1\/4&Prime;]<div class=\"content-icon text-left\"><div class=\"content-link-image wow bounceInUp\" style=\"background-image: url(https:\/\/www.solargard.com\/wp-content\/uploads\/2016\/04\/window.png)\"  data-wow-delay=\"0.5s\"><\/div><h4>Une barri\u00e8re invisible<\/h4><h5><\/h5><p>Il n\u2019alt\u00e8re pas la luminosit\u00e9 et laisse passer jusqu\u2019\u00e0 89% de la lumi\u00e8re naturelle par les fen\u00eatres<\/p><\/div>[\/vc_column_inner][vc_column_inner width=\u00a0\u00bb1\/4&Prime;]<div class=\"content-icon text-left\"><div class=\"content-link-image wow bounceInUp\" style=\"background-image: url(https:\/\/www.solargard.com\/wp-content\/uploads\/2016\/04\/shield_2.png)\"  data-wow-delay=\"0.75s\"><\/div><h4>Protection<\/h4><h5><\/h5><p>Il r\u00e9duit les risques de blessures et d\u00e9g\u00e2ts dus aux \u00e9clats de verre<\/p><\/div>[\/vc_column_inner][vc_column_inner width=\u00a0\u00bb1\/4&Prime;]<div class=\"content-icon text-left\"><div class=\"content-link-image wow bounceInUp\" style=\"background-image: url(https:\/\/www.solargard.com\/wp-content\/uploads\/2016\/04\/energy_savings.png)\"  data-wow-delay=\"1s\"><\/div><h4>Confort<\/h4><h5><\/h5><p>Il am\u00e9liore le confort int\u00e9rieur et r\u00e9duit les \u00e9ventuelles charges de climatisation<\/p><\/div>[\/vc_column_inner][\/vc_row_inner][\/vc_column][\/vc_row][vc_row full_width=\u00a0\u00bbstretch_row\u00a0\u00bb css=\u00a0\u00bb.vc_custom_1472695525354{background-color: #eeeeee !important;}\u00a0\u00bb][vc_column][vc_row_inner][vc_column_inner][vc_column_text]<\/p>\n<h3 style=\"text-align: center; color: #007db1; font-size: 27px;\"><strong>LA S\u00c9CURIT\u00c9 DANS LES \u00c9COLES DOSSIER ARCHITECTES<\/strong><\/h3>\n<p>[\/vc_column_text][\/vc_column_inner][\/vc_row_inner][vc_row_inner][vc_column_inner width=\u00a0\u00bb1\/3&Prime;][vc_column_text]<\/p>\n<h3 style=\"text-align: left; padding-top: 30px; padding-bottom: 15px; color: #445c6e; font-size: 18px;\"><strong>CARACT\u00c9RISTIQUES TECHNIQUES:<\/strong><\/h3>\n<p>[\/vc_column_text][vc_column_text]<a class=\"download-link\" href=\"https:\/\/www.solargard.com\/wp-content\/uploads\/2017\/03\/FR-14-mil-clear-specifier-sheet-08877-2-2.pdf\">14 mil clear &#8211; sp\u00e9cification<\/a><br \/>\n<a class=\"download-link\" href=\"https:\/\/www.solargard.com\/wp-content\/uploads\/2017\/03\/FR-8-mil-clear-specifier-sheet-08877-2-1.pdf\">8 mil clear &#8211; sp\u00e9cification<\/a>[\/vc_column_text][\/vc_column_inner][vc_column_inner width=\u00a0\u00bb1\/3&Prime;][vc_column_text]<\/p>\n<h3 style=\"text-align: left; padding-top: 30px; padding-bottom: 15px; color: #445c6e; font-size: 18px;\"><strong>PLAQUETTES \/ MARKETING:<\/strong><\/h3>\n<p>[\/vc_column_text][vc_column_text]<a class=\"download-link\" href=\"https:\/\/www.solargard.com\/wp-content\/uploads\/2016\/09\/ATI-Report.pdf\" target=\"_blank\" rel=\"noopener noreferrer\">Simulation d&rsquo;Intrusion : Rapport Officiel de Tiers T\u00e9moins<\/a> <a class=\"download-link\" href=\"https:\/\/www.solargard.com\/wp-content\/uploads\/2016\/09\/Upgrading-School-Security-with-Window-Film.pdf\" target=\"_blank\" rel=\"noopener noreferrer\">Am\u00e9lioration de la S\u00e9curit\u00e9 de l&rsquo;Ecole des \u00e9coles avec le Film de S\u00e9curit\u00e9<\/a> (Article en anglais)[\/vc_column_text][\/vc_column_inner][vc_column_inner width=\u00a0\u00bb1\/3&Prime;][vc_column_text]<\/p>\n<h3 style=\"text-align: center; padding-top: 30px; padding-bottom: 15px; color: #445c6e; font-size: 18px;\"><strong>VIDEOS:<\/strong><\/h3>\n<p>[\/vc_column_text]<a href=\"http:\/\/saint-gobain-1.wistia.com\/medias\/sdo5g9hd0u?embedType=async&amp;seo=false&amp;videoFoam=true&amp;videoWidth=640\" class=\"content-link text-center\" data-modal=\"true\" target=\"_blank\" rel=\"noopener\"><div class=\"content-link-image \" style=\"background-image: url(https:\/\/www.solargard.com\/wp-content\/uploads\/2016\/08\/Intruder-Test.jpg)\" ><\/div><h4>Simulation d\u2019intrusion avec et sans film de s\u00e9curit\u00e9 Armorcoat\u00ae<\/h4><h5><\/h5><\/a>[\/vc_column_inner][\/vc_row_inner][\/vc_column][\/vc_row][vc_row full_width=\u00a0\u00bbstretch_row\u00a0\u00bb top_margin=\u00a0\u00bbsm\u00a0\u00bb css=\u00a0\u00bb.vc_custom_1473798246340{background-color: #eeeeee !important;}\u00a0\u00bb][vc_column][vc_row_inner][vc_column_inner][vc_column_text]<\/p>\n<h3 style=\"text-align: left; padding-bottom: 20px; color: #445c6e; font-size: 17.5px;\"><strong>EXCLUSION DE RESPONSABILIT\u00c9:<\/strong><\/h3>\n<p>[\/vc_column_text][vc_column_text]<\/p>\n<p style=\"text-align: left; font-size: 12px;\">Les films Saint-Gobain Solar Gard\u00ae Armorcoat\u00ae sont con\u00e7us pour am\u00e9liorer la s\u00e9curit\u00e9 et la suret\u00e9 et constituer une barri\u00e8re suppl\u00e9mentaire pour ralentir l\u2019intrusion forc\u00e9e par les fen\u00eatres et vitrages. Le film Armorcoat\u00ae doit imp\u00e9rativement \u00eatre appliqu\u00e9 par un professionnel conform\u00e9ment aux prescriptions de pose Solar Gard.<\/p>\n<p>Les films Armorcoat\u00ae ne sont pas destin\u00e9s \u00e0 emp\u00eacher l\u2019intrusion ou l\u2019effraction dans les b\u00e2timents o\u00f9 ils sont install\u00e9s. Armorcoat\u00ae n\u2019est ni pare-balles, ni anti-explosion, et il n\u2019est pas conforme aux normes de r\u00e9sistance aux armes \u00e0 feu ASTM F 1233 ou UL 752 ou aux normes de r\u00e9sistance \u00e0 l\u2019effraction UL 972.<\/p>\n<p style=\"text-align: left; font-size: 12px;\">SAINT-GOBAIN SOLAR GARD D\u00c9CLINE TOUTE RESPONSABILIT\u00c9 SUR LA D\u00c9FAILLANCE DES FILMS DE S\u00c9CURIT\u00c9 ET DE SURET\u00c9 ARMORCOAT \u00c0 PROT\u00c9GER LES OCCUPANTS D\u2019UN IMMEUBLE EN CAS D\u2019INTRUSION OU D\u2019EFFRACTION. DANS DES LOCAUX EQUIP\u00c9S DE FILM DE S\u00c9CURIT\u00c9 ET DE SURET\u00c9. SAINT GOBAIN SOLAR GARD NE PEUT EN AUCUN CAS \u00caTRE TENU RESPONSABLE POUR TOUS DOMMAGES SP\u00c9CIAUX, INDIRECTS, ACCESSOIRES OU CONS\u00c9QUENTIELS, DE QUELQUE SORTE QUE CE SOIT, Y COMPRIS TOUS DOMMAGES MAT\u00c9RIELS AU B\u00c2TIMENT OU \u00c0 SON CONTENU, OU TOUT DOMMAGE CORPOREL INFLIG\u00c9 A QUICONQUE, O\u00d9 DU FILM ARMORCOAT AURA \u00c9T\u00c9 INSTALL\u00c9.<\/p>\n<p>[\/vc_column_text][\/vc_column_inner][\/vc_row_inner][\/vc_column][\/vc_row]<\/p>\n<\/div>","protected":false},"excerpt":{"rendered":"<p>[vc_row full_width=\u00a0\u00bbstretch_row\u00a0\u00bb top_margin=\u00a0\u00bbsm\u00a0\u00bb css=\u00a0\u00bb.vc_custom_1473798246340{background-color: #eeeeee !important;}\u00a0\u00bb][vc_column][vc_row_inner][vc_column_inner][vc_column_text] POURQUOI DU FILM DE S\u00c9CURIT\u00c9 DANS LES \u00c9COLES? [\/vc_column_text][vc_column_text] Le film de s\u00e9curit\u00e9 sur les vitrages des \u00e9tablissements scolaires am\u00e9liore la s\u00e9curit\u00e9 et prot\u00e8ge des vies humaines en retardant les intrusions. [\/vc_column_text][\/vc_column_inner][\/vc_row_inner][\/vc_column][\/vc_row][vc_row][vc_column][vc_row_inner][vc_column_inner width=\u00a0\u00bb1\/2&Prime;][\/vc_column_inner][vc_column_inner width=\u00a0\u00bb1\/2&Prime;][vc_column_text] COMMENT LE FILM DE S\u00c9CURIT\u00c9 ARMORCOAT\u00ae SECURISE-T-IL LES \u00c9COLES? [\/vc_column_text][vc_column_text] Les films de s\u00e9curit\u00e9 et &hellip; <a href=\"https:\/\/www.solargard.com\/fr\/securite-et-surete-des-ecoles\/\">Continued<\/a><\/p>\n","protected":false},"author":1,"featured_media":76659,"parent":0,"menu_order":0,"comment_status":"closed","ping_status":"closed","template":"","meta":{"_acf_changed":false,"footnotes":""},"class_list":["post-53598","page","type-page","status-publish","has-post-thumbnail","hentry"],"acf":[],"_links":{"self":[{"href":"https:\/\/www.solargard.com\/fr\/wp-json\/wp\/v2\/pages\/53598","targetHints":{"allow":["GET"]}}],"collection":[{"href":"https:\/\/www.solargard.com\/fr\/wp-json\/wp\/v2\/pages"}],"about":[{"href":"https:\/\/www.solargard.com\/fr\/wp-json\/wp\/v2\/types\/page"}],"author":[{"embeddable":true,"href":"https:\/\/www.solargard.com\/fr\/wp-json\/wp\/v2\/users\/1"}],"replies":[{"embeddable":true,"href":"https:\/\/www.solargard.com\/fr\/wp-json\/wp\/v2\/comments?post=53598"}],"version-history":[{"count":0,"href":"https:\/\/www.solargard.com\/fr\/wp-json\/wp\/v2\/pages\/53598\/revisions"}],"wp:featuredmedia":[{"embeddable":true,"href":"https:\/\/www.solargard.com\/fr\/wp-json\/wp\/v2\/media\/76659"}],"wp:attachment":[{"href":"https:\/\/www.solargard.com\/fr\/wp-json\/wp\/v2\/media?parent=53598"}],"curies":[{"name":"wp","href":"https:\/\/api.w.org\/{rel}","templated":true}]}}