{"id":57591,"date":"2017-06-08T11:14:07","date_gmt":"2017-06-08T11:14:07","guid":{"rendered":"https:\/\/www.solargard.com\/fr\/?page_id=57591"},"modified":"2017-06-22T08:55:12","modified_gmt":"2017-06-22T08:55:12","slug":"offre-privilege-ventes-privees","status":"publish","type":"page","link":"https:\/\/www.solargard.com\/fr\/offre-privilege-ventes-privees\/","title":{"rendered":"Offre privil\u00e8ge : Ventes priv\u00e9es !"},"content":{"rendered":"<h1><strong><br \/>\nProfitez d&rsquo;une remise exceptionnelle<br \/>\nde 15%\u00a0sur toute notre gamme*!<\/strong><\/h1>\n<p>12-19 JUIN 2017<\/p>\n\n<p>&nbsp;<\/p>\n<p><em>*offre valable dans la\u00a0limite des stocks disponibles<\/em><\/p>\n<div><\/div>\n<div><em>Ou contactez-nous :<\/em><\/div>\n<div>\n<div class=\"p1\"><strong>Saint-Gobain Solar Gard<\/strong><\/div>\n<div class=\"p1\"><span>Quartier g\u00e9n\u00e9ral r\u00e9gional europ\u00e9en<\/span><br \/>\n<span>Karreweg 18<\/span><\/div>\n<div class=\"p1\"><span>9870 Zulte, Belgique<\/span><\/div>\n<div class=\"p1\">\n<p><strong><a href=\"mailto:shanti.cayman@saint-gobain.com?subject=OFFRE%20PRIVIL%C3%88GE%20-%20SOLAR%20GARD&amp;body=Je%20veux%20bien%20profiter%20de%20cette%20offre%20!%0A%0ACODE%20PRIVIL%C3%88GE%20%3A%20%0APR%C3%89NOM%20%3A%0ANOM%20DE%20FAMILLE%20%3A%0ASOCI%C3%89T%C3%89%20%3A%0ANUM%C3%89RO%20DE%20T%C3%89L%C3%89PHONE%20%3A*%0AMAIL%20%3A*%0A%0A\" target=\"_blank\" shape=\"rect\">france.info@solargard.com<\/a><\/strong><\/p>\n<p>&nbsp;<\/p>\n<\/div>\n<\/div>\n","protected":false},"excerpt":{"rendered":"<p>Profitez d&rsquo;une remise exceptionnelle de 15%\u00a0sur toute notre gamme*! 12-19 JUIN 2017 &nbsp; *offre valable dans la\u00a0limite des stocks disponibles Ou contactez-nous : Saint-Gobain Solar Gard Quartier g\u00e9n\u00e9ral r\u00e9gional europ\u00e9en Karreweg 18 9870 Zulte, Belgique france.info@solargard.com &nbsp;<\/p>\n","protected":false},"author":3,"featured_media":57595,"parent":0,"menu_order":0,"comment_status":"closed","ping_status":"closed","template":"","meta":{"_acf_changed":false,"footnotes":""},"class_list":["post-57591","page","type-page","status-publish","has-post-thumbnail","hentry"],"acf":[],"_links":{"self":[{"href":"https:\/\/www.solargard.com\/fr\/wp-json\/wp\/v2\/pages\/57591","targetHints":{"allow":["GET"]}}],"collection":[{"href":"https:\/\/www.solargard.com\/fr\/wp-json\/wp\/v2\/pages"}],"about":[{"href":"https:\/\/www.solargard.com\/fr\/wp-json\/wp\/v2\/types\/page"}],"author":[{"embeddable":true,"href":"https:\/\/www.solargard.com\/fr\/wp-json\/wp\/v2\/users\/3"}],"replies":[{"embeddable":true,"href":"https:\/\/www.solargard.com\/fr\/wp-json\/wp\/v2\/comments?post=57591"}],"version-history":[{"count":0,"href":"https:\/\/www.solargard.com\/fr\/wp-json\/wp\/v2\/pages\/57591\/revisions"}],"wp:featuredmedia":[{"embeddable":true,"href":"https:\/\/www.solargard.com\/fr\/wp-json\/wp\/v2\/media\/57595"}],"wp:attachment":[{"href":"https:\/\/www.solargard.com\/fr\/wp-json\/wp\/v2\/media?parent=57591"}],"curies":[{"name":"wp","href":"https:\/\/api.w.org\/{rel}","templated":true}]}}