{"id":62251,"date":"2017-09-29T20:39:26","date_gmt":"2017-09-29T20:39:26","guid":{"rendered":"https:\/\/www.solargard.com\/?page_id=62251"},"modified":"2023-11-27T08:43:27","modified_gmt":"2023-11-27T16:43:27","slug":"partner-vedette","status":"publish","type":"page","link":"https:\/\/www.solargard.com\/fr\/partner-vedette\/","title":{"rendered":"Partner Vedette"},"content":{"rendered":"<div class=\"wpb-content-wrapper\"><p>[vc_row full_width=\u00a0\u00bbstretch_row\u00a0\u00bb el_class=\u00a0\u00bblight-blue-row\u00a0\u00bb][vc_column][vc_column_text]<\/p>\n<h4 style=\"text-align: center;\"><span>Solar Gard a le plaisir d&rsquo;\u00eatre entour\u00e9 par un r\u00e9seau d&rsquo;artisans hautement qualifi\u00e9s, de chefs d&rsquo;entreprises et d&rsquo;entrepreneurs. C&rsquo;est pour mettre \u00e0 l&rsquo;honneur ces distributeurs que Solar Gard EMEA a lanc\u00e9 cette ann\u00e9e le programme \u00ab\u00a0Partenaire du Mois &#8211; EMEA\u00a0\u00bb 2017 : retrouvez chaque mois la pr\u00e9sentation d&rsquo;un de ces partenaires qui font le succ\u00e8s de Solar Gard.<\/span><\/h4>\n<p>[\/vc_column_text][\/vc_column][\/vc_row][vc_row el_class=\u00a0\u00bbtitle_page_partner1&Prime;][vc_column css=\u00a0\u00bb.vc_custom_1500612435766{padding-top: -20px !important;padding-bottom: -20px !important;}\u00a0\u00bb el_class=\u00a0\u00bbtitle_page_partner_row\u00a0\u00bb][vc_raw_html el_class=\u00a0\u00bbtitle_page_partner_main\u00a0\u00bb]JTNDYnIlMkYlM0UlMEElM0NoMSUyMHN0eWxlJTNEJTIydGV4dC1hbGlnbiUzQSUyMGNlbnRlciUzQiUyMGNvbG9yJTNBJTIwJTIzMDA3REIxJTNCJTIwZm9udC1zaXplJTNBJTIwMzBweCUzQiUyMiUzRSUzQ3N0cm9uZyUzRVBhcnRuZXIlMjBWZWRldHRlJTIwT2N0b2JyZSUyMDIwMTclM0MlMkZzdHJvbmclM0UlM0MlMkZoMSUzRQ==[\/vc_raw_html][\/vc_column][\/vc_row][vc_row el_class=\u00a0\u00bbnew_future\u00a0\u00bb][vc_column width=\u00a0\u00bb1\/2&Prime;][vc_raw_html el_class=\u00a0\u00bbtitle_page_partner\u00a0\u00bb]JTNDaDMlMjBzdHlsZSUzRCUyMnRleHQtYWxpZ24lM0ElMjBsZWZ0JTNCY29sb3IlM0ElMjAlMjMwMDdEQjElM0Jmb250LXNpemUlM0ElMjAzMHB4JTNCJTIyJTIwYSUyMGhyZWYlM0QlMjJ3d3cud29uZGVyZ2xhc3MuZnIlMjIlM0UlM0NzdHJvbmclM0VXb25kZXJHbGFzJTNDJTJGc3Ryb25nJTNFJTNDJTJGaDMlM0U=[\/vc_raw_html][vc_column_text]<strong>A part le fait de devenir ind\u00e9pendant, quelle est\u00a0 la d\u00e9cision la plus importante<\/strong> <strong>que\u00a0vous avez prise qui a contribu\u00e9 \u00e0 votre r\u00e9ussite\u00a0?<\/strong><\/p>\n<p>L&rsquo;association avec les bonnes personnes, les bons partenaires, les bons fournisseurs, Solar Gard en est un exemple.<\/p>\n<p><strong>Quel est le meilleur conseil que vous ayez suivi ?<\/strong><\/p>\n<p>De croire dans ses convictions et ses capacit\u00e9s<\/p>\n<p><strong>Qu\u2019est-ce qui vous inspire ?<\/strong><\/p>\n<p>L&rsquo;innovation<\/p>\n<p><strong>Qu\u2019aimez \u2013vous dans les produits Solar Gard ? <\/strong><\/p>\n<p>La qualit\u00e9, la durabilit\u00e9 des produits, la notori\u00e9t\u00e9, la technologie de pointe des films propos\u00e9s dans la gamme.<\/p>\n<p><strong>Pourquoi choisissez-vous de vous associer \u00e0 Solar Gard ?<\/strong><\/p>\n<p>La transparence, la r\u00e9activit\u00e9, le professionnalisme et la sympathie des \u00e9quipes depuis de nombreuses ann\u00e9es. Solar Gard partage la m\u00eame passion pour l&rsquo;innovation que <a href=\"http:\/\/wonderglass.fr\/\" target=\"_blank\" rel=\"noopener\" data-attribute-index=\"20\" data-entity-hovercard-id=\"urn:li:fs_miniCompany:15198013\" data-entity-type=\"MINI_COMPANY\">WonderGlas<\/a> !<\/p>\n<p><strong>Que est la voiture de vos r\u00eaves ?<\/strong><\/p>\n<p>Ford Mustang 72<\/p>\n<p><a href=\"http:\/\/wonderglass.fr\" target=\"_blank\" rel=\"noopener\">Visitez wonderglass.fr<\/a><\/p>\n<p>Voir tous les Partenaires Vedettes<br \/>\n<a href=\"https:\/\/www.solargard.com\/uk\/featured-partner\" target=\"_blank\" rel=\"noopener\">www.solargard.com\/uk\/featured-partner<\/a>[\/vc_column_text][\/vc_column][vc_column width=\u00a0\u00bb1\/2&Prime;][vc_single_image image=\u00a0\u00bb62262&Prime; img_size=\u00a0\u00bbfull\u00a0\u00bb alignment=\u00a0\u00bbcenter\u00a0\u00bb][vc_column_text]<\/p>\n<p>[\/vc_column_text][\/vc_column][\/vc_row][vc_row full_width=\u00a0\u00bbstretch_row\u00a0\u00bb el_class=\u00a0\u00bblight-blue-row na_feature_partner\u00a0\u00bb][vc_column el_class=\u00a0\u00bbgray-title\u00a0\u00bb][vc_empty_space][vc_row_inner][vc_column_inner width=\u00a0\u00bb1\/4&Prime;][\/vc_column_inner][vc_column_inner width=\u00a0\u00bb1\/4&Prime;][vc_btn title=\u00a0\u00bbPRODUITS B\u00c2TIMENT\u00a0\u00bb style=\u00a0\u00bbflat\u00a0\u00bb shape=\u00a0\u00bbsquare\u00a0\u00bb color=\u00a0\u00bbprimary\u00a0\u00bb align=\u00a0\u00bbcenter\u00a0\u00bb link=\u00a0\u00bburl:http%3A%2F%2Fwww.solargard.com%2Ffr%2Ffilms-batiments-domicile-entreprise%2Fproduits-films-batiments-domicile-entreprise%2F|||\u00a0\u00bb][\/vc_column_inner][vc_column_inner width=\u00a0\u00bb1\/4&Prime;][vc_btn title=\u00a0\u00bbAUTOMOBILE\u00a0\u00bb style=\u00a0\u00bbflat\u00a0\u00bb shape=\u00a0\u00bbsquare\u00a0\u00bb color=\u00a0\u00bbprimary\u00a0\u00bb align=\u00a0\u00bbcenter\u00a0\u00bb link=\u00a0\u00bburl:http%3A%2F%2Fwww.solargard.com%2Ffr%2Ffilms-pour-automobiles%2Fproduits-auto%2F|||\u00a0\u00bb][\/vc_column_inner][vc_column_inner width=\u00a0\u00bb1\/4&Prime;][\/vc_column_inner][\/vc_row_inner][\/vc_column][\/vc_row]<\/p>\n<\/div>","protected":false},"excerpt":{"rendered":"<p>[vc_row full_width=\u00a0\u00bbstretch_row\u00a0\u00bb el_class=\u00a0\u00bblight-blue-row\u00a0\u00bb][vc_column][vc_column_text] Solar Gard a le plaisir d&rsquo;\u00eatre entour\u00e9 par un r\u00e9seau d&rsquo;artisans hautement qualifi\u00e9s, de chefs d&rsquo;entreprises et d&rsquo;entrepreneurs. C&rsquo;est pour mettre \u00e0 l&rsquo;honneur ces distributeurs que Solar Gard EMEA a lanc\u00e9 cette ann\u00e9e le programme \u00ab\u00a0Partenaire du Mois &#8211; EMEA\u00a0\u00bb 2017 : retrouvez chaque mois la pr\u00e9sentation d&rsquo;un de ces partenaires qui &hellip; <a href=\"https:\/\/www.solargard.com\/fr\/partner-vedette\/\">Continued<\/a><\/p>\n","protected":false},"author":27,"featured_media":57474,"parent":0,"menu_order":0,"comment_status":"closed","ping_status":"closed","template":"","meta":{"_acf_changed":false,"footnotes":""},"class_list":["post-62251","page","type-page","status-publish","has-post-thumbnail","hentry"],"acf":[],"_links":{"self":[{"href":"https:\/\/www.solargard.com\/fr\/wp-json\/wp\/v2\/pages\/62251","targetHints":{"allow":["GET"]}}],"collection":[{"href":"https:\/\/www.solargard.com\/fr\/wp-json\/wp\/v2\/pages"}],"about":[{"href":"https:\/\/www.solargard.com\/fr\/wp-json\/wp\/v2\/types\/page"}],"author":[{"embeddable":true,"href":"https:\/\/www.solargard.com\/fr\/wp-json\/wp\/v2\/users\/27"}],"replies":[{"embeddable":true,"href":"https:\/\/www.solargard.com\/fr\/wp-json\/wp\/v2\/comments?post=62251"}],"version-history":[{"count":0,"href":"https:\/\/www.solargard.com\/fr\/wp-json\/wp\/v2\/pages\/62251\/revisions"}],"wp:featuredmedia":[{"embeddable":true,"href":"https:\/\/www.solargard.com\/fr\/wp-json\/wp\/v2\/media\/57474"}],"wp:attachment":[{"href":"https:\/\/www.solargard.com\/fr\/wp-json\/wp\/v2\/media?parent=62251"}],"curies":[{"name":"wp","href":"https:\/\/api.w.org\/{rel}","templated":true}]}}