{"id":68898,"date":"2018-02-01T01:05:48","date_gmt":"2018-02-01T01:05:48","guid":{"rendered":"https:\/\/www.solargard.com\/?page_id=68898"},"modified":"2018-02-01T01:06:40","modified_gmt":"2018-02-01T01:06:40","slug":"merci","status":"publish","type":"page","link":"https:\/\/www.solargard.com\/fr\/vandalisme\/merci\/","title":{"rendered":"Merci pour votre int\u00e9r\u00eat pour les solutions anti-graffiti and vandalism de Saint-Gobain Solar Gard"},"content":{"rendered":"<h3>Votre demande de contact a bien \u00e9t\u00e9 envoy\u00e9e.<\/h3>\n<p>Nous vous remercions de votre int\u00e9r\u00eat pour les solutions anti-graffiti and vandalism de Saint-Gobain Solar Gard. Un de nos experts r\u00e9pondra \u00e0 votre demande dans les deux jours ouvrables.<\/p>\n<p>Pour une assistance imm\u00e9diate, vous pouvez nous appeler au +32 (0) 9 240 95 81 ou envoyer un e-mail \u00e0 <a href=\"mailto:france.info@solargard.com\">france.info@solargard.com<\/a><\/p>\n","protected":false},"excerpt":{"rendered":"<p>Votre demande de contact a bien \u00e9t\u00e9 envoy\u00e9e. Nous vous remercions de votre int\u00e9r\u00eat pour les solutions anti-graffiti and vandalism de Saint-Gobain Solar Gard. Un de nos experts r\u00e9pondra \u00e0 votre demande dans les deux jours ouvrables. Pour une assistance imm\u00e9diate, vous pouvez nous appeler au +32 (0) 9 240 95 81 ou envoyer un &hellip; <a href=\"https:\/\/www.solargard.com\/fr\/vandalisme\/merci\/\">Continued<\/a><\/p>\n","protected":false},"author":27,"featured_media":0,"parent":68714,"menu_order":0,"comment_status":"closed","ping_status":"closed","template":"","meta":{"_acf_changed":false,"footnotes":""},"class_list":["post-68898","page","type-page","status-publish","hentry"],"acf":[],"_links":{"self":[{"href":"https:\/\/www.solargard.com\/fr\/wp-json\/wp\/v2\/pages\/68898","targetHints":{"allow":["GET"]}}],"collection":[{"href":"https:\/\/www.solargard.com\/fr\/wp-json\/wp\/v2\/pages"}],"about":[{"href":"https:\/\/www.solargard.com\/fr\/wp-json\/wp\/v2\/types\/page"}],"author":[{"embeddable":true,"href":"https:\/\/www.solargard.com\/fr\/wp-json\/wp\/v2\/users\/27"}],"replies":[{"embeddable":true,"href":"https:\/\/www.solargard.com\/fr\/wp-json\/wp\/v2\/comments?post=68898"}],"version-history":[{"count":0,"href":"https:\/\/www.solargard.com\/fr\/wp-json\/wp\/v2\/pages\/68898\/revisions"}],"up":[{"embeddable":true,"href":"https:\/\/www.solargard.com\/fr\/wp-json\/wp\/v2\/pages\/68714"}],"wp:attachment":[{"href":"https:\/\/www.solargard.com\/fr\/wp-json\/wp\/v2\/media?parent=68898"}],"curies":[{"name":"wp","href":"https:\/\/api.w.org\/{rel}","templated":true}]}}