{"id":72580,"date":"2018-05-24T08:03:47","date_gmt":"2018-05-24T08:03:47","guid":{"rendered":"https:\/\/www.solargard.com\/cookies-policy\/"},"modified":"2024-07-18T12:16:57","modified_gmt":"2024-07-18T20:16:57","slug":"cookies-policy","status":"publish","type":"page","link":"https:\/\/www.solargard.com\/fr\/cookies-policy\/","title":{"rendered":"POLITIQUE DE COOKIES"},"content":{"rendered":"<div class=\"wpb-content-wrapper\"><p>[vc_row][vc_column][vc_column_text css=\u00a0\u00bb\u00a0\u00bb]<\/p>\n<h3 class=\"text-white h1\"><span style=\"color: #333333;\">POLITIQUE D&rsquo;UTILISATION DES COOKIES<\/span><\/h3>\n<p>La Compagnie de Saint-Gobain ainsi que des tiers et d&rsquo;autres partenaires utilisent des cookies et d&rsquo;autres technologies d&rsquo;identification sur son site Web, sur ses applications mobiles et dans ses communications par e-mail, notamment pour : \u00e9tablir la popularit\u00e9 d&rsquo;un contenu et permettre \u00e0 des tiers de d\u00e9livrer des campagnes publicitaires personnalis\u00e9es, analyser le trafic du site et les tendances, se souvenir des pr\u00e9f\u00e9rences et param\u00e8tres des utilisateurs et, d&rsquo;une mani\u00e8re g\u00e9n\u00e9rale, comprendre les comportements en ligne et les int\u00e9r\u00eats des personnes qui interagissent avec nos services.<\/p>\n<h4>Suis-je concern\u00e9(e) par la r\u00e8glementation sur les Cookies ?<\/h4>\n<p>Les r\u00e8gles relatives aux cookies sont couvertes par la directive 2002\/58\/CE du Parlement europ\u00e9en et du Conseil du 12 juillet 2002 concernant le traitement des donn\u00e9es \u00e0 caract\u00e8re personnel et la protection de la vie priv\u00e9e dans le secteur des communications \u00e9lectroniques (directive vie priv\u00e9e et communications \u00e9lectroniques). La directive couvre \u00e9galement l&rsquo;utilisation de technologies similaires pour le stockage ou l&rsquo;acc\u00e8s aux informations, telles que les \u00ab\u00a0cookies Flash\u00a0\u00bb et les identifications par calcul d\u2019empreinte du terminal.<\/p>\n<p>Les organisations doivent fournir des informations claires et compl\u00e8tes sur la fa\u00e7on dont elles utilisent les cookies et veiller \u00e0 ce que, pour tout cookie qui n&rsquo;est pas strictement n\u00e9cessaire pour leur site web, elles vous donnent un moyen appropri\u00e9 de consentir \u00e0 ce que ce cookie soit plac\u00e9 sur votre appareil ; sauf exception pr\u00e9vue par la r\u00e9glementation.<\/p>\n<p>&nbsp;<\/p>\n<h4>Quels sont les cookies utilis\u00e9s ?<\/h4>\n<p>Vous trouverez ci-dessous les cookies utilis\u00e9s sur le site Saint-Gobain.com et leur finalit\u00e9 :<\/p>\n<h4 style=\"font-weight: 600;\">Liste des cookies<\/h4>\n<p>Un cookie est un petit fichier de donn\u00e9es (fichier texte) qu&rsquo;un site Web, lorsqu&rsquo;il est consult\u00e9 par un utilisateur, demande \u00e0 votre navigateur de stocker sur votre appareil afin de m\u00e9moriser des informations vous concernant, telles que vos pr\u00e9f\u00e9rences linguistiques ou informations de connexion. Nous configurons ces cookies appel\u00e9s cookies internes. Nous utilisons \u00e9galement des cookies tiers, qui sont des cookies d&rsquo;un domaine diff\u00e9rent de celui du site Web que vous consultez, pour nos efforts de publicit\u00e9 et de marketing. Plus concr\u00e8tement, nous utilisons des cookies et d&rsquo;autres technologies de suivi selon les finalit\u00e9s suivantes :<\/p>\n<h4 style=\"font-weight: 600;\">Cookies de fonctionnalit\u00e9<\/h4>\n<p>Ces cookies permettent d\u2019am\u00e9liorer et de personnaliser les fonctionnalit\u00e9s du site Web. Ils peuvent \u00eatre activ\u00e9s par nos \u00e9quipes, ou par des tiers dont les services sont utilis\u00e9s sur les pages de notre site Web. Si vous n&rsquo;acceptez pas ces cookies, une partie ou la totalit\u00e9 de ces services risquent de ne pas fonctionner correctement.<\/p>\n<p>Cookies de fonctionnalit\u00e9Sous-groupe de cookiesCookiesCookies utilis\u00e9sDur\u00e9e de vie<\/p>\n<table>\n<tbody>\n<tr>\n<td data-label=\"Sous-groupe de cookies\"><a href=\"https:\/\/cookiepedia.co.uk\/host\/flickrembed.com\" aria-label=\"flickrembed.com S&#039;ouvre dans un nouvel onglet\" target=\"_blank\" rel=\"noopener\">flickrembed.com<\/a><\/td>\n<td data-label=\"Cookies\"><span>__cfduid<\/span><\/td>\n<td data-label=\"Cookies utilis\u00e9s\"><span>Cookies tiers<\/span><\/td>\n<td data-label=\"Dur\u00e9e de vie\"><span>30 Jours<\/span><\/td>\n<\/tr>\n<tr>\n<td data-label=\"Sous-groupe de cookies\"><a href=\"https:\/\/cookiepedia.co.uk\/host\/glassdoor.be\" aria-label=\"glassdoor.be S&#039;ouvre dans un nouvel onglet\" target=\"_blank\" rel=\"noopener\">glassdoor.be<\/a><\/td>\n<td data-label=\"Cookies\"><span>__cf_bm, _cfuvid<\/span><\/td>\n<td data-label=\"Cookies utilis\u00e9s\"><span>Cookies tiers<\/span><\/td>\n<td data-label=\"Dur\u00e9e de vie\"><span>quelques secondes, Session<\/span><\/td>\n<\/tr>\n<tr>\n<td data-label=\"Sous-groupe de cookies\"><a href=\"https:\/\/cookiepedia.co.uk\/host\/www.bfmtv.com\" aria-label=\"www.bfmtv.com S&#039;ouvre dans un nouvel onglet\" target=\"_blank\" rel=\"noopener\">www.bfmtv.com<\/a><\/td>\n<td data-label=\"Cookies\"><span>_cb, _chartbeat2, _v__chartbeat3, _cb_ls, _v__cb_cp, _cb_svref<\/span><\/td>\n<td data-label=\"Cookies utilis\u00e9s\"><span>Cookies tiers<\/span><\/td>\n<td data-label=\"Dur\u00e9e de vie\"><span>395 Jours, 395 Jours, 395 Jours, 395 Jours, quelques secondes, quelques secondes<\/span><\/td>\n<\/tr>\n<tr>\n<td data-label=\"Sous-groupe de cookies\"><a href=\"https:\/\/cookiepedia.co.uk\/host\/fr.glassdoor.be\" aria-label=\"fr.glassdoor.be S&#039;ouvre dans un nouvel onglet\" target=\"_blank\" rel=\"noopener\">fr.glassdoor.be<\/a><\/td>\n<td data-label=\"Cookies\"><span>AWSALBCORS, cass, gdId, trs, AWSALB, GSESSIONID, JSESSIONID, gdsid, asst, alr, SameSite, ADRUM_BTa<\/span><\/td>\n<td data-label=\"Cookies utilis\u00e9s\"><span>Cookies tiers<\/span><\/td>\n<td data-label=\"Dur\u00e9e de vie\"><span>7 Jours, quelques secondes, 3650 Jours, 365 Jours, 7 Jours, quelques secondes, quelques secondes, quelques secondes, quelques secondes, quelques secondes, quelques secondes, quelques secondes<\/span><\/td>\n<\/tr>\n<\/tbody>\n<\/table>\n<h4 style=\"font-weight: 600;\">Cookies analytiques<\/h4>\n<p>Ces cookies nous permettent de compter les visites et les sources de trafic afin de pouvoir mesurer et am\u00e9liorer les performances de notre site. Ils nous aident \u00e0 savoir quelles sont les pages les plus et les moins populaires et \u00e0 voir comment les visiteurs se d\u00e9placent sur le site. Toutes les informations recueillies par ces cookies sont agr\u00e9g\u00e9es et donc anonymes. Si vous n&rsquo;autorisez pas ces cookies, nous ne saurons pas quand vous avez visit\u00e9 notre site et nous ne serons pas en mesure de contr\u00f4ler ses performances.<\/p>\n<p>Cookies analytiquesSous-groupe de cookiesCookiesCookies utilis\u00e9sDur\u00e9e de vie<\/p>\n<table>\n<tbody>\n<tr>\n<td data-label=\"Sous-groupe de cookies\">nr-data.net<\/td>\n<td data-label=\"Cookies\"><span><a href=\"https:\/\/cookiepedia.co.uk\/cookies\/nr-1184.min.js\" aria-label=\"nr-1184.min.js S&#039;ouvre dans un nouvel onglet\" target=\"_blank\" rel=\"noopener\">nr-1184.min.js<\/a><\/span><\/td>\n<td data-label=\"Cookies utilis\u00e9s\"><span>Cookies internes<\/span><\/td>\n<td data-label=\"Dur\u00e9e de vie\"><span>Session<\/span><\/td>\n<\/tr>\n<\/tbody>\n<\/table>\n<h4 style=\"font-weight: 600;\">Cookies de ciblage<\/h4>\n<p>Ces cookies peuvent \u00eatre d\u00e9pos\u00e9s via notre site par nos partenaires publicitaires. Ils peuvent \u00eatre utilis\u00e9s par ces soci\u00e9t\u00e9s pour \u00e9tablir un profil de vos int\u00e9r\u00eats et vous montrer des publicit\u00e9s pertinentes sur d&rsquo;autres sites. Si vous n\u2019autorisez pas ces cookies, des publicit\u00e9s vous seront toujours pr\u00e9sent\u00e9es, mais elles ne seront pas adapt\u00e9es \u00e0 vos int\u00e9r\u00eats.<\/p>\n<p>Cookies de ciblageSous-groupe de cookiesCookiesCookies utilis\u00e9sDur\u00e9e de vie<\/p>\n<table>\n<tbody>\n<tr>\n<td data-label=\"Sous-groupe de cookies\"><a href=\"https:\/\/cookiepedia.co.uk\/host\/linkedin.com\" aria-label=\"linkedin.com S&#039;ouvre dans un nouvel onglet\" target=\"_blank\" rel=\"noopener\">linkedin.com<\/a><\/td>\n<td data-label=\"Cookies\"><span>lang<\/span><\/td>\n<td data-label=\"Cookies utilis\u00e9s\"><span>Cookies tiers<\/span><\/td>\n<td data-label=\"Dur\u00e9e de vie\"><span>Session<\/span><\/td>\n<\/tr>\n<tr>\n<td data-label=\"Sous-groupe de cookies\"><a href=\"https:\/\/cookiepedia.co.uk\/host\/www.linkedin.com\" aria-label=\"www.linkedin.com S&#039;ouvre dans un nouvel onglet\" target=\"_blank\" rel=\"noopener\">www.linkedin.com<\/a><\/td>\n<td data-label=\"Cookies\"><span>JSESSIONID, li_alerts<\/span><\/td>\n<td data-label=\"Cookies utilis\u00e9s\"><span>Cookies tiers<\/span><\/td>\n<td data-label=\"Dur\u00e9e de vie\"><span>Session, 364 Jours<\/span><\/td>\n<\/tr>\n<tr>\n<td data-label=\"Sous-groupe de cookies\"><a href=\"https:\/\/cookiepedia.co.uk\/host\/soundcloud.com\" aria-label=\"soundcloud.com S&#039;ouvre dans un nouvel onglet\" target=\"_blank\" rel=\"noopener\">soundcloud.com<\/a><\/td>\n<td data-label=\"Cookies\"><span>datadome<\/span><\/td>\n<td data-label=\"Cookies utilis\u00e9s\"><span>Cookies tiers<\/span><\/td>\n<td data-label=\"Dur\u00e9e de vie\"><span>364 Jours<\/span><\/td>\n<\/tr>\n<tr>\n<td data-label=\"Sous-groupe de cookies\"><a href=\"https:\/\/cookiepedia.co.uk\/host\/scorecardresearch.com\" aria-label=\"scorecardresearch.com S&#039;ouvre dans un nouvel onglet\" target=\"_blank\" rel=\"noopener\">scorecardresearch.com<\/a><\/td>\n<td data-label=\"Cookies\"><span>UID<\/span><\/td>\n<td data-label=\"Cookies utilis\u00e9s\"><span>Cookies tiers<\/span><\/td>\n<td data-label=\"Dur\u00e9e de vie\"><span>720 Jours<\/span><\/td>\n<\/tr>\n<\/tbody>\n<\/table>\n<h4 style=\"font-weight: 600;\">Cookies strictement n\u00e9cessaires<\/h4>\n<p>Ces cookies sont n\u00e9cessaires au fonctionnement du site web et ne peuvent \u00eatre d\u00e9sactiv\u00e9s dans nos syst\u00e8mes. Ils ne sont g\u00e9n\u00e9ralement install\u00e9s qu&rsquo;en r\u00e9ponse \u00e0 des actions de votre part qui \u00e9quivalent \u00e0 une demande de services, comme la d\u00e9finition de vos pr\u00e9f\u00e9rences en mati\u00e8re de confidentialit\u00e9, la connexion ou le remplissage de formulaires. Vous pouvez configurer votre navigateur pour qu&rsquo;il bloque ces cookies ou vous alerte \u00e0 leur sujet, mais certaines parties du site ne fonctionneront alors pas. Ces cookies ne stockent pas d&rsquo;informations permettant de vous identifier personnellement.<\/p>\n<p>Cookies strictement n\u00e9cessairesSous-groupe de cookiesCookiesCookies utilis\u00e9sDur\u00e9e de vie<\/p>\n<table>\n<tbody>\n<tr>\n<td data-label=\"Sous-groupe de cookies\">cdn.facil-iti.app<\/td>\n<td data-label=\"Cookies\"><span><a href=\"https:\/\/cookiepedia.co.uk\/cookies\/FACIL_iti\" aria-label=\"FACIL_iti S&#039;ouvre dans un nouvel onglet\" target=\"_blank\" rel=\"noopener\">FACIL_iti<\/a><\/span><\/td>\n<td data-label=\"Cookies utilis\u00e9s\"><span>Cookies internes<\/span><\/td>\n<td data-label=\"Dur\u00e9e de vie\"><span>Session<\/span><\/td>\n<\/tr>\n<tr>\n<td data-label=\"Sous-groupe de cookies\">saint-gobain.com<\/td>\n<td data-label=\"Cookies\"><span><a href=\"https:\/\/cookiepedia.co.uk\/cookies\/visid_incap_XXXXXX\" aria-label=\"visid_incap_XXXXXX S&#039;ouvre dans un nouvel onglet\" target=\"_blank\" rel=\"noopener\">visid_incap_XXXXXX\u00a0<\/a>,\u00a0<a href=\"https:\/\/cookiepedia.co.uk\/cookies\/incap_ses_*\" aria-label=\"incap_ses_* S&#039;ouvre dans un nouvel onglet\" target=\"_blank\" rel=\"noopener\">incap_ses_*\u00a0<\/a>,\u00a0<a href=\"https:\/\/cookiepedia.co.uk\/cookies\/incap_ses_9218_1469129\" aria-label=\"incap_ses_9218_1469129 S&#039;ouvre dans un nouvel onglet\" target=\"_blank\" rel=\"noopener\">incap_ses_9218_1469129\u00a0<\/a>,\u00a0<a href=\"https:\/\/cookiepedia.co.uk\/cookies\/incap_ses_8076_1469129\" aria-label=\"incap_ses_8076_1469129 S&#039;ouvre dans un nouvel onglet\" target=\"_blank\" rel=\"noopener\">incap_ses_8076_1469129<\/a><\/span><\/td>\n<td data-label=\"Cookies utilis\u00e9s\"><span>Cookies internes<\/span><\/td>\n<td data-label=\"Dur\u00e9e de vie\"><span>365 Jours, Session, Session, Session<\/span><\/td>\n<\/tr>\n<tr>\n<td data-label=\"Sous-groupe de cookies\">www.saint-gobain.com<\/td>\n<td data-label=\"Cookies\"><span><a href=\"https:\/\/cookiepedia.co.uk\/cookies\/OptanonConsent\" aria-label=\"OptanonConsent S&#039;ouvre dans un nouvel onglet\" target=\"_blank\" rel=\"noopener\">OptanonConsent\u00a0<\/a>,\u00a0<a href=\"https:\/\/cookiepedia.co.uk\/cookies\/OptanonAlertBoxClosed\" aria-label=\"OptanonAlertBoxClosed S&#039;ouvre dans un nouvel onglet\" target=\"_blank\" rel=\"noopener\">OptanonAlertBoxClosed\u00a0<\/a>,\u00a0<a href=\"https:\/\/cookiepedia.co.uk\/cookies\/eupubconsent\" aria-label=\"eupubconsent S&#039;ouvre dans un nouvel onglet\" target=\"_blank\" rel=\"noopener\">eupubconsent<\/a><\/span><\/td>\n<td data-label=\"Cookies utilis\u00e9s\"><span>Cookies internes<\/span><\/td>\n<td data-label=\"Dur\u00e9e de vie\"><span>365 Jours, 365 Jours, 2914079 Jours<\/span><\/td>\n<\/tr>\n<tr>\n<td data-label=\"Sous-groupe de cookies\"><a href=\"https:\/\/cookiepedia.co.uk\/host\/content.saint-gobain.io\" aria-label=\"content.saint-gobain.io S&#039;ouvre dans un nouvel onglet\" target=\"_blank\" rel=\"noopener\">content.saint-gobain.io<\/a><\/td>\n<td data-label=\"Cookies\"><span>incap_ses_9218_1912165, incap_ses_8076_1912165<\/span><\/td>\n<td data-label=\"Cookies utilis\u00e9s\"><span>Cookies tiers<\/span><\/td>\n<td data-label=\"Dur\u00e9e de vie\"><span>Session, Session<\/span><\/td>\n<\/tr>\n<tr>\n<td data-label=\"Sous-groupe de cookies\"><a href=\"https:\/\/cookiepedia.co.uk\/host\/ws.facil-it.com\" aria-label=\"ws.facil-it.com S&#039;ouvre dans un nouvel onglet\" target=\"_blank\" rel=\"noopener\">ws.facil-it.com<\/a><\/td>\n<td data-label=\"Cookies\"><span>FACIL_ITI_CACHE<\/span><\/td>\n<td data-label=\"Cookies utilis\u00e9s\"><span>Cookies tiers<\/span><\/td>\n<td data-label=\"Dur\u00e9e de vie\"><span>Session<\/span><\/td>\n<\/tr>\n<\/tbody>\n<\/table>\n<h3><\/h3>\n<h3><\/h3>\n<h3><span style=\"color: #333333;\">Comment puis-je g\u00e9rer mes pr\u00e9f\u00e9rences en mati\u00e8re de Cookies ?<\/span><\/h3>\n<h4>DEPUIS LE CENTRE DE PREFERENCES MIS A DISPOSITION SUR LE SITE SAINT-GOBAIN.COM<\/h4>\n<p>Vous avez le choix d&rsquo;accepter ou non les cookies sauf pour les cookies strictement n\u00e9cessaires pour la d\u00e9livrance de nos services qui seront syst\u00e9matiquement d\u00e9pos\u00e9s. Pour les cookies soumis \u00e0 votre consentement pr\u00e9alable, vous pouvez formuler ces choix \u00e0 tout moment en acc\u00e9dant au Centre de pr\u00e9f\u00e9rences :<\/p>\n<p>&#8211;<span>\u00a0<\/span>En cliquant sur \u00ab Param\u00e9trer les Cookies \u00bb dans le bandeau d\u2019information relatif \u00e0 notre utilisation des Cookies.<\/p>\n<p>&#8211;<span>\u00a0<\/span>En cliquant sur l\u2019ic\u00f4ne \u00ab Param\u00e9trer les Cookies \u00bb accessible \u00e0 tout moment lors de votre navigation en bas, \u00e0 gauche de votre \u00e9cran, et dans la pr\u00e9sente politique.<\/p>\n<p>Param\u00e9trer les Cookies<\/p>\n<h4>DEPUIS LE NAVIGATEUR<\/h4>\n<p>Vous pouvez utiliser votre navigateur web pour :<\/p>\n<ul>\n<li>supprimer tous les cookies ;<\/li>\n<li>bloquer tous les cookies ;<\/li>\n<li>autoriser tous les cookies ;<\/li>\n<li>bloquer les cookies \u00ab\u00a0tiers\u00a0\u00bb (c&rsquo;est-\u00e0-dire les cookies d\u00e9finis par des services en ligne autres que celui que vous visitez) ;<\/li>\n<li>effacer tous les cookies lorsque vous fermez le navigateur ;<\/li>\n<li>ouvrir une session de \u00ab\u00a0navigation priv\u00e9e\u00a0\u00bb \/ \u00ab\u00a0incognito\u00a0\u00bb, qui vous permet de naviguer sur le web sans enregistrer votre historique de navigation ou stocker des donn\u00e9es locales telles que les cookies (vous devez toutefois \u00eatre conscient des limites de cette fonction dans un contexte de confidentialit\u00e9) ; et<\/li>\n<li>installer des modules compl\u00e9mentaires et des plugins qui \u00e9tendent les fonctionnalit\u00e9s du navigateur.<\/li>\n<\/ul>\n<p>Ces op\u00e9rations sont cependant susceptibles d\u2019entra\u00eener la suppression de tous les cookies utilis\u00e9s par le navigateur, y compris ceux employ\u00e9s par d\u2019autres sites web, ce qui peut conduire \u00e0 l&rsquo;alt\u00e9ration ou la perte de certains r\u00e9glages ou informations et \u00e0 rendre difficile la navigation sur le site web.<\/p>\n<h4>Informations utiles<\/h4>\n<ul>\n<li>Un certain nombre de sites web fournissent des informations d\u00e9taill\u00e9es sur les cookies, notamment<span><\/span><a href=\"http:\/\/www.aboutcookies.org\/\" target=\"_blank\" rel=\"noopener\">AboutCookies.org<\/a><span>\u00a0<\/span>et<span>\u00a0<\/span><a href=\"http:\/\/www.allaboutcookies.org\/\" target=\"_blank\" rel=\"noopener\">AllAboutCookies.org<\/a>.<\/li>\n<li>Le site web de l&rsquo;Alliance europ\u00e9enne pour la publicit\u00e9 num\u00e9rique interactive,<span><\/span><a href=\"http:\/\/www.youronlinechoices.com\/uk\" target=\"_blank\" rel=\"noopener\">Your Online Choices<\/a>, vous permet d&rsquo;installer des cookies de d\u00e9sactivation sur diff\u00e9rents r\u00e9seaux publicitaires.<\/li>\n<li>Google a mis au point un<span><\/span><a href=\"http:\/\/tools.google.com\/dlpage\/gaoptout\" target=\"_blank\" rel=\"noopener\">module compl\u00e9mentaire de navigateur<\/a><span>\u00a0<\/span>qui permet aux utilisateurs de refuser l&rsquo;acc\u00e8s \u00e0 Google Analytics pour tous les sites web qui l&rsquo;utilisent. Ce module est \u00e9galement disponible dans la<span>\u00a0<\/span><a href=\"https:\/\/chrome.google.com\/webstore\/detail\/google-analytics-opt-out\/fllaojicojecljbmefodhfapmkghcbnh?hl=en\" target=\"_blank\" rel=\"noopener\">boutique en ligne Chrome<\/a>.<\/li>\n<li>Certains navigateurs comprennent une fonction appel\u00e9e \u00ab\u00a0Ne pas suivre\u00a0\u00bb ou DNT. Cette fonction vous permet d&rsquo;indiquer une pr\u00e9f\u00e9rence pour que les sites web ne vous suivent pas. Toutefois, si la fonction DNT est disponible dans de nombreux navigateurs, les sites web ne sont pas tenus de reconna\u00eetre sa demande, de sorte qu&rsquo;elle ne fonctionne pas toujours. Vous pouvez obtenir de l&rsquo;aide sur l&rsquo;utilisation de DNT dans<span><\/span><a href=\"https:\/\/privacy.microsoft.com\/en-us\/windows-10-microsoft-edge-and-privacy\" target=\"_blank\" rel=\"noopener\">Microsoft Edge<\/a>,<span>\u00a0<\/span><a href=\"https:\/\/support.microsoft.com\/en-gb\/help\/17288\/windows-internet-explorer-11-use-do-not-track\" target=\"_blank\" rel=\"noopener\">Internet Explorer<\/a>,<span>\u00a0<\/span><a href=\"https:\/\/support.mozilla.org\/en-US\/kb\/settings-privacy-browsing-history-do-not-track\" target=\"_blank\" rel=\"noopener\">Firefox<\/a>,<span>\u00a0<\/span><a href=\"https:\/\/support.google.com\/chrome\/answer\/2790761\" target=\"_blank\" rel=\"noopener\">Chrome<\/a>,<span>\u00a0<\/span><a href=\"https:\/\/support.apple.com\/en-gb\/guide\/safari\/prevent-websites-from-tracking-you-sfri40732\/mac\" target=\"_blank\" rel=\"noopener\">Safari<\/a><span>\u00a0<\/span>et<span>\u00a0<\/span><a href=\"https:\/\/help.opera.com\/en\/latest\/security-and-privacy\/#tracking\" target=\"_blank\" rel=\"noopener\">Opera<\/a>.<\/li>\n<li>\u00a0 \u00a0<span><\/span>Internet Explorer dispose d&rsquo;une fonction appel\u00e9e \u00ab\u00a0<a href=\"https:\/\/www.microsoft.com\/en-us\/iegallery\" target=\"_blank\" rel=\"noopener\">Tracking Protection Lists<\/a>\u00a0\u00bb qui vous permet d&rsquo;importer une liste de sites web que vous souhaitez bloquer.<\/li>\n<li>Pour plus d&rsquo;informations sur le fonctionnement de la navigation priv\u00e9e ainsi que sur ses limites, consultez les pages d&rsquo;aide de votre navigateur :<span><\/span><a href=\"https:\/\/support.microsoft.com\/en-gb\/help\/4026200\/windows-browse-inprivate-in-microsoft-edge\" target=\"_blank\" rel=\"noopener\">Microsoft Edge<\/a>,<span>\u00a0<\/span><a href=\"https:\/\/support.microsoft.com\/en-gb\/help\/17479\/windows-internet-explorer-11-change-security-privacy-settings\" target=\"_blank\" rel=\"noopener\">Internet Explorer<\/a>,<span>\u00a0<\/span><a href=\"https:\/\/support.mozilla.org\/en-US\/kb\/private-browsing-use-firefox-without-history\" target=\"_blank\" rel=\"noopener\">Firefox<\/a>,<span>\u00a0<\/span><a href=\"https:\/\/support.google.com\/chrome\/answer\/95464\" target=\"_blank\" rel=\"noopener\">Chrome<\/a>,<span>\u00a0<\/span><a href=\"https:\/\/support.apple.com\/en-gb\/HT201265\" target=\"_blank\" rel=\"noopener\">Safari<\/a><span>\u00a0<\/span>et<span>\u00a0<\/span><a href=\"https:\/\/help.opera.com\/en\/latest\/security-and-privacy\/#privateWindow\" target=\"_blank\" rel=\"noopener\">Opera<\/a>.<\/li>\n<\/ul>\n<h4><\/h4>\n<h4>ANALYTICS<\/h4>\n<p>Ce site utilise Matomo pour analyser le trafic et nous aider \u00e0 am\u00e9liorer votre exp\u00e9rience utilisateur. Nous traitons votre adresse e-mail et votre adresse IP et les cookies sont stock\u00e9s sur votre navigateur pendant 13 mois. Ces donn\u00e9es ne sont trait\u00e9es que par nous et notre plateforme d&rsquo;h\u00e9bergement Web.<span>\u00a0<\/span><a href=\"https:\/\/www.saint-gobain.com\/fr\/vos-donnees-et-vos-droits\" target=\"_blank\" rel=\"noopener\">Veuillez lire notre politique de confidentialit\u00e9 pour en savoir plus.<\/a><\/p>\n<p>[\/vc_column_text][\/vc_column][\/vc_row]<\/p>\n<\/div>","protected":false},"excerpt":{"rendered":"<p>[vc_row][vc_column][vc_column_text css=\u00a0\u00bb\u00a0\u00bb] POLITIQUE D&rsquo;UTILISATION DES COOKIES La Compagnie de Saint-Gobain ainsi que des tiers et d&rsquo;autres partenaires utilisent des cookies et d&rsquo;autres technologies d&rsquo;identification sur son site Web, sur ses applications mobiles et dans ses communications par e-mail, notamment pour : \u00e9tablir la popularit\u00e9 d&rsquo;un contenu et permettre \u00e0 des tiers de d\u00e9livrer des campagnes &hellip; <a href=\"https:\/\/www.solargard.com\/fr\/cookies-policy\/\">Continued<\/a><\/p>\n","protected":false},"author":3,"featured_media":72567,"parent":0,"menu_order":0,"comment_status":"closed","ping_status":"closed","template":"","meta":{"_acf_changed":false,"footnotes":""},"class_list":["post-72580","page","type-page","status-publish","has-post-thumbnail","hentry"],"acf":[],"_links":{"self":[{"href":"https:\/\/www.solargard.com\/fr\/wp-json\/wp\/v2\/pages\/72580","targetHints":{"allow":["GET"]}}],"collection":[{"href":"https:\/\/www.solargard.com\/fr\/wp-json\/wp\/v2\/pages"}],"about":[{"href":"https:\/\/www.solargard.com\/fr\/wp-json\/wp\/v2\/types\/page"}],"author":[{"embeddable":true,"href":"https:\/\/www.solargard.com\/fr\/wp-json\/wp\/v2\/users\/3"}],"replies":[{"embeddable":true,"href":"https:\/\/www.solargard.com\/fr\/wp-json\/wp\/v2\/comments?post=72580"}],"version-history":[{"count":0,"href":"https:\/\/www.solargard.com\/fr\/wp-json\/wp\/v2\/pages\/72580\/revisions"}],"wp:featuredmedia":[{"embeddable":true,"href":"https:\/\/www.solargard.com\/fr\/wp-json\/wp\/v2\/media\/72567"}],"wp:attachment":[{"href":"https:\/\/www.solargard.com\/fr\/wp-json\/wp\/v2\/media?parent=72580"}],"curies":[{"name":"wp","href":"https:\/\/api.w.org\/{rel}","templated":true}]}}