{"id":75414,"date":"2017-07-12T05:24:23","date_gmt":"2017-07-12T05:24:23","guid":{"rendered":"https:\/\/www.solargard.com\/?page_id=75414"},"modified":"2020-09-22T05:51:48","modified_gmt":"2020-09-22T13:51:48","slug":"clearshield-pro","status":"publish","type":"page","link":"https:\/\/www.solargard.com\/fr\/clearshield-pro\/","title":{"rendered":"Clearshield Pro"},"content":{"rendered":"<div class=\"wpb-content-wrapper\"><p>[vc_row el_class=\u00a0\u00bbmain-desc\u00a0\u00bb][vc_column][vc_column_text el_class=\u00a0\u00bbclearshield-desc\u00a0\u00bb]<\/p>\n<h2 style=\"text-align: center;\">Clearshield<sup>\u00ae<\/sup> Pro Film de protection carrosserie : Une protection claire pour votre investissement automobile.<\/h2>\n<p style=\"text-align: center;\">M\u00eame si vous ne vous apercevrez m\u00eame pas de la pr\u00e9sence du film protection carrosserie Clearshield Pro, il sera constamment actif pour vous aider \u00e0 pr\u00e9server votre v\u00e9hicule des rayures et des impacts co\u00fbteux en r\u00e9paration.<\/p>\n<p>[\/vc_column_text][vc_raw_html]JTNDZGl2JTIwY2xhc3MlM0QlMjJjYXJfaG92ZXIlMjIlM0UlMEElMjAlM0NpbWclMjBzcmMlM0QlMjIlMkZ3cC1jb250ZW50JTJGdXBsb2FkcyUyRjIwMTclMkYwNyUyRnh4MjIuanBnJTIyJTIwJTJGJTNFJTBBJTIwJTIwJTIwJTIwJTIwJTIwJTIwJTIwJTNDZGl2JTIwaWQlM0QlMjJpaG90c3BvdDElMjIlMjBjbGFzcyUzRCUyMmlob3RzcG90JTIyJTNFJTBBJTIwJTIwJTIwJTIwJTIwJTIwJTIwJTIwJTNDJTJGZGl2JTNFJTBBJTIwJTIwJTIwJTIwJTIwJTIwJTIwJTIwJTNDZGl2JTIwaWQlM0QlMjJpaG90c3BvdDIlMjIlMjBjbGFzcyUzRCUyMmlob3RzcG90JTIyJTIwJTNFJTBBJTIwJTIwJTIwJTIwJTIwJTIwJTIwJTIwJTNDJTJGZGl2JTNFJTBBJTIwJTIwJTIwJTIwJTIwJTIwJTIwJTIwJTNDZGl2JTIwaWQlM0QlMjJpaG90c3BvdDMlMjIlMjBjbGFzcyUzRCUyMmlob3RzcG90JTIyJTIwJTNFJTBBJTIwJTIwJTIwJTIwJTIwJTIwJTIwJTIwJTNDJTJGZGl2JTNFJTBBJTIwJTIwJTIwJTIwJTIwJTIwJTIwJTIwJTNDZGl2JTIwaWQlM0QlMjJpaG90c3BvdDQlMjIlMjBjbGFzcyUzRCUyMmlob3RzcG90JTIyJTIwJTNFJTBBJTIwJTIwJTIwJTIwJTIwJTIwJTIwJTIwJTNDJTJGZGl2JTNFJTBBJTBBJTIwJTIwJTIwJTIwJTIwJTIwJTIwJTIwJTNDZGl2JTIwaWQlM0QlMjJpaG90c3BvdDUlMjIlMjBjbGFzcyUzRCUyMmlob3RzcG90JTIyJTIwJTNFJTBBJTIwJTIwJTIwJTIwJTIwJTIwJTIwJTIwJTNDJTJGZGl2JTNFJTBBJTBBJTIwJTIwJTIwJTIwJTIwJTIwJTIwJTIwJTNDZGl2JTIwaWQlM0QlMjJpaG90c3BvdDYlMjIlMjBjbGFzcyUzRCUyMmlob3RzcG90JTIyJTIwJTNFJTBBJTIwJTIwJTIwJTIwJTIwJTIwJTIwJTIwJTNDJTJGZGl2JTNFJTBBJTBBJTIwJTIwJTIwJTIwJTIwJTIwJTIwJTIwJTNDZGl2JTIwaWQlM0QlMjJpaG90c3BvdDclMjIlMjBjbGFzcyUzRCUyMmlob3RzcG90JTIyJTIwJTNFJTBBJTIwJTIwJTIwJTIwJTIwJTIwJTIwJTIwJTNDJTJGZGl2JTNFJTBBJTBBJTIwJTIwJTIwJTIwJTIwJTIwJTIwJTIwJTNDZGl2JTIwaWQlM0QlMjJpaG90c3BvdDglMjIlMjBjbGFzcyUzRCUyMmlob3RzcG90JTIyJTIwJTNFJTBBJTIwJTIwJTIwJTIwJTIwJTIwJTIwJTIwJTNDJTJGZGl2JTNFJTBBJTBBJTIwJTIwJTIwJTIwJTIwJTIwJTIwJTIwJTNDZGl2JTIwaWQlM0QlMjJpaG90c3BvdDklMjIlMjBjbGFzcyUzRCUyMmlob3RzcG90JTIyJTIwJTNFJTBBJTIwJTIwJTIwJTIwJTIwJTIwJTIwJTIwJTNDJTJGZGl2JTNFJTBBJTBBJTBBJTBBJTNDJTJGZGl2JTNFJTBB[\/vc_raw_html][vc_single_image image=\u00a0\u00bb89951&Prime; img_size=\u00a0\u00bblarge\u00a0\u00bb alignment=\u00a0\u00bbcenter\u00a0\u00bb el_class=\u00a0\u00bbcar-img mobimg\u00a0\u00bb][vc_column_text el_class=\u00a0\u00bbbenefits1&Prime;]<\/p>\n<div class=\"benefits\">\n<h2 style=\"text-align: center;\">L&rsquo;avantage est \u00e9vident. Le syst\u00e8me Solar Gard\u00ae Clearshield Pro &#8211; le d\u00e9veloppement le plus avanc\u00e9 dans la protection de peinture automobile vous offre :<\/h2>\n<p style=\"text-align: center;\"><strong>Ce film de protection est votre meilleure d\u00e9fense contre les \u00e9clats quotidiens sur la route qui peuvent endommager ou d\u00e9truire les surfaces peintes de votre v\u00e9hicule.<\/strong> Le film de protection de peinture Clearshield Pro apporte aux parties les plus vuln\u00e9rables de votre v\u00e9hicule un niveau de protection suppl\u00e9mentaire, invisible \u00e0 l\u2019\u0153il nu contre : les taches d\u2019insectes et les \u00e9raflures ; les rayures et les coupures ; les d\u00e9g\u00e2ts occasionn\u00e9s par les petits d\u00e9bris sur la route ; le sel de d\u00e9vergla\u00e7age et le sable.<\/p>\n<\/div>\n<p>[\/vc_column_text][vc_row_inner el_class=\u00a0\u00bbdiffrance_section webimg desktop_layered_point_hide\u00a0\u00bb][vc_column_inner el_class=\u00a0\u00bbleft_compare\u00a0\u00bb width=\u00a0\u00bb1\/2&Prime;][vc_column_text]<\/p>\n<h3 style=\"text-align: center;\"><strong>Composition des<\/strong> couches Produit standard \u00e0 rev\u00eatement sup\u00e9rieur<\/h3>\n<p style=\"text-align: center;\"><a href=\"#\"><img decoding=\"async\" class=\"alignnone layer_img1\" src=\"\/wp-content\/uploads\/2017\/05\/img_graph4.png\" alt=\"untitled-1\" \/><br \/>\n<\/a><\/p>\n<div class=\"compare\">\n<ul class=\"key-points\">\n<li>Couche de finition superpos\u00e9e<\/li>\n<li>Film d&rsquo;ur\u00e9thane<\/li>\n<li>Adh\u00e9sif de lamination<\/li>\n<li>Surface de rev\u00eatement<\/li>\n<\/ul>\n<\/div>\n<p>[\/vc_column_text][\/vc_column_inner][vc_column_inner el_class=\u00a0\u00bbright_compare\u00a0\u00bb width=\u00a0\u00bb1\/2&Prime;][vc_column_text]<\/p>\n<h3 style=\"text-align: center;\"><b>INFUS\u00c9<\/b> Clearshield<sup>\u00ae<\/sup> Pro<\/h3>\n<p style=\"text-align: center;\"><a href=\"#\"><img decoding=\"async\" class=\"alignnone layer_img1\" src=\"\/wp-content\/uploads\/2017\/05\/img_graph3.png\" alt=\"untitled-1\" \/><\/a><\/p>\n<div class=\"compare\">\n<ul style=\"text-align: left;\">\n<li>Clearshield Pro Couche sup\u00e9rieure infus\u00e9e<\/li>\n<li>Film d&rsquo;ur\u00e9thane<\/li>\n<li>Adh\u00e9sif de lamination<\/li>\n<li>Surface de rev\u00eatement<\/li>\n<\/ul>\n<\/div>\n<p>[\/vc_column_text][\/vc_column_inner][\/vc_row_inner][vc_row_inner el_class=\u00a0\u00bbdiffrance_section mobimg\u00a0\u00bb][vc_column_inner el_class=\u00a0\u00bbleft_compare\u00a0\u00bb][vc_column_text]<\/p>\n<p class=\"layer_title\" style=\"text-align: center;\">Layered<br \/>\nStandard Top Coated Product<\/p>\n<p style=\"text-align: center;\"><a href=\"\/wp-content\/uploads\/2017\/05\/layer_mob.png\"><img decoding=\"async\" class=\"alignnone size-full wp-image-56569\" src=\"\/wp-content\/uploads\/2017\/05\/layer_mob.png\" alt=\"layer_mob\" \/><\/a><a href=\"#\"><br \/>\n<\/a><\/p>\n<div class=\"compare\">\n<ul class=\"key-points\">\n<li>full-Vehicle Coverage<\/li>\n<li>MAINTAIN FACTORY FINISH<\/li>\n<li>PROTECTS AGAINST STAINS<\/li>\n<li>ARMOR AGAINST SCRATCHES AND ROAD HAZARDS<\/li>\n<li>HASSLE FREE INSTALLATION BY<br \/>\nOUR EXPERT INSTALLERS<\/li>\n<li>SUPERIOR OPTICAL CLARITY<\/li>\n<li>LIMITED 7 YEAR WARRANTY(*NORTH<br \/>\nAMERICA ONLY)<\/li>\n<\/ul>\n<\/div>\n<p>[\/vc_column_text][\/vc_column_inner][\/vc_row_inner][\/vc_column][\/vc_row][vc_row el_class=\u00a0\u00bbclearshield-pro-video\u00a0\u00bb el_id=\u00a0\u00bbclearshield-pro-video\u00a0\u00bb][vc_column][vc_row_inner][vc_column_inner][vc_column_text]<\/p>\n<h2>Voir Clearshield Pro en action!<\/h2>\n<p>Clearshield Pro est un film d\u2019ur\u00e9thane \u00e9pais et r\u00e9sistant, con\u00e7u pour r\u00e9sister \u00e0 l\u2019\u00e9nergie solaire, aux hautes temp\u00e9ratures et \u00e0 l\u2019impact.<\/p>\n<p>Le film de protection de peinture Clearshield Pro apporte aux parties les plus vuln\u00e9rables de votre v\u00e9hicule un niveau de protection suppl\u00e9mentaire contre les taches d&rsquo;insectes et les \u00e9raflures, les rayures et les coupures, les d\u00e9g\u00e2ts occasionn\u00e9s par les petits d\u00e9bris sur la route, le sel de d\u00e9vergla\u00e7age et le sable.[\/vc_column_text][\/vc_column_inner][\/vc_row_inner][vc_row_inner][vc_column_inner][vc_video link=\u00a0\u00bbhttps:\/\/player.vimeo.com\/video\/260267394&Prime;][\/vc_column_inner][\/vc_row_inner][\/vc_column][\/vc_row][vc_row full_width=\u00a0\u00bbstretch_row\u00a0\u00bb css=\u00a0\u00bb.vc_custom_1505760655997{background-image: url(https:\/\/www.solargard.com\/wp-content\/uploads\/2017\/05\/Untitled-4.jpg?id=61379) !important;background-position: center !important;background-repeat: no-repeat !important;background-size: cover !important;}\u00a0\u00bb el_class=\u00a0\u00bbback-car-img\u00a0\u00bb][vc_column el_class=\u00a0\u00bbtext-table\u00a0\u00bb][vc_column_text el_class=\u00a0\u00bbtest-desc\u00a0\u00bb]<\/p>\n<p style=\"text-align: center;\">Les consommateurs du monde entier font confiance \u00e0 Clearshield Pro et ont pass\u00e9 des tests rigoureux pour garantir que votre voiture reste prot\u00e9g\u00e9e.<\/p>\n<p>[\/vc_column_text][vc_column_text el_class=\u00a0\u00bbtable-testing\u00a0\u00bb]<\/p>\n<div class=\"table-responsive\">\n<table class=\"table table-dark\">\n<thead>\n<tr>\n<td>Tests<\/td>\n<td>R\u00e9sultat<\/td>\n<td>Pass\u00e9<\/td>\n<\/tr>\n<\/thead>\n<tbody>\n<tr>\n<td>Resistance Chimique &#8211; Stabilite Des Couleurs Des Temps Acceleres<\/td>\n<td>Pas De D\u00e9coloration<\/td>\n<td><img decoding=\"async\" src=\"\/wp-content\/uploads\/2017\/07\/check.png\" \/><\/td>\n<\/tr>\n<tr>\n<td>R\u00e9sistance Chimique &#8211; R\u00e9sistance Au Fissurage Par Rayonnement Acc\u00e9l\u00e9r\u00e9<\/td>\n<td>Pas De Fissures<\/td>\n<td><img decoding=\"async\" src=\"\/wp-content\/uploads\/2017\/07\/check.png\" \/><\/td>\n<\/tr>\n<tr>\n<td>Resistance Chimique &#8211; Resistance A L&rsquo;Eau De Pression<\/td>\n<td>Pas De S\u00e9paration<\/td>\n<td><img decoding=\"async\" src=\"\/wp-content\/uploads\/2017\/07\/check.png\" \/><\/td>\n<\/tr>\n<tr>\n<td>Resistance Chimique &#8211; Resistance A L&rsquo;Abrasion<\/td>\n<td>Pas De Poids<\/td>\n<td><img decoding=\"async\" src=\"\/wp-content\/uploads\/2017\/07\/check.png\" \/><\/td>\n<\/tr>\n<tr>\n<td>Resistance Chimique &#8211; Resistance A L&rsquo;Humidite<\/td>\n<td>Pas De Changement<\/td>\n<td><img decoding=\"async\" src=\"\/wp-content\/uploads\/2017\/07\/check.png\" \/><\/td>\n<\/tr>\n<tr>\n<td>Resistance Chimique &#8211; Carburant<\/td>\n<td>Pas De Changement<\/td>\n<td><img decoding=\"async\" src=\"\/wp-content\/uploads\/2017\/07\/check.png\" \/><\/td>\n<\/tr>\n<tr>\n<td>Resistance Chimique &#8211; Asphalte<\/td>\n<td>Pas De Changement<\/td>\n<td><img decoding=\"async\" src=\"\/wp-content\/uploads\/2017\/07\/check.png\" \/><\/td>\n<\/tr>\n<tr>\n<td>R\u00e9sistance Chimique &#8211; Agent De Nettoyage De V\u00e9hicule Commercial<\/td>\n<td>Pas De Changement<\/td>\n<td><img decoding=\"async\" src=\"\/wp-content\/uploads\/2017\/07\/check.png\" \/><\/td>\n<\/tr>\n<tr>\n<td colspan=\"3\"><a href=\"\/wp-content\/uploads\/2017\/07\/datasheet.pdf\" target=\"_blank\" rel=\"noopener noreferrer\">T\u00e9l\u00e9charger la fiche des donn\u00e9es <img decoding=\"async\" src=\"\/wp-content\/uploads\/2017\/07\/pdfs-512.png\" \/><\/a><\/td>\n<\/tr>\n<\/tbody>\n<\/table>\n<\/div>\n<p>[\/vc_column_text][\/vc_column][\/vc_row][vc_row][vc_column]<div class=\"section-title text-center\"><h2 class=\"\">CLEARSHIELD\u00ae PRO Questions fr\u00e9quemment pos\u00e9es<\/h2><\/div>[vc_toggle title=\u00a0\u00bbEst-ce que Clearshield emp\u00eache r\u00e9ellement les cailloux d&rsquo;\u00e9br\u00e9cher la peinture de l&rsquo;avant de ma voiture ?\u00a0\u00bb el_id=\u00a0\u00bb1494539914508-aff82929-8d73&Prime;]Le Clearshield emp\u00eache-t-il r\u00e9ellement les cailloux d\u2019\u00e9br\u00e9cher la peinture de l\u2019avant de ma voiture ?<\/p>\n<p>Oui. Le mat\u00e9riau qui le compose \u00e9tait con\u00e7u \u00e0 l&rsquo;origine pour prot\u00e9ger les bords d&rsquo;attaque des h\u00e9lices d&rsquo;avion et des ailettes de rotor des d\u00e9bris rocheux. Il est beaucoup plus facile de prot\u00e9ger la peinture de vos v\u00e9hicules que de prot\u00e9ger les h\u00e9lices d&rsquo;avion se d\u00e9pla\u00e7ant pratiquement \u00e0 la vitesse du son.[\/vc_toggle][vc_toggle title=\u00a0\u00bbPuis-je voir une ligne l\u00e0 o\u00f9 Clearshield s&rsquo;arr\u00eate ?\u00a0\u00bb el_id=\u00a0\u00bb1494539949017-f49f3315-f9e7&Prime;]Une ligne est l\u00e9g\u00e8rement visible l\u00e0 o\u00f9 le film s&rsquo;arr\u00eate, mais les trois alternatives \u00e0 cette ligne sont un d\u00e9flecteur de capot, une housse de calandre ou des d\u00e9bris rocheux, qui seront tous beaucoup plus visibles qu&rsquo;un film de protection de peinture. Dans quelle mesure le film est-il visible sur la voiture apr\u00e8s application ? Le mat\u00e9riau est transparent \u00e0 environ 99,5 %. Sur une couleur plus sombre que du blanc pur, vous ne pouvez pas voir le film. Sur une voiture de couleur blanc pur, vous pouvez voir 0,5 % de la couleur, mais c&rsquo;est \u00ab invisible \u00bb \u00e0 une courte distance. Combien de temps va-t-il durer ? Quand devrai-je remplacer le kit ? Notre produit est garanti 5 ans.[\/vc_toggle][vc_toggle title=\u00a0\u00bbComment applique-t-on Clearshield ?\u00a0\u00bb el_id=\u00a0\u00bb1494539970095-3dc67d33-7c91&Prime;]Notre machine ComputerCut\u00ae coupe le plastique dans des formes con\u00e7ues pour s&rsquo;adapter aux diff\u00e9rentes parties de votre voiture. Ces pi\u00e8ces sont ensuite appliqu\u00e9es au v\u00e9hicule d&rsquo;une mani\u00e8re tr\u00e8s similaire \u00e0 celle d&rsquo;une teinte de vitre. Les pi\u00e8ces de Clearshield et la surface peinte sont ensuite tremp\u00e9es avec une solution et le film est mis \u00e0 sa position exacte. Ensuite, l&rsquo;exc\u00e9dent de solution est racl\u00e9 pour qu&rsquo;en s\u00e9chant, le film adh\u00e8re \u00e0 la voiture.[\/vc_toggle][vc_toggle title=\u00a0\u00bbEst-ce que la d\u00e9coloration de ma peinture sous le film de protection sera diff\u00e9rente du reste de la voiture ?\u00a0\u00bb el_id=\u00a0\u00bb1494539990212-823ef6a3-90ee\u00a0\u00bb]La d\u00e9coloration de ma peinture sous le film de protection sera \u2013 t-elle diff\u00e9rente du reste de la voiture\u00a0?<\/p>\n<p>Non. Le mat\u00e9riau contient un inhibiteur qui emp\u00eache la r\u00e9action du plastique suite aux rayons ultraviolets du soleil, mais cela n&#8217;emp\u00eache pas les rayons ultraviolets de passer via le plastique dans votre peinture.[\/vc_toggle][vc_toggle title=\u00a0\u00bbEst-ce que le Clearshield peut \u00eatre enlev\u00e9 ?\u00a0\u00bb el_id=\u00a0\u00bb1494540096493-eee74f1f-a106&Prime;]Le clearshield peut \u2013il \u00eatre enlev\u00e9\u00a0?<\/p>\n<p>Oui. Il peut \u00eatre facilement enlev\u00e9 et n&rsquo;endommagera pas la peinture. Pour enlever le film, vous devez chauffer le Clearshield sur votre voiture \u00e0 environ 150\u00b0 avec un pistolet thermique ou un s\u00e8che-cheveux. Commencez dans un coin et travaillez progressivement le film avec le doigt. Lorsque suffisamment de mat\u00e9riau a \u00e9t\u00e9 d\u00e9coll\u00e9 de la surface, tirez lentement le film de la peinture en travaillant juste derri\u00e8re la source de chaleur. Le film sera facilement lib\u00e9r\u00e9 de la peinture et ne laissera aucune trace.[\/vc_toggle][\/vc_column][\/vc_row][vc_row full_width=\u00a0\u00bbstretch_row\u00a0\u00bb css=\u00a0\u00bb.vc_custom_1494481330729{padding-top: 0px !important;padding-bottom: 0px !important;background-color: #f9b800 !important;}\u00a0\u00bb el_class=\u00a0\u00bblaeatn-more-butn\u00a0\u00bb][vc_column width=\u00a0\u00bb2\/3&Prime;][vc_column_text]<\/p>\n<h4>Trouvez un applicateur professionnel ind\u00e9pendant pr\u00e8s de chez vous.<\/h4>\n<p>[\/vc_column_text][\/vc_column][vc_column width=\u00a0\u00bb1\/3&Prime;][vc_btn title=\u00a0\u00bbTROUVER UN APPLICATEUR\u00a0\u00bb style=\u00a0\u00bbflat\u00a0\u00bb shape=\u00a0\u00bbsquare\u00a0\u00bb color=\u00a0\u00bbprimary\u00a0\u00bb link=\u00a0\u00bburl:https%3A%2F%2Fwww.solargard.com%2Ffr%2Ftrouver-un-applicateur%2F|||\u00a0\u00bb][\/vc_column][\/vc_row]<\/p>\n<\/div>","protected":false},"excerpt":{"rendered":"<p>[vc_row el_class=\u00a0\u00bbmain-desc\u00a0\u00bb][vc_column][vc_column_text el_class=\u00a0\u00bbclearshield-desc\u00a0\u00bb] Clearshield\u00ae Pro Film de protection carrosserie : Une protection claire pour votre investissement automobile. M\u00eame si vous ne vous apercevrez m\u00eame pas de la pr\u00e9sence du film protection carrosserie Clearshield Pro, il sera constamment actif pour vous aider \u00e0 pr\u00e9server votre v\u00e9hicule des rayures et des impacts co\u00fbteux en r\u00e9paration. [\/vc_column_text][vc_raw_html]JTNDZGl2JTIwY2xhc3MlM0QlMjJjYXJfaG92ZXIlMjIlM0UlMEElMjAlM0NpbWclMjBzcmMlM0QlMjIlMkZ3cC1jb250ZW50JTJGdXBsb2FkcyUyRjIwMTclMkYwNyUyRnh4MjIuanBnJTIyJTIwJTJGJTNFJTBBJTIwJTIwJTIwJTIwJTIwJTIwJTIwJTIwJTNDZGl2JTIwaWQlM0QlMjJpaG90c3BvdDElMjIlMjBjbGFzcyUzRCUyMmlob3RzcG90JTIyJTNFJTBBJTIwJTIwJTIwJTIwJTIwJTIwJTIwJTIwJTNDJTJGZGl2JTNFJTBBJTIwJTIwJTIwJTIwJTIwJTIwJTIwJTIwJTNDZGl2JTIwaWQlM0QlMjJpaG90c3BvdDIlMjIlMjBjbGFzcyUzRCUyMmlob3RzcG90JTIyJTIwJTNFJTBBJTIwJTIwJTIwJTIwJTIwJTIwJTIwJTIwJTNDJTJGZGl2JTNFJTBBJTIwJTIwJTIwJTIwJTIwJTIwJTIwJTIwJTNDZGl2JTIwaWQlM0QlMjJpaG90c3BvdDMlMjIlMjBjbGFzcyUzRCUyMmlob3RzcG90JTIyJTIwJTNFJTBBJTIwJTIwJTIwJTIwJTIwJTIwJTIwJTIwJTNDJTJGZGl2JTNFJTBBJTIwJTIwJTIwJTIwJTIwJTIwJTIwJTIwJTNDZGl2JTIwaWQlM0QlMjJpaG90c3BvdDQlMjIlMjBjbGFzcyUzRCUyMmlob3RzcG90JTIyJTIwJTNFJTBBJTIwJTIwJTIwJTIwJTIwJTIwJTIwJTIwJTNDJTJGZGl2JTNFJTBBJTBBJTIwJTIwJTIwJTIwJTIwJTIwJTIwJTIwJTNDZGl2JTIwaWQlM0QlMjJpaG90c3BvdDUlMjIlMjBjbGFzcyUzRCUyMmlob3RzcG90JTIyJTIwJTNFJTBBJTIwJTIwJTIwJTIwJTIwJTIwJTIwJTIwJTNDJTJGZGl2JTNFJTBBJTBBJTIwJTIwJTIwJTIwJTIwJTIwJTIwJTIwJTNDZGl2JTIwaWQlM0QlMjJpaG90c3BvdDYlMjIlMjBjbGFzcyUzRCUyMmlob3RzcG90JTIyJTIwJTNFJTBBJTIwJTIwJTIwJTIwJTIwJTIwJTIwJTIwJTNDJTJGZGl2JTNFJTBBJTBBJTIwJTIwJTIwJTIwJTIwJTIwJTIwJTIwJTNDZGl2JTIwaWQlM0QlMjJpaG90c3BvdDclMjIlMjBjbGFzcyUzRCUyMmlob3RzcG90JTIyJTIwJTNFJTBBJTIwJTIwJTIwJTIwJTIwJTIwJTIwJTIwJTNDJTJGZGl2JTNFJTBBJTBBJTIwJTIwJTIwJTIwJTIwJTIwJTIwJTIwJTNDZGl2JTIwaWQlM0QlMjJpaG90c3BvdDglMjIlMjBjbGFzcyUzRCUyMmlob3RzcG90JTIyJTIwJTNFJTBBJTIwJTIwJTIwJTIwJTIwJTIwJTIwJTIwJTNDJTJGZGl2JTNFJTBBJTBBJTIwJTIwJTIwJTIwJTIwJTIwJTIwJTIwJTNDZGl2JTIwaWQlM0QlMjJpaG90c3BvdDklMjIlMjBjbGFzcyUzRCUyMmlob3RzcG90JTIyJTIwJTNFJTBBJTIwJTIwJTIwJTIwJTIwJTIwJTIwJTIwJTNDJTJGZGl2JTNFJTBBJTBBJTBBJTBBJTNDJTJGZGl2JTNFJTBB[\/vc_raw_html][vc_single_image image=\u00a0\u00bb89951&Prime; &hellip; <a href=\"https:\/\/www.solargard.com\/fr\/clearshield-pro\/\">Continued<\/a><\/p>\n","protected":false},"author":27,"featured_media":0,"parent":0,"menu_order":0,"comment_status":"closed","ping_status":"closed","template":"","meta":{"_acf_changed":false,"footnotes":""},"class_list":["post-75414","page","type-page","status-publish","hentry"],"acf":[],"_links":{"self":[{"href":"https:\/\/www.solargard.com\/fr\/wp-json\/wp\/v2\/pages\/75414","targetHints":{"allow":["GET"]}}],"collection":[{"href":"https:\/\/www.solargard.com\/fr\/wp-json\/wp\/v2\/pages"}],"about":[{"href":"https:\/\/www.solargard.com\/fr\/wp-json\/wp\/v2\/types\/page"}],"author":[{"embeddable":true,"href":"https:\/\/www.solargard.com\/fr\/wp-json\/wp\/v2\/users\/27"}],"replies":[{"embeddable":true,"href":"https:\/\/www.solargard.com\/fr\/wp-json\/wp\/v2\/comments?post=75414"}],"version-history":[{"count":0,"href":"https:\/\/www.solargard.com\/fr\/wp-json\/wp\/v2\/pages\/75414\/revisions"}],"wp:attachment":[{"href":"https:\/\/www.solargard.com\/fr\/wp-json\/wp\/v2\/media?parent=75414"}],"curies":[{"name":"wp","href":"https:\/\/api.w.org\/{rel}","templated":true}]}}