{"id":87859,"date":"2020-06-29T00:32:49","date_gmt":"2020-06-29T08:32:49","guid":{"rendered":"https:\/\/www.solargard.com\/screens-and-panels\/"},"modified":"2022-11-28T04:23:39","modified_gmt":"2022-11-28T12:23:39","slug":"cover-glass","status":"publish","type":"page","link":"https:\/\/www.solargard.com\/fr\/cover-glass\/","title":{"rendered":"Cover Glass"},"content":{"rendered":"<div class=\"wpb-content-wrapper\"><p>[vc_row][vc_column][vc_column_text]<\/p>\n<h1 style=\"text-align: center;\">Solutions \u00e9l\u00e9gantes et l\u00e9g\u00e8res pour\u00a0se\u00a0prot\u00e9ger<br \/>\net\u00a0pour\u00a0prot\u00e9ger les autres.<\/h1>\n<div class=\"fl-module fl-module-rich-text fl-node-5e94fe4dd3c57 fl-animation fl-fade-right fl-animated\" data-node=\"5e94fe4dd3c57\" data-animation-delay=\"0.1\" data-animation-duration=\"1\">\n<div class=\"fl-module-content fl-node-content\">\n<div class=\"fl-rich-text\">\n<p style=\"text-align: center;\">Stores\u00a0et panneaux de protection\u00a0personnelle dans le cadre de la lutte\u00a0contre le COVID-19<\/p>\n<\/div>\n<\/div>\n<\/div>\n<p>[\/vc_column_text][vc_empty_space][\/vc_column][\/vc_row][vc_row full_width=\u00a0\u00bbstretch_row\u00a0\u00bb css=\u00a0\u00bb.vc_custom_1593424245241{background-color: #edf8ff !important;}\u00a0\u00bb][vc_column][vc_column_text]<\/p>\n<h3 class=\"p1\"><span><span style=\"color: #00ccff;\"><img loading=\"lazy\" decoding=\"async\" class=\" wp-image-87396 alignright\" src=\"https:\/\/www.solargard.com\/wp-content\/uploads\/2020\/06\/0-corona-restaurant-worksmart.jpg\" alt=\"\" width=\"321\" height=\"324\" srcset=\"https:\/\/www.solargard.com\/wp-content\/uploads\/2020\/06\/0-corona-restaurant-worksmart.jpg 992w, https:\/\/www.solargard.com\/wp-content\/uploads\/2020\/06\/0-corona-restaurant-worksmart-298x300.jpg 298w, https:\/\/www.solargard.com\/wp-content\/uploads\/2020\/06\/0-corona-restaurant-worksmart-150x150.jpg 150w, https:\/\/www.solargard.com\/wp-content\/uploads\/2020\/06\/0-corona-restaurant-worksmart-768x774.jpg 768w, https:\/\/www.solargard.com\/wp-content\/uploads\/2020\/06\/0-corona-restaurant-worksmart-94x95.jpg 94w, https:\/\/www.solargard.com\/wp-content\/uploads\/2020\/06\/0-corona-restaurant-worksmart-600x605.jpg 600w, https:\/\/www.solargard.com\/wp-content\/uploads\/2020\/06\/0-corona-restaurant-worksmart-100x100.jpg 100w\" sizes=\"auto, (max-width: 321px) 100vw, 321px\" \/><\/span><\/span><img loading=\"lazy\" decoding=\"async\" class=\"alignright wp-image-87381 \" src=\"https:\/\/www.solargard.com\/wp-content\/uploads\/2020\/06\/0-corona-office-worksmart.jpg\" alt=\"\" width=\"278\" height=\"324\" \/><span><span style=\"color: #00ccff;\">NOUVEAU<\/span><\/span><span><span style=\"color: #00ccff;\">!<\/span> STORES ET PANNEAUX<\/span><\/h3>\n<p class=\"p1\"><strong>Solutions de Protection pour :<\/strong><\/p>\n<p><strong><span><span style=\"color: #00ccff;\"><b>&#x2714;<\/b><\/span> H\u00f4tels<\/span><\/strong><\/p>\n<p><strong><span><span style=\"color: #00ccff;\"><b>&#x2714;<\/b><\/span> Pubs<\/span><\/strong><\/p>\n<p><strong><span><span style=\"color: #00ccff;\"><b>&#x2714;<\/b><\/span> <\/span>Restaurants\u00a0<\/strong><\/p>\n<p><strong><span><span style=\"color: #00ccff;\"><b>&#x2714;<\/b><\/span> <\/span>Des bureaux<\/strong><\/p>\n<p><strong><span><span style=\"color: #00ccff;\"><b>&#x2714;<\/b><\/span> Magasins<\/span><\/strong><\/p>\n<p><strong><span><b><span style=\"color: #00ccff;\">&#x2714;<\/span> H\u00f4pitaux, Cliniques, OPHAD, etc.<\/b><\/span><\/strong>[\/vc_column_text][vc_empty_space height=\u00a0\u00bb100px\u00a0\u00bb][\/vc_column][\/vc_row][vc_row][vc_column width=\u00a0\u00bb1\/2&Prime;][vc_column_text]<\/p>\n<h3 class=\"p1\"><\/h3>\n<h2 class=\"p1\"><span style=\"color: #46a8cf;\">Solutions \u00e9l\u00e9gantes et l\u00e9g\u00e8res pour se prot\u00e9ger et pour prot\u00e9ger les autres :<\/span><\/h2>\n<p class=\"p1\">\u2022<span class=\"Apple-tab-span\"> SOLUTIONS MODULAIRES, PRATIQUES ET L\u00c9G\u00c8RES<\/span><\/p>\n<p class=\"p1\">\u2022 FAIT SUR MESURE<span class=\"Apple-tab-span\"><\/span><\/p>\n<p>\u2022 FILM DE BASE OPTIQUEMENT CLAIRE ET TRANSPARENT<\/p>\n<p>\u2022 AS DE STRUCTURES FIXES<\/p>\n<p>\u2022 MONTAGE ET OPERATION FACILE[\/vc_column_text][vc_empty_space height=\u00a0\u00bb100px\u00a0\u00bb][\/vc_column][vc_column width=\u00a0\u00bb1\/2&Prime;][vc_empty_space height=\u00a0\u00bb35px\u00a0\u00bb][vc_cta h2=\u00a0\u00bbEn savoir plus ?\u00a0\u00bb h4=\u00a0\u00bbT\u00e9l\u00e9chargez la brochure\u00a0\u00bb txt_align=\u00a0\u00bbcenter\u00a0\u00bb color=\u00a0\u00bbblack\u00a0\u00bb add_icon=\u00a0\u00bbbottom\u00a0\u00bb i_icon_fontawesome=\u00a0\u00bbfa fa-download\u00a0\u00bb i_color=\u00a0\u00bbcustom\u00a0\u00bb i_background_style=\u00a0\u00bbrounded\u00a0\u00bb i_background_color=\u00a0\u00bbpeacoc\u00a0\u00bb i_size=\u00a0\u00bblg\u00a0\u00bb css_animation=\u00a0\u00bbbounceInDown\u00a0\u00bb i_custom_color=\u00a0\u00bb#ffffff\u00a0\u00bb i_link=\u00a0\u00bburl:https%3A%2F%2Fstorescoverglass.fr%2Fwp-content%2Fuploads%2F2020%2F05%2FStores_et_Panneaux_suspendus_Coverglass_COVID_FR.pdf||target:%20_blank|\u00a0\u00bb][\/vc_cta][\/vc_column][\/vc_row][vc_section][vc_row][vc_column]<div class=\"section-title sg-section-title text-center\"><div class=\"copy-content\"><h1 class=\" normal-title\">VIDEO: Solar Gard Stores et Panneaux<\/h1><\/div><div class=\"border-bg\"><\/div><\/div>[vc_empty_space height=\u00a0\u00bb40px\u00a0\u00bb][vc_column_text]<\/p>\n<div class=\"wpb_text_column wpb_content_element wpb_animate_when_almost_visible wpb_bounceIn bounceIn wpb_start_animation animated\">\n<div class=\"wpb_wrapper\">\n<p style=\"text-align: center;\"><span>Stores et panneaux de protection personnelle dans le cadre de la lutte contre le COVID-19.<br \/>\n<\/span>Solutions de Protection pour H\u00f4tels, Pubs, Restaurants, Des bureaux, Magasins, H\u00f4pitaux, Cliniques, OPHAD, etc.<br \/>\nContactez notre Market Manager :<span>\u00a0<\/span><a href=\"mailto:claude.verniory@saint-gobain.com\" target=\"_blank\" rel=\"noopener noreferrer\"><strong>claude.verniory@saint-gobain.com<\/strong><\/a><\/p>\n<\/div>\n<\/div>\n<p>[\/vc_column_text][\/vc_column][\/vc_row][vc_row content_placement=\u00a0\u00bbtop\u00a0\u00bb css=\u00a0\u00bb.vc_custom_1593439535807{margin-top: 0px !important;border-top-width: 0px !important;padding-top: 0px !important;}\u00a0\u00bb][vc_column][vc_video link=\u00a0\u00bbhttps:\/\/youtu.be\/myjsBDC90pk\u00a0\u00bb el_width=\u00a0\u00bb80&Prime; align=\u00a0\u00bbcenter\u00a0\u00bb css=\u00a0\u00bb.vc_custom_1594041327319{margin-top: 0px !important;}\u00a0\u00bb][vc_empty_space height=\u00a0\u00bb100px\u00a0\u00bb][\/vc_column][\/vc_row][\/vc_section][vc_row full_width=\u00a0\u00bbstretch_row\u00a0\u00bb css=\u00a0\u00bb.vc_custom_1593433409266{background-color: #edf8ff !important;}\u00a0\u00bb][vc_column][vc_column_text css=\u00a0\u00bb.vc_custom_1594287533334{margin-top: 0px !important;margin-bottom: 0px !important;}\u00a0\u00bb]<\/p>\n<h2 style=\"text-align: center;\">CONTACTEZ-NOUS POUR DEMANDES ET COMMANDES<\/h2>\n<p style=\"text-align: center;\"><span>ENVOYEZ UN E-MAIL \u00c0 <a style=\"color: #000000;\" href=\"mailto:claude.verniory@saint-gobain.com\" target=\"_blank\" rel=\"noopener noreferrer\"><strong>CLAUDE.VERNIORY@SAINT-GOBAIN.COM<\/strong><\/a><\/span><br \/>\nOU REMPLISSEZ LE FORMULAIRE CI-DESSOUS.<\/p>\n<p>[\/vc_column_text][vc_empty_space height=\u00a0\u00bb35px\u00a0\u00bb][vc_empty_space height=\u00a0\u00bb35px\u00a0\u00bb]<script type=\"text\/javascript\">\n\/* <![CDATA[ *\/\nvar gform;gform||(document.addEventListener(\"gform_main_scripts_loaded\",function(){gform.scriptsLoaded=!0}),document.addEventListener(\"gform\/theme\/scripts_loaded\",function(){gform.themeScriptsLoaded=!0}),window.addEventListener(\"DOMContentLoaded\",function(){gform.domLoaded=!0}),gform={domLoaded:!1,scriptsLoaded:!1,themeScriptsLoaded:!1,isFormEditor:()=>\"function\"==typeof InitializeEditor,callIfLoaded:function(o){return!(!gform.domLoaded||!gform.scriptsLoaded||!gform.themeScriptsLoaded&&!gform.isFormEditor()||(gform.isFormEditor()&&console.warn(\"The use of gform.initializeOnLoaded() is deprecated in the form editor context and will be removed in Gravity Forms 3.1.\"),o(),0))},initializeOnLoaded:function(o){gform.callIfLoaded(o)||(document.addEventListener(\"gform_main_scripts_loaded\",()=>{gform.scriptsLoaded=!0,gform.callIfLoaded(o)}),document.addEventListener(\"gform\/theme\/scripts_loaded\",()=>{gform.themeScriptsLoaded=!0,gform.callIfLoaded(o)}),window.addEventListener(\"DOMContentLoaded\",()=>{gform.domLoaded=!0,gform.callIfLoaded(o)}))},hooks:{action:{},filter:{}},addAction:function(o,r,e,t){gform.addHook(\"action\",o,r,e,t)},addFilter:function(o,r,e,t){gform.addHook(\"filter\",o,r,e,t)},doAction:function(o){gform.doHook(\"action\",o,arguments)},applyFilters:function(o){return gform.doHook(\"filter\",o,arguments)},removeAction:function(o,r){gform.removeHook(\"action\",o,r)},removeFilter:function(o,r,e){gform.removeHook(\"filter\",o,r,e)},addHook:function(o,r,e,t,n){null==gform.hooks[o][r]&&(gform.hooks[o][r]=[]);var d=gform.hooks[o][r];null==n&&(n=r+\"_\"+d.length),gform.hooks[o][r].push({tag:n,callable:e,priority:t=null==t?10:t})},doHook:function(r,o,e){var t;if(e=Array.prototype.slice.call(e,1),null!=gform.hooks[r][o]&&((o=gform.hooks[r][o]).sort(function(o,r){return o.priority-r.priority}),o.forEach(function(o){\"function\"!=typeof(t=o.callable)&&(t=window[t]),\"action\"==r?t.apply(null,e):e[0]=t.apply(null,e)})),\"filter\"==r)return e[0]},removeHook:function(o,r,t,n){var e;null!=gform.hooks[o][r]&&(e=(e=gform.hooks[o][r]).filter(function(o,r,e){return!!(null!=n&&n!=o.tag||null!=t&&t!=o.priority)}),gform.hooks[o][r]=e)}});\n\/* ]]> *\/\n<\/script>\n\n                <div class='gf_browser_gecko gform_wrapper gravity-theme gform-theme--no-framework' data-form-theme='gravity-theme' data-form-index='0' id='gform_wrapper_68' >\n                        <div class='gform_heading'>\n\t\t\t\t\t\t\t<p class='gform_required_legend'>\u00ab\u00a0<span class=\"gfield_required gfield_required_asterisk\">*<\/span>\u00a0\u00bb indique les champs n\u00e9cessaires<\/p>\n                        <\/div><form method='post' enctype='multipart\/form-data' target='gform_ajax_frame_68' id='gform_68'  action='\/fr\/wp-json\/wp\/v2\/pages\/87859' data-formid='68' novalidate>\n                        <div class='gform-body gform_body'><div id='gform_fields_68' class='gform_fields top_label form_sublabel_below description_below validation_below'><div id=\"field_68_13\" class=\"gfield gfield--type-honeypot gform_validation_container field_sublabel_below gfield--has-description field_description_below field_validation_below gfield_visibility_visible\"  ><label class='gfield_label gform-field-label' for='input_68_13'>Email<\/label><div class='ginput_container'><input name='input_13' id='input_68_13' type='text' value='' autocomplete='new-password'\/><\/div><div class='gfield_description' id='gfield_description_68_13'>Ce champ n\u2019est utilis\u00e9 qu\u2019\u00e0 des fins de validation et devrait rester inchang\u00e9.<\/div><\/div><div id=\"field_68_1\" class=\"gfield gfield--type-text gfield--width-half gfield_contains_required field_sublabel_below gfield--no-description field_description_below field_validation_below gfield_visibility_visible\"  ><label class='gfield_label gform-field-label' for='input_68_1'>NAME:<span class=\"gfield_required\"><span class=\"gfield_required gfield_required_asterisk\">*<\/span><\/span><\/label><div class='ginput_container ginput_container_text'><input name='input_1' id='input_68_1' type='text' value='' class='large'    placeholder='Enter First Name' aria-required=\"true\" aria-invalid=\"false\"   \/><\/div><\/div><div id=\"field_68_2\" class=\"gfield gfield--type-text gfield--width-half field_sublabel_below gfield--no-description field_description_below field_validation_below gfield_visibility_visible\"  ><label class='gfield_label gform-field-label' for='input_68_2'>COMPANY:<\/label><div class='ginput_container ginput_container_text'><input name='input_2' id='input_68_2' type='text' value='' class='large'    placeholder='Enter Last Name'  aria-invalid=\"false\"   \/><\/div><\/div><div id=\"field_68_4\" class=\"gfield gfield--type-phone gfield--width-half field_sublabel_below gfield--no-description field_description_below field_validation_below gfield_visibility_visible\"  ><label class='gfield_label gform-field-label' for='input_68_4'>PHONE:<\/label><div class='ginput_container ginput_container_phone'><input name='input_4' id='input_68_4' type='tel' value='' class='large'  placeholder='Enter Phone Number'  aria-invalid=\"false\"   \/><\/div><\/div><div id=\"field_68_3\" class=\"gfield gfield--type-email gfield--width-half gfield_contains_required field_sublabel_below gfield--no-description field_description_below field_validation_below gfield_visibility_visible\"  ><label class='gfield_label gform-field-label' for='input_68_3'>EMAIL:<span class=\"gfield_required\"><span class=\"gfield_required gfield_required_asterisk\">*<\/span><\/span><\/label><div class='ginput_container ginput_container_email'>\n                            <input name='input_3' id='input_68_3' type='email' value='' class='large'   placeholder='Enter Email' aria-required=\"true\" aria-invalid=\"false\"  \/>\n                        <\/div><\/div><div id=\"field_68_12\" class=\"gfield gfield--type-text gfield--width-half field_sublabel_below gfield--no-description field_description_below field_validation_below gfield_visibility_visible\"  ><label class='gfield_label gform-field-label' for='input_68_12'>COUNTRY<\/label><div class='ginput_container ginput_container_text'><input name='input_12' id='input_68_12' type='text' value='' class='large'    placeholder='Enter Country\/Region'  aria-invalid=\"false\"   \/><\/div><\/div><div id=\"field_68_7\" class=\"gfield gfield--type-select gfield--width-half field_sublabel_below gfield--no-description field_description_below field_validation_below gfield_visibility_visible\"  ><label class='gfield_label gform-field-label' for='input_68_7'>WHAT SECTOR DO YOU WORK IN?<\/label><div class='ginput_container ginput_container_select'><select name='input_7' id='input_68_7' class='large gfield_select'     aria-invalid=\"false\" ><option value='Government' >Government<\/option><option value='Hotels' >Hotels<\/option><option value='Education' >Education<\/option><option value='Office' >Office<\/option><option value='Banking' >Banking<\/option><option value='Retail' >Retail<\/option><option value='Restaurants' >Restaurants<\/option><option value='Dealer' >Dealer<\/option><option value='Other' >Other<\/option><\/select><\/div><\/div><div id=\"field_68_5\" class=\"gfield gfield--type-textarea gfield--width-full field_sublabel_below gfield--no-description field_description_below field_validation_below gfield_visibility_visible\"  ><label class='gfield_label gform-field-label' for='input_68_5'>QUESTIONS \/ COMMENTS:<\/label><div class='ginput_container ginput_container_textarea'><textarea name='input_5' id='input_68_5' class='textarea medium'    placeholder='Enter Questions'  aria-invalid=\"false\"   rows='10' cols='50'><\/textarea><\/div><\/div><div id=\"field_68_9\" class=\"gfield gfield--type-captcha gfield--width-full field_sublabel_below gfield--no-description field_description_below field_validation_below gfield_visibility_visible\"  ><label class='gfield_label gform-field-label' for='input_68_9'>CAPTCHA<\/label><div id='input_68_9' class='ginput_container ginput_recaptcha' data-sitekey='6LdnTJwUAAAAAEvIznxMYzagn4aIPlLxlyA9baSY'  data-theme='light' data-tabindex='-1' data-size='invisible' data-badge='bottomright'><\/div><\/div><\/div><\/div>\n        <div class='gform-footer gform_footer top_label'> <input type='submit' id='gform_submit_button_68' class='gform_button button' onclick='gform.submission.handleButtonClick(this);' data-submission-type='submit' value='Submit'  \/> <input type='hidden' name='gform_ajax' value='form_id=68&amp;title=&amp;description=&amp;tabindex=0&amp;theme=gravity-theme&amp;styles=[]&amp;hash=887c95d504b8df35d28493acf0aaf4ab' \/>\n            <input type='hidden' class='gform_hidden' name='gform_submission_method' data-js='gform_submission_method_68' value='iframe' \/>\n            <input type='hidden' class='gform_hidden' name='gform_theme' data-js='gform_theme_68' id='gform_theme_68' value='gravity-theme' \/>\n            <input type='hidden' class='gform_hidden' name='gform_style_settings' data-js='gform_style_settings_68' id='gform_style_settings_68' value='[]' \/>\n            <input type='hidden' class='gform_hidden' name='is_submit_68' value='1' \/>\n            <input type='hidden' class='gform_hidden' name='gform_submit' value='68' \/>\n            \n            <input type='hidden' class='gform_hidden' name='gform_unique_id' value='' \/>\n            <input type='hidden' class='gform_hidden' name='state_68' value='WyJbXSIsIjNmNTM1ZjYyOGVmM2MxMzk4MjYxZTkyMDgxNzNkN2U3Il0=' \/>\n            <input type='hidden' autocomplete='off' class='gform_hidden' name='gform_target_page_number_68' id='gform_target_page_number_68' value='0' \/>\n            <input type='hidden' autocomplete='off' class='gform_hidden' name='gform_source_page_number_68' id='gform_source_page_number_68' value='1' \/>\n            <input type='hidden' name='gform_field_values' value='' \/>\n            \n        <\/div>\n                        <\/form>\n                        <\/div>\n\t\t                <iframe style='display:none;width:0px;height:0px;' src='about:blank' name='gform_ajax_frame_68' id='gform_ajax_frame_68' title='Cette iframe contient la logique n\u00e9cessaire pour manipuler Gravity Forms avec Ajax.'><\/iframe>\n\t\t                <script type=\"text\/javascript\">\n\/* <![CDATA[ *\/\n gform.initializeOnLoaded( function() {gformInitSpinner( 68, 'https:\/\/www.solargard.com\/wp-content\/themes\/solargard\/dist\/images\/ajax-loader.gif', true );jQuery('#gform_ajax_frame_68').on('load',function(){var contents = jQuery(this).contents().find('*').html();var is_postback = contents.indexOf('GF_AJAX_POSTBACK') >= 0;if(!is_postback){return;}var form_content = jQuery(this).contents().find('#gform_wrapper_68');var is_confirmation = jQuery(this).contents().find('#gform_confirmation_wrapper_68').length > 0;var is_redirect = contents.indexOf('gformRedirect(){') >= 0;var is_form = form_content.length > 0 && ! is_redirect && ! is_confirmation;var mt = parseInt(jQuery('html').css('margin-top'), 10) + parseInt(jQuery('body').css('margin-top'), 10) + 100;if(is_form){jQuery('#gform_wrapper_68').html(form_content.html());if(form_content.hasClass('gform_validation_error')){jQuery('#gform_wrapper_68').addClass('gform_validation_error');} else {jQuery('#gform_wrapper_68').removeClass('gform_validation_error');}setTimeout( function() { \/* delay the scroll by 50 milliseconds to fix a bug in chrome *\/  }, 50 );if(window['gformInitDatepicker']) {gformInitDatepicker();}if(window['gformInitPriceFields']) {gformInitPriceFields();}var current_page = jQuery('#gform_source_page_number_68').val();gformInitSpinner( 68, 'https:\/\/www.solargard.com\/wp-content\/themes\/solargard\/dist\/images\/ajax-loader.gif', true );jQuery(document).trigger('gform_page_loaded', [68, current_page]);window['gf_submitting_68'] = false;}else if(!is_redirect){var confirmation_content = jQuery(this).contents().find('.GF_AJAX_POSTBACK').html();if(!confirmation_content){confirmation_content = contents;}jQuery('#gform_wrapper_68').replaceWith(confirmation_content);jQuery(document).trigger('gform_confirmation_loaded', [68]);window['gf_submitting_68'] = false;wp.a11y.speak(jQuery('#gform_confirmation_message_68').text());}else{jQuery('#gform_68').append(contents);if(window['gformRedirect']) {gformRedirect();}}jQuery(document).trigger(\"gform_pre_post_render\", [{ formId: \"68\", currentPage: \"current_page\", abort: function() { this.preventDefault(); } }]);        if (event && event.defaultPrevented) {                return;        }        const gformWrapperDiv = document.getElementById( \"gform_wrapper_68\" );        if ( gformWrapperDiv ) {            const visibilitySpan = document.createElement( \"span\" );            visibilitySpan.id = \"gform_visibility_test_68\";            gformWrapperDiv.insertAdjacentElement( \"afterend\", visibilitySpan );        }        const visibilityTestDiv = document.getElementById( \"gform_visibility_test_68\" );        let postRenderFired = false;        function triggerPostRender() {            if ( postRenderFired ) {                return;            }            postRenderFired = true;            gform.core.triggerPostRenderEvents( 68, current_page );            if ( visibilityTestDiv ) {                visibilityTestDiv.parentNode.removeChild( visibilityTestDiv );            }        }        function debounce( func, wait, immediate ) {            var timeout;            return function() {                var context = this, args = arguments;                var later = function() {                    timeout = null;                    if ( !immediate ) func.apply( context, args );                };                var callNow = immediate && !timeout;                clearTimeout( timeout );                timeout = setTimeout( later, wait );                if ( callNow ) func.apply( context, args );            };        }        const debouncedTriggerPostRender = debounce( function() {            triggerPostRender();        }, 200 );        if ( visibilityTestDiv && visibilityTestDiv.offsetParent === null ) {            const observer = new MutationObserver( ( mutations ) => {                mutations.forEach( ( mutation ) => {                    if ( mutation.type === 'attributes' && visibilityTestDiv.offsetParent !== null ) {                        debouncedTriggerPostRender();                        observer.disconnect();                    }                });            });            observer.observe( document.body, {                attributes: true,                childList: false,                subtree: true,                attributeFilter: [ 'style', 'class' ],            });        } else {            triggerPostRender();        }    } );} ); \n\/* ]]> *\/\n<\/script>\n[\/vc_column][vc_column][\/vc_column][\/vc_row]<\/p>\n<\/div>","protected":false},"excerpt":{"rendered":"<p>[vc_row][vc_column][vc_column_text] Solutions \u00e9l\u00e9gantes et l\u00e9g\u00e8res pour\u00a0se\u00a0prot\u00e9ger et\u00a0pour\u00a0prot\u00e9ger les autres. Stores\u00a0et panneaux de protection\u00a0personnelle dans le cadre de la lutte\u00a0contre le COVID-19 [\/vc_column_text][vc_empty_space][\/vc_column][\/vc_row][vc_row full_width=\u00a0\u00bbstretch_row\u00a0\u00bb css=\u00a0\u00bb.vc_custom_1593424245241{background-color: #edf8ff !important;}\u00a0\u00bb][vc_column][vc_column_text] NOUVEAU! STORES ET PANNEAUX Solutions de Protection pour : &#x2714; H\u00f4tels &#x2714; Pubs &#x2714; Restaurants\u00a0 &#x2714; Des bureaux &#x2714; Magasins &#x2714; H\u00f4pitaux, Cliniques, OPHAD, etc.[\/vc_column_text][vc_empty_space height=\u00a0\u00bb100px\u00a0\u00bb][\/vc_column][\/vc_row][vc_row][vc_column width=\u00a0\u00bb1\/2&Prime;][vc_column_text] Solutions \u00e9l\u00e9gantes &hellip; <a href=\"https:\/\/www.solargard.com\/fr\/cover-glass\/\">Continued<\/a><\/p>\n","protected":false},"author":3,"featured_media":89278,"parent":0,"menu_order":0,"comment_status":"closed","ping_status":"closed","template":"","meta":{"_acf_changed":false,"footnotes":""},"class_list":["post-87859","page","type-page","status-publish","has-post-thumbnail","hentry"],"acf":[],"_links":{"self":[{"href":"https:\/\/www.solargard.com\/fr\/wp-json\/wp\/v2\/pages\/87859","targetHints":{"allow":["GET"]}}],"collection":[{"href":"https:\/\/www.solargard.com\/fr\/wp-json\/wp\/v2\/pages"}],"about":[{"href":"https:\/\/www.solargard.com\/fr\/wp-json\/wp\/v2\/types\/page"}],"author":[{"embeddable":true,"href":"https:\/\/www.solargard.com\/fr\/wp-json\/wp\/v2\/users\/3"}],"replies":[{"embeddable":true,"href":"https:\/\/www.solargard.com\/fr\/wp-json\/wp\/v2\/comments?post=87859"}],"version-history":[{"count":0,"href":"https:\/\/www.solargard.com\/fr\/wp-json\/wp\/v2\/pages\/87859\/revisions"}],"wp:featuredmedia":[{"embeddable":true,"href":"https:\/\/www.solargard.com\/fr\/wp-json\/wp\/v2\/media\/89278"}],"wp:attachment":[{"href":"https:\/\/www.solargard.com\/fr\/wp-json\/wp\/v2\/media?parent=87859"}],"curies":[{"name":"wp","href":"https:\/\/api.w.org\/{rel}","templated":true}]}}