{"id":93961,"date":"2019-08-13T09:38:13","date_gmt":"2019-08-13T16:38:13","guid":{"rendered":"https:\/\/www.solargard.com\/films-pour-automobiles\/produits-auto\/clearshield-pro-hydro-paint-protection\/"},"modified":"2024-01-11T06:36:14","modified_gmt":"2024-01-11T14:36:14","slug":"clearshield-pro-hydro-protection-carrosserie","status":"publish","type":"page","link":"https:\/\/www.solargard.com\/fr\/films-pour-automobiles\/produits-auto\/clearshield-pro-hydro-protection-carrosserie\/","title":{"rendered":"Clearshield Pro\u00ae HYDRO"},"content":{"rendered":"<div class=\"wpb-content-wrapper\"><p>[vc_row bottom_margin=\u00a0\u00bbnone\u00a0\u00bb][vc_column][vc_row_inner el_id=\u00a0\u00bblead-in\u00a0\u00bb][vc_column_inner][vc_column_text]<strong>Clearshield Pro\u00ae HYDRO<\/strong> \u2013 la derni\u00e8re innovation de Saint-Gobain Solar Gard en mati\u00e8re de protection de peinture.<\/p>\n<p>Gr\u00e2ce \u00e0 sa technologie de pointe et \u00e0 sa couche de finition <strong>StainX\u00ae,<\/strong> vous passerez moins de temps \u00e0 laver votre auto et roulerez plus longtemps avec une voiture d\u00e9perlante ou, \u00e9conomisez de l\u2019eau et du temps en prot\u00e9geant votre voiture !<\/p>\n<p><img loading=\"lazy\" decoding=\"async\" id=\"stainx-logo-500x150\" class=\"aligncenter wp-image-82449\" src=\"https:\/\/www.solargard.com\/wp-content\/uploads\/2019\/08\/stainX_logo.png\" alt=\"StainX Topcoat Technology\" width=\"500\" height=\"150\" srcset=\"https:\/\/www.solargard.com\/wp-content\/uploads\/2019\/08\/stainX_logo.png 759w, https:\/\/www.solargard.com\/wp-content\/uploads\/2019\/08\/stainX_logo-300x90.png 300w, https:\/\/www.solargard.com\/wp-content\/uploads\/2019\/08\/stainX_logo-190x57.png 190w, https:\/\/www.solargard.com\/wp-content\/uploads\/2019\/08\/stainX_logo-600x179.png 600w\" sizes=\"auto, (max-width: 500px) 100vw, 500px\" \/><\/p>\n<h3>D\u00e9couvrez Clearshield Pro Hydro<\/h3>\n<p>Clearshield Pro Hydro est quasiment invisible et comme la version Clearshield Pro il offre la meilleure r\u00e9sistance aux rayures du march\u00e9.<br \/>\nAvec notre technologie exclusive StainX, chaque pluie devient un lavage instantan\u00e9 et garde votre protection de peinture aussi belle et brillante que le jour o\u00f9 elle a \u00e9t\u00e9 install\u00e9e.<\/p>\n<p>La couche de finition StainX d\u00e9velopp\u00e9e par des experts \u00e0 une r\u00e9sistance aux taches in\u00e9gal\u00e9e. Sa conception hydrophobe perle imm\u00e9diatement ! Elle repousse l&rsquo;eau, la boue, les salet\u00e9s et garde la peinture de votre v\u00e9hicule \u00e0 l\u2019abri de tous ces \u00e9l\u00e9ments.[\/vc_column_text][vc_empty_space height=\u00a0\u00bb50px\u00a0\u00bb][\/vc_column_inner][\/vc_row_inner][vc_column_text css_animation=\u00a0\u00bbnone\u00a0\u00bb]<img loading=\"lazy\" decoding=\"async\" class=\"wp-image-98652 size-full aligncenter\" src=\"https:\/\/www.solargard.com\/wp-content\/uploads\/2022\/12\/csp-hydro-ou-where-car-fr.jpg\" alt=\"\" width=\"950\" height=\"472\" srcset=\"https:\/\/www.solargard.com\/wp-content\/uploads\/2022\/12\/csp-hydro-ou-where-car-fr.jpg 950w, https:\/\/www.solargard.com\/wp-content\/uploads\/2022\/12\/csp-hydro-ou-where-car-fr-300x149.jpg 300w, https:\/\/www.solargard.com\/wp-content\/uploads\/2022\/12\/csp-hydro-ou-where-car-fr-768x382.jpg 768w, https:\/\/www.solargard.com\/wp-content\/uploads\/2022\/12\/csp-hydro-ou-where-car-fr-190x95.jpg 190w, https:\/\/www.solargard.com\/wp-content\/uploads\/2022\/12\/csp-hydro-ou-where-car-fr-600x298.jpg 600w\" sizes=\"auto, (max-width: 950px) 100vw, 950px\" \/>[\/vc_column_text][\/vc_column][\/vc_row][vc_row top_margin=\u00a0\u00bb2x\u00a0\u00bb bottom_margin=\u00a0\u00bbnone\u00a0\u00bb][vc_column]<div class=\"section-title sg-section-title text-center\"><div class=\"copy-content\"><h2 class=\" normal-title\">\u00c9conomisez de l\u2019eau &amp; du temps en prot\u00e9geant votre voiture!<\/h2><\/div><div class=\"border-bg\"><\/div><\/div>[\/vc_column][\/vc_row][vc_row top_margin=\u00a0\u00bbsm\u00a0\u00bb bottom_margin=\u00a0\u00bbxs\u00a0\u00bb][vc_column width=\u00a0\u00bb1\/6&Prime;][\/vc_column][vc_column width=\u00a0\u00bb2\/3&Prime;][vc_video link=\u00a0\u00bbhttps:\/\/vimeo.com\/779237120&Prime;][\/vc_column][vc_column width=\u00a0\u00bb1\/6&Prime;][\/vc_column][\/vc_row][vc_row top_margin=\u00a0\u00bbxs\u00a0\u00bb bottom_margin=\u00a0\u00bbnone\u00a0\u00bb][vc_column width=\u00a0\u00bb1\/2&Prime; css=\u00a0\u00bb.vc_custom_1565732723749{margin-bottom: 15% !important;}\u00a0\u00bb][vc_column_text]<\/p>\n<h3 style=\"text-align: center;\"><span style=\"color: #0d7291;\"><strong>Combien de fois lavez-vous votre auto dans l\u2019ann\u00e9e et\/ou combien de litres d\u2019eau utilisez-vous dans l\u2019ann\u00e9e pour laver votre voiture\u00a0? <\/strong><\/span><\/h3>\n<p>[\/vc_column_text][\/vc_column][vc_column width=\u00a0\u00bb1\/2&Prime; css=\u00a0\u00bb.vc_custom_1565732777099{margin-bottom: 15% !important;}\u00a0\u00bb][vc_empty_space height=\u00a0\u00bb15px\u00a0\u00bb][vc_column_text]<span style=\"color: #0f80a6;\"><strong>Clearshield Pro Hydro est la solution pour\u00a0:<\/strong><\/span><\/p>\n<ul>\n<li><span style=\"color: #0f80a6;\">Prot\u00e9ger sa peinture<\/span><\/li>\n<li><span style=\"color: #0f80a6;\">Avoir une peinture d\u00e9perlante et brillante toute l\u2019ann\u00e9e<\/span><\/li>\n<li><span style=\"color: #0f80a6;\">\u00c9conomiser l\u2019eau (lavage plus facile et plus rapide)<\/span><\/li>\n<li><span style=\"color: #0f80a6;\">Lavages moins fr\u00e9quents<\/span><\/li>\n<\/ul>\n<p>[\/vc_column_text][\/vc_column][\/vc_row][vc_row top_margin=\u00a0\u00bbnone\u00a0\u00bb bottom_margin=\u00a0\u00bbxs\u00a0\u00bb][vc_column]<div class=\"section-title sg-section-title text-center\"><div class=\"copy-content\"><h2 class=\" normal-title\">Caract\u00e9ristiques et avantages<\/h2><\/div><div class=\"border-bg\"><\/div><\/div>[\/vc_column][\/vc_row][vc_row top_margin=\u00a0\u00bbxs\u00a0\u00bb bottom_margin=\u00a0\u00bbnone\u00a0\u00bb][vc_column width=\u00a0\u00bb1\/3&Prime; css=\u00a0\u00bb.vc_custom_1565732723749{margin-bottom: 15% !important;}\u00a0\u00bb][vc_single_image image=\u00a0\u00bb82513&Prime; img_size=\u00a0\u00bb\u00a0\u00bb alignment=\u00a0\u00bbcenter\u00a0\u00bb][vc_column_text]<\/p>\n<h3 style=\"text-align: center;\">Technologie de StainX<\/h3>\n<p style=\"text-align: center;\">Prot\u00e9gez de mani\u00e8re invisible la carrosserie<span> <\/span> de votre v\u00e9hicule contre les dommages caus\u00e9s par l&rsquo;eau, les taches, les \u00e9claboussures d&rsquo;insectes et les d\u00e9jections d&rsquo;oiseaux<\/p>\n<p>[\/vc_column_text][\/vc_column][vc_column width=\u00a0\u00bb1\/3&Prime; css=\u00a0\u00bb.vc_custom_1565732777099{margin-bottom: 15% !important;}\u00a0\u00bb][vc_single_image image=\u00a0\u00bb82498&Prime; img_size=\u00a0\u00bb\u00a0\u00bb alignment=\u00a0\u00bbcenter\u00a0\u00bb][vc_column_text]<\/p>\n<h3 style=\"text-align: center;\">Auto-cicatrisant<\/h3>\n<p style=\"text-align: center;\">La technologie avanc\u00e9e des polym\u00e8res aide \u00e0 faire dispara\u00eetre les abrasions mineures<\/p>\n<p>[\/vc_column_text][\/vc_column][vc_column width=\u00a0\u00bb1\/3&Prime; css=\u00a0\u00bb.vc_custom_1565732786064{margin-bottom: 15% !important;}\u00a0\u00bb][vc_single_image image=\u00a0\u00bb82543&Prime; img_size=\u00a0\u00bb\u00a0\u00bb alignment=\u00a0\u00bbcenter\u00a0\u00bb][vc_column_text]<\/p>\n<h3 style=\"text-align: center;\">Garantie (7 ans)<\/h3>\n<p style=\"text-align: center;\">Protection accrue contre les taches, le jaunissement, le voile, la fissuration, le pelage et la moisissure<\/p>\n<p>[\/vc_column_text][\/vc_column][\/vc_row][vc_row top_margin=\u00a0\u00bbnone\u00a0\u00bb bottom_margin=\u00a0\u00bbmd\u00a0\u00bb][vc_column width=\u00a0\u00bb1\/3&Prime; css=\u00a0\u00bb.vc_custom_1565732796470{margin-bottom: 15% !important;}\u00a0\u00bb][vc_single_image image=\u00a0\u00bb82528&Prime; img_size=\u00a0\u00bb\u00a0\u00bb alignment=\u00a0\u00bbcenter\u00a0\u00bb][vc_column_text]<\/p>\n<h3 style=\"text-align: center;\">Gain de temps<\/h3>\n<p style=\"text-align: center;\">Lavez moins votre v\u00e9hicule gr\u00e2ce \u00e0 la technologie anti-taches du produit<\/p>\n<p>[\/vc_column_text][\/vc_column][vc_column width=\u00a0\u00bb1\/3&Prime; css=\u00a0\u00bb.vc_custom_1565732805567{margin-bottom: 15% !important;}\u00a0\u00bb][vc_single_image image=\u00a0\u00bb82483&Prime; img_size=\u00a0\u00bb\u00a0\u00bb alignment=\u00a0\u00bbcenter\u00a0\u00bb][vc_column_text]<\/p>\n<h3 style=\"text-align: center;\">Logiciel ComputerCut\u00ae PRO<\/h3>\n<p style=\"text-align: center;\">Syst\u00e8me de d\u00e9coupe de film bas\u00e9 sur Internet prim\u00e9 pour une ex\u00e9cution plus rapide des travaux et un contr\u00f4le efficace des stocks<\/p>\n<p>[\/vc_column_text][\/vc_column][vc_column width=\u00a0\u00bb1\/3&Prime; css=\u00a0\u00bb.vc_custom_1565732814187{margin-bottom: 15% !important;}\u00a0\u00bb][vc_single_image image=\u00a0\u00bb82468&Prime; img_size=\u00a0\u00bb\u00a0\u00bb alignment=\u00a0\u00bbcenter\u00a0\u00bb][vc_column_text]<\/p>\n<h3 style=\"text-align: center;\">Apparence de luxe<\/h3>\n<p style=\"text-align: center;\">Maintenir un aspect brillant et juste cir\u00e9<\/p>\n<p>[\/vc_column_text][\/vc_column][\/vc_row][vc_row top_margin=\u00a0\u00bbsm\u00a0\u00bb][vc_column]<div class=\"section-title sg-section-title sep-bottom-sm text-center\"><div class=\"copy-content\"><h2 class=\" normal-title\">Voulez-vous plus de donn\u00e9es techniques ?<\/h2><\/div><div class=\"border-bg\"><\/div><\/div>[vc_row_inner][vc_column_inner width=\u00a0\u00bb1\/2&Prime;][vc_single_image image=\u00a0\u00bb82585&Prime; img_size=\u00a0\u00bb\u00a0\u00bb alignment=\u00a0\u00bbcenter\u00a0\u00bb][\/vc_column_inner][vc_column_inner width=\u00a0\u00bb1\/2&Prime;][vc_column_text]<\/p>\n<h3>Fiche technique Clearshield\u00ae Pro Hydro<\/h3>\n<ul>\n<li>Propri\u00e9t\u00e9s physiques<\/li>\n<li>Adh\u00e9sion<\/li>\n<li>Essais de vieillissement<\/li>\n<li>R\u00e9sistance aux chocs<\/li>\n<li>R\u00e9sistance chimique<\/li>\n<li>R\u00e9sistance aux taches<\/li>\n<\/ul>\n<p>[\/vc_column_text][vc_btn title=\u00a0\u00bbT\u00e9l\u00e9charger la fiche technique\u00a0\u00bb style=\u00a0\u00bbflat\u00a0\u00bb shape=\u00a0\u00bbsquare\u00a0\u00bb color=\u00a0\u00bbprimary\u00a0\u00bb size=\u00a0\u00bblg\u00a0\u00bb align=\u00a0\u00bbleft\u00a0\u00bb i_icon_fontawesome=\u00a0\u00bbfar fa-arrow-alt-circle-down\u00a0\u00bb add_icon=\u00a0\u00bbtrue\u00a0\u00bb css=\u00a0\u00bb.vc_custom_1617696636025{padding-top: 2% !important;padding-bottom: 2% !important;}\u00a0\u00bb link=\u00a0\u00bburl:https%3A%2F%2Fwww.solargard.com%2Fwp-content%2Fuploads%2F2020%2F05%2FCSP-Hydro_DataSheet_SK0168CSPHYDRODS_INT.pdf|title:Clearshield%20Pro%20Hydro%20Data%20Sheet%20EN|target:_blank\u00a0\u00bb][\/vc_column_inner][\/vc_row_inner][\/vc_column][\/vc_row][vc_row full_width=\u00a0\u00bbstretch_row\u00a0\u00bb equal_height=\u00a0\u00bbyes\u00a0\u00bb top_margin=\u00a0\u00bbnone\u00a0\u00bb bottom_margin=\u00a0\u00bbnone\u00a0\u00bb css=\u00a0\u00bb.vc_custom_1565717041122{background-color: #fab800 !important;}\u00a0\u00bb][vc_column width=\u00a0\u00bb2\/3&Prime;][vc_column_text]<\/p>\n<p style=\"text-align: center;\"><strong>En savoir plus sur Clearshield Pro Hydro.<\/strong><\/p>\n<p>[\/vc_column_text][\/vc_column][vc_column width=\u00a0\u00bb1\/3&Prime;][vc_btn title=\u00a0\u00bbTrouver un installateur agr\u00e9\u00e9\u00a0\u00bb style=\u00a0\u00bbflat\u00a0\u00bb shape=\u00a0\u00bbsquare\u00a0\u00bb color=\u00a0\u00bbprimary\u00a0\u00bb size=\u00a0\u00bblg\u00a0\u00bb align=\u00a0\u00bbcenter\u00a0\u00bb button_block=\u00a0\u00bbtrue\u00a0\u00bb link=\u00a0\u00bburl:https%3A%2F%2Fwww.solargard.com%2Ffr%2Ffind-a-dealer%2F\u00a0\u00bb][\/vc_column][\/vc_row]<\/p>\n<\/div>","protected":false},"excerpt":{"rendered":"<p>[vc_row bottom_margin=\u00a0\u00bbnone\u00a0\u00bb][vc_column][vc_row_inner el_id=\u00a0\u00bblead-in\u00a0\u00bb][vc_column_inner][vc_column_text]Clearshield Pro\u00ae HYDRO \u2013 la derni\u00e8re innovation de Saint-Gobain Solar Gard en mati\u00e8re de protection de peinture. Gr\u00e2ce \u00e0 sa technologie de pointe et \u00e0 sa couche de finition StainX\u00ae, vous passerez moins de temps \u00e0 laver votre auto et roulerez plus longtemps avec une voiture d\u00e9perlante ou, \u00e9conomisez de l\u2019eau et du &hellip; <a href=\"https:\/\/www.solargard.com\/fr\/films-pour-automobiles\/produits-auto\/clearshield-pro-hydro-protection-carrosserie\/\">Continued<\/a><\/p>\n","protected":false},"author":1,"featured_media":82438,"parent":28574,"menu_order":0,"comment_status":"closed","ping_status":"closed","template":"","meta":{"_acf_changed":false,"footnotes":""},"class_list":["post-93961","page","type-page","status-publish","has-post-thumbnail","hentry"],"acf":[],"_links":{"self":[{"href":"https:\/\/www.solargard.com\/fr\/wp-json\/wp\/v2\/pages\/93961","targetHints":{"allow":["GET"]}}],"collection":[{"href":"https:\/\/www.solargard.com\/fr\/wp-json\/wp\/v2\/pages"}],"about":[{"href":"https:\/\/www.solargard.com\/fr\/wp-json\/wp\/v2\/types\/page"}],"author":[{"embeddable":true,"href":"https:\/\/www.solargard.com\/fr\/wp-json\/wp\/v2\/users\/1"}],"replies":[{"embeddable":true,"href":"https:\/\/www.solargard.com\/fr\/wp-json\/wp\/v2\/comments?post=93961"}],"version-history":[{"count":0,"href":"https:\/\/www.solargard.com\/fr\/wp-json\/wp\/v2\/pages\/93961\/revisions"}],"up":[{"embeddable":true,"href":"https:\/\/www.solargard.com\/fr\/wp-json\/wp\/v2\/pages\/28574"}],"wp:featuredmedia":[{"embeddable":true,"href":"https:\/\/www.solargard.com\/fr\/wp-json\/wp\/v2\/media\/82438"}],"wp:attachment":[{"href":"https:\/\/www.solargard.com\/fr\/wp-json\/wp\/v2\/media?parent=93961"}],"curies":[{"name":"wp","href":"https:\/\/api.w.org\/{rel}","templated":true}]}}