{"id":94264,"date":"2020-12-14T05:47:57","date_gmt":"2020-12-14T13:47:57","guid":{"rendered":"https:\/\/www.solargard.com\/marine\/"},"modified":"2022-09-11T22:46:39","modified_gmt":"2022-09-12T06:46:39","slug":"marine","status":"publish","type":"page","link":"https:\/\/www.solargard.com\/fr\/marine\/","title":{"rendered":"Marine Film"},"content":{"rendered":"<div class=\"wpb-content-wrapper\"><p>[vc_row top_margin=\u00a0\u00bbnone\u00a0\u00bb bottom_margin=\u00a0\u00bbmd\u00a0\u00bb][vc_column][vc_row_inner][vc_column_inner][vc_column_text css=\u00a0\u00bb.vc_custom_1629788078735{padding-top: 2% !important;padding-bottom: 4% !important;}\u00a0\u00bb]<\/p>\n<h3 style=\"text-align: center; font-weight: 900;\">L&rsquo;exp\u00e9rience Solar Gard\u00ae<\/h3>\n<div style=\"text-align: center;\"><span>Que vous soyez en pleine navigation ou amarr\u00e9s, les films Solar Gard prot\u00e8gent de la chaleur et donc vous offrent une temp\u00e9rature int\u00e9rieure agr\u00e9able tout en proposant un aspect visuel neutre \u00e0 votre vitrage. Notre technologie c\u00e9ramique offre une tr\u00e8s haute clart\u00e9 optique qui permet un confort de navigation de jour comme de nuit.<\/span><\/div>\n<p>[\/vc_column_text][\/vc_column_inner][\/vc_row_inner][vc_row_inner][vc_column_inner width=\u00a0\u00bb1\/4&Prime; offset=\u00a0\u00bbvc_col-xs-6&Prime;]<div class=\"content-icon text-left\"><div class=\"content-link-image wow bounceInUp\" style=\"background-image: url(https:\/\/www.solargard.com\/wp-content\/uploads\/2016\/04\/keep_me_cool_2.png)\"  data-wow-delay=\"0.25s\"><\/div><h4>CONFORT<\/h4><h5><\/h5><p>Bloque jusqu'\u00e0 93% de la chaleur solaire pour refroidir l'int\u00e9rieur<\/p><\/div>[\/vc_column_inner][vc_column_inner width=\u00a0\u00bb1\/4&Prime; offset=\u00a0\u00bbvc_col-xs-6&Prime;]<div class=\"content-icon text-left\"><div class=\"content-link-image wow bounceInUp\" style=\"background-image: url(https:\/\/www.solargard.com\/wp-content\/uploads\/2016\/04\/shield_2.png)\"  data-wow-delay=\"0.5s\"><\/div><h4>PROTECTION UV<\/h4><h5><\/h5><p>\u00c9quivalent \u00e0 SPF 285<\/p><\/div>[\/vc_column_inner][vc_column_inner width=\u00a0\u00bb1\/4&Prime; offset=\u00a0\u00bbvc_col-xs-6&Prime;]<div class=\"content-icon text-left\"><div class=\"content-link-image wow bounceInUp\" style=\"background-image: url(https:\/\/www.solargard.com\/wp-content\/uploads\/2016\/04\/prevent_fading_2.png)\"  data-wow-delay=\"0.75s\"><\/div><h4>D\u00c9COLORATION<\/h4><h5><\/h5><p>Aide \u00e0 prot\u00e9ger votre int\u00e9rieur des rayons UV nocifs<\/p><\/div>[\/vc_column_inner][vc_column_inner width=\u00a0\u00bb1\/4&Prime; offset=\u00a0\u00bbvc_col-xs-6&Prime;]<div class=\"content-icon text-left\"><div class=\"content-link-image wow bounceInUp\" style=\"background-image: url(https:\/\/www.solargard.com\/wp-content\/uploads\/2016\/04\/glare_2.png)\"  data-wow-delay=\"1s\"><\/div><h4>\u00c9BLOUISSEMENT<\/h4><h5><\/h5><p>Emp\u00eachez l'\u00e9blouissement du soleil de vous aveugler<\/p><\/div>[\/vc_column_inner][\/vc_row_inner][\/vc_column][\/vc_row][vc_row top_margin=\u00a0\u00bbmd\u00a0\u00bb bottom_margin=\u00a0\u00bbsm\u00a0\u00bb][vc_column]<div class=\"section-title sg-section-title text-center\"><div class=\"copy-content\"><h2 class=\" normal-title\">Voir nos produits<\/h2><\/div><div class=\"border-bg\"><\/div><\/div>[\/vc_column][\/vc_row][vc_row top_margin=\u00a0\u00bbnone\u00a0\u00bb bottom_margin=\u00a0\u00bbsm\u00a0\u00bb][vc_column][vc_row_inner el_id=\u00a0\u00bbmarine-products\u00a0\u00bb][vc_column_inner width=\u00a0\u00bb1\/3&Prime;][vc_cta h2=\u00a0\u00bbCX Magnum Black\u00a0\u00bb h4=\u00a0\u00bbS\u00e9rie de films c\u00e9ramiques qui bloque la lumi\u00e8re ultraviolette et infrarouge.\u00a0\u00bb shape=\u00a0\u00bbsquare\u00a0\u00bb add_button=\u00a0\u00bbbottom\u00a0\u00bb btn_title=\u00a0\u00bbMore info\u00a0\u00bb btn_style=\u00a0\u00bbflat\u00a0\u00bb btn_shape=\u00a0\u00bbsquare\u00a0\u00bb btn_color=\u00a0\u00bbprimary\u00a0\u00bb btn_link=\u00a0\u00bburl:https%3A%2F%2Fwww.solargard.com%2Ffr%2Fproduit%2Fcx-magnum-films-automobiles%2F|title:CX%20Magnum%20Black\u00a0\u00bb el_id=\u00a0\u00bbpanoramacx\u00a0\u00bb][\/vc_cta][\/vc_column_inner][vc_column_inner width=\u00a0\u00bb1\/3&Prime;][vc_cta h2=\u00a0\u00bbUltra Performance Plus\u00a0\u00bb h4=\u00a0\u00bbMaximiser votre exp\u00e9rience de conduite et votre confort\u00a0\u00bb shape=\u00a0\u00bbsquare\u00a0\u00bb add_button=\u00a0\u00bbbottom\u00a0\u00bb btn_title=\u00a0\u00bbMore info\u00a0\u00bb btn_style=\u00a0\u00bbflat\u00a0\u00bb btn_shape=\u00a0\u00bbsquare\u00a0\u00bb btn_color=\u00a0\u00bbprimary\u00a0\u00bb btn_link=\u00a0\u00bburl:https%3A%2F%2Fwww.solargard.com%2Ffr%2Fproduit%2Fultra-performance%2F|title:Ultra%20Performance%20Plus\u00a0\u00bb el_id=\u00a0\u00bbxenithir\u00a0\u00bb][\/vc_cta][\/vc_column_inner][vc_column_inner width=\u00a0\u00bb1\/3&Prime;][vc_cta h2=\u00a0\u00bbGalaxie\u00a0\u00bb h4=\u00a0\u00bbUn tr\u00e8s joli film color\u00e9 qui lutte contre la d\u00e9coloration et est garantie 10 ans\u00a0\u00bb shape=\u00a0\u00bbsquare\u00a0\u00bb add_button=\u00a0\u00bbbottom\u00a0\u00bb btn_title=\u00a0\u00bbMore info\u00a0\u00bb btn_style=\u00a0\u00bbflat\u00a0\u00bb btn_shape=\u00a0\u00bbsquare\u00a0\u00bb btn_color=\u00a0\u00bbprimary\u00a0\u00bb btn_link=\u00a0\u00bburl:https%3A%2F%2Fwww.solargard.com%2Ffr%2Fproduit%2Fgalaxie%2F|title:Galaxie\u00a0\u00bb el_id=\u00a0\u00bbvortexir\u00a0\u00bb][\/vc_cta][\/vc_column_inner][\/vc_row_inner][\/vc_column][\/vc_row][vc_row top_margin=\u00a0\u00bbmd\u00a0\u00bb bottom_margin=\u00a0\u00bbsm\u00a0\u00bb][vc_column]<div class=\"section-title sg-section-title text-center\"><div class=\"copy-content\"><h2 class=\" normal-title\">Ressources<\/h2><\/div><div class=\"border-bg\"><\/div><\/div>[\/vc_column][\/vc_row][vc_row full_width=\u00a0\u00bbstretch_row\u00a0\u00bb top_margin=\u00a0\u00bbxs\u00a0\u00bb bottom_margin=\u00a0\u00bbxs\u00a0\u00bb][vc_column][vc_row_inner equal_height=\u00a0\u00bbyes\u00a0\u00bb][vc_column_inner width=\u00a0\u00bb1\/3&Prime;][vc_btn title=\u00a0\u00bbTrouver un pro\u00a0\u00bb style=\u00a0\u00bbcustom\u00a0\u00bb custom_background=\u00a0\u00bb#fdb924&Prime; custom_text=\u00a0\u00bb#0a0a0a\u00a0\u00bb shape=\u00a0\u00bbsquare\u00a0\u00bb size=\u00a0\u00bblg\u00a0\u00bb align=\u00a0\u00bbcenter\u00a0\u00bb i_icon_fontawesome=\u00a0\u00bb\u00a0\u00bb css_animation=\u00a0\u00bbbounceInDown\u00a0\u00bb button_block=\u00a0\u00bbtrue\u00a0\u00bb add_icon=\u00a0\u00bbtrue\u00a0\u00bb link=\u00a0\u00bburl:https%3A%2F%2Fwww.solargard.com%2Ffr%2Ftrouver-un-applicateur%2F|title:Find%20a%20Dealer\u00a0\u00bb][\/vc_column_inner][vc_column_inner width=\u00a0\u00bb1\/3&Prime;][vc_btn title=\u00a0\u00bbInstructions d&rsquo;entretien\u00a0\u00bb style=\u00a0\u00bbflat\u00a0\u00bb shape=\u00a0\u00bbsquare\u00a0\u00bb color=\u00a0\u00bbprimary\u00a0\u00bb size=\u00a0\u00bblg\u00a0\u00bb align=\u00a0\u00bbcenter\u00a0\u00bb button_block=\u00a0\u00bbtrue\u00a0\u00bb el_class=\u00a0\u00bbsame-height-item\u00a0\u00bb link=\u00a0\u00bburl:https%3A%2F%2Fwww.solargard.com%2Ffr%2Finstructions-maintenance-et-entretien%2F\u00a0\u00bb][\/vc_column_inner][vc_column_inner width=\u00a0\u00bb1\/3&Prime;][vc_btn title=\u00a0\u00bbGaranties\u00a0\u00bb style=\u00a0\u00bbflat\u00a0\u00bb shape=\u00a0\u00bbsquare\u00a0\u00bb color=\u00a0\u00bbprimary\u00a0\u00bb size=\u00a0\u00bblg\u00a0\u00bb align=\u00a0\u00bbcenter\u00a0\u00bb button_block=\u00a0\u00bbtrue\u00a0\u00bb el_class=\u00a0\u00bbsame-height-item\u00a0\u00bb link=\u00a0\u00bburl:https%3A%2F%2Fwww.solargard.com%2Fuk%2Fautomotive%2Fautomotive-products%2Fautomotive-warranties%2F|target:_blank\u00a0\u00bb][\/vc_column_inner][\/vc_row_inner][\/vc_column][\/vc_row]<\/p>\n<\/div>","protected":false},"excerpt":{"rendered":"<p>[vc_row top_margin=\u00a0\u00bbnone\u00a0\u00bb bottom_margin=\u00a0\u00bbmd\u00a0\u00bb][vc_column][vc_row_inner][vc_column_inner][vc_column_text css=\u00a0\u00bb.vc_custom_1629788078735{padding-top: 2% !important;padding-bottom: 4% !important;}\u00a0\u00bb] L&rsquo;exp\u00e9rience Solar Gard\u00ae Que vous soyez en pleine navigation ou amarr\u00e9s, les films Solar Gard prot\u00e8gent de la chaleur et donc vous offrent une temp\u00e9rature int\u00e9rieure agr\u00e9able tout en proposant un aspect visuel neutre \u00e0 votre vitrage. Notre technologie c\u00e9ramique offre une tr\u00e8s haute clart\u00e9 optique qui &hellip; <a href=\"https:\/\/www.solargard.com\/fr\/marine\/\">Continued<\/a><\/p>\n","protected":false},"author":27,"featured_media":92286,"parent":0,"menu_order":0,"comment_status":"closed","ping_status":"closed","template":"","meta":{"_acf_changed":false,"footnotes":""},"class_list":["post-94264","page","type-page","status-publish","has-post-thumbnail","hentry"],"acf":[],"_links":{"self":[{"href":"https:\/\/www.solargard.com\/fr\/wp-json\/wp\/v2\/pages\/94264","targetHints":{"allow":["GET"]}}],"collection":[{"href":"https:\/\/www.solargard.com\/fr\/wp-json\/wp\/v2\/pages"}],"about":[{"href":"https:\/\/www.solargard.com\/fr\/wp-json\/wp\/v2\/types\/page"}],"author":[{"embeddable":true,"href":"https:\/\/www.solargard.com\/fr\/wp-json\/wp\/v2\/users\/27"}],"replies":[{"embeddable":true,"href":"https:\/\/www.solargard.com\/fr\/wp-json\/wp\/v2\/comments?post=94264"}],"version-history":[{"count":0,"href":"https:\/\/www.solargard.com\/fr\/wp-json\/wp\/v2\/pages\/94264\/revisions"}],"wp:featuredmedia":[{"embeddable":true,"href":"https:\/\/www.solargard.com\/fr\/wp-json\/wp\/v2\/media\/92286"}],"wp:attachment":[{"href":"https:\/\/www.solargard.com\/fr\/wp-json\/wp\/v2\/media?parent=94264"}],"curies":[{"name":"wp","href":"https:\/\/api.w.org\/{rel}","templated":true}]}}