{"id":97210,"date":"2016-02-17T22:04:24","date_gmt":"2016-02-17T22:04:24","guid":{"rendered":"https:\/\/www.solargard.com\/ressources\/efficacite-energetique-et-developpement-durable\/leed-breeam\/"},"modified":"2022-06-16T03:14:20","modified_gmt":"2022-06-16T11:14:20","slug":"leed-breeam","status":"publish","type":"page","link":"https:\/\/www.solargard.com\/fr\/ressources\/efficacite-energetique-et-durabilite\/leed-breeam\/","title":{"rendered":"LEED &#038; BREEAM"},"content":{"rendered":"<div class=\"wpb-content-wrapper\"><p>[vc_row top_margin=\u00a0\u00bbnone\u00a0\u00bb bottom_margin=\u00a0\u00bbmd\u00a0\u00bb][vc_column][vc_row_inner][vc_column_inner]<div class=\"section-title sg-section-title text-center\"><div class=\"copy-content\"><h1 class=\" normal-title\">LEED &amp; BREEAM<\/h1><\/div><div class=\"border-bg\"><\/div><\/div>[\/vc_column_inner][\/vc_row_inner][\/vc_column][\/vc_row][vc_row top_margin=\u00a0\u00bbnone\u00a0\u00bb bottom_margin=\u00a0\u00bbsm\u00a0\u00bb][vc_column][vc_column_text]<\/p>\n<h4 style=\"text-align: center;\">LEED et BREEAM sont des m\u00e9thodes mondiales<br \/>\nd&rsquo;\u00e9valuation et de notation durables pour les b\u00e2timents<\/h4>\n<h5 class=\"p1\" style=\"text-align: center;\"><span class=\"s1\">Les propri\u00e9taires de b\u00e2timents peuvent obtenir une note plus \u00e9lev\u00e9e en utilisant le film pour vitrage Solar Gard.<\/span><span class=\"s2\"><br \/>\n<\/span><\/h5>\n<p>[\/vc_column_text][\/vc_column][\/vc_row][vc_row top_margin=\u00a0\u00bbnone\u00a0\u00bb bottom_margin=\u00a0\u00bbnone\u00a0\u00bb css=\u00a0\u00bb.vc_custom_1643729388945{margin-left: 20px !important;}\u00a0\u00bb][vc_column width=\u00a0\u00bb1\/2&Prime; css=\u00a0\u00bb.vc_custom_1643717646488{margin-right: 20px !important;padding-right: 20px !important;padding-left: 20px !important;}\u00a0\u00bb][vc_column_text]<\/p>\n<p style=\"text-align: center;\"><a href=\"http:\/\/www.usgbc.org\/leed\" target=\"_blank\" rel=\"noopener\"><img loading=\"lazy\" decoding=\"async\" class=\"alignnone wp-image-96207\" src=\"https:\/\/www.solargard.com\/wp-content\/uploads\/2022\/02\/usgbc_leed_logo-1.svg\" alt=\"\" width=\"105\" height=\"105\" \/><\/a><\/p>\n<p>[\/vc_column_text][vc_separator css=\u00a0\u00bb.vc_custom_1455748086165{margin-top: 20px !important;margin-bottom: 20px !important;}\u00a0\u00bb][vc_column_text]<\/p>\n<h3>Gagner des cr\u00e9dits LEED<\/h3>\n<p><span><a href=\"http:\/\/www.usgbc.org\/leed\" target=\"_blank\" rel=\"noopener\"><strong>LEED<\/strong><\/a><\/span><strong> (Leadership in Energy and Environmental Design) est un syst\u00e8me d&rsquo;\u00e9valuation des b\u00e2timents \u00e9cologiques largement utilis\u00e9.<\/strong><\/p>\n<p>Les avantages du film pour vitrage peuvent aider les entreprises \u00e0 gagner des points pour obtenir une note plus \u00e9lev\u00e9e bas\u00e9e sur les cr\u00e9dits suivants\u00a0:<\/p>\n<h4><span style=\"color: #186f8f;\">1. SS (Sites durables)<\/span><\/h4>\n<ul>\n<li>Credit 8: R\u00e9duction de la pollution lumineuse<\/li>\n<\/ul>\n<h4><span style=\"color: #186f8f;\">2. EA (\u00c9nergie &amp; Atmosph\u00e8re)<\/span><\/h4>\n<ul>\n<li>Credit 1: Optimiser les performances \u00e9nerg\u00e9tiques<\/li>\n<\/ul>\n<h4><span style=\"color: #186f8f;\">3. EQ (Qualit\u00e9 de l&rsquo;environnement int\u00e9rieur)<\/span><\/h4>\n<ul>\n<li>Credit 8: Lumi\u00e8re du jour et vues<\/li>\n<li>Credit 7: Confort thermique<\/li>\n<\/ul>\n<h4><span style=\"color: #186f8f;\">MR (Mat\u00e9riaux et ressources)<\/span><\/h4>\n<ul>\n<li>Credit 1 R\u00e9utilisation des b\u00e2timents<\/li>\n<\/ul>\n<h4><span style=\"color: #186f8f;\">ID (Processus d&rsquo;innovation et de conception)<\/span><\/h4>\n<ul>\n<li>Rayons UV nocifs bloqu\u00e9s<\/li>\n<li>R\u00e9duction de la d\u00e9coloration r\u00e9duisant les d\u00e9chets<\/li>\n<\/ul>\n<h5><\/h5>\n<p>[\/vc_column_text][\/vc_column][vc_column width=\u00a0\u00bb1\/2&Prime;][vc_empty_space height=\u00a0\u00bb35px\u00a0\u00bb][vc_column_text]<\/p>\n<p style=\"text-align: center;\"><a href=\"https:\/\/www.solargard.com\/wp-content\/uploads\/2022\/02\/breeam-logo-black-1.svg\" target=\"_blank\" rel=\"https:\/\/www.breeam.com\/discover\/technical-standards\/ noopener\"><img loading=\"lazy\" decoding=\"async\" class=\"alignnone wp-image-96206\" src=\"https:\/\/www.solargard.com\/wp-content\/uploads\/2022\/02\/breeam-logo-black-1.svg\" alt=\"\" width=\"193\" height=\"77\" \/><\/a><\/p>\n<p>[\/vc_column_text][vc_separator css=\u00a0\u00bb.vc_custom_1455748086165{margin-top: 20px !important;margin-bottom: 20px !important;}\u00a0\u00bb][vc_column_text]<\/p>\n<h3>Gagner des cr\u00e9dits BREEAM<\/h3>\n<p><a href=\"https:\/\/www.breeam.com\/discover\/technical-standards\/\" target=\"_blank\" rel=\"noopener\"><strong>BREEAM <\/strong><\/a><strong>(Building Research Establishment Environmental Assessment Method) est l&rsquo;une des principales m\u00e9thodes d&rsquo;\u00e9valuation de la durabilit\u00e9 des b\u00e2timents.<\/strong><\/p>\n<p>Les b\u00e2timents class\u00e9s BREEAM prennent \u00e9galement en compte la sant\u00e9 et le bien-\u00eatre des occupants.<\/p>\n<p>Des cr\u00e9dits peuvent \u00eatre gagn\u00e9s avec le film pour fen\u00eatre dans les cat\u00e9gories Asset Performance et Building\/Occupier Management\u00a0:<\/p>\n<h4><span style=\"color: #186f8f;\">\u00c9nergie<\/span><\/h4>\n<ul>\n<li>Jusqu&rsquo;\u00e0 plus de 10 cr\u00e9dits ENE diff\u00e9rents<\/li>\n<\/ul>\n<h4><span style=\"color: #186f8f;\">Sant\u00e9 et bien-\u00eatre<\/span><\/h4>\n<ul>\n<li>HEA 01 Confort visuel et Lumi\u00e8re du jour<\/li>\n<li>HEA 02 Contr\u00f4le de l&rsquo;\u00e9blouissement<\/li>\n<li>HEA 03 Contr\u00f4le thermique<\/li>\n<li>HEA 08 Niveaux d&rsquo;\u00e9clairement<\/li>\n<\/ul>\n<h4><span style=\"color: #186f8f;\">Mat\u00e9riaux<\/span><\/h4>\n<ul>\n<li>Cr\u00e9dits MAT sur les conseils de s\u00e9curit\u00e9 et les risques naturels<\/li>\n<\/ul>\n<p>[\/vc_column_text][\/vc_column][\/vc_row][vc_row top_margin=\u00a0\u00bbsm\u00a0\u00bb][vc_column][vc_column_text]<img loading=\"lazy\" decoding=\"async\" class=\"alignleft wp-image-96264 size-full\" src=\"https:\/\/www.solargard.com\/wp-content\/uploads\/2022\/02\/lead-breem-credits.jpg\" alt=\"\" width=\"1807\" height=\"232\" srcset=\"https:\/\/www.solargard.com\/wp-content\/uploads\/2022\/02\/lead-breem-credits.jpg 1807w, https:\/\/www.solargard.com\/wp-content\/uploads\/2022\/02\/lead-breem-credits-300x39.jpg 300w, https:\/\/www.solargard.com\/wp-content\/uploads\/2022\/02\/lead-breem-credits-1024x131.jpg 1024w, https:\/\/www.solargard.com\/wp-content\/uploads\/2022\/02\/lead-breem-credits-768x99.jpg 768w, https:\/\/www.solargard.com\/wp-content\/uploads\/2022\/02\/lead-breem-credits-1536x197.jpg 1536w, https:\/\/www.solargard.com\/wp-content\/uploads\/2022\/02\/lead-breem-credits-190x24.jpg 190w, https:\/\/www.solargard.com\/wp-content\/uploads\/2022\/02\/lead-breem-credits-600x77.jpg 600w\" sizes=\"auto, (max-width: 1807px) 100vw, 1807px\" \/>[\/vc_column_text][\/vc_column][\/vc_row][vc_row][vc_column][vc_cta h2=\u00a0\u00bbLEED &amp; BREEAM FICHE D&rsquo;INFORMATION\u00a0\u00bb h2_font_container=\u00a0\u00bbtag:h2|text_align:left|color:%23ffffff\u00a0\u00bb h2_use_theme_fonts=\u00a0\u00bbyes\u00a0\u00bb h4=\u00a0\u00bbVersion anglais\u00a0\u00bb h4_font_container=\u00a0\u00bbtag:h4|text_align:left|color:%23ffffff\u00a0\u00bb h4_use_theme_fonts=\u00a0\u00bbyes\u00a0\u00bb add_button=\u00a0\u00bbright\u00a0\u00bb btn_title=\u00a0\u00bbT\u00e9l\u00e9chargez Document\u00a0\u00bb btn_color=\u00a0\u00bbturquoise\u00a0\u00bb btn_size=\u00a0\u00bblg\u00a0\u00bb btn_align=\u00a0\u00bbright\u00a0\u00bb use_custom_fonts_h2=\u00a0\u00bbtrue\u00a0\u00bb use_custom_fonts_h4=\u00a0\u00bbtrue\u00a0\u00bb btn_button_block=\u00a0\u00bbtrue\u00a0\u00bb css=\u00a0\u00bb.vc_custom_1655377573925{background-image: url(https:\/\/www.solargard.com\/wp-content\/uploads\/2022\/02\/lead-breem-web-banner-scaled.jpg?id=96193) !important;background-position: center !important;background-repeat: no-repeat !important;background-size: contain !important;}\u00a0\u00bb btn_link=\u00a0\u00bburl:https%3A%2F%2Fwww.solargard.com%2Fwp-content%2Fuploads%2F2022%2F02%2FLEED-BREEAM-Info-Sheet-INT-0222.pdf|title:LEED%20%26%20BREEAM%20Information%20Sheet|target:_blank\u00a0\u00bb][\/vc_cta][\/vc_column][\/vc_row][vc_row full_width=\u00a0\u00bbstretch_row\u00a0\u00bb top_margin=\u00a0\u00bbmd\u00a0\u00bb bottom_margin=\u00a0\u00bbmd\u00a0\u00bb css=\u00a0\u00bb.vc_custom_1643806987978{background-color: #007db1 !important;}\u00a0\u00bb][vc_column width=\u00a0\u00bb2\/3&Prime;]<div class=\"section-title sep-top-xs text-left\"><h5 class=\"upper light normal-title\">UN PROJET ? NOUS SOMMES L\u00c0 POUR VOUS AIDER !<\/h5><\/div>[\/vc_column][vc_column width=\u00a0\u00bb1\/3&Prime;][vc_btn title=\u00a0\u00bbContactez-nous\u00a0\u00bb style=\u00a0\u00bboutline\u00a0\u00bb shape=\u00a0\u00bbround\u00a0\u00bb color=\u00a0\u00bbwhite\u00a0\u00bb size=\u00a0\u00bblg\u00a0\u00bb align=\u00a0\u00bbcenter\u00a0\u00bb button_block=\u00a0\u00bbtrue\u00a0\u00bb link=\u00a0\u00bburl:https%3A%2F%2Fwww.solargard.com%2Ffr%2Fcontactez-nous%2F|title:Contactez-nous\u00a0\u00bb][\/vc_column][\/vc_row]<\/p>\n<\/div>","protected":false},"excerpt":{"rendered":"<p>[vc_row top_margin=\u00a0\u00bbnone\u00a0\u00bb bottom_margin=\u00a0\u00bbmd\u00a0\u00bb][vc_column][vc_row_inner][vc_column_inner][\/vc_column_inner][\/vc_row_inner][\/vc_column][\/vc_row][vc_row top_margin=\u00a0\u00bbnone\u00a0\u00bb bottom_margin=\u00a0\u00bbsm\u00a0\u00bb][vc_column][vc_column_text] LEED et BREEAM sont des m\u00e9thodes mondiales d&rsquo;\u00e9valuation et de notation durables pour les b\u00e2timents Les propri\u00e9taires de b\u00e2timents peuvent obtenir une note plus \u00e9lev\u00e9e en utilisant le film pour vitrage Solar Gard. [\/vc_column_text][\/vc_column][\/vc_row][vc_row top_margin=\u00a0\u00bbnone\u00a0\u00bb bottom_margin=\u00a0\u00bbnone\u00a0\u00bb css=\u00a0\u00bb.vc_custom_1643729388945{margin-left: 20px !important;}\u00a0\u00bb][vc_column width=\u00a0\u00bb1\/2&Prime; css=\u00a0\u00bb.vc_custom_1643717646488{margin-right: 20px !important;padding-right: 20px !important;padding-left: 20px !important;}\u00a0\u00bb][vc_column_text] [\/vc_column_text][vc_separator css=\u00a0\u00bb.vc_custom_1455748086165{margin-top: 20px &hellip; <a href=\"https:\/\/www.solargard.com\/fr\/ressources\/efficacite-energetique-et-durabilite\/leed-breeam\/\">Continued<\/a><\/p>\n","protected":false},"author":1,"featured_media":97211,"parent":103079,"menu_order":0,"comment_status":"closed","ping_status":"closed","template":"templates\/resources.php","meta":{"_acf_changed":false,"footnotes":""},"class_list":["post-97210","page","type-page","status-publish","has-post-thumbnail","hentry"],"acf":[],"_links":{"self":[{"href":"https:\/\/www.solargard.com\/fr\/wp-json\/wp\/v2\/pages\/97210","targetHints":{"allow":["GET"]}}],"collection":[{"href":"https:\/\/www.solargard.com\/fr\/wp-json\/wp\/v2\/pages"}],"about":[{"href":"https:\/\/www.solargard.com\/fr\/wp-json\/wp\/v2\/types\/page"}],"author":[{"embeddable":true,"href":"https:\/\/www.solargard.com\/fr\/wp-json\/wp\/v2\/users\/1"}],"replies":[{"embeddable":true,"href":"https:\/\/www.solargard.com\/fr\/wp-json\/wp\/v2\/comments?post=97210"}],"version-history":[{"count":0,"href":"https:\/\/www.solargard.com\/fr\/wp-json\/wp\/v2\/pages\/97210\/revisions"}],"up":[{"embeddable":true,"href":"https:\/\/www.solargard.com\/fr\/wp-json\/wp\/v2\/pages\/103079"}],"wp:featuredmedia":[{"embeddable":true,"href":"https:\/\/www.solargard.com\/fr\/wp-json\/wp\/v2\/media\/97211"}],"wp:attachment":[{"href":"https:\/\/www.solargard.com\/fr\/wp-json\/wp\/v2\/media?parent=97210"}],"curies":[{"name":"wp","href":"https:\/\/api.w.org\/{rel}","templated":true}]}}