{"id":101141,"date":"2014-11-03T19:56:47","date_gmt":"2014-11-03T19:56:47","guid":{"rendered":"https:\/\/www.solargard.com\/?post_type=product&#038;p=101141"},"modified":"2023-05-04T09:00:19","modified_gmt":"2023-05-04T17:00:19","slug":"lx","status":"publish","type":"product","link":"https:\/\/www.solargard.com\/fr\/produit\/lx\/","title":{"rendered":"Film solaire pour domicile | LX 70"},"content":{"rendered":"<p>Am\u00e9liorer la qualit\u00e9 de vie en vous pr\u00e9servant de la chaleur inconfortable, prot\u00e9ger le mobilier pr\u00e9cieux et offrir \u00e0 la fois une grande luminosit\u00e9 et des vues imprenables, voil\u00e0 les t\u00e2ches principales du film pour vitrages Solar Gard LX70. Le film est virtuellement ind\u00e9tectable sur vos fen\u00eatres, mais il permet de maintenir un climat plus frais et plus confortable \u00e0 l&rsquo;int\u00e9rieur, tout en prot\u00e9geant votre d\u00e9cor.<\/p>\n<p>Le film LX70 offre une vue imprenable sur l&rsquo;ext\u00e9rieur, tout en maintenant un climat frais \u00e0 l&rsquo;int\u00e9rieur de l&rsquo;immeuble, offrant ainsi des \u00e9conomies d&rsquo;\u00e9nergie impressionnantes. Le film Solar Gard LX70 r\u00e9duit plus de 50% de l&rsquo;\u00e9nergie solaire p\u00e9n\u00e9trant dans l&rsquo;immeuble \u00e0 travers les fen\u00eatres.<\/p>\n","protected":false},"excerpt":{"rendered":"<p>Am\u00e9liorer la qualit\u00e9 de vie en vous pr\u00e9servant de la chaleur inconfortable, prot\u00e9ger le mobilier pr\u00e9cieux et offrir \u00e0 la fois une grande luminosit\u00e9 et des vues imprenables, voil\u00e0 les t\u00e2ches principales du film pour vitrages Solar Gard LX70. Le film est virtuellement ind\u00e9tectable sur vos fen\u00eatres, mais il permet de maintenir un climat plus &hellip; <a href=\"https:\/\/www.solargard.com\/fr\/produit\/lx\/\">Continued<\/a><\/p>\n","protected":false},"featured_media":33214,"comment_status":"open","ping_status":"closed","template":"","meta":{"_acf_changed":false},"product_brand":[],"product_cat":[828,833],"product_tag":[1927,1541,1481,1436,1668],"class_list":{"0":"post-101141","1":"product","2":"type-product","3":"status-publish","4":"has-post-thumbnail","6":"product_cat-batiment","7":"product_cat-controle-solaire","8":"product_tag-arch-exterior-fr","9":"product_tag-black-grey-fr","10":"product_tag-heat-fr","11":"product_tag-home-fr","12":"product_tag-neutral-fr","14":"first","15":"outofstock","16":"shipping-taxable","17":"product-type-simple"},"acf":[],"_links":{"self":[{"href":"https:\/\/www.solargard.com\/fr\/wp-json\/wp\/v2\/product\/101141","targetHints":{"allow":["GET"]}}],"collection":[{"href":"https:\/\/www.solargard.com\/fr\/wp-json\/wp\/v2\/product"}],"about":[{"href":"https:\/\/www.solargard.com\/fr\/wp-json\/wp\/v2\/types\/product"}],"replies":[{"embeddable":true,"href":"https:\/\/www.solargard.com\/fr\/wp-json\/wp\/v2\/comments?post=101141"}],"wp:featuredmedia":[{"embeddable":true,"href":"https:\/\/www.solargard.com\/fr\/wp-json\/wp\/v2\/media\/33214"}],"wp:attachment":[{"href":"https:\/\/www.solargard.com\/fr\/wp-json\/wp\/v2\/media?parent=101141"}],"wp:term":[{"taxonomy":"product_brand","embeddable":true,"href":"https:\/\/www.solargard.com\/fr\/wp-json\/wp\/v2\/product_brand?post=101141"},{"taxonomy":"product_cat","embeddable":true,"href":"https:\/\/www.solargard.com\/fr\/wp-json\/wp\/v2\/product_cat?post=101141"},{"taxonomy":"product_tag","embeddable":true,"href":"https:\/\/www.solargard.com\/fr\/wp-json\/wp\/v2\/product_tag?post=101141"}],"curies":[{"name":"wp","href":"https:\/\/api.w.org\/{rel}","templated":true}]}}