{"id":102531,"date":"2025-12-18T13:03:16","date_gmt":"2025-12-18T21:03:16","guid":{"rendered":"https:\/\/www.solargard.com\/product\/clearshield-pro-activ\/"},"modified":"2024-01-16T07:36:53","modified_gmt":"2024-01-16T15:36:53","slug":"clearshield-pro-activ","status":"publish","type":"product","link":"https:\/\/www.solargard.com\/fr\/produit\/clearshield-pro-activ\/","title":{"rendered":"Clearshield PRO ACTIV"},"content":{"rendered":"<div class=\"wpb-content-wrapper\"><p>[vc_row full_width=\u00a0\u00bbstretch_row\u00a0\u00bb top_margin=\u00a0\u00bbnone\u00a0\u00bb bottom_margin=\u00a0\u00bbxs\u00a0\u00bb el_id=\u00a0\u00bbhero_image\u00a0\u00bb][vc_column][vc_raw_html]JTNDJTIxLS0lMjBQcm9kdWN0JTIwSGVybyUyMC0tJTNFJTBBJTNDZGl2JTIwaWQlM0QlMjJwcm9kdWN0LWhlcm8lMjIlMjBjbGFzcyUzRCUyMnJvdyUyMiUzRSUwQSUzQ2RpdiUyMGNsYXNzJTNEJTIyY29sLW1kLTEyJTIyJTNFJTBBJTNDZGl2JTIwaWQlM0QlMjJwcm9kdWN0LWhlcm8taW1hZ2UlMjIlMjBjbGFzcyUzRCUyMmJ5ZGVzaWduJTIyJTIwc3R5bGUlM0QlMjJiYWNrZ3JvdW5kLWltYWdlJTNBJTIwdXJsJTI4JTI3aHR0cHMlM0ElMkYlMkZ3d3cuc29sYXJnYXJkLmNvbSUyRndwLWNvbnRlbnQlMkZ1cGxvYWRzJTJGMjAyMyUyRjA2JTJGaGVyby1jc3AtYWN0aXYtOTYweDYwMC0xLmpwZyUyNyUyOSUzQiUyMiUzRSUzQyUyRmRpdiUzRSUwQSUzQ2RpdiUyMGlkJTNEJTIyaGVhZGluZy1jb250YWluZXIlMjIlM0UlMEElM0NoMSUzRUNsZWFyc2hpZWxkJTIwUFJPJTIwQUNUSVYlM0NzdXAlM0UlMjZ0cmFkZSUzQiUzQyUyRnN1cCUzRSUzQyUyRmgxJTNFJTBBJTNDaDIlM0VTZWxmLUhlYWxpbmclMjBQYWludCUyMFByb3RlY3Rpb24lMjBGaWxtJTNDJTJGaDIlM0UlMEElM0MlMkZkaXYlM0UlMEElM0MlMkZkaXYlM0UlMEElM0MlMkZkaXYlM0U=[\/vc_raw_html][\/vc_column][\/vc_row][vc_row top_margin=\u00a0\u00bbxs\u00a0\u00bb bottom_margin=\u00a0\u00bbxs\u00a0\u00bb el_id=\u00a0\u00bbproduct-lead-text\u00a0\u00bb][vc_column][vc_column_text]<\/p>\n<h3>Bienvenue dans l&rsquo;exp\u00e9rience de conduite ACTIV<\/h3>\n<p>Solar Gard est fier de vous pr\u00e9senter la derni\u00e8re innovation en mati\u00e8re de technologie de film de protection de peinture (PPF). Clearshield\u00ae Pro ACTIV\u2122 est con\u00e7u de mani\u00e8re experte pour offrir un \u00e9quilibre entre l&rsquo;autocicatrisation instantan\u00e9ment activ\u00e9e et la r\u00e9sistance exceptionnelle aux rayures que repr\u00e9sente le nom Clearshield Pro.<\/p>\n<p>Et contrairement \u00e0 d&rsquo;autres films de protection sur le march\u00e9 qui n\u00e9cessitent de la chaleur et\/ou de l&rsquo;eau pour d\u00e9marrer le processus d&rsquo;autocicatrisassion, la technologie ACTIV se d\u00e9clenche imm\u00e9diatement une fois ray\u00e9e ou endommag\u00e9e. Sa couche de finition hydrophobe et r\u00e9ticul\u00e9e qui perle et repousse l&rsquo;eau, la boue et la crasse.<\/p>\n<p>Prot\u00e9gez continuellement la peinture d\u2019origine de votre v\u00e9hicule tout en am\u00e9liorant sa finition avec Clearshield Pro ACTIV. Nous amenons \u00ab la meilleure protection que vous ne verrez jamais \u00bb \u00e0 son \u00e9tat le plus activ\u00e9.<\/p>\n<p><span style=\"color: #00ccff;\"><strong><span style=\"color: #00ccff;\">\u2192<\/span> <a style=\"color: #00ccff;\" href=\"https:\/\/www.solargard.com\/wp-content\/uploads\/2024\/01\/SG_CSP-ACTIV-3-fold-Brochure-Guide-Specs-FR.pdf\" target=\"_blank\" rel=\"noopener\">Guide d&rsquo;Installation &amp; Sp\u00e9cifications Brochure<\/a>\u00a0 \u00a0<\/strong><\/span><\/p>\n<p>&nbsp;<\/p>\n<h3>CARACT\u00c9RISTIQUES ET AVANTAGES:<\/h3>\n<ul>\n<li>Technologie active d&rsquo;autocicatrisation \u2013 la technologie polym\u00e8re avanc\u00e9e se d\u00e9clenche imm\u00e9diatement une fois ray\u00e9e ou endommag\u00e9e (aucune chaleur requise)<\/li>\n<li>Couche de finition hydrophobe et r\u00e9sistante aux taches \u2013 prot\u00e8ge de mani\u00e8re invisible la finition de votre v\u00e9hicule contre les dommages caus\u00e9s par l&rsquo;eau, les d&rsquo;insectes, les fientes d&rsquo;oiseaux et d&rsquo;autres \u00e9l\u00e9ments.<\/li>\n<li>\u00ab Luxury appearance \u00bb \u2013 conserve un aspect brillant, juste cir\u00e9<\/li>\n<li>Couverture de garantie \u2013 10 ans de protection contre le jaunissement, le voile, les fissures, le pelage et la moisissure.<\/li>\n<li>Valeur de revente du v\u00e9hicule plus \u00e9lev\u00e9e : gardez votre voiture aussi belle qu&rsquo;au jour o\u00f9 vous l&rsquo;avez achet\u00e9e.<\/li>\n<li>SPF 285+ \u2013 Pr\u00e9vient les dommages caus\u00e9s par les UV et la d\u00e9coloration de la peinture d&rsquo;usine.<\/li>\n<li>Installation experte \u2013 comptez sur le r\u00e9seau de revendeurs professionnels de Solar Gard<\/li>\n<\/ul>\n<p>[\/vc_column_text][\/vc_column][\/vc_row][vc_row top_margin=\u00a0\u00bbxs\u00a0\u00bb bottom_margin=\u00a0\u00bbxs\u00a0\u00bb][vc_column][vc_raw_html]JTNDdGFibGUlMjBib3JkZXIlM0QlMjIwJTIyJTIwY2VsbHBhZGRpbmclM0QlMjIwJTIyJTIwY2VsbHNwYWNpbmclM0QlMjIwJTIyJTIwY2xhc3MlM0QlMjJ0YWJsZSUyMHRhYmxlLXJlc3BvbnNpdmUlMjB0YWJsZS1zbSUyMHRhYmxlLXN0cmlwZWQlMjB0YWJsZS1ib3JkZXJlZCUyMHRhYmxlLWNvbmRlbnNlZCUyMiUzRSUwQSUyMCUyMCUyMCUyMCUyMCUzQ3RoZWFkJTNFJTBBJTIwJTIwJTIwJTIwJTIwJTIwJTNDdGQlMjB3aWR0aCUzRCUyMjEuMDk2MDQ1MTk3NzQwMTEzJTI1JTIyJTIwc3R5bGUlM0QlMjJib3JkZXItdG9wJTNBJTIwMXB4JTIwc29saWQlMjAlMjNmZmYlM0Jib3JkZXItbGVmdCUzQSUyMDFweCUyMHNvbGlkJTIwJTIzZmZmJTNCJTIyJTNFJTI2bmJzcCUzQiUzQyUyRnRkJTNFJTBBJTIwJTIwJTIwJTIwJTIwJTIwJTIwJTIwJTIwJTNDdGQlMjBjbGFzcyUzRCUyMmJnLXByaW1hcnklMjIlMjB3aWR0aCUzRCUyMjI0LjkwMTEyOTk0MzUwMjgyNSUyNSUyMiUzRSUzQ3N0cm9uZyUzRVRFU1QlMjBJVEVNJTNDJTJGc3Ryb25nJTNFJTNDJTJGdGQlM0UlMEElMjAlMjAlMjAlMjAlMjAlMjAlM0N0ZCUyMGNsYXNzJTNEJTIyYmctcHJpbWFyeSUyMiUyMHdpZHRoJTNEJTIyNDYuNjY2NjY2NjY2NjY2NjclMjUlMjIlM0UlM0NzdHJvbmclM0VURVNUJTIwTUVUSE9EJTNDJTJGc3Ryb25nJTNFJTNDJTJGdGQlM0UlMEElMjAlMjAlMjAlMjAlMjAlMjAlM0N0ZCUyMGNsYXNzJTNEJTIyYmctcHJpbWFyeSUyMiUyMHdpZHRoJTNEJTIyMjQuMzM2MTU4MTkyMDkwMzk2JTI1JTIyJTNFJTNDc3Ryb25nJTNFTk9NSU5BTCUyMFZBTFVFJTNDJTJGc3Ryb25nJTNFJTNDJTJGdGQlM0UlMEElMjAlMjAlMjAlMjAlM0MlMkZ0aGVhZCUzRSUyMCUwQSUzQ3Rib2R5JTNFJTBBJTBBJTIwJTIwJTIwJTIwJTNDdHIlM0UlMEElMjAlMjAlMjAlMjAlMjAlMjAlMjAlMjAlM0N0ZCUyMGNsYXNzJTNEJTIyYWxpZ24tdmVydGljYWwlMjBiZy1wcmltYXJ5JTIwdGV4dC1jZW50ZXIlMjIlMjByb3dzcGFuJTNEJTIyNiUyMiUzRVBIWVNJQ0FMJTI2bmJzcCUzQlBST1BFUlRJRVMlM0MlMkZ0ZCUzRSUwQSUyMCUyMCUyMCUyMCUyMCUyMCUzQ3RkJTNFQ2FwJTIwc2hlZXQlM0MlMkZ0ZCUzRSUwQSUyMCUyMCUyMCUyMCUyMCUyMCUzQ3RkJTNFTWljcm9tZXRlciUzQyUyRnRkJTNFJTBBJTIwJTIwJTIwJTIwJTIwJTIwJTNDdGQlM0UxLjUlMjBtaWwlMjAlMjg0MCUyMG1pY3JvbiUyOSUzQyUyRnRkJTNFJTBBJTIwJTIwJTIwJTIwJTNDJTJGdHIlM0UlMEElMjAlMjAlMjAlMjAlM0N0ciUzRSUwQSUyMCUyMCUyMCUyMCUyMCUyMCUzQ3RkJTNFVFBVJTIwdGhpY2tuZXNzJTNDJTJGdGQlM0UlMEElMjAlMjAlMjAlMjAlMjAlMjAlM0N0ZCUzRU1pY3JvbWV0ZXIlM0MlMkZ0ZCUzRSUwQSUyMCUyMCUyMCUyMCUyMCUyMCUzQ3RkJTNFNiUyMG1pbCUyMCUyODE1MCUyMG1pY3JvbiUyOSUzQyUyRnRkJTNFJTBBJTIwJTIwJTIwJTIwJTNDJTJGdHIlM0UlMEElMjAlMjAlMjAlMjAlM0N0ciUzRSUwQSUyMCUyMCUyMCUyMCUyMCUyMCUzQ3RkJTNFUHJvZHVjdCUyMHRoaWNrbmVzcyUyMCUyOFRDJTJCVFBVJTJCUFNBJTI5JTNDJTJGdGQlM0UlMEElMjAlMjAlMjAlMjAlMjAlMjAlM0N0ZCUzRU1pY3JvbWV0ZXIlM0MlMkZ0ZCUzRSUwQSUyMCUyMCUyMCUyMCUyMCUyMCUzQ3RkJTNFOCUyMG1pbCUyMCUyODIwMCUyMG1pY3JvbiUyOSUzQyUyRnRkJTNFJTBBJTIwJTIwJTIwJTIwJTNDJTJGdHIlM0UlMEElMjAlMjAlMjAlMjAlM0N0ciUzRSUwQSUyMCUyMCUyMCUyMCUyMCUyMCUzQ3RkJTNFVGVuc2lsZSUyMHN0cmVzcyUyMGF0JTIwYnJlYWslM0MlMkZ0ZCUzRSUwQSUyMCUyMCUyMCUyMCUyMCUyMCUzQ3RkJTNFQVNUTSUyMEQ4ODIlM0MlMkZ0ZCUzRSUwQSUyMCUyMCUyMCUyMCUyMCUyMCUzQ3RkJTNFJTI2Z3QlM0IlMjAyJTJDMjAwJTIwbGJzJTJGaW4yJTIwJTI4JTI2Z3QlM0IlMjAxNSUyME1QYSUyOSUzQyUyRnRkJTNFJTBBJTIwJTIwJTIwJTIwJTNDJTJGdHIlM0UlMEElMjAlMjAlMjAlMjAlM0N0ciUzRSUwQSUyMCUyMCUyMCUyMCUyMCUyMCUzQ3RkJTNFRWxvbmdhdGlvbiUyMGF0JTIwYnJlYWslMjAlMjglMjUlMjklM0MlMkZ0ZCUzRSUwQSUyMCUyMCUyMCUyMCUyMCUyMCUzQ3RkJTNFQVNUTSUyMEQ4ODIlM0MlMkZ0ZCUzRSUwQSUyMCUyMCUyMCUyMCUyMCUyMCUzQ3RkJTNFJTI2Z3QlM0IlMjAyNTAlMjUlM0MlMkZ0ZCUzRSUwQSUyMCUyMCUyMCUyMCUzQyUyRnRyJTNFJTBBJTIwJTIwJTIwJTIwJTNDdHIlM0UlMEElMjAlMjAlMjAlMjAlMjAlMjAlM0N0ZCUyMGhlaWdodCUzRCUyMjIwJTIyJTNFQnJlYWslMjBzdHJlbmd0aCUzQyUyRnRkJTNFJTBBJTIwJTIwJTIwJTIwJTIwJTIwJTNDdGQlM0VBU1RNJTIwRDg4MiUzQyUyRnRkJTNFJTBBJTIwJTIwJTIwJTIwJTIwJTIwJTNDdGQlM0UlMjZndCUzQiUyMDQ1JTIwbGJzJTJGaW4lMjAlMjg4MyUyME4lMkZjbSUyOSUzQyUyRnRkJTNFJTBBJTIwJTIwJTIwJTIwJTNDJTJGdHIlM0UlMEElMjAlMjAlMjAlMjAlM0N0ciUzRSUwQSUyMCUyMCUyMCUyMCUyMCUyMCUyMCUyMCUzQ3RkJTIwY2xhc3MlM0QlMjJhbGlnbi12ZXJ0aWNhbCUyMGJnLXByaW1hcnklMjB0ZXh0LWNlbnRlciUyMiUyMHJvd3NwYW4lM0QlMjIyJTIyJTNFR0xPU1MlM0MlMkZ0ZCUzRSUwQSUyMCUyMCUyMCUyMCUyMCUyMCUzQ3RkJTIwcm93c3BhbiUzRCUyMjIlMjIlM0VHbG9zcyUzQyUyRnRkJTNFJTBBJTIwJTIwJTIwJTIwJTIwJTIwJTNDdGQlMjByb3dzcGFuJTNEJTIyMiUyMiUzRUFkaGVyZWQlMjB0byUyMHBhaW50JTIwcGFuZWwlMkMlMjA2MCUyNmRlZyUzQiUyMGdsb3NzJTIwcGVyJTIwQVNUTSUyMEQ1MjMlM0MlMkZ0ZCUzRSUwQSUyMCUyMCUyMCUyMCUyMCUyMCUzQ3RkJTIwcm93c3BhbiUzRCUyMjIlMjIlM0U5MiUyMEdVJTNDJTJGdGQlM0UlMEElMjAlMjAlMjAlMjAlM0MlMkZ0ciUzRSUwQSUyMCUyMCUyMCUyMCUzQ3RyJTNFJTNDJTJGdHIlM0UlMEElMjAlMjAlMjAlMjAlM0N0ciUzRSUwQSUyMCUyMCUyMCUyMCUyMCUyMCUzQ3RkJTIwY2xhc3MlM0QlMjJhbGlnbi12ZXJ0aWNhbCUyMGJnLXByaW1hcnklMjB0ZXh0LWNlbnRlciUyMiUyMHJvd3NwYW4lM0QlMjI0JTIyJTNFQURIRVNJT04lM0MlMkZ0ZCUzRSUwQSUyMCUyMCUyMCUyMCUyMCUyMCUzQ3RkJTNFSW5pdGlhbCUyMGRyeSUyMHBlZWwlMjBhZGhlc2lvbiUzQyUyRnRkJTNFJTBBJTIwJTIwJTIwJTIwJTIwJTIwJTNDdGQlM0VGaWxtJTIwYXBwbGllZCUyMGRyeSUyQyUyMGN1cmVkJTIwZm9yJTIwMjAlMjBtaW4lMjBhdCUyMDcyJTI2ZGVnJTNCRiUyMCUyODIyJTI2ZGVnJTNCQyUyOSUzQyUyRnRkJTNFJTBBJTIwJTIwJTIwJTIwJTIwJTIwJTNDdGQlM0UxJTJDMjkwJTIwZyUyRmluJTIwJTI4NSUyME4lMkZjbSUyOSUzQyUyRnRkJTNFJTBBJTIwJTIwJTIwJTIwJTNDJTJGdHIlM0UlMEElMjAlMjAlMjAlMjAlM0N0ciUzRSUwQSUyMCUyMCUyMCUyMCUyMCUyMCUzQ3RkJTIwaGVpZ2h0JTNEJTIyMjAlMjIlM0VJbml0aWFsJTIwd2V0JTIwcGVlbCUyMGFkaGVzaW9uJTNDJTJGdGQlM0UlMEElMjAlMjAlMjAlMjAlMjAlMjAlM0N0ZCUzRUZpbG0lMjBhcHBsaWVkJTIwd2V0JTJDJTIwY3VyZWQlMjBmb3IlMjAyMCUyMG1pbiUyMGF0JTIwNzIlMjZkZWclM0JGJTIwJTI4MjIlMjZkZWclM0JDJTI5JTNDJTJGdGQlM0UlMEElMjAlMjAlMjAlMjAlMjAlMjAlM0N0ZCUzRTElMkMzNDAlMjBnJTJGaW4lMjAlMjg1JTIwTiUyRmNtJTI5JTNDJTJGdGQlM0UlMEElMjAlMjAlMjAlMjAlM0MlMkZ0ciUzRSUwQSUyMCUyMCUyMCUyMCUzQ3RyJTNFJTBBJTIwJTIwJTIwJTIwJTIwJTIwJTNDdGQlMjBoZWlnaHQlM0QlMjIyMCUyMiUzRUFmdGVyJTIwaGVhdCUyMGFnZSUyMHBlZWwlMjBhZGhlc2lvbiUzQyUyRnRkJTNFJTBBJTIwJTIwJTIwJTIwJTIwJTIwJTNDdGQlM0VBZGhlcmVkJTIwdG8lMjBwYWludCUyMHBhbmVsJTJDJTIwMyUyMG1pbiUyMGF0JTIwMjQ4JTI2ZGVnJTNCRiUyMCUyODEyMCUyNmRlZyUzQkMlMjklM0MlMkZ0ZCUzRSUwQSUyMCUyMCUyMCUyMCUyMCUyMCUzQ3RkJTNFMiUyQzcwMCUyMGclMkZpbiUyMCUyODEwJTIwTiUyRmNtJTI5JTNDJTJGdGQlM0UlMEElMjAlMjAlMjAlMjAlM0MlMkZ0ciUzRSUwQSUyMCUyMCUyMCUyMCUzQ3RyJTNFJTBBJTIwJTIwJTIwJTIwJTIwJTIwJTNDdGQlMjBoZWlnaHQlM0QlMjIyMCUyMiUzRUFkaGVyZWQlMjBzdGF0ZSUyMHNocmlua2FnZSUzQyUyRnRkJTNFJTBBJTIwJTIwJTIwJTIwJTIwJTIwJTNDdGQlM0VBZGhlcmVkJTIwdG8lMjBwYWludCUyMHBhbmVsJTJDJTIwNDglMjBocnMlMjBhdCUyMDE3NiUyNmRlZyUzQkYlMjAlMjg4MCUyNmRlZyUzQkMlMjklM0MlMkZ0ZCUzRSUwQSUyMCUyMCUyMCUyMCUyMCUyMCUzQ3RkJTNFTm8lMjBzaHJpbmthZ2UlM0MlMkZ0ZCUzRSUwQSUyMCUyMCUyMCUyMCUzQyUyRnRyJTNFJTBBJTIwJTIwJTIwJTIwJTNDdHIlM0UlMEElMjAlMjAlMjAlMjAlMjAlMjAlM0N0ZCUyMGNsYXNzJTNEJTIyYWxpZ24tdmVydGljYWwlMjBiZy1wcmltYXJ5JTIwdGV4dC1jZW50ZXIlMjIlMjByb3dzcGFuJTNEJTIyMiUyMiUzRUFHSU5HJTI2bmJzcCUzQlRFU1QlM0MlMkZ0ZCUzRSUwQSUyMCUyMCUyMCUyMCUyMCUyMCUzQ3RkJTNFSGVhdCUyMGFnaW5nJTNDJTJGdGQlM0UlMEElMjAlMjAlMjAlMjAlMjAlMjAlM0N0ZCUzRUFkaGVyZWQlMjB0byUyMHBhaW50JTIwcGFuZWwlMkMlMjAxNiUyMGRheXMlMjBhdCUyMDE3NiUyNmRlZyUzQkYlMjAlMjg4MCUyNmRlZyUzQkMlMjklM0MlMkZ0ZCUzRSUwQSUyMCUyMCUyMCUyMCUyMCUyMCUzQ3RkJTNFUGFzcyUyQyUyME5ERSUzQyUyRnRkJTNFJTBBJTIwJTIwJTIwJTIwJTNDJTJGdHIlM0UlMEElMjAlMjAlMjAlMjAlM0N0ciUzRSUwQSUyMCUyMCUyMCUyMCUyMCUyMCUzQ3RkJTIwaGVpZ2h0JTNEJTIyOTAlMjIlM0VBY2NlbGVyYXRlZCUyMHdlYXRoZXJpbmclM0MlMkZ0ZCUzRSUwQSUyMCUyMCUyMCUyMCUyMCUyMCUzQ3RkJTNFQVNUTSUyMEcxNTUlMjBDeWNsZSUyMDctJTIwMyUyQzAwMCUyMGhycyUzQyUyRnRkJTNFJTBBJTIwJTIwJTIwJTIwJTIwJTIwJTNDdGQlM0VQYXNzJTJDJTIwTkRFJTNDJTJGdGQlM0UlMEElMjAlMjAlMjAlMjAlM0MlMkZ0ciUzRSUwQSUyMCUyMCUyMCUyMCUzQ3RyJTNFJTBBJTIwJTIwJTIwJTIwJTIwJTIwJTNDdGQlMjBjbGFzcyUzRCUyMmFsaWduLXZlcnRpY2FsJTIwYmctcHJpbWFyeSUyMHRleHQtY2VudGVyJTIyJTIwcm93c3BhbiUzRCUyMjIlMjIlM0VJTVBBQ1QlMjZuYnNwJTNCUkVTSVNUQU5DRSUzQyUyRnRkJTNFJTBBJTIwJTIwJTIwJTIwJTIwJTIwJTNDdGQlMjByb3dzcGFuJTNEJTIyMiUyMiUzRUNoaXAlMjByZXNpc3RhbmNlJTNDJTJGdGQlM0UlMEElMjAlMjAlMjAlMjAlMjAlMjAlM0N0ZCUyMHJvd3NwYW4lM0QlMjIyJTIyJTNFU0FFJTIwSjQwMCUyMCUyOEdyYXZlbG9tZXRlciUyOSUzQyUyRnRkJTNFJTBBJTIwJTIwJTIwJTIwJTIwJTIwJTNDdGQlMjByb3dzcGFuJTNEJTIyMiUyMiUzRVBhc3MlMkMlMjBOREUlM0MlMkZ0ZCUzRSUwQSUyMCUyMCUyMCUyMCUzQyUyRnRyJTNFJTBBJTIwJTIwJTIwJTIwJTNDdHIlM0UlM0MlMkZ0ciUzRSUwQSUyMCUyMCUyMCUyMCUzQ3RyJTNFJTBBJTIwJTIwJTIwJTIwJTIwJTIwJTNDdGQlMjBjbGFzcyUzRCUyMmFsaWduLXZlcnRpY2FsJTIwYmctcHJpbWFyeSUyMHRleHQtY2VudGVyJTIyJTIwcm93c3BhbiUzRCUyMjYlMjIlM0VDSEVNSUNBTCUyMFJFU0lTVEFOQ0UlM0MlMkZ0ZCUzRSUwQSUyMCUyMCUyMCUyMCUyMCUyMCUzQ3RkJTNFU29hcCUyMCUyNmFtcCUzQiUyMHdhdGVyJTNDJTJGdGQlM0UlMEElMjAlMjAlMjAlMjAlMjAlMjAlM0N0ZCUyMHJvd3NwYW4lM0QlMjI0JTIyJTNFU2FtcGxlcyUyMHN1Ym1lcmdlZCUyMGluJTIwY2hlbWljYWwlMjBmb3IlMjAyNCUyMGhycyUyMGZvbGxvd2VkJTIwYnklMjB2aXN1YWwlMjBpbnNwZWN0aW9uLiUzQyUyRnRkJTNFJTBBJTIwJTIwJTIwJTIwJTIwJTIwJTNDdGQlM0VQYXNzJTJDJTIwTkRFJTNDJTJGdGQlM0UlMEElMjAlMjAlMjAlMjAlM0MlMkZ0ciUzRSUwQSUyMCUyMCUyMCUyMCUzQ3RyJTNFJTBBJTIwJTIwJTIwJTIwJTIwJTIwJTNDdGQlMjBoZWlnaHQlM0QlMjIyMCUyMiUzRUlzb3Byb3B5bCUyMGFsY29ob2wlM0MlMkZ0ZCUzRSUwQSUyMCUyMCUyMCUyMCUyMCUyMCUzQ3RkJTNFUGFzcyUyQyUyME5ERSUzQyUyRnRkJTNFJTBBJTIwJTIwJTIwJTIwJTNDJTJGdHIlM0UlMEElMjAlMjAlMjAlMjAlM0N0ciUzRSUwQSUyMCUyMCUyMCUyMCUyMCUyMCUzQ3RkJTIwaGVpZ2h0JTNEJTIyMjAlMjIlM0VNaWxkJTIwYWNpZCUyMCUyOHBIJTIwOSUyQiUyOSUzQyUyRnRkJTNFJTBBJTIwJTIwJTIwJTIwJTIwJTIwJTNDdGQlM0VQYXNzJTJDJTIwTkRFJTNDJTJGdGQlM0UlMEElMjAlMjAlMjAlMjAlM0MlMkZ0ciUzRSUwQSUyMCUyMCUyMCUyMCUzQ3RyJTNFJTBBJTIwJTIwJTIwJTIwJTIwJTIwJTNDdGQlMjBoZWlnaHQlM0QlMjIyMCUyMiUzRVdpbmRzaGllbGQlMjB3YXNoZXIlMjBmbHVpZCUzQyUyRnRkJTNFJTBBJTIwJTIwJTIwJTIwJTIwJTIwJTNDdGQlM0VQYXNzJTJDJTIwTkRFJTNDJTJGdGQlM0UlMEElMjAlMjAlMjAlMjAlM0MlMkZ0ciUzRSUwQSUyMCUyMCUyMCUyMCUzQ3RyJTNFJTBBJTIwJTIwJTIwJTIwJTIwJTIwJTNDdGQlMjBoZWlnaHQlM0QlMjIyMCUyMiUzRVVubGVhZGVkJTIwZ2Fzb2xpbmUlM0MlMkZ0ZCUzRSUwQSUyMCUyMCUyMCUyMCUyMCUyMCUzQ3RkJTIwcm93c3BhbiUzRCUyMjIlMjIlM0VTYW1wbGVzJTIwc3VibWVyZ2VkJTIwaW4lMjBjaGVtaWNhbCUyMGZvciUyMDMwJTIwbWludXRlcyUyMGZvbGxvd2VkJTIwYnklMjB2aXN1YWwlMjBpbnNwZWN0aW9uJTIwaW4lMjAyNCUyMGhycy4lM0MlMkZ0ZCUzRSUwQSUyMCUyMCUyMCUyMCUyMCUyMCUzQ3RkJTNFUGFzcyUyQyUyME5ERSUzQyUyRnRkJTNFJTBBJTIwJTIwJTIwJTIwJTNDJTJGdHIlM0UlMEElMjAlMjAlMjAlMjAlM0N0ciUzRSUwQSUyMCUyMCUyMCUyMCUyMCUyMCUzQ3RkJTIwaGVpZ2h0JTNEJTIyMjAlMjIlM0VNb3RvciUyMG9pbCUzQyUyRnRkJTNFJTBBJTIwJTIwJTIwJTIwJTIwJTIwJTNDdGQlM0VQYXNzJTJDJTIwTkRFJTNDJTJGdGQlM0UlMEElMjAlMjAlMjAlMjAlM0MlMkZ0ciUzRSUwQSUyMCUyMCUyMCUyMCUzQ3RyJTNFJTBBJTIwJTIwJTIwJTIwJTIwJTIwJTNDdGQlMjBjbGFzcyUzRCUyMmFsaWduLXZlcnRpY2FsJTIwYmctcHJpbWFyeSUyMHRleHQtY2VudGVyJTIyJTIwcm93c3BhbiUzRCUyMjIlMjIlM0VTVEFJTiUyMFJFU0lTVEFOQ0UlM0MlMkZ0ZCUzRSUwQSUyMCUyMCUyMCUyMCUyMCUyMCUzQ3RkJTIwcm93c3BhbiUzRCUyMjIlMjIlM0VTaGFycGllJTIwbWFya2VyJTNDJTJGdGQlM0UlMEElMjAlMjAlMjAlMjAlMjAlMjAlM0N0ZCUyMHJvd3NwYW4lM0QlMjIyJTIyJTNFTGluZXMlMjB3ZXJlJTIwZHJhd24lMjBvbiUyMHRoZSUyMGZpbG0lMjB3aXRoJTIwYSUyMHBlcm1hbmVudCUyMFNoYXJwaWUlMjBtYXJrZXIuJTIwRWFjaCUyMGxpbmUlMjB3YXMlMjB3aXBlZCUyMHdpdGglMjBhJTIwZHJ5JTIwdG93ZWwlMjBhdCUyMDUtJTIwYW5kJTIwMTUtbWluJTIwYW5kJTIwMjQtaHIlMjBpbnRlcnZhbHMuJTNDJTJGdGQlM0UlMEElMjAlMjAlMjAlMjAlMjAlMjAlM0N0ZCUyMHJvd3NwYW4lM0QlMjIyJTIyJTNFTm8lMjB2aXN1YWwlMjByZXNpZHVlJTNDJTJGdGQlM0UlMEElMjAlMjAlMjAlMjAlM0MlMkZ0ciUzRSUwQSUyMCUyMCUyMCUyMCUzQ3RyJTNFJTNDJTJGdHIlM0UlMEElMjAlMjAlMjAlMjAlM0N0ciUzRSUwQSUyMCUyMCUyMCUyMCUyMCUyMCUzQ3RkJTIwY2xhc3MlM0QlMjJhbGlnbi12ZXJ0aWNhbCUyMGJnLXByaW1hcnklMjB0ZXh0LWNlbnRlciUyMiUyMHJvd3NwYW4lM0QlMjI2JTIyJTNFU0VMRi1IRUFMSU5HJTNDJTJGdGQlM0UlMEElMjAlMjAlMjAlMjAlMjAlMjAlM0N0ZCUyMHJvd3NwYW4lM0QlMjI2JTIyJTNFQnJhc3MlMjBicnVzaCUyNm5ic3AlM0IlMjhMaW5jb2xuJTIwRWxlY3RyaWMlMjBLSDU4MiUyOSUzQyUyRnRkJTNFJTBBJTIwJTIwJTIwJTIwJTIwJTIwJTNDdGQlMjByb3dzcGFuJTNEJTIyMyUyMiUzRVNhbXBsZXMlMjB3ZXJlJTIwc2NyYXRjaGVkJTIwaW4lMjBhJTIwY2lyY3VsYXIlMjBtb3Rpb24lMjB3aXRoJTIwYSUyMGJyYXNzJTIwYnJ1c2glMkMlMjB0aGVuJTIwdmlzdWFsbHklMjBpbnNwZWN0ZWQlMjAlNDAxNS1zZWNvbmQlMjBpbnRlcnZhbHMlMjB1bnRpbCUyMHNjcmF0Y2hlcyUyMHdlcmUlMjBubyUyMGxvbmdlciUyMHZpc2libGUuJTNDJTJGdGQlM0UlMEElMjAlMjAlMjAlMjAlMjAlMjAlM0N0ZCUyMHJvd3NwYW4lM0QlMjIzJTIyJTNFJTI2bHQlM0IlMjAxJTIwbWludXRlJTJDJTIwbm8lMjB2aXNpYmxlJTIwc2NyYXRjaGVzJTNDJTJGdGQlM0UlMEElMjAlMjAlMjAlMjAlM0MlMkZ0ciUzRSUwQSUyMCUyMCUyMCUyMCUzQ3RyJTNFJTNDJTJGdHIlM0UlMEElMjAlMjAlMjAlMjAlM0N0ciUzRSUzQyUyRnRyJTNFJTBBJTIwJTIwJTIwJTIwJTNDdHIlM0UlMEElMjAlMjAlMjAlMjAlMjAlMjAlM0N0ZCUyMGhlaWdodCUzRCUyMjIwJTIyJTNFU2FtcGxlcyUyMHdlcmUlMjBzY3JhdGNoZWQlMjBpbiUyMGElMjBjaXJjdWxhciUyMG1vdGlvbiUzQyUyRnRkJTNFJTBBJTIwJTIwJTIwJTIwJTIwJTIwJTNDdGQlMjByb3dzcGFuJTNEJTIyMyUyMiUzRU5vJTIwdmlzaWJsZSUyMHNjcmF0Y2hlcyUzQyUyRnRkJTNFJTBBJTIwJTIwJTIwJTIwJTNDJTJGdHIlM0UlMEElMjAlMjAlMjAlMjAlM0N0ciUzRSUwQSUyMCUyMCUyMCUyMCUyMCUyMCUzQ3RkJTIwaGVpZ2h0JTNEJTIyMjAlMjIlM0V3aXRoJTIwYSUyMGJyYXNzJTIwYnJ1c2glMkMlMjB0aGVuJTIwZXhwb3NlZCUyMHRvJTIwbWlsZCUyMGhlYXQlM0MlMkZ0ZCUzRSUwQSUyMCUyMCUyMCUyMCUzQyUyRnRyJTNFJTBBJTIwJTIwJTIwJTIwJTNDdHIlM0UlMEElMjAlMjAlMjAlMjAlMjAlMjAlM0N0ZCUyMGhlaWdodCUzRCUyMjIwJTIyJTNFYW5kJTIwdmlzdWFsbHklMjBpbnNwZWN0ZWQuJTNDJTJGdGQlM0UlMEElMjAlMjAlMjAlMjAlM0MlMkZ0ciUzRSUwQSUyMCUyMCUzQyUyRnRib2R5JTNFJTBBJTNDJTJGdGFibGUlM0U=[\/vc_raw_html][\/vc_column][\/vc_row][vc_row top_margin=\u00a0\u00bbxs\u00a0\u00bb bottom_margin=\u00a0\u00bbnone\u00a0\u00bb][vc_column][vc_column_text]HC = Hard Coat, TPU = Thermal Plastic Polyurethane, PSA = Pressure-Sensitive Adhesive<br \/>\nAdhesion: 180\u00b0 peel on Instron tensile tester<br \/>\nNDE: no detrimental effect<br \/>\nNote: all values are nominal values and should not be used for specification purposes.<\/p>\n<p><strong>Dur\u00e9e de conservation\u00a0:<\/strong><br \/>\nDur\u00e9e de conservation : Solar Gard recommande d&rsquo;utiliser Clearshield Pro ACTIV dans un d\u00e9lai d&rsquo;un an \u00e0 compter de la date d&rsquo;achat.<br \/>\nLes conditions de stockage optimales pour Clearshield Pro ACTIV sont de 40 \u00b0F (4 \u00b0C) \u00e0 90 \u00b0F (32 \u00b0C) et de 40 % \u00e0 60 % d&rsquo;humidit\u00e9 relative.<\/p>\n<p>[\/vc_column_text][\/vc_column][\/vc_row][vc_row][vc_column][vc_column_text]<\/p>\n<p>&nbsp;<\/p>\n<p>[\/vc_column_text][\/vc_column][\/vc_row]<\/p>\n<\/div>","protected":false},"excerpt":{"rendered":"<p>Solar Gard est fier de vous pr\u00e9senter la derni\u00e8re innovation en mati\u00e8re de technologie de film de protection de peinture (PPF). Clearshield<strong><sup>\u00ae <\/sup><\/strong>Pro ACTIV\u2122\u00a0 offre un \u00e9quilibre entre une auto-cicatrisation instantan\u00e9ment activ\u00e9e et une r\u00e9sistance exceptionnelle aux rayures. Et contrairement \u00e0 d&rsquo;autres options sur le march\u00e9 qui n\u00e9cessitent de la chaleur et\/ou de l&rsquo;eau pour d\u00e9marrer le processus d&rsquo;auto-gu\u00e9rison, la technologie ACTIV se d\u00e9clenche imm\u00e9diatement une fois ray\u00e9e ou endommag\u00e9e.<\/p>\n","protected":false},"featured_media":102532,"comment_status":"open","ping_status":"closed","template":"","meta":{"_acf_changed":false},"product_brand":[],"product_cat":[835],"product_tag":[],"class_list":{"0":"post-102531","1":"product","2":"type-product","3":"status-publish","4":"has-post-thumbnail","6":"product_cat-peinture-de-protection","8":"first","9":"instock","10":"shipping-taxable","11":"product-type-simple"},"acf":[],"_links":{"self":[{"href":"https:\/\/www.solargard.com\/fr\/wp-json\/wp\/v2\/product\/102531","targetHints":{"allow":["GET"]}}],"collection":[{"href":"https:\/\/www.solargard.com\/fr\/wp-json\/wp\/v2\/product"}],"about":[{"href":"https:\/\/www.solargard.com\/fr\/wp-json\/wp\/v2\/types\/product"}],"replies":[{"embeddable":true,"href":"https:\/\/www.solargard.com\/fr\/wp-json\/wp\/v2\/comments?post=102531"}],"wp:featuredmedia":[{"embeddable":true,"href":"https:\/\/www.solargard.com\/fr\/wp-json\/wp\/v2\/media\/102532"}],"wp:attachment":[{"href":"https:\/\/www.solargard.com\/fr\/wp-json\/wp\/v2\/media?parent=102531"}],"wp:term":[{"taxonomy":"product_brand","embeddable":true,"href":"https:\/\/www.solargard.com\/fr\/wp-json\/wp\/v2\/product_brand?post=102531"},{"taxonomy":"product_cat","embeddable":true,"href":"https:\/\/www.solargard.com\/fr\/wp-json\/wp\/v2\/product_cat?post=102531"},{"taxonomy":"product_tag","embeddable":true,"href":"https:\/\/www.solargard.com\/fr\/wp-json\/wp\/v2\/product_tag?post=102531"}],"curies":[{"name":"wp","href":"https:\/\/api.w.org\/{rel}","templated":true}]}}